{"id":90011,"date":"2026-04-09T10:06:54","date_gmt":"2026-04-09T10:06:54","guid":{"rendered":"https:\/\/mueble4you.com\/productos\/set-sofa-esquinero-con-cojin-zelmar\/"},"modified":"2026-04-09T10:06:54","modified_gmt":"2026-04-09T10:06:54","slug":"set-sofa-esquinero-con-cojin-zelmar","status":"publish","type":"product","link":"https:\/\/mueble4you.com\/ru\/productos\/set-sofa-esquinero-con-cojin-zelmar\/","title":{"rendered":"SET SOFA ESQUINERO CON COJIN ZELMAR"},"content":{"rendered":"<ul>\n<li>ESTRUCTURA DE ALUMINIO BARNIZADO CON POLVO (POLIEST\u00c9R).<\/li>\n<li>LATERALES DEL SOFA&#8217; Y TABLERO DE LA MESA CENTRO DE ALUMINIO BARNIZADO EFECTO MADERA.<\/li>\n<li>COJ\u00cdN ASIENTO Y RESPALDO DESENFUNDABLES CON TEJIDO REPELENTE AL AGUA OLEFIN (100% POLIPROPILENO).<\/li>\n<li>TORNILLER\u00cdA DE ACERO INOXIDABLE.<\/li>\n<li>PIES AJUSTABLES.<\/li>\n<\/ul>\n","protected":false},"excerpt":{"rendered":"<p>ESTRUCTURA DE ALUMINIO BARNIZADO CON POLVO (POLIEST\u00c9R). LATERALES DEL SOFA&#8217; Y TABLERO DE LA MESA CENTRO DE ALUMINIO BARNIZADO EFECTO MADERA. COJ\u00cdN ASIENTO Y RESPALDO DESENFUNDABLES CON TEJIDO REPELENTE AL AGUA OLEFIN (100% POLIPROPILENO). TORNILLER\u00cdA DE ACERO INOXIDABLE. PIES AJUSTABLES.<\/p>\n","protected":false},"featured_media":90012,"template":"","meta":[],"product_brand":[],"product_cat":[306,314],"product_tag":[],"class_list":{"0":"post-90011","1":"product","2":"type-product","3":"status-publish","4":"has-post-thumbnail","6":"product_cat----ru","7":"product_cat-314","9":"first","10":"instock","11":"shipping-taxable","12":"product-type-simple"},"yoast_head":"<!-- This site is optimized with the Yoast SEO plugin v27.2 - https:\/\/yoast.com\/product\/yoast-seo-wordpress\/ -->\n<title>SET SOFA ESQUINERO CON COJIN ZELMAR | mueble4you<\/title>\n<meta name=\"robots\" content=\"index, follow, max-snippet:-1, max-image-preview:large, max-video-preview:-1\" \/>\n<link rel=\"canonical\" href=\"https:\/\/mueble4you.com\/ru\/productos\/set-sofa-esquinero-con-cojin-zelmar\/\" \/>\n<meta property=\"og:locale\" content=\"ru_RU\" \/>\n<meta property=\"og:type\" content=\"article\" \/>\n<meta property=\"og:title\" content=\"SET SOFA ESQUINERO CON COJIN ZELMAR | mueble4you\" \/>\n<meta property=\"og:description\" content=\"ESTRUCTURA DE ALUMINIO BARNIZADO CON POLVO (POLIEST\u00c9R). LATERALES DEL SOFA&#8217; Y TABLERO DE LA MESA CENTRO DE ALUMINIO BARNIZADO EFECTO MADERA. COJ\u00cdN ASIENTO Y RESPALDO DESENFUNDABLES CON TEJIDO REPELENTE AL AGUA OLEFIN (100% POLIPROPILENO). TORNILLER\u00cdA DE ACERO INOXIDABLE. PIES AJUSTABLES.\" \/>\n<meta property=\"og:url\" content=\"https:\/\/mueble4you.com\/ru\/productos\/set-sofa-esquinero-con-cojin-zelmar\/\" \/>\n<meta property=\"og:site_name\" content=\"mueble4you\" \/>\n<meta name=\"twitter:card\" content=\"summary_large_image\" \/>\n<script type=\"application\/ld+json\" class=\"yoast-schema-graph\">{\"@context\":\"https:\/\/schema.org\",\"@graph\":[{\"@type\":\"WebPage\",\"@id\":\"https:\/\/mueble4you.com\/ru\/productos\/set-sofa-esquinero-con-cojin-zelmar\/\",\"url\":\"https:\/\/mueble4you.com\/ru\/productos\/set-sofa-esquinero-con-cojin-zelmar\/\",\"name\":\"SET SOFA ESQUINERO CON COJIN ZELMAR | mueble4you\",\"isPartOf\":{\"@id\":\"https:\/\/mueble4you.com\/#website\"},\"primaryImageOfPage\":{\"@id\":\"https:\/\/mueble4you.com\/ru\/productos\/set-sofa-esquinero-con-cojin-zelmar\/#primaryimage\"},\"image\":{\"@id\":\"https:\/\/mueble4you.com\/ru\/productos\/set-sofa-esquinero-con-cojin-zelmar\/#primaryimage\"},\"thumbnailUrl\":\"https:\/\/mueble4you.com\/wp-content\/uploads\/2026\/04\/Captura-de-pantalla-2026-04-09-110313.png\",\"datePublished\":\"2026-04-09T10:06:54+00:00\",\"breadcrumb\":{\"@id\":\"https:\/\/mueble4you.com\/ru\/productos\/set-sofa-esquinero-con-cojin-zelmar\/#breadcrumb\"},\"inLanguage\":\"ru-RU\",\"potentialAction\":[{\"@type\":\"ReadAction\",\"target\":[\"https:\/\/mueble4you.com\/ru\/productos\/set-sofa-esquinero-con-cojin-zelmar\/\"]}]},{\"@type\":\"ImageObject\",\"inLanguage\":\"ru-RU\",\"@id\":\"https:\/\/mueble4you.com\/ru\/productos\/set-sofa-esquinero-con-cojin-zelmar\/#primaryimage\",\"url\":\"https:\/\/mueble4you.com\/wp-content\/uploads\/2026\/04\/Captura-de-pantalla-2026-04-09-110313.png\",\"contentUrl\":\"https:\/\/mueble4you.com\/wp-content\/uploads\/2026\/04\/Captura-de-pantalla-2026-04-09-110313.png\",\"width\":1467,\"height\":851},{\"@type\":\"BreadcrumbList\",\"@id\":\"https:\/\/mueble4you.com\/ru\/productos\/set-sofa-esquinero-con-cojin-zelmar\/#breadcrumb\",\"itemListElement\":[{\"@type\":\"ListItem\",\"position\":1,\"name\":\"Portada\",\"item\":\"https:\/\/mueble4you.com\/ru\/\"},{\"@type\":\"ListItem\",\"position\":2,\"name\":\"Productos\",\"item\":\"https:\/\/mueble4you.com\/productos\/\"},{\"@type\":\"ListItem\",\"position\":3,\"name\":\"SET SOFA ESQUINERO CON COJIN ZELMAR\"}]},{\"@type\":\"WebSite\",\"@id\":\"https:\/\/mueble4you.com\/#website\",\"url\":\"https:\/\/mueble4you.com\/\",\"name\":\"mueble4you\",\"description\":\"?????? ? ????????\",\"potentialAction\":[{\"@type\":\"SearchAction\",\"target\":{\"@type\":\"EntryPoint\",\"urlTemplate\":\"https:\/\/mueble4you.com\/?s={search_term_string}\"},\"query-input\":{\"@type\":\"PropertyValueSpecification\",\"valueRequired\":true,\"valueName\":\"search_term_string\"}}],\"inLanguage\":\"ru-RU\"}]}<\/script>\n<!-- \/ Yoast SEO plugin. -->","yoast_head_json":{"title":"SET SOFA ESQUINERO CON COJIN ZELMAR | mueble4you","robots":{"index":"index","follow":"follow","max-snippet":"max-snippet:-1","max-image-preview":"max-image-preview:large","max-video-preview":"max-video-preview:-1"},"canonical":"https:\/\/mueble4you.com\/ru\/productos\/set-sofa-esquinero-con-cojin-zelmar\/","og_locale":"ru_RU","og_type":"article","og_title":"SET SOFA ESQUINERO CON COJIN ZELMAR | mueble4you","og_description":"ESTRUCTURA DE ALUMINIO BARNIZADO CON POLVO (POLIEST\u00c9R). LATERALES DEL SOFA&#8217; Y TABLERO DE LA MESA CENTRO DE ALUMINIO BARNIZADO EFECTO MADERA. COJ\u00cdN ASIENTO Y RESPALDO DESENFUNDABLES CON TEJIDO REPELENTE AL AGUA OLEFIN (100% POLIPROPILENO). TORNILLER\u00cdA DE ACERO INOXIDABLE. PIES AJUSTABLES.","og_url":"https:\/\/mueble4you.com\/ru\/productos\/set-sofa-esquinero-con-cojin-zelmar\/","og_site_name":"mueble4you","twitter_card":"summary_large_image","schema":{"@context":"https:\/\/schema.org","@graph":[{"@type":"WebPage","@id":"https:\/\/mueble4you.com\/ru\/productos\/set-sofa-esquinero-con-cojin-zelmar\/","url":"https:\/\/mueble4you.com\/ru\/productos\/set-sofa-esquinero-con-cojin-zelmar\/","name":"SET SOFA ESQUINERO CON COJIN ZELMAR | mueble4you","isPartOf":{"@id":"https:\/\/mueble4you.com\/#website"},"primaryImageOfPage":{"@id":"https:\/\/mueble4you.com\/ru\/productos\/set-sofa-esquinero-con-cojin-zelmar\/#primaryimage"},"image":{"@id":"https:\/\/mueble4you.com\/ru\/productos\/set-sofa-esquinero-con-cojin-zelmar\/#primaryimage"},"thumbnailUrl":"https:\/\/mueble4you.com\/wp-content\/uploads\/2026\/04\/Captura-de-pantalla-2026-04-09-110313.png","datePublished":"2026-04-09T10:06:54+00:00","breadcrumb":{"@id":"https:\/\/mueble4you.com\/ru\/productos\/set-sofa-esquinero-con-cojin-zelmar\/#breadcrumb"},"inLanguage":"ru-RU","potentialAction":[{"@type":"ReadAction","target":["https:\/\/mueble4you.com\/ru\/productos\/set-sofa-esquinero-con-cojin-zelmar\/"]}]},{"@type":"ImageObject","inLanguage":"ru-RU","@id":"https:\/\/mueble4you.com\/ru\/productos\/set-sofa-esquinero-con-cojin-zelmar\/#primaryimage","url":"https:\/\/mueble4you.com\/wp-content\/uploads\/2026\/04\/Captura-de-pantalla-2026-04-09-110313.png","contentUrl":"https:\/\/mueble4you.com\/wp-content\/uploads\/2026\/04\/Captura-de-pantalla-2026-04-09-110313.png","width":1467,"height":851},{"@type":"BreadcrumbList","@id":"https:\/\/mueble4you.com\/ru\/productos\/set-sofa-esquinero-con-cojin-zelmar\/#breadcrumb","itemListElement":[{"@type":"ListItem","position":1,"name":"Portada","item":"https:\/\/mueble4you.com\/ru\/"},{"@type":"ListItem","position":2,"name":"Productos","item":"https:\/\/mueble4you.com\/productos\/"},{"@type":"ListItem","position":3,"name":"SET SOFA ESQUINERO CON COJIN ZELMAR"}]},{"@type":"WebSite","@id":"https:\/\/mueble4you.com\/#website","url":"https:\/\/mueble4you.com\/","name":"mueble4you","description":"?????? ? ????????","potentialAction":[{"@type":"SearchAction","target":{"@type":"EntryPoint","urlTemplate":"https:\/\/mueble4you.com\/?s={search_term_string}"},"query-input":{"@type":"PropertyValueSpecification","valueRequired":true,"valueName":"search_term_string"}}],"inLanguage":"ru-RU"}]}},"_links":{"self":[{"href":"https:\/\/mueble4you.com\/ru\/wp-json\/wp\/v2\/product\/90011","targetHints":{"allow":["GET"]}}],"collection":[{"href":"https:\/\/mueble4you.com\/ru\/wp-json\/wp\/v2\/product"}],"about":[{"href":"https:\/\/mueble4you.com\/ru\/wp-json\/wp\/v2\/types\/product"}],"wp:featuredmedia":[{"embeddable":true,"href":"https:\/\/mueble4you.com\/ru\/wp-json\/wp\/v2\/media\/90012"}],"wp:attachment":[{"href":"https:\/\/mueble4you.com\/ru\/wp-json\/wp\/v2\/media?parent=90011"}],"wp:term":[{"taxonomy":"product_brand","embeddable":true,"href":"https:\/\/mueble4you.com\/ru\/wp-json\/wp\/v2\/product_brand?post=90011"},{"taxonomy":"product_cat","embeddable":true,"href":"https:\/\/mueble4you.com\/ru\/wp-json\/wp\/v2\/product_cat?post=90011"},{"taxonomy":"product_tag","embeddable":true,"href":"https:\/\/mueble4you.com\/ru\/wp-json\/wp\/v2\/product_tag?post=90011"}],"curies":[{"name":"wp","href":"https:\/\/api.w.org\/{rel}","templated":true}]}}