{"id":89351,"date":"2026-03-10T11:07:20","date_gmt":"2026-03-10T11:07:20","guid":{"rendered":"https:\/\/mueble4you.com\/productos\/taburete-bar-cassandre-verde\/"},"modified":"2026-03-10T11:07:20","modified_gmt":"2026-03-10T11:07:20","slug":"taburete-bar-cassandre-verde","status":"publish","type":"product","link":"https:\/\/mueble4you.com\/ru\/productos\/taburete-bar-cassandre-verde\/","title":{"rendered":"Taburete bar cassandre verde"},"content":{"rendered":"<ul>\n<li>Taburete de bar Cassandre en verde salvia, con dise\u00f1o contempor\u00e1neo y estructura de l\u00edneas depuradas.<\/li>\n<li>Dimensiones: L51 x A37 x H103 cm, altura de asiento est\u00e1ndar de bar.<\/li>\n<li>Construcci\u00f3n monobloque en material sint\u00e9tico resistente (probablemente polipropileno\/termopl\u00e1stico) que garantiza f\u00e1cil mantenimiento y durabilidad.<\/li>\n<li>Apilable y ligero, ideal para hosteler\u00eda, colectividades y corners comerciales.<\/li>\n<li>Producto atractivo para ampliar una gama de asientos modernos de interior\/exterior.<\/li>\n<li>\n<div class=\"col-6\">Altura: 103 cm<\/div>\n<div class=\"col-6\"><i class=\"fa-solid fa-ruler-horizontal\"><\/i>Ancho: 37 cm<\/div>\n<div class=\"col-6\"><i class=\"fa-solid fa-ruler-combined\"><\/i>Profundidad: 51 cm<\/div>\n<\/li>\n<\/ul>\n","protected":false},"excerpt":{"rendered":"<p>Taburete de bar Cassandre en verde salvia, con dise\u00f1o contempor\u00e1neo y estructura de l\u00edneas depuradas. Dimensiones: L51 x A37 x H103 cm, altura de asiento est\u00e1ndar de bar. Construcci\u00f3n monobloque en material sint\u00e9tico resistente (probablemente polipropileno\/termopl\u00e1stico) que garantiza f\u00e1cil mantenimiento y durabilidad. Apilable y ligero, ideal para hosteler\u00eda, colectividades y corners comerciales. Producto atractivo para [&#8230;]\n","protected":false},"featured_media":89352,"template":"","meta":[],"product_brand":[],"product_cat":[211,486],"product_tag":[],"class_list":{"0":"post-89351","1":"product","2":"type-product","3":"status-publish","4":"has-post-thumbnail","6":"product_cat-211","7":"product_cat-486","9":"first","10":"instock","11":"shipping-taxable","12":"product-type-simple"},"yoast_head":"<!-- This site is optimized with the Yoast SEO plugin v27.2 - https:\/\/yoast.com\/product\/yoast-seo-wordpress\/ -->\n<title>Taburete bar cassandre verde | mueble4you<\/title>\n<meta name=\"robots\" content=\"index, follow, max-snippet:-1, max-image-preview:large, max-video-preview:-1\" \/>\n<link rel=\"canonical\" href=\"https:\/\/mueble4you.com\/ru\/productos\/taburete-bar-cassandre-verde\/\" \/>\n<meta property=\"og:locale\" content=\"ru_RU\" \/>\n<meta property=\"og:type\" content=\"article\" \/>\n<meta property=\"og:title\" content=\"Taburete bar cassandre verde | mueble4you\" \/>\n<meta property=\"og:description\" content=\"Taburete de bar Cassandre en verde salvia, con dise\u00f1o contempor\u00e1neo y estructura de l\u00edneas depuradas. Dimensiones: L51 x A37 x H103 cm, altura de asiento est\u00e1ndar de bar. Construcci\u00f3n monobloque en material sint\u00e9tico resistente (probablemente polipropileno\/termopl\u00e1stico) que garantiza f\u00e1cil mantenimiento y durabilidad. Apilable y ligero, ideal para hosteler\u00eda, colectividades y corners comerciales. Producto atractivo para [...]\" \/>\n<meta property=\"og:url\" content=\"https:\/\/mueble4you.com\/ru\/productos\/taburete-bar-cassandre-verde\/\" \/>\n<meta property=\"og:site_name\" content=\"mueble4you\" \/>\n<meta name=\"twitter:card\" content=\"summary_large_image\" \/>\n<script type=\"application\/ld+json\" class=\"yoast-schema-graph\">{\"@context\":\"https:\/\/schema.org\",\"@graph\":[{\"@type\":\"WebPage\",\"@id\":\"https:\/\/mueble4you.com\/ru\/productos\/taburete-bar-cassandre-verde\/\",\"url\":\"https:\/\/mueble4you.com\/ru\/productos\/taburete-bar-cassandre-verde\/\",\"name\":\"Taburete bar cassandre verde | mueble4you\",\"isPartOf\":{\"@id\":\"https:\/\/mueble4you.com\/#website\"},\"primaryImageOfPage\":{\"@id\":\"https:\/\/mueble4you.com\/ru\/productos\/taburete-bar-cassandre-verde\/#primaryimage\"},\"image\":{\"@id\":\"https:\/\/mueble4you.com\/ru\/productos\/taburete-bar-cassandre-verde\/#primaryimage\"},\"thumbnailUrl\":\"https:\/\/mueble4you.com\/wp-content\/uploads\/2026\/03\/171229.jpg\",\"datePublished\":\"2026-03-10T11:07:20+00:00\",\"breadcrumb\":{\"@id\":\"https:\/\/mueble4you.com\/ru\/productos\/taburete-bar-cassandre-verde\/#breadcrumb\"},\"inLanguage\":\"ru-RU\",\"potentialAction\":[{\"@type\":\"ReadAction\",\"target\":[\"https:\/\/mueble4you.com\/ru\/productos\/taburete-bar-cassandre-verde\/\"]}]},{\"@type\":\"ImageObject\",\"inLanguage\":\"ru-RU\",\"@id\":\"https:\/\/mueble4you.com\/ru\/productos\/taburete-bar-cassandre-verde\/#primaryimage\",\"url\":\"https:\/\/mueble4you.com\/wp-content\/uploads\/2026\/03\/171229.jpg\",\"contentUrl\":\"https:\/\/mueble4you.com\/wp-content\/uploads\/2026\/03\/171229.jpg\",\"width\":2000,\"height\":1500},{\"@type\":\"BreadcrumbList\",\"@id\":\"https:\/\/mueble4you.com\/ru\/productos\/taburete-bar-cassandre-verde\/#breadcrumb\",\"itemListElement\":[{\"@type\":\"ListItem\",\"position\":1,\"name\":\"Portada\",\"item\":\"https:\/\/mueble4you.com\/ru\/\"},{\"@type\":\"ListItem\",\"position\":2,\"name\":\"Productos\",\"item\":\"https:\/\/mueble4you.com\/productos\/\"},{\"@type\":\"ListItem\",\"position\":3,\"name\":\"Taburete bar cassandre verde\"}]},{\"@type\":\"WebSite\",\"@id\":\"https:\/\/mueble4you.com\/#website\",\"url\":\"https:\/\/mueble4you.com\/\",\"name\":\"mueble4you\",\"description\":\"?????? ? ????????\",\"potentialAction\":[{\"@type\":\"SearchAction\",\"target\":{\"@type\":\"EntryPoint\",\"urlTemplate\":\"https:\/\/mueble4you.com\/?s={search_term_string}\"},\"query-input\":{\"@type\":\"PropertyValueSpecification\",\"valueRequired\":true,\"valueName\":\"search_term_string\"}}],\"inLanguage\":\"ru-RU\"}]}<\/script>\n<!-- \/ Yoast SEO plugin. -->","yoast_head_json":{"title":"Taburete bar cassandre verde | mueble4you","robots":{"index":"index","follow":"follow","max-snippet":"max-snippet:-1","max-image-preview":"max-image-preview:large","max-video-preview":"max-video-preview:-1"},"canonical":"https:\/\/mueble4you.com\/ru\/productos\/taburete-bar-cassandre-verde\/","og_locale":"ru_RU","og_type":"article","og_title":"Taburete bar cassandre verde | mueble4you","og_description":"Taburete de bar Cassandre en verde salvia, con dise\u00f1o contempor\u00e1neo y estructura de l\u00edneas depuradas. Dimensiones: L51 x A37 x H103 cm, altura de asiento est\u00e1ndar de bar. Construcci\u00f3n monobloque en material sint\u00e9tico resistente (probablemente polipropileno\/termopl\u00e1stico) que garantiza f\u00e1cil mantenimiento y durabilidad. Apilable y ligero, ideal para hosteler\u00eda, colectividades y corners comerciales. Producto atractivo para [...]","og_url":"https:\/\/mueble4you.com\/ru\/productos\/taburete-bar-cassandre-verde\/","og_site_name":"mueble4you","twitter_card":"summary_large_image","schema":{"@context":"https:\/\/schema.org","@graph":[{"@type":"WebPage","@id":"https:\/\/mueble4you.com\/ru\/productos\/taburete-bar-cassandre-verde\/","url":"https:\/\/mueble4you.com\/ru\/productos\/taburete-bar-cassandre-verde\/","name":"Taburete bar cassandre verde | mueble4you","isPartOf":{"@id":"https:\/\/mueble4you.com\/#website"},"primaryImageOfPage":{"@id":"https:\/\/mueble4you.com\/ru\/productos\/taburete-bar-cassandre-verde\/#primaryimage"},"image":{"@id":"https:\/\/mueble4you.com\/ru\/productos\/taburete-bar-cassandre-verde\/#primaryimage"},"thumbnailUrl":"https:\/\/mueble4you.com\/wp-content\/uploads\/2026\/03\/171229.jpg","datePublished":"2026-03-10T11:07:20+00:00","breadcrumb":{"@id":"https:\/\/mueble4you.com\/ru\/productos\/taburete-bar-cassandre-verde\/#breadcrumb"},"inLanguage":"ru-RU","potentialAction":[{"@type":"ReadAction","target":["https:\/\/mueble4you.com\/ru\/productos\/taburete-bar-cassandre-verde\/"]}]},{"@type":"ImageObject","inLanguage":"ru-RU","@id":"https:\/\/mueble4you.com\/ru\/productos\/taburete-bar-cassandre-verde\/#primaryimage","url":"https:\/\/mueble4you.com\/wp-content\/uploads\/2026\/03\/171229.jpg","contentUrl":"https:\/\/mueble4you.com\/wp-content\/uploads\/2026\/03\/171229.jpg","width":2000,"height":1500},{"@type":"BreadcrumbList","@id":"https:\/\/mueble4you.com\/ru\/productos\/taburete-bar-cassandre-verde\/#breadcrumb","itemListElement":[{"@type":"ListItem","position":1,"name":"Portada","item":"https:\/\/mueble4you.com\/ru\/"},{"@type":"ListItem","position":2,"name":"Productos","item":"https:\/\/mueble4you.com\/productos\/"},{"@type":"ListItem","position":3,"name":"Taburete bar cassandre verde"}]},{"@type":"WebSite","@id":"https:\/\/mueble4you.com\/#website","url":"https:\/\/mueble4you.com\/","name":"mueble4you","description":"?????? ? ????????","potentialAction":[{"@type":"SearchAction","target":{"@type":"EntryPoint","urlTemplate":"https:\/\/mueble4you.com\/?s={search_term_string}"},"query-input":{"@type":"PropertyValueSpecification","valueRequired":true,"valueName":"search_term_string"}}],"inLanguage":"ru-RU"}]}},"_links":{"self":[{"href":"https:\/\/mueble4you.com\/ru\/wp-json\/wp\/v2\/product\/89351","targetHints":{"allow":["GET"]}}],"collection":[{"href":"https:\/\/mueble4you.com\/ru\/wp-json\/wp\/v2\/product"}],"about":[{"href":"https:\/\/mueble4you.com\/ru\/wp-json\/wp\/v2\/types\/product"}],"wp:featuredmedia":[{"embeddable":true,"href":"https:\/\/mueble4you.com\/ru\/wp-json\/wp\/v2\/media\/89352"}],"wp:attachment":[{"href":"https:\/\/mueble4you.com\/ru\/wp-json\/wp\/v2\/media?parent=89351"}],"wp:term":[{"taxonomy":"product_brand","embeddable":true,"href":"https:\/\/mueble4you.com\/ru\/wp-json\/wp\/v2\/product_brand?post=89351"},{"taxonomy":"product_cat","embeddable":true,"href":"https:\/\/mueble4you.com\/ru\/wp-json\/wp\/v2\/product_cat?post=89351"},{"taxonomy":"product_tag","embeddable":true,"href":"https:\/\/mueble4you.com\/ru\/wp-json\/wp\/v2\/product_tag?post=89351"}],"curies":[{"name":"wp","href":"https:\/\/api.w.org\/{rel}","templated":true}]}}