{"id":89028,"date":"2026-02-26T10:20:10","date_gmt":"2026-02-26T10:20:10","guid":{"rendered":"https:\/\/mueble4you.com\/productos\/sombrilla-excentr-saragozza-3x4-neutro\/"},"modified":"2026-02-26T10:20:10","modified_gmt":"2026-02-26T10:20:10","slug":"sombrilla-excentr-saragozza-3x4-neutro","status":"publish","type":"product","link":"https:\/\/mueble4you.com\/ru\/productos\/sombrilla-excentr-saragozza-3x4-neutro\/","title":{"rendered":"SOMBRILLA EXC\u00c9NTR. SARAGOZZA 3X4 NEUTRO"},"content":{"rendered":"<ul>\n<li>ESTRUCTURA DE ALUMINIO BARNIZADO CON POLVO (POLI\u00c9STER).<\/li>\n<li>MASTIL 50x78x1.6MM. 8 VARILLAS 23x12x1.0MM.<\/li>\n<li>TELA COLOR GRIS DE POLI\u00c9STER 250GR\/M2 CON REVESTIMIENTO DE PA (POLIAMIDIA) CON CHIMENEA CORTAVIENTO.<\/li>\n<li>BASE LATERAL DE ACERO.<\/li>\n<li>MASTIL GIRATORIO 360\u00b0 CON PEDAL.<\/li>\n<li>EQUIPADO CON MANIVELAS PARA INCLINACI\u00d3N VERTICAL (5 POSICIONES) E INCLINACI\u00d3N IZQUIERDA-DERECHA.<\/li>\n<li>BALDOSAS INCLUIDAS.<\/li>\n<\/ul>\n","protected":false},"excerpt":{"rendered":"<p>ESTRUCTURA DE ALUMINIO BARNIZADO CON POLVO (POLI\u00c9STER). MASTIL 50x78x1.6MM. 8 VARILLAS 23x12x1.0MM. TELA COLOR GRIS DE POLI\u00c9STER 250GR\/M2 CON REVESTIMIENTO DE PA (POLIAMIDIA) CON CHIMENEA CORTAVIENTO. BASE LATERAL DE ACERO. MASTIL GIRATORIO 360\u00b0 CON PEDAL. EQUIPADO CON MANIVELAS PARA INCLINACI\u00d3N VERTICAL (5 POSICIONES) E INCLINACI\u00d3N IZQUIERDA-DERECHA. BALDOSAS INCLUIDAS.<\/p>\n","protected":false},"featured_media":89029,"template":"","meta":[],"product_brand":[],"product_cat":[318,306],"product_tag":[],"class_list":{"0":"post-89028","1":"product","2":"type-product","3":"status-publish","4":"has-post-thumbnail","6":"product_cat-318","7":"product_cat----ru","9":"first","10":"instock","11":"shipping-taxable","12":"product-type-simple"},"yoast_head":"<!-- This site is optimized with the Yoast SEO plugin v27.3 - https:\/\/yoast.com\/product\/yoast-seo-wordpress\/ -->\n<title>SOMBRILLA EXC\u00c9NTR. SARAGOZZA 3X4 NEUTRO | mueble4you<\/title>\n<meta name=\"robots\" content=\"index, follow, max-snippet:-1, max-image-preview:large, max-video-preview:-1\" \/>\n<link rel=\"canonical\" href=\"https:\/\/mueble4you.com\/ru\/productos\/sombrilla-excentr-saragozza-3x4-neutro\/\" \/>\n<meta property=\"og:locale\" content=\"ru_RU\" \/>\n<meta property=\"og:type\" content=\"article\" \/>\n<meta property=\"og:title\" content=\"SOMBRILLA EXC\u00c9NTR. SARAGOZZA 3X4 NEUTRO | mueble4you\" \/>\n<meta property=\"og:description\" content=\"ESTRUCTURA DE ALUMINIO BARNIZADO CON POLVO (POLI\u00c9STER). MASTIL 50x78x1.6MM. 8 VARILLAS 23x12x1.0MM. TELA COLOR GRIS DE POLI\u00c9STER 250GR\/M2 CON REVESTIMIENTO DE PA (POLIAMIDIA) CON CHIMENEA CORTAVIENTO. BASE LATERAL DE ACERO. MASTIL GIRATORIO 360\u00b0 CON PEDAL. EQUIPADO CON MANIVELAS PARA INCLINACI\u00d3N VERTICAL (5 POSICIONES) E INCLINACI\u00d3N IZQUIERDA-DERECHA. BALDOSAS INCLUIDAS.\" \/>\n<meta property=\"og:url\" content=\"https:\/\/mueble4you.com\/ru\/productos\/sombrilla-excentr-saragozza-3x4-neutro\/\" \/>\n<meta property=\"og:site_name\" content=\"mueble4you\" \/>\n<meta name=\"twitter:card\" content=\"summary_large_image\" \/>\n<script type=\"application\/ld+json\" class=\"yoast-schema-graph\">{\"@context\":\"https:\\\/\\\/schema.org\",\"@graph\":[{\"@type\":\"WebPage\",\"@id\":\"https:\\\/\\\/mueble4you.com\\\/ru\\\/productos\\\/sombrilla-excentr-saragozza-3x4-neutro\\\/\",\"url\":\"https:\\\/\\\/mueble4you.com\\\/ru\\\/productos\\\/sombrilla-excentr-saragozza-3x4-neutro\\\/\",\"name\":\"SOMBRILLA EXC\u00c9NTR. SARAGOZZA 3X4 NEUTRO | mueble4you\",\"isPartOf\":{\"@id\":\"https:\\\/\\\/mueble4you.com\\\/#website\"},\"primaryImageOfPage\":{\"@id\":\"https:\\\/\\\/mueble4you.com\\\/ru\\\/productos\\\/sombrilla-excentr-saragozza-3x4-neutro\\\/#primaryimage\"},\"image\":{\"@id\":\"https:\\\/\\\/mueble4you.com\\\/ru\\\/productos\\\/sombrilla-excentr-saragozza-3x4-neutro\\\/#primaryimage\"},\"thumbnailUrl\":\"https:\\\/\\\/mueble4you.com\\\/wp-content\\\/uploads\\\/2026\\\/02\\\/Captura-de-pantalla-2026-02-26-101525.png\",\"datePublished\":\"2026-02-26T10:20:10+00:00\",\"breadcrumb\":{\"@id\":\"https:\\\/\\\/mueble4you.com\\\/ru\\\/productos\\\/sombrilla-excentr-saragozza-3x4-neutro\\\/#breadcrumb\"},\"inLanguage\":\"ru-RU\",\"potentialAction\":[{\"@type\":\"ReadAction\",\"target\":[\"https:\\\/\\\/mueble4you.com\\\/ru\\\/productos\\\/sombrilla-excentr-saragozza-3x4-neutro\\\/\"]}]},{\"@type\":\"ImageObject\",\"inLanguage\":\"ru-RU\",\"@id\":\"https:\\\/\\\/mueble4you.com\\\/ru\\\/productos\\\/sombrilla-excentr-saragozza-3x4-neutro\\\/#primaryimage\",\"url\":\"https:\\\/\\\/mueble4you.com\\\/wp-content\\\/uploads\\\/2026\\\/02\\\/Captura-de-pantalla-2026-02-26-101525.png\",\"contentUrl\":\"https:\\\/\\\/mueble4you.com\\\/wp-content\\\/uploads\\\/2026\\\/02\\\/Captura-de-pantalla-2026-02-26-101525.png\",\"width\":1420,\"height\":875},{\"@type\":\"BreadcrumbList\",\"@id\":\"https:\\\/\\\/mueble4you.com\\\/ru\\\/productos\\\/sombrilla-excentr-saragozza-3x4-neutro\\\/#breadcrumb\",\"itemListElement\":[{\"@type\":\"ListItem\",\"position\":1,\"name\":\"Portada\",\"item\":\"https:\\\/\\\/mueble4you.com\\\/ru\\\/\"},{\"@type\":\"ListItem\",\"position\":2,\"name\":\"Productos\",\"item\":\"https:\\\/\\\/mueble4you.com\\\/productos\\\/\"},{\"@type\":\"ListItem\",\"position\":3,\"name\":\"SOMBRILLA EXC\u00c9NTR. SARAGOZZA 3X4 NEUTRO\"}]},{\"@type\":\"WebSite\",\"@id\":\"https:\\\/\\\/mueble4you.com\\\/#website\",\"url\":\"https:\\\/\\\/mueble4you.com\\\/\",\"name\":\"mueble4you\",\"description\":\"?????? ? ????????\",\"potentialAction\":[{\"@type\":\"SearchAction\",\"target\":{\"@type\":\"EntryPoint\",\"urlTemplate\":\"https:\\\/\\\/mueble4you.com\\\/?s={search_term_string}\"},\"query-input\":{\"@type\":\"PropertyValueSpecification\",\"valueRequired\":true,\"valueName\":\"search_term_string\"}}],\"inLanguage\":\"ru-RU\"}]}<\/script>\n<!-- \/ Yoast SEO plugin. -->","yoast_head_json":{"title":"SOMBRILLA EXC\u00c9NTR. SARAGOZZA 3X4 NEUTRO | mueble4you","robots":{"index":"index","follow":"follow","max-snippet":"max-snippet:-1","max-image-preview":"max-image-preview:large","max-video-preview":"max-video-preview:-1"},"canonical":"https:\/\/mueble4you.com\/ru\/productos\/sombrilla-excentr-saragozza-3x4-neutro\/","og_locale":"ru_RU","og_type":"article","og_title":"SOMBRILLA EXC\u00c9NTR. SARAGOZZA 3X4 NEUTRO | mueble4you","og_description":"ESTRUCTURA DE ALUMINIO BARNIZADO CON POLVO (POLI\u00c9STER). MASTIL 50x78x1.6MM. 8 VARILLAS 23x12x1.0MM. TELA COLOR GRIS DE POLI\u00c9STER 250GR\/M2 CON REVESTIMIENTO DE PA (POLIAMIDIA) CON CHIMENEA CORTAVIENTO. BASE LATERAL DE ACERO. MASTIL GIRATORIO 360\u00b0 CON PEDAL. EQUIPADO CON MANIVELAS PARA INCLINACI\u00d3N VERTICAL (5 POSICIONES) E INCLINACI\u00d3N IZQUIERDA-DERECHA. BALDOSAS INCLUIDAS.","og_url":"https:\/\/mueble4you.com\/ru\/productos\/sombrilla-excentr-saragozza-3x4-neutro\/","og_site_name":"mueble4you","twitter_card":"summary_large_image","schema":{"@context":"https:\/\/schema.org","@graph":[{"@type":"WebPage","@id":"https:\/\/mueble4you.com\/ru\/productos\/sombrilla-excentr-saragozza-3x4-neutro\/","url":"https:\/\/mueble4you.com\/ru\/productos\/sombrilla-excentr-saragozza-3x4-neutro\/","name":"SOMBRILLA EXC\u00c9NTR. SARAGOZZA 3X4 NEUTRO | mueble4you","isPartOf":{"@id":"https:\/\/mueble4you.com\/#website"},"primaryImageOfPage":{"@id":"https:\/\/mueble4you.com\/ru\/productos\/sombrilla-excentr-saragozza-3x4-neutro\/#primaryimage"},"image":{"@id":"https:\/\/mueble4you.com\/ru\/productos\/sombrilla-excentr-saragozza-3x4-neutro\/#primaryimage"},"thumbnailUrl":"https:\/\/mueble4you.com\/wp-content\/uploads\/2026\/02\/Captura-de-pantalla-2026-02-26-101525.png","datePublished":"2026-02-26T10:20:10+00:00","breadcrumb":{"@id":"https:\/\/mueble4you.com\/ru\/productos\/sombrilla-excentr-saragozza-3x4-neutro\/#breadcrumb"},"inLanguage":"ru-RU","potentialAction":[{"@type":"ReadAction","target":["https:\/\/mueble4you.com\/ru\/productos\/sombrilla-excentr-saragozza-3x4-neutro\/"]}]},{"@type":"ImageObject","inLanguage":"ru-RU","@id":"https:\/\/mueble4you.com\/ru\/productos\/sombrilla-excentr-saragozza-3x4-neutro\/#primaryimage","url":"https:\/\/mueble4you.com\/wp-content\/uploads\/2026\/02\/Captura-de-pantalla-2026-02-26-101525.png","contentUrl":"https:\/\/mueble4you.com\/wp-content\/uploads\/2026\/02\/Captura-de-pantalla-2026-02-26-101525.png","width":1420,"height":875},{"@type":"BreadcrumbList","@id":"https:\/\/mueble4you.com\/ru\/productos\/sombrilla-excentr-saragozza-3x4-neutro\/#breadcrumb","itemListElement":[{"@type":"ListItem","position":1,"name":"Portada","item":"https:\/\/mueble4you.com\/ru\/"},{"@type":"ListItem","position":2,"name":"Productos","item":"https:\/\/mueble4you.com\/productos\/"},{"@type":"ListItem","position":3,"name":"SOMBRILLA EXC\u00c9NTR. SARAGOZZA 3X4 NEUTRO"}]},{"@type":"WebSite","@id":"https:\/\/mueble4you.com\/#website","url":"https:\/\/mueble4you.com\/","name":"mueble4you","description":"?????? ? ????????","potentialAction":[{"@type":"SearchAction","target":{"@type":"EntryPoint","urlTemplate":"https:\/\/mueble4you.com\/?s={search_term_string}"},"query-input":{"@type":"PropertyValueSpecification","valueRequired":true,"valueName":"search_term_string"}}],"inLanguage":"ru-RU"}]}},"_links":{"self":[{"href":"https:\/\/mueble4you.com\/ru\/wp-json\/wp\/v2\/product\/89028","targetHints":{"allow":["GET"]}}],"collection":[{"href":"https:\/\/mueble4you.com\/ru\/wp-json\/wp\/v2\/product"}],"about":[{"href":"https:\/\/mueble4you.com\/ru\/wp-json\/wp\/v2\/types\/product"}],"wp:featuredmedia":[{"embeddable":true,"href":"https:\/\/mueble4you.com\/ru\/wp-json\/wp\/v2\/media\/89029"}],"wp:attachment":[{"href":"https:\/\/mueble4you.com\/ru\/wp-json\/wp\/v2\/media?parent=89028"}],"wp:term":[{"taxonomy":"product_brand","embeddable":true,"href":"https:\/\/mueble4you.com\/ru\/wp-json\/wp\/v2\/product_brand?post=89028"},{"taxonomy":"product_cat","embeddable":true,"href":"https:\/\/mueble4you.com\/ru\/wp-json\/wp\/v2\/product_cat?post=89028"},{"taxonomy":"product_tag","embeddable":true,"href":"https:\/\/mueble4you.com\/ru\/wp-json\/wp\/v2\/product_tag?post=89028"}],"curies":[{"name":"wp","href":"https:\/\/api.w.org\/{rel}","templated":true}]}}