{"id":87900,"date":"2026-01-16T12:39:47","date_gmt":"2026-01-16T12:39:47","guid":{"rendered":"https:\/\/mueble4you.com\/productos\/lampara-lorena-azulado\/"},"modified":"2026-01-16T12:39:47","modified_gmt":"2026-01-16T12:39:47","slug":"lampara-lorena-azulado","status":"publish","type":"product","link":"https:\/\/mueble4you.com\/ru\/productos\/lampara-lorena-azulado\/","title":{"rendered":"Lampara lorena azulado"},"content":{"rendered":"<ul>\n<li>La l\u00e1mpara de pie &#171;Lorena Bleue&#187; combina papel mach\u00e9 y metal, presentando un dise\u00f1o original y artesanal.<\/li>\n<li>Con dimensiones generosas (22.4&#215;22.4&#215;40.9 pulgadas), se convierte en un elemento decorativo luminoso y distintivo, ideal para enriquecer una gama de soluciones de iluminaci\u00f3n contempor\u00e1neas y naturales.<\/li>\n<li>Ligera y f\u00e1cil de integrar, atrae a una clientela que busca autenticidad y un estilo bohemio-chic.<\/li>\n<\/ul>\n","protected":false},"excerpt":{"rendered":"<p>La l\u00e1mpara de pie &#171;Lorena Bleue&#187; combina papel mach\u00e9 y metal, presentando un dise\u00f1o original y artesanal. Con dimensiones generosas (22.4&#215;22.4&#215;40.9 pulgadas), se convierte en un elemento decorativo luminoso y distintivo, ideal para enriquecer una gama de soluciones de iluminaci\u00f3n contempor\u00e1neas y naturales. Ligera y f\u00e1cil de integrar, atrae a una clientela que busca autenticidad [&#8230;]\n","protected":false},"featured_media":87901,"template":"","meta":[],"product_brand":[],"product_cat":[242,342],"product_tag":[],"class_list":{"0":"post-87900","1":"product","2":"type-product","3":"status-publish","4":"has-post-thumbnail","6":"product_cat-242","7":"product_cat-342","9":"first","10":"instock","11":"shipping-taxable","12":"product-type-simple"},"yoast_head":"<!-- This site is optimized with the Yoast SEO plugin v27.3 - https:\/\/yoast.com\/product\/yoast-seo-wordpress\/ -->\n<title>Lampara lorena azulado | mueble4you<\/title>\n<meta name=\"robots\" content=\"index, follow, max-snippet:-1, max-image-preview:large, max-video-preview:-1\" \/>\n<link rel=\"canonical\" href=\"https:\/\/mueble4you.com\/ru\/productos\/lampara-lorena-azulado\/\" \/>\n<meta property=\"og:locale\" content=\"ru_RU\" \/>\n<meta property=\"og:type\" content=\"article\" \/>\n<meta property=\"og:title\" content=\"Lampara lorena azulado | mueble4you\" \/>\n<meta property=\"og:description\" content=\"La l\u00e1mpara de pie &#171;Lorena Bleue&#187; combina papel mach\u00e9 y metal, presentando un dise\u00f1o original y artesanal. Con dimensiones generosas (22.4&#215;22.4&#215;40.9 pulgadas), se convierte en un elemento decorativo luminoso y distintivo, ideal para enriquecer una gama de soluciones de iluminaci\u00f3n contempor\u00e1neas y naturales. Ligera y f\u00e1cil de integrar, atrae a una clientela que busca autenticidad [...]\" \/>\n<meta property=\"og:url\" content=\"https:\/\/mueble4you.com\/ru\/productos\/lampara-lorena-azulado\/\" \/>\n<meta property=\"og:site_name\" content=\"mueble4you\" \/>\n<meta name=\"twitter:card\" content=\"summary_large_image\" \/>\n<script type=\"application\/ld+json\" class=\"yoast-schema-graph\">{\"@context\":\"https:\\\/\\\/schema.org\",\"@graph\":[{\"@type\":\"WebPage\",\"@id\":\"https:\\\/\\\/mueble4you.com\\\/ru\\\/productos\\\/lampara-lorena-azulado\\\/\",\"url\":\"https:\\\/\\\/mueble4you.com\\\/ru\\\/productos\\\/lampara-lorena-azulado\\\/\",\"name\":\"Lampara lorena azulado | mueble4you\",\"isPartOf\":{\"@id\":\"https:\\\/\\\/mueble4you.com\\\/#website\"},\"primaryImageOfPage\":{\"@id\":\"https:\\\/\\\/mueble4you.com\\\/ru\\\/productos\\\/lampara-lorena-azulado\\\/#primaryimage\"},\"image\":{\"@id\":\"https:\\\/\\\/mueble4you.com\\\/ru\\\/productos\\\/lampara-lorena-azulado\\\/#primaryimage\"},\"thumbnailUrl\":\"https:\\\/\\\/mueble4you.com\\\/wp-content\\\/uploads\\\/2026\\\/01\\\/168196.jpg\",\"datePublished\":\"2026-01-16T12:39:47+00:00\",\"breadcrumb\":{\"@id\":\"https:\\\/\\\/mueble4you.com\\\/ru\\\/productos\\\/lampara-lorena-azulado\\\/#breadcrumb\"},\"inLanguage\":\"ru-RU\",\"potentialAction\":[{\"@type\":\"ReadAction\",\"target\":[\"https:\\\/\\\/mueble4you.com\\\/ru\\\/productos\\\/lampara-lorena-azulado\\\/\"]}]},{\"@type\":\"ImageObject\",\"inLanguage\":\"ru-RU\",\"@id\":\"https:\\\/\\\/mueble4you.com\\\/ru\\\/productos\\\/lampara-lorena-azulado\\\/#primaryimage\",\"url\":\"https:\\\/\\\/mueble4you.com\\\/wp-content\\\/uploads\\\/2026\\\/01\\\/168196.jpg\",\"contentUrl\":\"https:\\\/\\\/mueble4you.com\\\/wp-content\\\/uploads\\\/2026\\\/01\\\/168196.jpg\",\"width\":2000,\"height\":2000},{\"@type\":\"BreadcrumbList\",\"@id\":\"https:\\\/\\\/mueble4you.com\\\/ru\\\/productos\\\/lampara-lorena-azulado\\\/#breadcrumb\",\"itemListElement\":[{\"@type\":\"ListItem\",\"position\":1,\"name\":\"Portada\",\"item\":\"https:\\\/\\\/mueble4you.com\\\/ru\\\/\"},{\"@type\":\"ListItem\",\"position\":2,\"name\":\"Productos\",\"item\":\"https:\\\/\\\/mueble4you.com\\\/productos\\\/\"},{\"@type\":\"ListItem\",\"position\":3,\"name\":\"Lampara lorena azulado\"}]},{\"@type\":\"WebSite\",\"@id\":\"https:\\\/\\\/mueble4you.com\\\/#website\",\"url\":\"https:\\\/\\\/mueble4you.com\\\/\",\"name\":\"mueble4you\",\"description\":\"?????? ? ????????\",\"potentialAction\":[{\"@type\":\"SearchAction\",\"target\":{\"@type\":\"EntryPoint\",\"urlTemplate\":\"https:\\\/\\\/mueble4you.com\\\/?s={search_term_string}\"},\"query-input\":{\"@type\":\"PropertyValueSpecification\",\"valueRequired\":true,\"valueName\":\"search_term_string\"}}],\"inLanguage\":\"ru-RU\"}]}<\/script>\n<!-- \/ Yoast SEO plugin. -->","yoast_head_json":{"title":"Lampara lorena azulado | mueble4you","robots":{"index":"index","follow":"follow","max-snippet":"max-snippet:-1","max-image-preview":"max-image-preview:large","max-video-preview":"max-video-preview:-1"},"canonical":"https:\/\/mueble4you.com\/ru\/productos\/lampara-lorena-azulado\/","og_locale":"ru_RU","og_type":"article","og_title":"Lampara lorena azulado | mueble4you","og_description":"La l\u00e1mpara de pie &#171;Lorena Bleue&#187; combina papel mach\u00e9 y metal, presentando un dise\u00f1o original y artesanal. Con dimensiones generosas (22.4&#215;22.4&#215;40.9 pulgadas), se convierte en un elemento decorativo luminoso y distintivo, ideal para enriquecer una gama de soluciones de iluminaci\u00f3n contempor\u00e1neas y naturales. Ligera y f\u00e1cil de integrar, atrae a una clientela que busca autenticidad [...]","og_url":"https:\/\/mueble4you.com\/ru\/productos\/lampara-lorena-azulado\/","og_site_name":"mueble4you","twitter_card":"summary_large_image","schema":{"@context":"https:\/\/schema.org","@graph":[{"@type":"WebPage","@id":"https:\/\/mueble4you.com\/ru\/productos\/lampara-lorena-azulado\/","url":"https:\/\/mueble4you.com\/ru\/productos\/lampara-lorena-azulado\/","name":"Lampara lorena azulado | mueble4you","isPartOf":{"@id":"https:\/\/mueble4you.com\/#website"},"primaryImageOfPage":{"@id":"https:\/\/mueble4you.com\/ru\/productos\/lampara-lorena-azulado\/#primaryimage"},"image":{"@id":"https:\/\/mueble4you.com\/ru\/productos\/lampara-lorena-azulado\/#primaryimage"},"thumbnailUrl":"https:\/\/mueble4you.com\/wp-content\/uploads\/2026\/01\/168196.jpg","datePublished":"2026-01-16T12:39:47+00:00","breadcrumb":{"@id":"https:\/\/mueble4you.com\/ru\/productos\/lampara-lorena-azulado\/#breadcrumb"},"inLanguage":"ru-RU","potentialAction":[{"@type":"ReadAction","target":["https:\/\/mueble4you.com\/ru\/productos\/lampara-lorena-azulado\/"]}]},{"@type":"ImageObject","inLanguage":"ru-RU","@id":"https:\/\/mueble4you.com\/ru\/productos\/lampara-lorena-azulado\/#primaryimage","url":"https:\/\/mueble4you.com\/wp-content\/uploads\/2026\/01\/168196.jpg","contentUrl":"https:\/\/mueble4you.com\/wp-content\/uploads\/2026\/01\/168196.jpg","width":2000,"height":2000},{"@type":"BreadcrumbList","@id":"https:\/\/mueble4you.com\/ru\/productos\/lampara-lorena-azulado\/#breadcrumb","itemListElement":[{"@type":"ListItem","position":1,"name":"Portada","item":"https:\/\/mueble4you.com\/ru\/"},{"@type":"ListItem","position":2,"name":"Productos","item":"https:\/\/mueble4you.com\/productos\/"},{"@type":"ListItem","position":3,"name":"Lampara lorena azulado"}]},{"@type":"WebSite","@id":"https:\/\/mueble4you.com\/#website","url":"https:\/\/mueble4you.com\/","name":"mueble4you","description":"?????? ? ????????","potentialAction":[{"@type":"SearchAction","target":{"@type":"EntryPoint","urlTemplate":"https:\/\/mueble4you.com\/?s={search_term_string}"},"query-input":{"@type":"PropertyValueSpecification","valueRequired":true,"valueName":"search_term_string"}}],"inLanguage":"ru-RU"}]}},"_links":{"self":[{"href":"https:\/\/mueble4you.com\/ru\/wp-json\/wp\/v2\/product\/87900","targetHints":{"allow":["GET"]}}],"collection":[{"href":"https:\/\/mueble4you.com\/ru\/wp-json\/wp\/v2\/product"}],"about":[{"href":"https:\/\/mueble4you.com\/ru\/wp-json\/wp\/v2\/types\/product"}],"wp:featuredmedia":[{"embeddable":true,"href":"https:\/\/mueble4you.com\/ru\/wp-json\/wp\/v2\/media\/87901"}],"wp:attachment":[{"href":"https:\/\/mueble4you.com\/ru\/wp-json\/wp\/v2\/media?parent=87900"}],"wp:term":[{"taxonomy":"product_brand","embeddable":true,"href":"https:\/\/mueble4you.com\/ru\/wp-json\/wp\/v2\/product_brand?post=87900"},{"taxonomy":"product_cat","embeddable":true,"href":"https:\/\/mueble4you.com\/ru\/wp-json\/wp\/v2\/product_cat?post=87900"},{"taxonomy":"product_tag","embeddable":true,"href":"https:\/\/mueble4you.com\/ru\/wp-json\/wp\/v2\/product_tag?post=87900"}],"curies":[{"name":"wp","href":"https:\/\/api.w.org\/{rel}","templated":true}]}}