{"id":87819,"date":"2026-01-16T11:37:39","date_gmt":"2026-01-16T11:37:39","guid":{"rendered":"https:\/\/mueble4you.com\/productos\/lamp-basile-marbre-terrazzo\/"},"modified":"2026-01-16T11:37:39","modified_gmt":"2026-01-16T11:37:39","slug":"lamp-basile-marbre-terrazzo","status":"publish","type":"product","link":"https:\/\/mueble4you.com\/ru\/productos\/lamp-basile-marbre-terrazzo\/","title":{"rendered":"Lamp basile marbre terrazzo"},"content":{"rendered":"<ul>\n<li>La l\u00e1mpara de mesa Basile combina una pantalla y una base de m\u00e1rmol terrazzo con una estructura de metal dorado.<\/li>\n<li>Sus dimensiones compactas (20x20x36 cm) facilitan su integraci\u00f3n en diversos ambientes interiores.<\/li>\n<li>Producto de alta gama, enriquece los cat\u00e1logos con una pieza decorativa que mezcla materiales nobles y dise\u00f1o contempor\u00e1neo, ideal para una clientela que busca elegancia y calidad.<\/li>\n<\/ul>\n","protected":false},"excerpt":{"rendered":"<p>La l\u00e1mpara de mesa Basile combina una pantalla y una base de m\u00e1rmol terrazzo con una estructura de metal dorado. Sus dimensiones compactas (20x20x36 cm) facilitan su integraci\u00f3n en diversos ambientes interiores. Producto de alta gama, enriquece los cat\u00e1logos con una pieza decorativa que mezcla materiales nobles y dise\u00f1o contempor\u00e1neo, ideal para una clientela que [&#8230;]\n","protected":false},"featured_media":87820,"template":"","meta":[],"product_brand":[],"product_cat":[242,342],"product_tag":[],"class_list":{"0":"post-87819","1":"product","2":"type-product","3":"status-publish","4":"has-post-thumbnail","6":"product_cat-242","7":"product_cat-342","9":"first","10":"instock","11":"shipping-taxable","12":"product-type-simple"},"yoast_head":"<!-- This site is optimized with the Yoast SEO plugin v27.3 - https:\/\/yoast.com\/product\/yoast-seo-wordpress\/ -->\n<title>Lamp basile marbre terrazzo | mueble4you<\/title>\n<meta name=\"robots\" content=\"index, follow, max-snippet:-1, max-image-preview:large, max-video-preview:-1\" \/>\n<link rel=\"canonical\" href=\"https:\/\/mueble4you.com\/ru\/productos\/lamp-basile-marbre-terrazzo\/\" \/>\n<meta property=\"og:locale\" content=\"ru_RU\" \/>\n<meta property=\"og:type\" content=\"article\" \/>\n<meta property=\"og:title\" content=\"Lamp basile marbre terrazzo | mueble4you\" \/>\n<meta property=\"og:description\" content=\"La l\u00e1mpara de mesa Basile combina una pantalla y una base de m\u00e1rmol terrazzo con una estructura de metal dorado. Sus dimensiones compactas (20x20x36 cm) facilitan su integraci\u00f3n en diversos ambientes interiores. Producto de alta gama, enriquece los cat\u00e1logos con una pieza decorativa que mezcla materiales nobles y dise\u00f1o contempor\u00e1neo, ideal para una clientela que [...]\" \/>\n<meta property=\"og:url\" content=\"https:\/\/mueble4you.com\/ru\/productos\/lamp-basile-marbre-terrazzo\/\" \/>\n<meta property=\"og:site_name\" content=\"mueble4you\" \/>\n<meta name=\"twitter:card\" content=\"summary_large_image\" \/>\n<script type=\"application\/ld+json\" class=\"yoast-schema-graph\">{\"@context\":\"https:\\\/\\\/schema.org\",\"@graph\":[{\"@type\":\"WebPage\",\"@id\":\"https:\\\/\\\/mueble4you.com\\\/ru\\\/productos\\\/lamp-basile-marbre-terrazzo\\\/\",\"url\":\"https:\\\/\\\/mueble4you.com\\\/ru\\\/productos\\\/lamp-basile-marbre-terrazzo\\\/\",\"name\":\"Lamp basile marbre terrazzo | mueble4you\",\"isPartOf\":{\"@id\":\"https:\\\/\\\/mueble4you.com\\\/#website\"},\"primaryImageOfPage\":{\"@id\":\"https:\\\/\\\/mueble4you.com\\\/ru\\\/productos\\\/lamp-basile-marbre-terrazzo\\\/#primaryimage\"},\"image\":{\"@id\":\"https:\\\/\\\/mueble4you.com\\\/ru\\\/productos\\\/lamp-basile-marbre-terrazzo\\\/#primaryimage\"},\"thumbnailUrl\":\"https:\\\/\\\/mueble4you.com\\\/wp-content\\\/uploads\\\/2026\\\/01\\\/169864.jpg\",\"datePublished\":\"2026-01-16T11:37:39+00:00\",\"breadcrumb\":{\"@id\":\"https:\\\/\\\/mueble4you.com\\\/ru\\\/productos\\\/lamp-basile-marbre-terrazzo\\\/#breadcrumb\"},\"inLanguage\":\"ru-RU\",\"potentialAction\":[{\"@type\":\"ReadAction\",\"target\":[\"https:\\\/\\\/mueble4you.com\\\/ru\\\/productos\\\/lamp-basile-marbre-terrazzo\\\/\"]}]},{\"@type\":\"ImageObject\",\"inLanguage\":\"ru-RU\",\"@id\":\"https:\\\/\\\/mueble4you.com\\\/ru\\\/productos\\\/lamp-basile-marbre-terrazzo\\\/#primaryimage\",\"url\":\"https:\\\/\\\/mueble4you.com\\\/wp-content\\\/uploads\\\/2026\\\/01\\\/169864.jpg\",\"contentUrl\":\"https:\\\/\\\/mueble4you.com\\\/wp-content\\\/uploads\\\/2026\\\/01\\\/169864.jpg\",\"width\":2000,\"height\":2000},{\"@type\":\"BreadcrumbList\",\"@id\":\"https:\\\/\\\/mueble4you.com\\\/ru\\\/productos\\\/lamp-basile-marbre-terrazzo\\\/#breadcrumb\",\"itemListElement\":[{\"@type\":\"ListItem\",\"position\":1,\"name\":\"Portada\",\"item\":\"https:\\\/\\\/mueble4you.com\\\/ru\\\/\"},{\"@type\":\"ListItem\",\"position\":2,\"name\":\"Productos\",\"item\":\"https:\\\/\\\/mueble4you.com\\\/productos\\\/\"},{\"@type\":\"ListItem\",\"position\":3,\"name\":\"Lamp basile marbre terrazzo\"}]},{\"@type\":\"WebSite\",\"@id\":\"https:\\\/\\\/mueble4you.com\\\/#website\",\"url\":\"https:\\\/\\\/mueble4you.com\\\/\",\"name\":\"mueble4you\",\"description\":\"?????? ? ????????\",\"potentialAction\":[{\"@type\":\"SearchAction\",\"target\":{\"@type\":\"EntryPoint\",\"urlTemplate\":\"https:\\\/\\\/mueble4you.com\\\/?s={search_term_string}\"},\"query-input\":{\"@type\":\"PropertyValueSpecification\",\"valueRequired\":true,\"valueName\":\"search_term_string\"}}],\"inLanguage\":\"ru-RU\"}]}<\/script>\n<!-- \/ Yoast SEO plugin. -->","yoast_head_json":{"title":"Lamp basile marbre terrazzo | mueble4you","robots":{"index":"index","follow":"follow","max-snippet":"max-snippet:-1","max-image-preview":"max-image-preview:large","max-video-preview":"max-video-preview:-1"},"canonical":"https:\/\/mueble4you.com\/ru\/productos\/lamp-basile-marbre-terrazzo\/","og_locale":"ru_RU","og_type":"article","og_title":"Lamp basile marbre terrazzo | mueble4you","og_description":"La l\u00e1mpara de mesa Basile combina una pantalla y una base de m\u00e1rmol terrazzo con una estructura de metal dorado. Sus dimensiones compactas (20x20x36 cm) facilitan su integraci\u00f3n en diversos ambientes interiores. Producto de alta gama, enriquece los cat\u00e1logos con una pieza decorativa que mezcla materiales nobles y dise\u00f1o contempor\u00e1neo, ideal para una clientela que [...]","og_url":"https:\/\/mueble4you.com\/ru\/productos\/lamp-basile-marbre-terrazzo\/","og_site_name":"mueble4you","twitter_card":"summary_large_image","schema":{"@context":"https:\/\/schema.org","@graph":[{"@type":"WebPage","@id":"https:\/\/mueble4you.com\/ru\/productos\/lamp-basile-marbre-terrazzo\/","url":"https:\/\/mueble4you.com\/ru\/productos\/lamp-basile-marbre-terrazzo\/","name":"Lamp basile marbre terrazzo | mueble4you","isPartOf":{"@id":"https:\/\/mueble4you.com\/#website"},"primaryImageOfPage":{"@id":"https:\/\/mueble4you.com\/ru\/productos\/lamp-basile-marbre-terrazzo\/#primaryimage"},"image":{"@id":"https:\/\/mueble4you.com\/ru\/productos\/lamp-basile-marbre-terrazzo\/#primaryimage"},"thumbnailUrl":"https:\/\/mueble4you.com\/wp-content\/uploads\/2026\/01\/169864.jpg","datePublished":"2026-01-16T11:37:39+00:00","breadcrumb":{"@id":"https:\/\/mueble4you.com\/ru\/productos\/lamp-basile-marbre-terrazzo\/#breadcrumb"},"inLanguage":"ru-RU","potentialAction":[{"@type":"ReadAction","target":["https:\/\/mueble4you.com\/ru\/productos\/lamp-basile-marbre-terrazzo\/"]}]},{"@type":"ImageObject","inLanguage":"ru-RU","@id":"https:\/\/mueble4you.com\/ru\/productos\/lamp-basile-marbre-terrazzo\/#primaryimage","url":"https:\/\/mueble4you.com\/wp-content\/uploads\/2026\/01\/169864.jpg","contentUrl":"https:\/\/mueble4you.com\/wp-content\/uploads\/2026\/01\/169864.jpg","width":2000,"height":2000},{"@type":"BreadcrumbList","@id":"https:\/\/mueble4you.com\/ru\/productos\/lamp-basile-marbre-terrazzo\/#breadcrumb","itemListElement":[{"@type":"ListItem","position":1,"name":"Portada","item":"https:\/\/mueble4you.com\/ru\/"},{"@type":"ListItem","position":2,"name":"Productos","item":"https:\/\/mueble4you.com\/productos\/"},{"@type":"ListItem","position":3,"name":"Lamp basile marbre terrazzo"}]},{"@type":"WebSite","@id":"https:\/\/mueble4you.com\/#website","url":"https:\/\/mueble4you.com\/","name":"mueble4you","description":"?????? ? ????????","potentialAction":[{"@type":"SearchAction","target":{"@type":"EntryPoint","urlTemplate":"https:\/\/mueble4you.com\/?s={search_term_string}"},"query-input":{"@type":"PropertyValueSpecification","valueRequired":true,"valueName":"search_term_string"}}],"inLanguage":"ru-RU"}]}},"_links":{"self":[{"href":"https:\/\/mueble4you.com\/ru\/wp-json\/wp\/v2\/product\/87819","targetHints":{"allow":["GET"]}}],"collection":[{"href":"https:\/\/mueble4you.com\/ru\/wp-json\/wp\/v2\/product"}],"about":[{"href":"https:\/\/mueble4you.com\/ru\/wp-json\/wp\/v2\/types\/product"}],"wp:featuredmedia":[{"embeddable":true,"href":"https:\/\/mueble4you.com\/ru\/wp-json\/wp\/v2\/media\/87820"}],"wp:attachment":[{"href":"https:\/\/mueble4you.com\/ru\/wp-json\/wp\/v2\/media?parent=87819"}],"wp:term":[{"taxonomy":"product_brand","embeddable":true,"href":"https:\/\/mueble4you.com\/ru\/wp-json\/wp\/v2\/product_brand?post=87819"},{"taxonomy":"product_cat","embeddable":true,"href":"https:\/\/mueble4you.com\/ru\/wp-json\/wp\/v2\/product_cat?post=87819"},{"taxonomy":"product_tag","embeddable":true,"href":"https:\/\/mueble4you.com\/ru\/wp-json\/wp\/v2\/product_tag?post=87819"}],"curies":[{"name":"wp","href":"https:\/\/api.w.org\/{rel}","templated":true}]}}