{"id":87290,"date":"2026-01-12T15:43:13","date_gmt":"2026-01-12T15:43:13","guid":{"rendered":"https:\/\/mueble4you.com\/productos\/puf-nuage-gm-rouille\/"},"modified":"2026-01-12T15:43:13","modified_gmt":"2026-01-12T15:43:13","slug":"puf-nuage-gm-rouille","status":"publish","type":"product","link":"https:\/\/mueble4you.com\/ru\/productos\/puf-nuage-gm-rouille\/","title":{"rendered":"Puf nuage gm rouille"},"content":{"rendered":"<ul>\n<li>Puf &#8216;Nuage&#8217; gran formato (42x42x45 cm) , tapizado en tejido RAVEN_78 Natural Touch en color \u00f3xido.<\/li>\n<li>Estructura ligera y base corta sobre cuatro patas, ideal para enriquecer una gama de asientos decorativos contempor\u00e1neos.<\/li>\n<li>Producto fotog\u00e9nico, compacto y vers\u00e1til: apto para ventas de mobiliario y escenograf\u00edas en tienda.<\/li>\n<\/ul>\n","protected":false},"excerpt":{"rendered":"<p>Puf &#8216;Nuage&#8217; gran formato (42x42x45 cm) , tapizado en tejido RAVEN_78 Natural Touch en color \u00f3xido. Estructura ligera y base corta sobre cuatro patas, ideal para enriquecer una gama de asientos decorativos contempor\u00e1neos. Producto fotog\u00e9nico, compacto y vers\u00e1til: apto para ventas de mobiliario y escenograf\u00edas en tienda.<\/p>\n","protected":false},"featured_media":87291,"template":"","meta":[],"product_brand":[],"product_cat":[208,491,366,211],"product_tag":[],"class_list":{"0":"post-87290","1":"product","2":"type-product","3":"status-publish","4":"has-post-thumbnail","6":"product_cat-208","7":"product_cat-491","8":"product_cat-366","9":"product_cat-211","11":"first","12":"instock","13":"shipping-taxable","14":"product-type-simple"},"yoast_head":"<!-- This site is optimized with the Yoast SEO plugin v27.2 - https:\/\/yoast.com\/product\/yoast-seo-wordpress\/ -->\n<title>Puf nuage gm rouille | mueble4you<\/title>\n<meta name=\"robots\" content=\"index, follow, max-snippet:-1, max-image-preview:large, max-video-preview:-1\" \/>\n<link rel=\"canonical\" href=\"https:\/\/mueble4you.com\/ru\/productos\/puf-nuage-gm-rouille\/\" \/>\n<meta property=\"og:locale\" content=\"ru_RU\" \/>\n<meta property=\"og:type\" content=\"article\" \/>\n<meta property=\"og:title\" content=\"Puf nuage gm rouille | mueble4you\" \/>\n<meta property=\"og:description\" content=\"Puf &#8216;Nuage&#8217; gran formato (42x42x45 cm) , tapizado en tejido RAVEN_78 Natural Touch en color \u00f3xido. Estructura ligera y base corta sobre cuatro patas, ideal para enriquecer una gama de asientos decorativos contempor\u00e1neos. Producto fotog\u00e9nico, compacto y vers\u00e1til: apto para ventas de mobiliario y escenograf\u00edas en tienda.\" \/>\n<meta property=\"og:url\" content=\"https:\/\/mueble4you.com\/ru\/productos\/puf-nuage-gm-rouille\/\" \/>\n<meta property=\"og:site_name\" content=\"mueble4you\" \/>\n<meta name=\"twitter:card\" content=\"summary_large_image\" \/>\n<script type=\"application\/ld+json\" class=\"yoast-schema-graph\">{\"@context\":\"https:\/\/schema.org\",\"@graph\":[{\"@type\":\"WebPage\",\"@id\":\"https:\/\/mueble4you.com\/ru\/productos\/puf-nuage-gm-rouille\/\",\"url\":\"https:\/\/mueble4you.com\/ru\/productos\/puf-nuage-gm-rouille\/\",\"name\":\"Puf nuage gm rouille | mueble4you\",\"isPartOf\":{\"@id\":\"https:\/\/mueble4you.com\/#website\"},\"primaryImageOfPage\":{\"@id\":\"https:\/\/mueble4you.com\/ru\/productos\/puf-nuage-gm-rouille\/#primaryimage\"},\"image\":{\"@id\":\"https:\/\/mueble4you.com\/ru\/productos\/puf-nuage-gm-rouille\/#primaryimage\"},\"thumbnailUrl\":\"https:\/\/mueble4you.com\/wp-content\/uploads\/2026\/01\/169474.jpg\",\"datePublished\":\"2026-01-12T15:43:13+00:00\",\"breadcrumb\":{\"@id\":\"https:\/\/mueble4you.com\/ru\/productos\/puf-nuage-gm-rouille\/#breadcrumb\"},\"inLanguage\":\"ru-RU\",\"potentialAction\":[{\"@type\":\"ReadAction\",\"target\":[\"https:\/\/mueble4you.com\/ru\/productos\/puf-nuage-gm-rouille\/\"]}]},{\"@type\":\"ImageObject\",\"inLanguage\":\"ru-RU\",\"@id\":\"https:\/\/mueble4you.com\/ru\/productos\/puf-nuage-gm-rouille\/#primaryimage\",\"url\":\"https:\/\/mueble4you.com\/wp-content\/uploads\/2026\/01\/169474.jpg\",\"contentUrl\":\"https:\/\/mueble4you.com\/wp-content\/uploads\/2026\/01\/169474.jpg\",\"width\":2000,\"height\":2000},{\"@type\":\"BreadcrumbList\",\"@id\":\"https:\/\/mueble4you.com\/ru\/productos\/puf-nuage-gm-rouille\/#breadcrumb\",\"itemListElement\":[{\"@type\":\"ListItem\",\"position\":1,\"name\":\"Portada\",\"item\":\"https:\/\/mueble4you.com\/ru\/\"},{\"@type\":\"ListItem\",\"position\":2,\"name\":\"Productos\",\"item\":\"https:\/\/mueble4you.com\/productos\/\"},{\"@type\":\"ListItem\",\"position\":3,\"name\":\"Puf nuage gm rouille\"}]},{\"@type\":\"WebSite\",\"@id\":\"https:\/\/mueble4you.com\/#website\",\"url\":\"https:\/\/mueble4you.com\/\",\"name\":\"mueble4you\",\"description\":\"?????? ? ????????\",\"potentialAction\":[{\"@type\":\"SearchAction\",\"target\":{\"@type\":\"EntryPoint\",\"urlTemplate\":\"https:\/\/mueble4you.com\/?s={search_term_string}\"},\"query-input\":{\"@type\":\"PropertyValueSpecification\",\"valueRequired\":true,\"valueName\":\"search_term_string\"}}],\"inLanguage\":\"ru-RU\"}]}<\/script>\n<!-- \/ Yoast SEO plugin. -->","yoast_head_json":{"title":"Puf nuage gm rouille | mueble4you","robots":{"index":"index","follow":"follow","max-snippet":"max-snippet:-1","max-image-preview":"max-image-preview:large","max-video-preview":"max-video-preview:-1"},"canonical":"https:\/\/mueble4you.com\/ru\/productos\/puf-nuage-gm-rouille\/","og_locale":"ru_RU","og_type":"article","og_title":"Puf nuage gm rouille | mueble4you","og_description":"Puf &#8216;Nuage&#8217; gran formato (42x42x45 cm) , tapizado en tejido RAVEN_78 Natural Touch en color \u00f3xido. Estructura ligera y base corta sobre cuatro patas, ideal para enriquecer una gama de asientos decorativos contempor\u00e1neos. Producto fotog\u00e9nico, compacto y vers\u00e1til: apto para ventas de mobiliario y escenograf\u00edas en tienda.","og_url":"https:\/\/mueble4you.com\/ru\/productos\/puf-nuage-gm-rouille\/","og_site_name":"mueble4you","twitter_card":"summary_large_image","schema":{"@context":"https:\/\/schema.org","@graph":[{"@type":"WebPage","@id":"https:\/\/mueble4you.com\/ru\/productos\/puf-nuage-gm-rouille\/","url":"https:\/\/mueble4you.com\/ru\/productos\/puf-nuage-gm-rouille\/","name":"Puf nuage gm rouille | mueble4you","isPartOf":{"@id":"https:\/\/mueble4you.com\/#website"},"primaryImageOfPage":{"@id":"https:\/\/mueble4you.com\/ru\/productos\/puf-nuage-gm-rouille\/#primaryimage"},"image":{"@id":"https:\/\/mueble4you.com\/ru\/productos\/puf-nuage-gm-rouille\/#primaryimage"},"thumbnailUrl":"https:\/\/mueble4you.com\/wp-content\/uploads\/2026\/01\/169474.jpg","datePublished":"2026-01-12T15:43:13+00:00","breadcrumb":{"@id":"https:\/\/mueble4you.com\/ru\/productos\/puf-nuage-gm-rouille\/#breadcrumb"},"inLanguage":"ru-RU","potentialAction":[{"@type":"ReadAction","target":["https:\/\/mueble4you.com\/ru\/productos\/puf-nuage-gm-rouille\/"]}]},{"@type":"ImageObject","inLanguage":"ru-RU","@id":"https:\/\/mueble4you.com\/ru\/productos\/puf-nuage-gm-rouille\/#primaryimage","url":"https:\/\/mueble4you.com\/wp-content\/uploads\/2026\/01\/169474.jpg","contentUrl":"https:\/\/mueble4you.com\/wp-content\/uploads\/2026\/01\/169474.jpg","width":2000,"height":2000},{"@type":"BreadcrumbList","@id":"https:\/\/mueble4you.com\/ru\/productos\/puf-nuage-gm-rouille\/#breadcrumb","itemListElement":[{"@type":"ListItem","position":1,"name":"Portada","item":"https:\/\/mueble4you.com\/ru\/"},{"@type":"ListItem","position":2,"name":"Productos","item":"https:\/\/mueble4you.com\/productos\/"},{"@type":"ListItem","position":3,"name":"Puf nuage gm rouille"}]},{"@type":"WebSite","@id":"https:\/\/mueble4you.com\/#website","url":"https:\/\/mueble4you.com\/","name":"mueble4you","description":"?????? ? ????????","potentialAction":[{"@type":"SearchAction","target":{"@type":"EntryPoint","urlTemplate":"https:\/\/mueble4you.com\/?s={search_term_string}"},"query-input":{"@type":"PropertyValueSpecification","valueRequired":true,"valueName":"search_term_string"}}],"inLanguage":"ru-RU"}]}},"_links":{"self":[{"href":"https:\/\/mueble4you.com\/ru\/wp-json\/wp\/v2\/product\/87290","targetHints":{"allow":["GET"]}}],"collection":[{"href":"https:\/\/mueble4you.com\/ru\/wp-json\/wp\/v2\/product"}],"about":[{"href":"https:\/\/mueble4you.com\/ru\/wp-json\/wp\/v2\/types\/product"}],"wp:featuredmedia":[{"embeddable":true,"href":"https:\/\/mueble4you.com\/ru\/wp-json\/wp\/v2\/media\/87291"}],"wp:attachment":[{"href":"https:\/\/mueble4you.com\/ru\/wp-json\/wp\/v2\/media?parent=87290"}],"wp:term":[{"taxonomy":"product_brand","embeddable":true,"href":"https:\/\/mueble4you.com\/ru\/wp-json\/wp\/v2\/product_brand?post=87290"},{"taxonomy":"product_cat","embeddable":true,"href":"https:\/\/mueble4you.com\/ru\/wp-json\/wp\/v2\/product_cat?post=87290"},{"taxonomy":"product_tag","embeddable":true,"href":"https:\/\/mueble4you.com\/ru\/wp-json\/wp\/v2\/product_tag?post=87290"}],"curies":[{"name":"wp","href":"https:\/\/api.w.org\/{rel}","templated":true}]}}