{"id":87188,"date":"2026-01-12T13:22:55","date_gmt":"2026-01-12T13:22:55","guid":{"rendered":"https:\/\/mueble4you.com\/productos\/mesa-baja-rod-travertin\/"},"modified":"2026-01-12T13:27:15","modified_gmt":"2026-01-12T13:27:15","slug":"mesa-baja-rod-travertin","status":"publish","type":"product","link":"https:\/\/mueble4you.com\/ru\/productos\/mesa-baja-rod-travertin\/","title":{"rendered":"Mesa baja rod travertin"},"content":{"rendered":"<ul>\n<li>Mesa de caf\u00e9 redonda con un dise\u00f1o minimalista,\u00a0 con tapa de MDF con acabado de papel efecto travertino.<\/li>\n<li>Dimensiones compactas (60x60x36 cm) ideales para optimizar espacios peque\u00f1os.<\/li>\n<li>Su apariencia de piedra natural aporta un toque elegante y contempor\u00e1neo a cualquier colecci\u00f3n de muebles.<\/li>\n<li>Producto ligero y f\u00e1cil de integrar en una oferta de mesas de caf\u00e9 modernas y de tendencia.<\/li>\n<\/ul>\n","protected":false},"excerpt":{"rendered":"<p>Mesa de caf\u00e9 redonda con un dise\u00f1o minimalista,\u00a0 con tapa de MDF con acabado de papel efecto travertino. Dimensiones compactas (60x60x36 cm) ideales para optimizar espacios peque\u00f1os. Su apariencia de piedra natural aporta un toque elegante y contempor\u00e1neo a cualquier colecci\u00f3n de muebles. Producto ligero y f\u00e1cil de integrar en una oferta de mesas de [&#8230;]\n","protected":false},"featured_media":87189,"template":"","meta":[],"product_brand":[],"product_cat":[357,208],"product_tag":[],"class_list":{"0":"post-87188","1":"product","2":"type-product","3":"status-publish","4":"has-post-thumbnail","6":"product_cat-357","7":"product_cat-208","9":"first","10":"instock","11":"shipping-taxable","12":"product-type-simple"},"yoast_head":"<!-- This site is optimized with the Yoast SEO plugin v27.2 - https:\/\/yoast.com\/product\/yoast-seo-wordpress\/ -->\n<title>Mesa baja rod travertin | mueble4you<\/title>\n<meta name=\"robots\" content=\"index, follow, max-snippet:-1, max-image-preview:large, max-video-preview:-1\" \/>\n<link rel=\"canonical\" href=\"https:\/\/mueble4you.com\/ru\/productos\/mesa-baja-rod-travertin\/\" \/>\n<meta property=\"og:locale\" content=\"ru_RU\" \/>\n<meta property=\"og:type\" content=\"article\" \/>\n<meta property=\"og:title\" content=\"Mesa baja rod travertin | mueble4you\" \/>\n<meta property=\"og:description\" content=\"Mesa de caf\u00e9 redonda con un dise\u00f1o minimalista,\u00a0 con tapa de MDF con acabado de papel efecto travertino. Dimensiones compactas (60x60x36 cm) ideales para optimizar espacios peque\u00f1os. Su apariencia de piedra natural aporta un toque elegante y contempor\u00e1neo a cualquier colecci\u00f3n de muebles. Producto ligero y f\u00e1cil de integrar en una oferta de mesas de [...]\" \/>\n<meta property=\"og:url\" content=\"https:\/\/mueble4you.com\/ru\/productos\/mesa-baja-rod-travertin\/\" \/>\n<meta property=\"og:site_name\" content=\"mueble4you\" \/>\n<meta property=\"article:modified_time\" content=\"2026-01-12T13:27:15+00:00\" \/>\n<meta property=\"og:image\" content=\"https:\/\/mueble4you.com\/wp-content\/uploads\/2026\/01\/168573.jpg\" \/>\n\t<meta property=\"og:image:width\" content=\"2000\" \/>\n\t<meta property=\"og:image:height\" content=\"2000\" \/>\n\t<meta property=\"og:image:type\" content=\"image\/jpeg\" \/>\n<meta name=\"twitter:card\" content=\"summary_large_image\" \/>\n<script type=\"application\/ld+json\" class=\"yoast-schema-graph\">{\"@context\":\"https:\/\/schema.org\",\"@graph\":[{\"@type\":\"WebPage\",\"@id\":\"https:\/\/mueble4you.com\/ru\/productos\/mesa-baja-rod-travertin\/\",\"url\":\"https:\/\/mueble4you.com\/ru\/productos\/mesa-baja-rod-travertin\/\",\"name\":\"Mesa baja rod travertin | mueble4you\",\"isPartOf\":{\"@id\":\"https:\/\/mueble4you.com\/#website\"},\"primaryImageOfPage\":{\"@id\":\"https:\/\/mueble4you.com\/ru\/productos\/mesa-baja-rod-travertin\/#primaryimage\"},\"image\":{\"@id\":\"https:\/\/mueble4you.com\/ru\/productos\/mesa-baja-rod-travertin\/#primaryimage\"},\"thumbnailUrl\":\"https:\/\/mueble4you.com\/wp-content\/uploads\/2026\/01\/168573.jpg\",\"datePublished\":\"2026-01-12T13:22:55+00:00\",\"dateModified\":\"2026-01-12T13:27:15+00:00\",\"breadcrumb\":{\"@id\":\"https:\/\/mueble4you.com\/ru\/productos\/mesa-baja-rod-travertin\/#breadcrumb\"},\"inLanguage\":\"ru-RU\",\"potentialAction\":[{\"@type\":\"ReadAction\",\"target\":[\"https:\/\/mueble4you.com\/ru\/productos\/mesa-baja-rod-travertin\/\"]}]},{\"@type\":\"ImageObject\",\"inLanguage\":\"ru-RU\",\"@id\":\"https:\/\/mueble4you.com\/ru\/productos\/mesa-baja-rod-travertin\/#primaryimage\",\"url\":\"https:\/\/mueble4you.com\/wp-content\/uploads\/2026\/01\/168573.jpg\",\"contentUrl\":\"https:\/\/mueble4you.com\/wp-content\/uploads\/2026\/01\/168573.jpg\",\"width\":2000,\"height\":2000},{\"@type\":\"BreadcrumbList\",\"@id\":\"https:\/\/mueble4you.com\/ru\/productos\/mesa-baja-rod-travertin\/#breadcrumb\",\"itemListElement\":[{\"@type\":\"ListItem\",\"position\":1,\"name\":\"Portada\",\"item\":\"https:\/\/mueble4you.com\/ru\/\"},{\"@type\":\"ListItem\",\"position\":2,\"name\":\"Productos\",\"item\":\"https:\/\/mueble4you.com\/productos\/\"},{\"@type\":\"ListItem\",\"position\":3,\"name\":\"Mesa baja rod travertin\"}]},{\"@type\":\"WebSite\",\"@id\":\"https:\/\/mueble4you.com\/#website\",\"url\":\"https:\/\/mueble4you.com\/\",\"name\":\"mueble4you\",\"description\":\"?????? ? ????????\",\"potentialAction\":[{\"@type\":\"SearchAction\",\"target\":{\"@type\":\"EntryPoint\",\"urlTemplate\":\"https:\/\/mueble4you.com\/?s={search_term_string}\"},\"query-input\":{\"@type\":\"PropertyValueSpecification\",\"valueRequired\":true,\"valueName\":\"search_term_string\"}}],\"inLanguage\":\"ru-RU\"}]}<\/script>\n<!-- \/ Yoast SEO plugin. -->","yoast_head_json":{"title":"Mesa baja rod travertin | mueble4you","robots":{"index":"index","follow":"follow","max-snippet":"max-snippet:-1","max-image-preview":"max-image-preview:large","max-video-preview":"max-video-preview:-1"},"canonical":"https:\/\/mueble4you.com\/ru\/productos\/mesa-baja-rod-travertin\/","og_locale":"ru_RU","og_type":"article","og_title":"Mesa baja rod travertin | mueble4you","og_description":"Mesa de caf\u00e9 redonda con un dise\u00f1o minimalista,\u00a0 con tapa de MDF con acabado de papel efecto travertino. Dimensiones compactas (60x60x36 cm) ideales para optimizar espacios peque\u00f1os. Su apariencia de piedra natural aporta un toque elegante y contempor\u00e1neo a cualquier colecci\u00f3n de muebles. Producto ligero y f\u00e1cil de integrar en una oferta de mesas de [...]","og_url":"https:\/\/mueble4you.com\/ru\/productos\/mesa-baja-rod-travertin\/","og_site_name":"mueble4you","article_modified_time":"2026-01-12T13:27:15+00:00","og_image":[{"width":2000,"height":2000,"url":"https:\/\/mueble4you.com\/wp-content\/uploads\/2026\/01\/168573.jpg","type":"image\/jpeg"}],"twitter_card":"summary_large_image","schema":{"@context":"https:\/\/schema.org","@graph":[{"@type":"WebPage","@id":"https:\/\/mueble4you.com\/ru\/productos\/mesa-baja-rod-travertin\/","url":"https:\/\/mueble4you.com\/ru\/productos\/mesa-baja-rod-travertin\/","name":"Mesa baja rod travertin | mueble4you","isPartOf":{"@id":"https:\/\/mueble4you.com\/#website"},"primaryImageOfPage":{"@id":"https:\/\/mueble4you.com\/ru\/productos\/mesa-baja-rod-travertin\/#primaryimage"},"image":{"@id":"https:\/\/mueble4you.com\/ru\/productos\/mesa-baja-rod-travertin\/#primaryimage"},"thumbnailUrl":"https:\/\/mueble4you.com\/wp-content\/uploads\/2026\/01\/168573.jpg","datePublished":"2026-01-12T13:22:55+00:00","dateModified":"2026-01-12T13:27:15+00:00","breadcrumb":{"@id":"https:\/\/mueble4you.com\/ru\/productos\/mesa-baja-rod-travertin\/#breadcrumb"},"inLanguage":"ru-RU","potentialAction":[{"@type":"ReadAction","target":["https:\/\/mueble4you.com\/ru\/productos\/mesa-baja-rod-travertin\/"]}]},{"@type":"ImageObject","inLanguage":"ru-RU","@id":"https:\/\/mueble4you.com\/ru\/productos\/mesa-baja-rod-travertin\/#primaryimage","url":"https:\/\/mueble4you.com\/wp-content\/uploads\/2026\/01\/168573.jpg","contentUrl":"https:\/\/mueble4you.com\/wp-content\/uploads\/2026\/01\/168573.jpg","width":2000,"height":2000},{"@type":"BreadcrumbList","@id":"https:\/\/mueble4you.com\/ru\/productos\/mesa-baja-rod-travertin\/#breadcrumb","itemListElement":[{"@type":"ListItem","position":1,"name":"Portada","item":"https:\/\/mueble4you.com\/ru\/"},{"@type":"ListItem","position":2,"name":"Productos","item":"https:\/\/mueble4you.com\/productos\/"},{"@type":"ListItem","position":3,"name":"Mesa baja rod travertin"}]},{"@type":"WebSite","@id":"https:\/\/mueble4you.com\/#website","url":"https:\/\/mueble4you.com\/","name":"mueble4you","description":"?????? ? ????????","potentialAction":[{"@type":"SearchAction","target":{"@type":"EntryPoint","urlTemplate":"https:\/\/mueble4you.com\/?s={search_term_string}"},"query-input":{"@type":"PropertyValueSpecification","valueRequired":true,"valueName":"search_term_string"}}],"inLanguage":"ru-RU"}]}},"_links":{"self":[{"href":"https:\/\/mueble4you.com\/ru\/wp-json\/wp\/v2\/product\/87188","targetHints":{"allow":["GET"]}}],"collection":[{"href":"https:\/\/mueble4you.com\/ru\/wp-json\/wp\/v2\/product"}],"about":[{"href":"https:\/\/mueble4you.com\/ru\/wp-json\/wp\/v2\/types\/product"}],"wp:featuredmedia":[{"embeddable":true,"href":"https:\/\/mueble4you.com\/ru\/wp-json\/wp\/v2\/media\/87189"}],"wp:attachment":[{"href":"https:\/\/mueble4you.com\/ru\/wp-json\/wp\/v2\/media?parent=87188"}],"wp:term":[{"taxonomy":"product_brand","embeddable":true,"href":"https:\/\/mueble4you.com\/ru\/wp-json\/wp\/v2\/product_brand?post=87188"},{"taxonomy":"product_cat","embeddable":true,"href":"https:\/\/mueble4you.com\/ru\/wp-json\/wp\/v2\/product_cat?post=87188"},{"taxonomy":"product_tag","embeddable":true,"href":"https:\/\/mueble4you.com\/ru\/wp-json\/wp\/v2\/product_tag?post=87188"}],"curies":[{"name":"wp","href":"https:\/\/api.w.org\/{rel}","templated":true}]}}