{"id":84291,"date":"2025-08-21T14:45:51","date_gmt":"2025-08-21T14:45:51","guid":{"rendered":"https:\/\/mueble4you.com\/productos\/mesa-de-centro-120cm-azul-envejecido\/"},"modified":"2025-08-21T14:45:51","modified_gmt":"2025-08-21T14:45:51","slug":"mesa-de-centro-120cm-azul-envejecido","status":"publish","type":"product","link":"https:\/\/mueble4you.com\/ru\/productos\/mesa-de-centro-120cm-azul-envejecido\/","title":{"rendered":"MESA DE CENTRO 120CM AZUL ENVEJECIDO"},"content":{"rendered":"<p>Mesa de centro rectangular fabricada en s\u00f3lida madera de mango, con un acabado en blanco lavado. Las patas, torneadas con delicadeza, presentan detalles tallados a mano que acent\u00faan su estilo artesanal, los bastidores muestran una fina talla con motivos florales, aportando un toque de sofisticaci\u00f3n y detalle ornamental. El fondo de las tallas est\u00e1 pintado en un tono azul profundo, lo que crea un contraste con el blanco lavado de la madera.<\/p>\n<p>\u25cf Alto: 48cm.<\/p>\n<p>\u25cf Largo: 120cm.<\/p>\n<p>\u25cf Ancho: 75cm.<\/p>\n<p>\u25cf Material: Madera de mango.<\/p>\n<p>\u25cf Color: Blanco-azul<\/p>\n","protected":false},"excerpt":{"rendered":"<p>Mesa de centro rectangular fabricada en s\u00f3lida madera de mango, con un acabado en blanco lavado. Las patas, torneadas con delicadeza, presentan detalles tallados a mano que acent\u00faan su estilo artesanal, los bastidores muestran una fina talla con motivos florales, aportando un toque de sofisticaci\u00f3n y detalle ornamental. El fondo de las tallas est\u00e1 pintado [&#8230;]\n","protected":false},"featured_media":84272,"template":"","meta":[],"product_brand":[],"product_cat":[357,208],"product_tag":[],"class_list":{"0":"post-84291","1":"product","2":"type-product","3":"status-publish","4":"has-post-thumbnail","6":"product_cat-357","7":"product_cat-208","9":"first","10":"instock","11":"shipping-taxable","12":"product-type-simple"},"yoast_head":"<!-- This site is optimized with the Yoast SEO plugin v27.2 - https:\/\/yoast.com\/product\/yoast-seo-wordpress\/ -->\n<title>MESA DE CENTRO 120CM AZUL ENVEJECIDO | mueble4you<\/title>\n<meta name=\"robots\" content=\"index, follow, max-snippet:-1, max-image-preview:large, max-video-preview:-1\" \/>\n<link rel=\"canonical\" href=\"https:\/\/mueble4you.com\/ru\/productos\/mesa-de-centro-120cm-azul-envejecido\/\" \/>\n<meta property=\"og:locale\" content=\"ru_RU\" \/>\n<meta property=\"og:type\" content=\"article\" \/>\n<meta property=\"og:title\" content=\"MESA DE CENTRO 120CM AZUL ENVEJECIDO | mueble4you\" \/>\n<meta property=\"og:description\" content=\"Mesa de centro rectangular fabricada en s\u00f3lida madera de mango, con un acabado en blanco lavado. Las patas, torneadas con delicadeza, presentan detalles tallados a mano que acent\u00faan su estilo artesanal, los bastidores muestran una fina talla con motivos florales, aportando un toque de sofisticaci\u00f3n y detalle ornamental. El fondo de las tallas est\u00e1 pintado [...]\" \/>\n<meta property=\"og:url\" content=\"https:\/\/mueble4you.com\/ru\/productos\/mesa-de-centro-120cm-azul-envejecido\/\" \/>\n<meta property=\"og:site_name\" content=\"mueble4you\" \/>\n<meta property=\"og:image\" content=\"https:\/\/mueble4you.com\/wp-content\/uploads\/2025\/08\/2129_3-Copy.jpg\" \/>\n\t<meta property=\"og:image:width\" content=\"1024\" \/>\n\t<meta property=\"og:image:height\" content=\"533\" \/>\n\t<meta property=\"og:image:type\" content=\"image\/jpeg\" \/>\n<meta name=\"twitter:card\" content=\"summary_large_image\" \/>\n<script type=\"application\/ld+json\" class=\"yoast-schema-graph\">{\"@context\":\"https:\/\/schema.org\",\"@graph\":[{\"@type\":\"WebPage\",\"@id\":\"https:\/\/mueble4you.com\/ru\/productos\/mesa-de-centro-120cm-azul-envejecido\/\",\"url\":\"https:\/\/mueble4you.com\/ru\/productos\/mesa-de-centro-120cm-azul-envejecido\/\",\"name\":\"MESA DE CENTRO 120CM AZUL ENVEJECIDO | mueble4you\",\"isPartOf\":{\"@id\":\"https:\/\/mueble4you.com\/#website\"},\"primaryImageOfPage\":{\"@id\":\"https:\/\/mueble4you.com\/ru\/productos\/mesa-de-centro-120cm-azul-envejecido\/#primaryimage\"},\"image\":{\"@id\":\"https:\/\/mueble4you.com\/ru\/productos\/mesa-de-centro-120cm-azul-envejecido\/#primaryimage\"},\"thumbnailUrl\":\"https:\/\/mueble4you.com\/wp-content\/uploads\/2025\/08\/2129_3-Copy.jpg\",\"datePublished\":\"2025-08-21T14:45:51+00:00\",\"breadcrumb\":{\"@id\":\"https:\/\/mueble4you.com\/ru\/productos\/mesa-de-centro-120cm-azul-envejecido\/#breadcrumb\"},\"inLanguage\":\"ru-RU\",\"potentialAction\":[{\"@type\":\"ReadAction\",\"target\":[\"https:\/\/mueble4you.com\/ru\/productos\/mesa-de-centro-120cm-azul-envejecido\/\"]}]},{\"@type\":\"ImageObject\",\"inLanguage\":\"ru-RU\",\"@id\":\"https:\/\/mueble4you.com\/ru\/productos\/mesa-de-centro-120cm-azul-envejecido\/#primaryimage\",\"url\":\"https:\/\/mueble4you.com\/wp-content\/uploads\/2025\/08\/2129_3-Copy.jpg\",\"contentUrl\":\"https:\/\/mueble4you.com\/wp-content\/uploads\/2025\/08\/2129_3-Copy.jpg\",\"width\":1024,\"height\":533},{\"@type\":\"BreadcrumbList\",\"@id\":\"https:\/\/mueble4you.com\/ru\/productos\/mesa-de-centro-120cm-azul-envejecido\/#breadcrumb\",\"itemListElement\":[{\"@type\":\"ListItem\",\"position\":1,\"name\":\"Portada\",\"item\":\"https:\/\/mueble4you.com\/ru\/\"},{\"@type\":\"ListItem\",\"position\":2,\"name\":\"Productos\",\"item\":\"https:\/\/mueble4you.com\/productos\/\"},{\"@type\":\"ListItem\",\"position\":3,\"name\":\"MESA DE CENTRO 120CM AZUL ENVEJECIDO\"}]},{\"@type\":\"WebSite\",\"@id\":\"https:\/\/mueble4you.com\/#website\",\"url\":\"https:\/\/mueble4you.com\/\",\"name\":\"mueble4you\",\"description\":\"?????? ? ????????\",\"potentialAction\":[{\"@type\":\"SearchAction\",\"target\":{\"@type\":\"EntryPoint\",\"urlTemplate\":\"https:\/\/mueble4you.com\/?s={search_term_string}\"},\"query-input\":{\"@type\":\"PropertyValueSpecification\",\"valueRequired\":true,\"valueName\":\"search_term_string\"}}],\"inLanguage\":\"ru-RU\"}]}<\/script>\n<!-- \/ Yoast SEO plugin. -->","yoast_head_json":{"title":"MESA DE CENTRO 120CM AZUL ENVEJECIDO | mueble4you","robots":{"index":"index","follow":"follow","max-snippet":"max-snippet:-1","max-image-preview":"max-image-preview:large","max-video-preview":"max-video-preview:-1"},"canonical":"https:\/\/mueble4you.com\/ru\/productos\/mesa-de-centro-120cm-azul-envejecido\/","og_locale":"ru_RU","og_type":"article","og_title":"MESA DE CENTRO 120CM AZUL ENVEJECIDO | mueble4you","og_description":"Mesa de centro rectangular fabricada en s\u00f3lida madera de mango, con un acabado en blanco lavado. Las patas, torneadas con delicadeza, presentan detalles tallados a mano que acent\u00faan su estilo artesanal, los bastidores muestran una fina talla con motivos florales, aportando un toque de sofisticaci\u00f3n y detalle ornamental. El fondo de las tallas est\u00e1 pintado [...]","og_url":"https:\/\/mueble4you.com\/ru\/productos\/mesa-de-centro-120cm-azul-envejecido\/","og_site_name":"mueble4you","og_image":[{"width":1024,"height":533,"url":"https:\/\/mueble4you.com\/wp-content\/uploads\/2025\/08\/2129_3-Copy.jpg","type":"image\/jpeg"}],"twitter_card":"summary_large_image","schema":{"@context":"https:\/\/schema.org","@graph":[{"@type":"WebPage","@id":"https:\/\/mueble4you.com\/ru\/productos\/mesa-de-centro-120cm-azul-envejecido\/","url":"https:\/\/mueble4you.com\/ru\/productos\/mesa-de-centro-120cm-azul-envejecido\/","name":"MESA DE CENTRO 120CM AZUL ENVEJECIDO | mueble4you","isPartOf":{"@id":"https:\/\/mueble4you.com\/#website"},"primaryImageOfPage":{"@id":"https:\/\/mueble4you.com\/ru\/productos\/mesa-de-centro-120cm-azul-envejecido\/#primaryimage"},"image":{"@id":"https:\/\/mueble4you.com\/ru\/productos\/mesa-de-centro-120cm-azul-envejecido\/#primaryimage"},"thumbnailUrl":"https:\/\/mueble4you.com\/wp-content\/uploads\/2025\/08\/2129_3-Copy.jpg","datePublished":"2025-08-21T14:45:51+00:00","breadcrumb":{"@id":"https:\/\/mueble4you.com\/ru\/productos\/mesa-de-centro-120cm-azul-envejecido\/#breadcrumb"},"inLanguage":"ru-RU","potentialAction":[{"@type":"ReadAction","target":["https:\/\/mueble4you.com\/ru\/productos\/mesa-de-centro-120cm-azul-envejecido\/"]}]},{"@type":"ImageObject","inLanguage":"ru-RU","@id":"https:\/\/mueble4you.com\/ru\/productos\/mesa-de-centro-120cm-azul-envejecido\/#primaryimage","url":"https:\/\/mueble4you.com\/wp-content\/uploads\/2025\/08\/2129_3-Copy.jpg","contentUrl":"https:\/\/mueble4you.com\/wp-content\/uploads\/2025\/08\/2129_3-Copy.jpg","width":1024,"height":533},{"@type":"BreadcrumbList","@id":"https:\/\/mueble4you.com\/ru\/productos\/mesa-de-centro-120cm-azul-envejecido\/#breadcrumb","itemListElement":[{"@type":"ListItem","position":1,"name":"Portada","item":"https:\/\/mueble4you.com\/ru\/"},{"@type":"ListItem","position":2,"name":"Productos","item":"https:\/\/mueble4you.com\/productos\/"},{"@type":"ListItem","position":3,"name":"MESA DE CENTRO 120CM AZUL ENVEJECIDO"}]},{"@type":"WebSite","@id":"https:\/\/mueble4you.com\/#website","url":"https:\/\/mueble4you.com\/","name":"mueble4you","description":"?????? ? ????????","potentialAction":[{"@type":"SearchAction","target":{"@type":"EntryPoint","urlTemplate":"https:\/\/mueble4you.com\/?s={search_term_string}"},"query-input":{"@type":"PropertyValueSpecification","valueRequired":true,"valueName":"search_term_string"}}],"inLanguage":"ru-RU"}]}},"_links":{"self":[{"href":"https:\/\/mueble4you.com\/ru\/wp-json\/wp\/v2\/product\/84291","targetHints":{"allow":["GET"]}}],"collection":[{"href":"https:\/\/mueble4you.com\/ru\/wp-json\/wp\/v2\/product"}],"about":[{"href":"https:\/\/mueble4you.com\/ru\/wp-json\/wp\/v2\/types\/product"}],"wp:featuredmedia":[{"embeddable":true,"href":"https:\/\/mueble4you.com\/ru\/wp-json\/wp\/v2\/media\/84272"}],"wp:attachment":[{"href":"https:\/\/mueble4you.com\/ru\/wp-json\/wp\/v2\/media?parent=84291"}],"wp:term":[{"taxonomy":"product_brand","embeddable":true,"href":"https:\/\/mueble4you.com\/ru\/wp-json\/wp\/v2\/product_brand?post=84291"},{"taxonomy":"product_cat","embeddable":true,"href":"https:\/\/mueble4you.com\/ru\/wp-json\/wp\/v2\/product_cat?post=84291"},{"taxonomy":"product_tag","embeddable":true,"href":"https:\/\/mueble4you.com\/ru\/wp-json\/wp\/v2\/product_tag?post=84291"}],"curies":[{"name":"wp","href":"https:\/\/api.w.org\/{rel}","templated":true}]}}