{"id":84236,"date":"2025-08-21T14:32:03","date_gmt":"2025-08-21T14:32:03","guid":{"rendered":"https:\/\/mueble4you.com\/productos\/mesa-de-centro-105cm-arcon\/"},"modified":"2025-08-21T14:32:03","modified_gmt":"2025-08-21T14:32:03","slug":"mesa-de-centro-105cm-arcon","status":"publish","type":"product","link":"https:\/\/mueble4you.com\/ru\/productos\/mesa-de-centro-105cm-arcon\/","title":{"rendered":"MESA DE CENTRO 105CM ARCON"},"content":{"rendered":"<p>Mesa de centro tipo ba\u00fal fabricada en madera maciza de mango, con tapa superior abatible que permite el acceso a un amplio espacio de almacenamiento interior. Su dise\u00f1o se complementa con un caj\u00f3n frontal. El mueble presenta un estilo r\u00fastico e industrial, gracias a los refuerzos met\u00e1licos en esquinas y bordes, as\u00ed como tiradores de hierro en los laterales y el caj\u00f3n. Se apoya sobre patas torneadas que aportan un toque cl\u00e1sico al conjunto.<\/p>\n<p>\u25cf Alto: 40cm.<\/p>\n<p>\u25cf Ancho: 105cm.<\/p>\n<p>\u25cf Largo: 70cm.<\/p>\n<p>\u25cf Material: Madera de mango<\/p>\n<p>\u25cf Color: Natural.<\/p>\n","protected":false},"excerpt":{"rendered":"<p>Mesa de centro tipo ba\u00fal fabricada en madera maciza de mango, con tapa superior abatible que permite el acceso a un amplio espacio de almacenamiento interior. Su dise\u00f1o se complementa con un caj\u00f3n frontal. El mueble presenta un estilo r\u00fastico e industrial, gracias a los refuerzos met\u00e1licos en esquinas y bordes, as\u00ed como tiradores de [&#8230;]\n","protected":false},"featured_media":84217,"template":"","meta":[],"product_brand":[],"product_cat":[357,208],"product_tag":[],"class_list":{"0":"post-84236","1":"product","2":"type-product","3":"status-publish","4":"has-post-thumbnail","6":"product_cat-357","7":"product_cat-208","9":"first","10":"instock","11":"shipping-taxable","12":"product-type-simple"},"yoast_head":"<!-- This site is optimized with the Yoast SEO plugin v27.2 - https:\/\/yoast.com\/product\/yoast-seo-wordpress\/ -->\n<title>MESA DE CENTRO 105CM ARCON | mueble4you<\/title>\n<meta name=\"robots\" content=\"index, follow, max-snippet:-1, max-image-preview:large, max-video-preview:-1\" \/>\n<link rel=\"canonical\" href=\"https:\/\/mueble4you.com\/ru\/productos\/mesa-de-centro-105cm-arcon\/\" \/>\n<meta property=\"og:locale\" content=\"ru_RU\" \/>\n<meta property=\"og:type\" content=\"article\" \/>\n<meta property=\"og:title\" content=\"MESA DE CENTRO 105CM ARCON | mueble4you\" \/>\n<meta property=\"og:description\" content=\"Mesa de centro tipo ba\u00fal fabricada en madera maciza de mango, con tapa superior abatible que permite el acceso a un amplio espacio de almacenamiento interior. Su dise\u00f1o se complementa con un caj\u00f3n frontal. El mueble presenta un estilo r\u00fastico e industrial, gracias a los refuerzos met\u00e1licos en esquinas y bordes, as\u00ed como tiradores de [...]\" \/>\n<meta property=\"og:url\" content=\"https:\/\/mueble4you.com\/ru\/productos\/mesa-de-centro-105cm-arcon\/\" \/>\n<meta property=\"og:site_name\" content=\"mueble4you\" \/>\n<meta property=\"og:image\" content=\"https:\/\/mueble4you.com\/wp-content\/uploads\/2025\/08\/2132_3-Copy.jpg\" \/>\n\t<meta property=\"og:image:width\" content=\"1024\" \/>\n\t<meta property=\"og:image:height\" content=\"535\" \/>\n\t<meta property=\"og:image:type\" content=\"image\/jpeg\" \/>\n<meta name=\"twitter:card\" content=\"summary_large_image\" \/>\n<script type=\"application\/ld+json\" class=\"yoast-schema-graph\">{\"@context\":\"https:\/\/schema.org\",\"@graph\":[{\"@type\":\"WebPage\",\"@id\":\"https:\/\/mueble4you.com\/ru\/productos\/mesa-de-centro-105cm-arcon\/\",\"url\":\"https:\/\/mueble4you.com\/ru\/productos\/mesa-de-centro-105cm-arcon\/\",\"name\":\"MESA DE CENTRO 105CM ARCON | mueble4you\",\"isPartOf\":{\"@id\":\"https:\/\/mueble4you.com\/#website\"},\"primaryImageOfPage\":{\"@id\":\"https:\/\/mueble4you.com\/ru\/productos\/mesa-de-centro-105cm-arcon\/#primaryimage\"},\"image\":{\"@id\":\"https:\/\/mueble4you.com\/ru\/productos\/mesa-de-centro-105cm-arcon\/#primaryimage\"},\"thumbnailUrl\":\"https:\/\/mueble4you.com\/wp-content\/uploads\/2025\/08\/2132_3-Copy.jpg\",\"datePublished\":\"2025-08-21T14:32:03+00:00\",\"breadcrumb\":{\"@id\":\"https:\/\/mueble4you.com\/ru\/productos\/mesa-de-centro-105cm-arcon\/#breadcrumb\"},\"inLanguage\":\"ru-RU\",\"potentialAction\":[{\"@type\":\"ReadAction\",\"target\":[\"https:\/\/mueble4you.com\/ru\/productos\/mesa-de-centro-105cm-arcon\/\"]}]},{\"@type\":\"ImageObject\",\"inLanguage\":\"ru-RU\",\"@id\":\"https:\/\/mueble4you.com\/ru\/productos\/mesa-de-centro-105cm-arcon\/#primaryimage\",\"url\":\"https:\/\/mueble4you.com\/wp-content\/uploads\/2025\/08\/2132_3-Copy.jpg\",\"contentUrl\":\"https:\/\/mueble4you.com\/wp-content\/uploads\/2025\/08\/2132_3-Copy.jpg\",\"width\":1024,\"height\":535},{\"@type\":\"BreadcrumbList\",\"@id\":\"https:\/\/mueble4you.com\/ru\/productos\/mesa-de-centro-105cm-arcon\/#breadcrumb\",\"itemListElement\":[{\"@type\":\"ListItem\",\"position\":1,\"name\":\"Portada\",\"item\":\"https:\/\/mueble4you.com\/ru\/\"},{\"@type\":\"ListItem\",\"position\":2,\"name\":\"Productos\",\"item\":\"https:\/\/mueble4you.com\/productos\/\"},{\"@type\":\"ListItem\",\"position\":3,\"name\":\"MESA DE CENTRO 105CM ARCON\"}]},{\"@type\":\"WebSite\",\"@id\":\"https:\/\/mueble4you.com\/#website\",\"url\":\"https:\/\/mueble4you.com\/\",\"name\":\"mueble4you\",\"description\":\"?????? ? ????????\",\"potentialAction\":[{\"@type\":\"SearchAction\",\"target\":{\"@type\":\"EntryPoint\",\"urlTemplate\":\"https:\/\/mueble4you.com\/?s={search_term_string}\"},\"query-input\":{\"@type\":\"PropertyValueSpecification\",\"valueRequired\":true,\"valueName\":\"search_term_string\"}}],\"inLanguage\":\"ru-RU\"}]}<\/script>\n<!-- \/ Yoast SEO plugin. -->","yoast_head_json":{"title":"MESA DE CENTRO 105CM ARCON | mueble4you","robots":{"index":"index","follow":"follow","max-snippet":"max-snippet:-1","max-image-preview":"max-image-preview:large","max-video-preview":"max-video-preview:-1"},"canonical":"https:\/\/mueble4you.com\/ru\/productos\/mesa-de-centro-105cm-arcon\/","og_locale":"ru_RU","og_type":"article","og_title":"MESA DE CENTRO 105CM ARCON | mueble4you","og_description":"Mesa de centro tipo ba\u00fal fabricada en madera maciza de mango, con tapa superior abatible que permite el acceso a un amplio espacio de almacenamiento interior. Su dise\u00f1o se complementa con un caj\u00f3n frontal. El mueble presenta un estilo r\u00fastico e industrial, gracias a los refuerzos met\u00e1licos en esquinas y bordes, as\u00ed como tiradores de [...]","og_url":"https:\/\/mueble4you.com\/ru\/productos\/mesa-de-centro-105cm-arcon\/","og_site_name":"mueble4you","og_image":[{"width":1024,"height":535,"url":"https:\/\/mueble4you.com\/wp-content\/uploads\/2025\/08\/2132_3-Copy.jpg","type":"image\/jpeg"}],"twitter_card":"summary_large_image","schema":{"@context":"https:\/\/schema.org","@graph":[{"@type":"WebPage","@id":"https:\/\/mueble4you.com\/ru\/productos\/mesa-de-centro-105cm-arcon\/","url":"https:\/\/mueble4you.com\/ru\/productos\/mesa-de-centro-105cm-arcon\/","name":"MESA DE CENTRO 105CM ARCON | mueble4you","isPartOf":{"@id":"https:\/\/mueble4you.com\/#website"},"primaryImageOfPage":{"@id":"https:\/\/mueble4you.com\/ru\/productos\/mesa-de-centro-105cm-arcon\/#primaryimage"},"image":{"@id":"https:\/\/mueble4you.com\/ru\/productos\/mesa-de-centro-105cm-arcon\/#primaryimage"},"thumbnailUrl":"https:\/\/mueble4you.com\/wp-content\/uploads\/2025\/08\/2132_3-Copy.jpg","datePublished":"2025-08-21T14:32:03+00:00","breadcrumb":{"@id":"https:\/\/mueble4you.com\/ru\/productos\/mesa-de-centro-105cm-arcon\/#breadcrumb"},"inLanguage":"ru-RU","potentialAction":[{"@type":"ReadAction","target":["https:\/\/mueble4you.com\/ru\/productos\/mesa-de-centro-105cm-arcon\/"]}]},{"@type":"ImageObject","inLanguage":"ru-RU","@id":"https:\/\/mueble4you.com\/ru\/productos\/mesa-de-centro-105cm-arcon\/#primaryimage","url":"https:\/\/mueble4you.com\/wp-content\/uploads\/2025\/08\/2132_3-Copy.jpg","contentUrl":"https:\/\/mueble4you.com\/wp-content\/uploads\/2025\/08\/2132_3-Copy.jpg","width":1024,"height":535},{"@type":"BreadcrumbList","@id":"https:\/\/mueble4you.com\/ru\/productos\/mesa-de-centro-105cm-arcon\/#breadcrumb","itemListElement":[{"@type":"ListItem","position":1,"name":"Portada","item":"https:\/\/mueble4you.com\/ru\/"},{"@type":"ListItem","position":2,"name":"Productos","item":"https:\/\/mueble4you.com\/productos\/"},{"@type":"ListItem","position":3,"name":"MESA DE CENTRO 105CM ARCON"}]},{"@type":"WebSite","@id":"https:\/\/mueble4you.com\/#website","url":"https:\/\/mueble4you.com\/","name":"mueble4you","description":"?????? ? ????????","potentialAction":[{"@type":"SearchAction","target":{"@type":"EntryPoint","urlTemplate":"https:\/\/mueble4you.com\/?s={search_term_string}"},"query-input":{"@type":"PropertyValueSpecification","valueRequired":true,"valueName":"search_term_string"}}],"inLanguage":"ru-RU"}]}},"_links":{"self":[{"href":"https:\/\/mueble4you.com\/ru\/wp-json\/wp\/v2\/product\/84236","targetHints":{"allow":["GET"]}}],"collection":[{"href":"https:\/\/mueble4you.com\/ru\/wp-json\/wp\/v2\/product"}],"about":[{"href":"https:\/\/mueble4you.com\/ru\/wp-json\/wp\/v2\/types\/product"}],"wp:featuredmedia":[{"embeddable":true,"href":"https:\/\/mueble4you.com\/ru\/wp-json\/wp\/v2\/media\/84217"}],"wp:attachment":[{"href":"https:\/\/mueble4you.com\/ru\/wp-json\/wp\/v2\/media?parent=84236"}],"wp:term":[{"taxonomy":"product_brand","embeddable":true,"href":"https:\/\/mueble4you.com\/ru\/wp-json\/wp\/v2\/product_brand?post=84236"},{"taxonomy":"product_cat","embeddable":true,"href":"https:\/\/mueble4you.com\/ru\/wp-json\/wp\/v2\/product_cat?post=84236"},{"taxonomy":"product_tag","embeddable":true,"href":"https:\/\/mueble4you.com\/ru\/wp-json\/wp\/v2\/product_tag?post=84236"}],"curies":[{"name":"wp","href":"https:\/\/api.w.org\/{rel}","templated":true}]}}