{"id":79486,"date":"2024-12-17T16:38:22","date_gmt":"2024-12-17T16:38:22","guid":{"rendered":"https:\/\/mueble4you.com\/productos\/silla-alvin-con-brazo-antracita-turquesa\/"},"modified":"2024-12-17T16:38:22","modified_gmt":"2024-12-17T16:38:22","slug":"silla-alvin-con-brazo-antracita-turquesa","status":"publish","type":"product","link":"https:\/\/mueble4you.com\/ru\/productos\/silla-alvin-con-brazo-antracita-turquesa\/","title":{"rendered":"SILLA ALVIN CON BRAZO ANTRACITA\/TURQUESA"},"content":{"rendered":"<ul>\n<li id=\"detailProductForm:artDettPnl\" class=\"ui-outputpanel ui-widget artDettPnl\"><span class=\"detailProductDescr\">POLIPROPILENO (PP), RESISTENTE A LOS RAYOS UV. <\/span><\/li>\n<li class=\"ui-outputpanel ui-widget artDettPnl\"><span class=\"detailProductDescr\">RESPALDO CON TEJIDO DE CUERDA DE POLI\u00c9STER. <\/span><\/li>\n<li class=\"ui-outputpanel ui-widget artDettPnl\"><span class=\"detailProductDescr\">COJ\u00cdN DEL ASIENTO DESENFUNDABLE CON TEJIDO REPELENTE AL AGUA DE POLI\u00c9STER. <\/span><\/li>\n<li class=\"ui-outputpanel ui-widget artDettPnl\"><span class=\"detailProductDescr\">APILABLE.<\/span><\/li>\n<li>59.5a &#8212; 52.5b &#8212; 82h &#8212; 48.5h1 &#8212; 66h.<\/li>\n<\/ul>\n","protected":false},"excerpt":{"rendered":"<p>POLIPROPILENO (PP), RESISTENTE A LOS RAYOS UV. RESPALDO CON TEJIDO DE CUERDA DE POLI\u00c9STER. COJ\u00cdN DEL ASIENTO DESENFUNDABLE CON TEJIDO REPELENTE AL AGUA DE POLI\u00c9STER. APILABLE. 59.5a &#8212; 52.5b &#8212; 82h &#8212; 48.5h1 &#8212; 66h.<\/p>\n","protected":false},"featured_media":79472,"template":"","meta":[],"product_brand":[],"product_cat":[306,310],"product_tag":[],"class_list":{"0":"post-79486","1":"product","2":"type-product","3":"status-publish","4":"has-post-thumbnail","6":"product_cat----ru","7":"product_cat-310","9":"first","10":"instock","11":"shipping-taxable","12":"product-type-simple"},"yoast_head":"<!-- This site is optimized with the Yoast SEO plugin v27.2 - https:\/\/yoast.com\/product\/yoast-seo-wordpress\/ -->\n<title>SILLA ALVIN CON BRAZO ANTRACITA\/TURQUESA | mueble4you<\/title>\n<meta name=\"robots\" content=\"index, follow, max-snippet:-1, max-image-preview:large, max-video-preview:-1\" \/>\n<link rel=\"canonical\" href=\"https:\/\/mueble4you.com\/ru\/productos\/silla-alvin-con-brazo-antracita-turquesa\/\" \/>\n<meta property=\"og:locale\" content=\"ru_RU\" \/>\n<meta property=\"og:type\" content=\"article\" \/>\n<meta property=\"og:title\" content=\"SILLA ALVIN CON BRAZO ANTRACITA\/TURQUESA | mueble4you\" \/>\n<meta property=\"og:description\" content=\"POLIPROPILENO (PP), RESISTENTE A LOS RAYOS UV. RESPALDO CON TEJIDO DE CUERDA DE POLI\u00c9STER. COJ\u00cdN DEL ASIENTO DESENFUNDABLE CON TEJIDO REPELENTE AL AGUA DE POLI\u00c9STER. APILABLE. 59.5a &#8212; 52.5b &#8212; 82h &#8212; 48.5h1 &#8212; 66h.\" \/>\n<meta property=\"og:url\" content=\"https:\/\/mueble4you.com\/ru\/productos\/silla-alvin-con-brazo-antracita-turquesa\/\" \/>\n<meta property=\"og:site_name\" content=\"mueble4you\" \/>\n<meta property=\"og:image\" content=\"https:\/\/mueble4you.com\/wp-content\/uploads\/2024\/12\/0650011.jpg\" \/>\n\t<meta property=\"og:image:width\" content=\"860\" \/>\n\t<meta property=\"og:image:height\" content=\"1080\" \/>\n\t<meta property=\"og:image:type\" content=\"image\/jpeg\" \/>\n<meta name=\"twitter:card\" content=\"summary_large_image\" \/>\n<script type=\"application\/ld+json\" class=\"yoast-schema-graph\">{\"@context\":\"https:\/\/schema.org\",\"@graph\":[{\"@type\":\"WebPage\",\"@id\":\"https:\/\/mueble4you.com\/ru\/productos\/silla-alvin-con-brazo-antracita-turquesa\/\",\"url\":\"https:\/\/mueble4you.com\/ru\/productos\/silla-alvin-con-brazo-antracita-turquesa\/\",\"name\":\"SILLA ALVIN CON BRAZO ANTRACITA\/TURQUESA | mueble4you\",\"isPartOf\":{\"@id\":\"https:\/\/mueble4you.com\/#website\"},\"primaryImageOfPage\":{\"@id\":\"https:\/\/mueble4you.com\/ru\/productos\/silla-alvin-con-brazo-antracita-turquesa\/#primaryimage\"},\"image\":{\"@id\":\"https:\/\/mueble4you.com\/ru\/productos\/silla-alvin-con-brazo-antracita-turquesa\/#primaryimage\"},\"thumbnailUrl\":\"https:\/\/mueble4you.com\/wp-content\/uploads\/2024\/12\/0650011.jpg\",\"datePublished\":\"2024-12-17T16:38:22+00:00\",\"breadcrumb\":{\"@id\":\"https:\/\/mueble4you.com\/ru\/productos\/silla-alvin-con-brazo-antracita-turquesa\/#breadcrumb\"},\"inLanguage\":\"ru-RU\",\"potentialAction\":[{\"@type\":\"ReadAction\",\"target\":[\"https:\/\/mueble4you.com\/ru\/productos\/silla-alvin-con-brazo-antracita-turquesa\/\"]}]},{\"@type\":\"ImageObject\",\"inLanguage\":\"ru-RU\",\"@id\":\"https:\/\/mueble4you.com\/ru\/productos\/silla-alvin-con-brazo-antracita-turquesa\/#primaryimage\",\"url\":\"https:\/\/mueble4you.com\/wp-content\/uploads\/2024\/12\/0650011.jpg\",\"contentUrl\":\"https:\/\/mueble4you.com\/wp-content\/uploads\/2024\/12\/0650011.jpg\",\"width\":860,\"height\":1080},{\"@type\":\"BreadcrumbList\",\"@id\":\"https:\/\/mueble4you.com\/ru\/productos\/silla-alvin-con-brazo-antracita-turquesa\/#breadcrumb\",\"itemListElement\":[{\"@type\":\"ListItem\",\"position\":1,\"name\":\"Portada\",\"item\":\"https:\/\/mueble4you.com\/ru\/\"},{\"@type\":\"ListItem\",\"position\":2,\"name\":\"Productos\",\"item\":\"https:\/\/mueble4you.com\/productos\/\"},{\"@type\":\"ListItem\",\"position\":3,\"name\":\"SILLA ALVIN CON BRAZO ANTRACITA\/TURQUESA\"}]},{\"@type\":\"WebSite\",\"@id\":\"https:\/\/mueble4you.com\/#website\",\"url\":\"https:\/\/mueble4you.com\/\",\"name\":\"mueble4you\",\"description\":\"?????? ? ????????\",\"potentialAction\":[{\"@type\":\"SearchAction\",\"target\":{\"@type\":\"EntryPoint\",\"urlTemplate\":\"https:\/\/mueble4you.com\/?s={search_term_string}\"},\"query-input\":{\"@type\":\"PropertyValueSpecification\",\"valueRequired\":true,\"valueName\":\"search_term_string\"}}],\"inLanguage\":\"ru-RU\"}]}<\/script>\n<!-- \/ Yoast SEO plugin. -->","yoast_head_json":{"title":"SILLA ALVIN CON BRAZO ANTRACITA\/TURQUESA | mueble4you","robots":{"index":"index","follow":"follow","max-snippet":"max-snippet:-1","max-image-preview":"max-image-preview:large","max-video-preview":"max-video-preview:-1"},"canonical":"https:\/\/mueble4you.com\/ru\/productos\/silla-alvin-con-brazo-antracita-turquesa\/","og_locale":"ru_RU","og_type":"article","og_title":"SILLA ALVIN CON BRAZO ANTRACITA\/TURQUESA | mueble4you","og_description":"POLIPROPILENO (PP), RESISTENTE A LOS RAYOS UV. RESPALDO CON TEJIDO DE CUERDA DE POLI\u00c9STER. COJ\u00cdN DEL ASIENTO DESENFUNDABLE CON TEJIDO REPELENTE AL AGUA DE POLI\u00c9STER. APILABLE. 59.5a &#8212; 52.5b &#8212; 82h &#8212; 48.5h1 &#8212; 66h.","og_url":"https:\/\/mueble4you.com\/ru\/productos\/silla-alvin-con-brazo-antracita-turquesa\/","og_site_name":"mueble4you","og_image":[{"width":860,"height":1080,"url":"https:\/\/mueble4you.com\/wp-content\/uploads\/2024\/12\/0650011.jpg","type":"image\/jpeg"}],"twitter_card":"summary_large_image","schema":{"@context":"https:\/\/schema.org","@graph":[{"@type":"WebPage","@id":"https:\/\/mueble4you.com\/ru\/productos\/silla-alvin-con-brazo-antracita-turquesa\/","url":"https:\/\/mueble4you.com\/ru\/productos\/silla-alvin-con-brazo-antracita-turquesa\/","name":"SILLA ALVIN CON BRAZO ANTRACITA\/TURQUESA | mueble4you","isPartOf":{"@id":"https:\/\/mueble4you.com\/#website"},"primaryImageOfPage":{"@id":"https:\/\/mueble4you.com\/ru\/productos\/silla-alvin-con-brazo-antracita-turquesa\/#primaryimage"},"image":{"@id":"https:\/\/mueble4you.com\/ru\/productos\/silla-alvin-con-brazo-antracita-turquesa\/#primaryimage"},"thumbnailUrl":"https:\/\/mueble4you.com\/wp-content\/uploads\/2024\/12\/0650011.jpg","datePublished":"2024-12-17T16:38:22+00:00","breadcrumb":{"@id":"https:\/\/mueble4you.com\/ru\/productos\/silla-alvin-con-brazo-antracita-turquesa\/#breadcrumb"},"inLanguage":"ru-RU","potentialAction":[{"@type":"ReadAction","target":["https:\/\/mueble4you.com\/ru\/productos\/silla-alvin-con-brazo-antracita-turquesa\/"]}]},{"@type":"ImageObject","inLanguage":"ru-RU","@id":"https:\/\/mueble4you.com\/ru\/productos\/silla-alvin-con-brazo-antracita-turquesa\/#primaryimage","url":"https:\/\/mueble4you.com\/wp-content\/uploads\/2024\/12\/0650011.jpg","contentUrl":"https:\/\/mueble4you.com\/wp-content\/uploads\/2024\/12\/0650011.jpg","width":860,"height":1080},{"@type":"BreadcrumbList","@id":"https:\/\/mueble4you.com\/ru\/productos\/silla-alvin-con-brazo-antracita-turquesa\/#breadcrumb","itemListElement":[{"@type":"ListItem","position":1,"name":"Portada","item":"https:\/\/mueble4you.com\/ru\/"},{"@type":"ListItem","position":2,"name":"Productos","item":"https:\/\/mueble4you.com\/productos\/"},{"@type":"ListItem","position":3,"name":"SILLA ALVIN CON BRAZO ANTRACITA\/TURQUESA"}]},{"@type":"WebSite","@id":"https:\/\/mueble4you.com\/#website","url":"https:\/\/mueble4you.com\/","name":"mueble4you","description":"?????? ? ????????","potentialAction":[{"@type":"SearchAction","target":{"@type":"EntryPoint","urlTemplate":"https:\/\/mueble4you.com\/?s={search_term_string}"},"query-input":{"@type":"PropertyValueSpecification","valueRequired":true,"valueName":"search_term_string"}}],"inLanguage":"ru-RU"}]}},"_links":{"self":[{"href":"https:\/\/mueble4you.com\/ru\/wp-json\/wp\/v2\/product\/79486","targetHints":{"allow":["GET"]}}],"collection":[{"href":"https:\/\/mueble4you.com\/ru\/wp-json\/wp\/v2\/product"}],"about":[{"href":"https:\/\/mueble4you.com\/ru\/wp-json\/wp\/v2\/types\/product"}],"wp:featuredmedia":[{"embeddable":true,"href":"https:\/\/mueble4you.com\/ru\/wp-json\/wp\/v2\/media\/79472"}],"wp:attachment":[{"href":"https:\/\/mueble4you.com\/ru\/wp-json\/wp\/v2\/media?parent=79486"}],"wp:term":[{"taxonomy":"product_brand","embeddable":true,"href":"https:\/\/mueble4you.com\/ru\/wp-json\/wp\/v2\/product_brand?post=79486"},{"taxonomy":"product_cat","embeddable":true,"href":"https:\/\/mueble4you.com\/ru\/wp-json\/wp\/v2\/product_cat?post=79486"},{"taxonomy":"product_tag","embeddable":true,"href":"https:\/\/mueble4you.com\/ru\/wp-json\/wp\/v2\/product_tag?post=79486"}],"curies":[{"name":"wp","href":"https:\/\/api.w.org\/{rel}","templated":true}]}}