{"id":79314,"date":"2024-12-16T11:50:01","date_gmt":"2024-12-16T11:50:01","guid":{"rendered":"https:\/\/mueble4you.com\/productos\/lampara-de-pie-inch\/"},"modified":"2024-12-16T11:50:01","modified_gmt":"2024-12-16T11:50:01","slug":"lampara-de-pie-inch","status":"publish","type":"product","link":"https:\/\/mueble4you.com\/ru\/productos\/lampara-de-pie-inch\/","title":{"rendered":"L\u00c1MPARA DE PIE INCH"},"content":{"rendered":"<ul>\n<li id=\"product_reference\" class=\"description p_empty\">Para impregnar cualquier mesa de estilo ha llegado la l\u00e1mpara de pie INCH.<\/li>\n<li class=\"description p_empty\">De estilo art deco multicolor que combina el vidrio con el hierro.<\/li>\n<li class=\"description p_empty\">Esta l\u00e1mpara guarda la esencia de lo cl\u00e1sico junto al infraestructura circular que hace un gui\u00f1o a la sofisticaci\u00f3n.<\/li>\n<li><b style=\"color: #555555;\">Ancho:<\/b><span style=\"color: #555555;\">\u00a040cm ,\u00a0<\/span><b style=\"color: #555555;\">Fondo:<\/b><span style=\"color: #555555;\">\u00a040cm ,\u00a0<\/span><b style=\"color: #555555;\">Alto:<\/b><span style=\"color: #555555;\"> 160cm.<\/span><\/li>\n<\/ul>\n","protected":false},"excerpt":{"rendered":"<p>Para impregnar cualquier mesa de estilo ha llegado la l\u00e1mpara de pie INCH. De estilo art deco multicolor que combina el vidrio con el hierro. Esta l\u00e1mpara guarda la esencia de lo cl\u00e1sico junto al infraestructura circular que hace un gui\u00f1o a la sofisticaci\u00f3n. Ancho:\u00a040cm ,\u00a0Fondo:\u00a040cm ,\u00a0Alto: 160cm.<\/p>\n","protected":false},"featured_media":79305,"template":"","meta":[],"product_brand":[],"product_cat":[242,342],"product_tag":[],"class_list":{"0":"post-79314","1":"product","2":"type-product","3":"status-publish","4":"has-post-thumbnail","6":"product_cat-242","7":"product_cat-342","9":"first","10":"instock","11":"shipping-taxable","12":"product-type-simple"},"yoast_head":"<!-- This site is optimized with the Yoast SEO plugin v27.2 - https:\/\/yoast.com\/product\/yoast-seo-wordpress\/ -->\n<title>L\u00c1MPARA DE PIE INCH | mueble4you<\/title>\n<meta name=\"robots\" content=\"index, follow, max-snippet:-1, max-image-preview:large, max-video-preview:-1\" \/>\n<link rel=\"canonical\" href=\"https:\/\/mueble4you.com\/ru\/productos\/lampara-de-pie-inch\/\" \/>\n<meta property=\"og:locale\" content=\"ru_RU\" \/>\n<meta property=\"og:type\" content=\"article\" \/>\n<meta property=\"og:title\" content=\"L\u00c1MPARA DE PIE INCH | mueble4you\" \/>\n<meta property=\"og:description\" content=\"Para impregnar cualquier mesa de estilo ha llegado la l\u00e1mpara de pie INCH. De estilo art deco multicolor que combina el vidrio con el hierro. Esta l\u00e1mpara guarda la esencia de lo cl\u00e1sico junto al infraestructura circular que hace un gui\u00f1o a la sofisticaci\u00f3n. Ancho:\u00a040cm ,\u00a0Fondo:\u00a040cm ,\u00a0Alto: 160cm.\" \/>\n<meta property=\"og:url\" content=\"https:\/\/mueble4you.com\/ru\/productos\/lampara-de-pie-inch\/\" \/>\n<meta property=\"og:site_name\" content=\"mueble4you\" \/>\n<meta property=\"og:image\" content=\"https:\/\/mueble4you.com\/wp-content\/uploads\/2024\/12\/30156.jpg\" \/>\n\t<meta property=\"og:image:width\" content=\"1920\" \/>\n\t<meta property=\"og:image:height\" content=\"1920\" \/>\n\t<meta property=\"og:image:type\" content=\"image\/jpeg\" \/>\n<meta name=\"twitter:card\" content=\"summary_large_image\" \/>\n<script type=\"application\/ld+json\" class=\"yoast-schema-graph\">{\"@context\":\"https:\/\/schema.org\",\"@graph\":[{\"@type\":\"WebPage\",\"@id\":\"https:\/\/mueble4you.com\/ru\/productos\/lampara-de-pie-inch\/\",\"url\":\"https:\/\/mueble4you.com\/ru\/productos\/lampara-de-pie-inch\/\",\"name\":\"L\u00c1MPARA DE PIE INCH | mueble4you\",\"isPartOf\":{\"@id\":\"https:\/\/mueble4you.com\/#website\"},\"primaryImageOfPage\":{\"@id\":\"https:\/\/mueble4you.com\/ru\/productos\/lampara-de-pie-inch\/#primaryimage\"},\"image\":{\"@id\":\"https:\/\/mueble4you.com\/ru\/productos\/lampara-de-pie-inch\/#primaryimage\"},\"thumbnailUrl\":\"https:\/\/mueble4you.com\/wp-content\/uploads\/2024\/12\/30156.jpg\",\"datePublished\":\"2024-12-16T11:50:01+00:00\",\"breadcrumb\":{\"@id\":\"https:\/\/mueble4you.com\/ru\/productos\/lampara-de-pie-inch\/#breadcrumb\"},\"inLanguage\":\"ru-RU\",\"potentialAction\":[{\"@type\":\"ReadAction\",\"target\":[\"https:\/\/mueble4you.com\/ru\/productos\/lampara-de-pie-inch\/\"]}]},{\"@type\":\"ImageObject\",\"inLanguage\":\"ru-RU\",\"@id\":\"https:\/\/mueble4you.com\/ru\/productos\/lampara-de-pie-inch\/#primaryimage\",\"url\":\"https:\/\/mueble4you.com\/wp-content\/uploads\/2024\/12\/30156.jpg\",\"contentUrl\":\"https:\/\/mueble4you.com\/wp-content\/uploads\/2024\/12\/30156.jpg\",\"width\":1920,\"height\":1920},{\"@type\":\"BreadcrumbList\",\"@id\":\"https:\/\/mueble4you.com\/ru\/productos\/lampara-de-pie-inch\/#breadcrumb\",\"itemListElement\":[{\"@type\":\"ListItem\",\"position\":1,\"name\":\"Portada\",\"item\":\"https:\/\/mueble4you.com\/ru\/\"},{\"@type\":\"ListItem\",\"position\":2,\"name\":\"Productos\",\"item\":\"https:\/\/mueble4you.com\/productos\/\"},{\"@type\":\"ListItem\",\"position\":3,\"name\":\"L\u00c1MPARA DE PIE INCH\"}]},{\"@type\":\"WebSite\",\"@id\":\"https:\/\/mueble4you.com\/#website\",\"url\":\"https:\/\/mueble4you.com\/\",\"name\":\"mueble4you\",\"description\":\"?????? ? ????????\",\"potentialAction\":[{\"@type\":\"SearchAction\",\"target\":{\"@type\":\"EntryPoint\",\"urlTemplate\":\"https:\/\/mueble4you.com\/?s={search_term_string}\"},\"query-input\":{\"@type\":\"PropertyValueSpecification\",\"valueRequired\":true,\"valueName\":\"search_term_string\"}}],\"inLanguage\":\"ru-RU\"}]}<\/script>\n<!-- \/ Yoast SEO plugin. -->","yoast_head_json":{"title":"L\u00c1MPARA DE PIE INCH | mueble4you","robots":{"index":"index","follow":"follow","max-snippet":"max-snippet:-1","max-image-preview":"max-image-preview:large","max-video-preview":"max-video-preview:-1"},"canonical":"https:\/\/mueble4you.com\/ru\/productos\/lampara-de-pie-inch\/","og_locale":"ru_RU","og_type":"article","og_title":"L\u00c1MPARA DE PIE INCH | mueble4you","og_description":"Para impregnar cualquier mesa de estilo ha llegado la l\u00e1mpara de pie INCH. De estilo art deco multicolor que combina el vidrio con el hierro. Esta l\u00e1mpara guarda la esencia de lo cl\u00e1sico junto al infraestructura circular que hace un gui\u00f1o a la sofisticaci\u00f3n. Ancho:\u00a040cm ,\u00a0Fondo:\u00a040cm ,\u00a0Alto: 160cm.","og_url":"https:\/\/mueble4you.com\/ru\/productos\/lampara-de-pie-inch\/","og_site_name":"mueble4you","og_image":[{"width":1920,"height":1920,"url":"https:\/\/mueble4you.com\/wp-content\/uploads\/2024\/12\/30156.jpg","type":"image\/jpeg"}],"twitter_card":"summary_large_image","schema":{"@context":"https:\/\/schema.org","@graph":[{"@type":"WebPage","@id":"https:\/\/mueble4you.com\/ru\/productos\/lampara-de-pie-inch\/","url":"https:\/\/mueble4you.com\/ru\/productos\/lampara-de-pie-inch\/","name":"L\u00c1MPARA DE PIE INCH | mueble4you","isPartOf":{"@id":"https:\/\/mueble4you.com\/#website"},"primaryImageOfPage":{"@id":"https:\/\/mueble4you.com\/ru\/productos\/lampara-de-pie-inch\/#primaryimage"},"image":{"@id":"https:\/\/mueble4you.com\/ru\/productos\/lampara-de-pie-inch\/#primaryimage"},"thumbnailUrl":"https:\/\/mueble4you.com\/wp-content\/uploads\/2024\/12\/30156.jpg","datePublished":"2024-12-16T11:50:01+00:00","breadcrumb":{"@id":"https:\/\/mueble4you.com\/ru\/productos\/lampara-de-pie-inch\/#breadcrumb"},"inLanguage":"ru-RU","potentialAction":[{"@type":"ReadAction","target":["https:\/\/mueble4you.com\/ru\/productos\/lampara-de-pie-inch\/"]}]},{"@type":"ImageObject","inLanguage":"ru-RU","@id":"https:\/\/mueble4you.com\/ru\/productos\/lampara-de-pie-inch\/#primaryimage","url":"https:\/\/mueble4you.com\/wp-content\/uploads\/2024\/12\/30156.jpg","contentUrl":"https:\/\/mueble4you.com\/wp-content\/uploads\/2024\/12\/30156.jpg","width":1920,"height":1920},{"@type":"BreadcrumbList","@id":"https:\/\/mueble4you.com\/ru\/productos\/lampara-de-pie-inch\/#breadcrumb","itemListElement":[{"@type":"ListItem","position":1,"name":"Portada","item":"https:\/\/mueble4you.com\/ru\/"},{"@type":"ListItem","position":2,"name":"Productos","item":"https:\/\/mueble4you.com\/productos\/"},{"@type":"ListItem","position":3,"name":"L\u00c1MPARA DE PIE INCH"}]},{"@type":"WebSite","@id":"https:\/\/mueble4you.com\/#website","url":"https:\/\/mueble4you.com\/","name":"mueble4you","description":"?????? ? ????????","potentialAction":[{"@type":"SearchAction","target":{"@type":"EntryPoint","urlTemplate":"https:\/\/mueble4you.com\/?s={search_term_string}"},"query-input":{"@type":"PropertyValueSpecification","valueRequired":true,"valueName":"search_term_string"}}],"inLanguage":"ru-RU"}]}},"_links":{"self":[{"href":"https:\/\/mueble4you.com\/ru\/wp-json\/wp\/v2\/product\/79314","targetHints":{"allow":["GET"]}}],"collection":[{"href":"https:\/\/mueble4you.com\/ru\/wp-json\/wp\/v2\/product"}],"about":[{"href":"https:\/\/mueble4you.com\/ru\/wp-json\/wp\/v2\/types\/product"}],"wp:featuredmedia":[{"embeddable":true,"href":"https:\/\/mueble4you.com\/ru\/wp-json\/wp\/v2\/media\/79305"}],"wp:attachment":[{"href":"https:\/\/mueble4you.com\/ru\/wp-json\/wp\/v2\/media?parent=79314"}],"wp:term":[{"taxonomy":"product_brand","embeddable":true,"href":"https:\/\/mueble4you.com\/ru\/wp-json\/wp\/v2\/product_brand?post=79314"},{"taxonomy":"product_cat","embeddable":true,"href":"https:\/\/mueble4you.com\/ru\/wp-json\/wp\/v2\/product_cat?post=79314"},{"taxonomy":"product_tag","embeddable":true,"href":"https:\/\/mueble4you.com\/ru\/wp-json\/wp\/v2\/product_tag?post=79314"}],"curies":[{"name":"wp","href":"https:\/\/api.w.org\/{rel}","templated":true}]}}