{"id":78543,"date":"2024-10-30T12:48:50","date_gmt":"2024-10-30T12:48:50","guid":{"rendered":"https:\/\/mueble4you.com\/productos\/mesa-rincon-gina-blanca\/"},"modified":"2024-10-30T12:48:50","modified_gmt":"2024-10-30T12:48:50","slug":"mesa-rincon-gina-blanca","status":"publish","type":"product","link":"https:\/\/mueble4you.com\/ru\/productos\/mesa-rincon-gina-blanca\/","title":{"rendered":"MESA RINC\u00d3N GINA BLANCA"},"content":{"rendered":"<ul>\n<li>Mesa de rinc\u00f3n Blanca.<\/li>\n<li><span style=\"color: #555555;\">Tapa de MDF.<\/span><\/li>\n<li><span style=\"color: #555555;\">Pata met\u00e1lica.<\/span><\/li>\n<li><span style=\"color: #555555;\">\u00d8 50x 55 cm.<\/span><\/li>\n<li><span style=\"color: #555555;\">Di\u00e1metro base: \u00d8 45 cm.<\/span><\/li>\n<\/ul>\n","protected":false},"excerpt":{"rendered":"<p>Mesa de rinc\u00f3n Blanca. Tapa de MDF. Pata met\u00e1lica. \u00d8 50x 55 cm. Di\u00e1metro base: \u00d8 45 cm.<\/p>\n","protected":false},"featured_media":78534,"template":"","meta":[],"product_brand":[],"product_cat":[208,461],"product_tag":[],"class_list":{"0":"post-78543","1":"product","2":"type-product","3":"status-publish","4":"has-post-thumbnail","6":"product_cat-208","7":"product_cat-461","9":"first","10":"instock","11":"shipping-taxable","12":"product-type-simple"},"yoast_head":"<!-- This site is optimized with the Yoast SEO plugin v27.2 - https:\/\/yoast.com\/product\/yoast-seo-wordpress\/ -->\n<title>MESA RINC\u00d3N GINA BLANCA | mueble4you<\/title>\n<meta name=\"robots\" content=\"index, follow, max-snippet:-1, max-image-preview:large, max-video-preview:-1\" \/>\n<link rel=\"canonical\" href=\"https:\/\/mueble4you.com\/ru\/productos\/mesa-rincon-gina-blanca\/\" \/>\n<meta property=\"og:locale\" content=\"ru_RU\" \/>\n<meta property=\"og:type\" content=\"article\" \/>\n<meta property=\"og:title\" content=\"MESA RINC\u00d3N GINA BLANCA | mueble4you\" \/>\n<meta property=\"og:description\" content=\"Mesa de rinc\u00f3n Blanca. Tapa de MDF. Pata met\u00e1lica. \u00d8 50x 55 cm. Di\u00e1metro base: \u00d8 45 cm.\" \/>\n<meta property=\"og:url\" content=\"https:\/\/mueble4you.com\/ru\/productos\/mesa-rincon-gina-blanca\/\" \/>\n<meta property=\"og:site_name\" content=\"mueble4you\" \/>\n<meta property=\"og:image\" content=\"https:\/\/mueble4you.com\/wp-content\/uploads\/2024\/10\/mesa-ricon-gina-blanca.jpg\" \/>\n\t<meta property=\"og:image:width\" content=\"1000\" \/>\n\t<meta property=\"og:image:height\" content=\"1000\" \/>\n\t<meta property=\"og:image:type\" content=\"image\/jpeg\" \/>\n<meta name=\"twitter:card\" content=\"summary_large_image\" \/>\n<script type=\"application\/ld+json\" class=\"yoast-schema-graph\">{\"@context\":\"https:\/\/schema.org\",\"@graph\":[{\"@type\":\"WebPage\",\"@id\":\"https:\/\/mueble4you.com\/ru\/productos\/mesa-rincon-gina-blanca\/\",\"url\":\"https:\/\/mueble4you.com\/ru\/productos\/mesa-rincon-gina-blanca\/\",\"name\":\"MESA RINC\u00d3N GINA BLANCA | mueble4you\",\"isPartOf\":{\"@id\":\"https:\/\/mueble4you.com\/#website\"},\"primaryImageOfPage\":{\"@id\":\"https:\/\/mueble4you.com\/ru\/productos\/mesa-rincon-gina-blanca\/#primaryimage\"},\"image\":{\"@id\":\"https:\/\/mueble4you.com\/ru\/productos\/mesa-rincon-gina-blanca\/#primaryimage\"},\"thumbnailUrl\":\"https:\/\/mueble4you.com\/wp-content\/uploads\/2024\/10\/mesa-ricon-gina-blanca.jpg\",\"datePublished\":\"2024-10-30T12:48:50+00:00\",\"breadcrumb\":{\"@id\":\"https:\/\/mueble4you.com\/ru\/productos\/mesa-rincon-gina-blanca\/#breadcrumb\"},\"inLanguage\":\"ru-RU\",\"potentialAction\":[{\"@type\":\"ReadAction\",\"target\":[\"https:\/\/mueble4you.com\/ru\/productos\/mesa-rincon-gina-blanca\/\"]}]},{\"@type\":\"ImageObject\",\"inLanguage\":\"ru-RU\",\"@id\":\"https:\/\/mueble4you.com\/ru\/productos\/mesa-rincon-gina-blanca\/#primaryimage\",\"url\":\"https:\/\/mueble4you.com\/wp-content\/uploads\/2024\/10\/mesa-ricon-gina-blanca.jpg\",\"contentUrl\":\"https:\/\/mueble4you.com\/wp-content\/uploads\/2024\/10\/mesa-ricon-gina-blanca.jpg\",\"width\":1000,\"height\":1000},{\"@type\":\"BreadcrumbList\",\"@id\":\"https:\/\/mueble4you.com\/ru\/productos\/mesa-rincon-gina-blanca\/#breadcrumb\",\"itemListElement\":[{\"@type\":\"ListItem\",\"position\":1,\"name\":\"Portada\",\"item\":\"https:\/\/mueble4you.com\/ru\/\"},{\"@type\":\"ListItem\",\"position\":2,\"name\":\"Productos\",\"item\":\"https:\/\/mueble4you.com\/productos\/\"},{\"@type\":\"ListItem\",\"position\":3,\"name\":\"MESA RINC\u00d3N GINA BLANCA\"}]},{\"@type\":\"WebSite\",\"@id\":\"https:\/\/mueble4you.com\/#website\",\"url\":\"https:\/\/mueble4you.com\/\",\"name\":\"mueble4you\",\"description\":\"?????? ? ????????\",\"potentialAction\":[{\"@type\":\"SearchAction\",\"target\":{\"@type\":\"EntryPoint\",\"urlTemplate\":\"https:\/\/mueble4you.com\/?s={search_term_string}\"},\"query-input\":{\"@type\":\"PropertyValueSpecification\",\"valueRequired\":true,\"valueName\":\"search_term_string\"}}],\"inLanguage\":\"ru-RU\"}]}<\/script>\n<!-- \/ Yoast SEO plugin. -->","yoast_head_json":{"title":"MESA RINC\u00d3N GINA BLANCA | mueble4you","robots":{"index":"index","follow":"follow","max-snippet":"max-snippet:-1","max-image-preview":"max-image-preview:large","max-video-preview":"max-video-preview:-1"},"canonical":"https:\/\/mueble4you.com\/ru\/productos\/mesa-rincon-gina-blanca\/","og_locale":"ru_RU","og_type":"article","og_title":"MESA RINC\u00d3N GINA BLANCA | mueble4you","og_description":"Mesa de rinc\u00f3n Blanca. Tapa de MDF. Pata met\u00e1lica. \u00d8 50x 55 cm. Di\u00e1metro base: \u00d8 45 cm.","og_url":"https:\/\/mueble4you.com\/ru\/productos\/mesa-rincon-gina-blanca\/","og_site_name":"mueble4you","og_image":[{"width":1000,"height":1000,"url":"https:\/\/mueble4you.com\/wp-content\/uploads\/2024\/10\/mesa-ricon-gina-blanca.jpg","type":"image\/jpeg"}],"twitter_card":"summary_large_image","schema":{"@context":"https:\/\/schema.org","@graph":[{"@type":"WebPage","@id":"https:\/\/mueble4you.com\/ru\/productos\/mesa-rincon-gina-blanca\/","url":"https:\/\/mueble4you.com\/ru\/productos\/mesa-rincon-gina-blanca\/","name":"MESA RINC\u00d3N GINA BLANCA | mueble4you","isPartOf":{"@id":"https:\/\/mueble4you.com\/#website"},"primaryImageOfPage":{"@id":"https:\/\/mueble4you.com\/ru\/productos\/mesa-rincon-gina-blanca\/#primaryimage"},"image":{"@id":"https:\/\/mueble4you.com\/ru\/productos\/mesa-rincon-gina-blanca\/#primaryimage"},"thumbnailUrl":"https:\/\/mueble4you.com\/wp-content\/uploads\/2024\/10\/mesa-ricon-gina-blanca.jpg","datePublished":"2024-10-30T12:48:50+00:00","breadcrumb":{"@id":"https:\/\/mueble4you.com\/ru\/productos\/mesa-rincon-gina-blanca\/#breadcrumb"},"inLanguage":"ru-RU","potentialAction":[{"@type":"ReadAction","target":["https:\/\/mueble4you.com\/ru\/productos\/mesa-rincon-gina-blanca\/"]}]},{"@type":"ImageObject","inLanguage":"ru-RU","@id":"https:\/\/mueble4you.com\/ru\/productos\/mesa-rincon-gina-blanca\/#primaryimage","url":"https:\/\/mueble4you.com\/wp-content\/uploads\/2024\/10\/mesa-ricon-gina-blanca.jpg","contentUrl":"https:\/\/mueble4you.com\/wp-content\/uploads\/2024\/10\/mesa-ricon-gina-blanca.jpg","width":1000,"height":1000},{"@type":"BreadcrumbList","@id":"https:\/\/mueble4you.com\/ru\/productos\/mesa-rincon-gina-blanca\/#breadcrumb","itemListElement":[{"@type":"ListItem","position":1,"name":"Portada","item":"https:\/\/mueble4you.com\/ru\/"},{"@type":"ListItem","position":2,"name":"Productos","item":"https:\/\/mueble4you.com\/productos\/"},{"@type":"ListItem","position":3,"name":"MESA RINC\u00d3N GINA BLANCA"}]},{"@type":"WebSite","@id":"https:\/\/mueble4you.com\/#website","url":"https:\/\/mueble4you.com\/","name":"mueble4you","description":"?????? ? ????????","potentialAction":[{"@type":"SearchAction","target":{"@type":"EntryPoint","urlTemplate":"https:\/\/mueble4you.com\/?s={search_term_string}"},"query-input":{"@type":"PropertyValueSpecification","valueRequired":true,"valueName":"search_term_string"}}],"inLanguage":"ru-RU"}]}},"_links":{"self":[{"href":"https:\/\/mueble4you.com\/ru\/wp-json\/wp\/v2\/product\/78543","targetHints":{"allow":["GET"]}}],"collection":[{"href":"https:\/\/mueble4you.com\/ru\/wp-json\/wp\/v2\/product"}],"about":[{"href":"https:\/\/mueble4you.com\/ru\/wp-json\/wp\/v2\/types\/product"}],"wp:featuredmedia":[{"embeddable":true,"href":"https:\/\/mueble4you.com\/ru\/wp-json\/wp\/v2\/media\/78534"}],"wp:attachment":[{"href":"https:\/\/mueble4you.com\/ru\/wp-json\/wp\/v2\/media?parent=78543"}],"wp:term":[{"taxonomy":"product_brand","embeddable":true,"href":"https:\/\/mueble4you.com\/ru\/wp-json\/wp\/v2\/product_brand?post=78543"},{"taxonomy":"product_cat","embeddable":true,"href":"https:\/\/mueble4you.com\/ru\/wp-json\/wp\/v2\/product_cat?post=78543"},{"taxonomy":"product_tag","embeddable":true,"href":"https:\/\/mueble4you.com\/ru\/wp-json\/wp\/v2\/product_tag?post=78543"}],"curies":[{"name":"wp","href":"https:\/\/api.w.org\/{rel}","templated":true}]}}