{"id":69184,"date":"2024-01-23T15:11:58","date_gmt":"2024-01-23T15:11:58","guid":{"rendered":"https:\/\/mueble4you.com\/productos\/sofa-2pl-recl-c-coj-kledi-lunar\/"},"modified":"2024-01-23T15:11:58","modified_gmt":"2024-01-23T15:11:58","slug":"sofa-2pl-recl-c-coj-kledi-lunar","status":"publish","type":"product","link":"https:\/\/mueble4you.com\/ru\/productos\/sofa-2pl-recl-c-coj-kledi-lunar\/","title":{"rendered":"SOF\u00c1 2PL RECL C-COJ KLEDI LUNAR"},"content":{"rendered":"<ul>\n<li>Estructura de aluminio con revestimiento en polvo (poli\u00e9ster).<\/li>\n<li>Respaldo reclinabile en libre posici\u00f3n y asiento de textilene 1&#215;1.<\/li>\n<li>Cojines desenfundables en tejido olefin (100% polipropileno).<\/li>\n<li>152a &#8212; 81b &#8212; 98h &#8212; 46h1 &#8212; 61.5h2.<\/li>\n<\/ul>\n","protected":false},"excerpt":{"rendered":"<p>Estructura de aluminio con revestimiento en polvo (poli\u00e9ster). Respaldo reclinabile en libre posici\u00f3n y asiento de textilene 1&#215;1. Cojines desenfundables en tejido olefin (100% polipropileno). 152a &#8212; 81b &#8212; 98h &#8212; 46h1 &#8212; 61.5h2.<\/p>\n","protected":false},"featured_media":69180,"template":"","meta":[],"product_brand":[],"product_cat":[306,314],"product_tag":[],"class_list":{"0":"post-69184","1":"product","2":"type-product","3":"status-publish","4":"has-post-thumbnail","6":"product_cat----ru","7":"product_cat-314","9":"first","10":"instock","11":"shipping-taxable","12":"product-type-simple"},"yoast_head":"<!-- This site is optimized with the Yoast SEO plugin v27.3 - https:\/\/yoast.com\/product\/yoast-seo-wordpress\/ -->\n<title>SOF\u00c1 2PL RECL C-COJ KLEDI LUNAR | mueble4you<\/title>\n<meta name=\"robots\" content=\"index, follow, max-snippet:-1, max-image-preview:large, max-video-preview:-1\" \/>\n<link rel=\"canonical\" href=\"https:\/\/mueble4you.com\/ru\/productos\/sofa-2pl-recl-c-coj-kledi-lunar\/\" \/>\n<meta property=\"og:locale\" content=\"ru_RU\" \/>\n<meta property=\"og:type\" content=\"article\" \/>\n<meta property=\"og:title\" content=\"SOF\u00c1 2PL RECL C-COJ KLEDI LUNAR | mueble4you\" \/>\n<meta property=\"og:description\" content=\"Estructura de aluminio con revestimiento en polvo (poli\u00e9ster). Respaldo reclinabile en libre posici\u00f3n y asiento de textilene 1&#215;1. Cojines desenfundables en tejido olefin (100% polipropileno). 152a &#8212; 81b &#8212; 98h &#8212; 46h1 &#8212; 61.5h2.\" \/>\n<meta property=\"og:url\" content=\"https:\/\/mueble4you.com\/ru\/productos\/sofa-2pl-recl-c-coj-kledi-lunar\/\" \/>\n<meta property=\"og:site_name\" content=\"mueble4you\" \/>\n<meta property=\"og:image\" content=\"https:\/\/mueble4you.com\/wp-content\/uploads\/2024\/01\/663061.jpg\" \/>\n\t<meta property=\"og:image:width\" content=\"1442\" \/>\n\t<meta property=\"og:image:height\" content=\"1080\" \/>\n\t<meta property=\"og:image:type\" content=\"image\/jpeg\" \/>\n<meta name=\"twitter:card\" content=\"summary_large_image\" \/>\n<script type=\"application\/ld+json\" class=\"yoast-schema-graph\">{\"@context\":\"https:\\\/\\\/schema.org\",\"@graph\":[{\"@type\":\"WebPage\",\"@id\":\"https:\\\/\\\/mueble4you.com\\\/ru\\\/productos\\\/sofa-2pl-recl-c-coj-kledi-lunar\\\/\",\"url\":\"https:\\\/\\\/mueble4you.com\\\/ru\\\/productos\\\/sofa-2pl-recl-c-coj-kledi-lunar\\\/\",\"name\":\"SOF\u00c1 2PL RECL C-COJ KLEDI LUNAR | mueble4you\",\"isPartOf\":{\"@id\":\"https:\\\/\\\/mueble4you.com\\\/#website\"},\"primaryImageOfPage\":{\"@id\":\"https:\\\/\\\/mueble4you.com\\\/ru\\\/productos\\\/sofa-2pl-recl-c-coj-kledi-lunar\\\/#primaryimage\"},\"image\":{\"@id\":\"https:\\\/\\\/mueble4you.com\\\/ru\\\/productos\\\/sofa-2pl-recl-c-coj-kledi-lunar\\\/#primaryimage\"},\"thumbnailUrl\":\"https:\\\/\\\/mueble4you.com\\\/wp-content\\\/uploads\\\/2024\\\/01\\\/663061.jpg\",\"datePublished\":\"2024-01-23T15:11:58+00:00\",\"breadcrumb\":{\"@id\":\"https:\\\/\\\/mueble4you.com\\\/ru\\\/productos\\\/sofa-2pl-recl-c-coj-kledi-lunar\\\/#breadcrumb\"},\"inLanguage\":\"ru-RU\",\"potentialAction\":[{\"@type\":\"ReadAction\",\"target\":[\"https:\\\/\\\/mueble4you.com\\\/ru\\\/productos\\\/sofa-2pl-recl-c-coj-kledi-lunar\\\/\"]}]},{\"@type\":\"ImageObject\",\"inLanguage\":\"ru-RU\",\"@id\":\"https:\\\/\\\/mueble4you.com\\\/ru\\\/productos\\\/sofa-2pl-recl-c-coj-kledi-lunar\\\/#primaryimage\",\"url\":\"https:\\\/\\\/mueble4you.com\\\/wp-content\\\/uploads\\\/2024\\\/01\\\/663061.jpg\",\"contentUrl\":\"https:\\\/\\\/mueble4you.com\\\/wp-content\\\/uploads\\\/2024\\\/01\\\/663061.jpg\",\"width\":1442,\"height\":1080},{\"@type\":\"BreadcrumbList\",\"@id\":\"https:\\\/\\\/mueble4you.com\\\/ru\\\/productos\\\/sofa-2pl-recl-c-coj-kledi-lunar\\\/#breadcrumb\",\"itemListElement\":[{\"@type\":\"ListItem\",\"position\":1,\"name\":\"Portada\",\"item\":\"https:\\\/\\\/mueble4you.com\\\/ru\\\/\"},{\"@type\":\"ListItem\",\"position\":2,\"name\":\"Productos\",\"item\":\"https:\\\/\\\/mueble4you.com\\\/productos\\\/\"},{\"@type\":\"ListItem\",\"position\":3,\"name\":\"SOF\u00c1 2PL RECL C-COJ KLEDI LUNAR\"}]},{\"@type\":\"WebSite\",\"@id\":\"https:\\\/\\\/mueble4you.com\\\/#website\",\"url\":\"https:\\\/\\\/mueble4you.com\\\/\",\"name\":\"mueble4you\",\"description\":\"?????? ? ????????\",\"potentialAction\":[{\"@type\":\"SearchAction\",\"target\":{\"@type\":\"EntryPoint\",\"urlTemplate\":\"https:\\\/\\\/mueble4you.com\\\/?s={search_term_string}\"},\"query-input\":{\"@type\":\"PropertyValueSpecification\",\"valueRequired\":true,\"valueName\":\"search_term_string\"}}],\"inLanguage\":\"ru-RU\"}]}<\/script>\n<!-- \/ Yoast SEO plugin. -->","yoast_head_json":{"title":"SOF\u00c1 2PL RECL C-COJ KLEDI LUNAR | mueble4you","robots":{"index":"index","follow":"follow","max-snippet":"max-snippet:-1","max-image-preview":"max-image-preview:large","max-video-preview":"max-video-preview:-1"},"canonical":"https:\/\/mueble4you.com\/ru\/productos\/sofa-2pl-recl-c-coj-kledi-lunar\/","og_locale":"ru_RU","og_type":"article","og_title":"SOF\u00c1 2PL RECL C-COJ KLEDI LUNAR | mueble4you","og_description":"Estructura de aluminio con revestimiento en polvo (poli\u00e9ster). Respaldo reclinabile en libre posici\u00f3n y asiento de textilene 1&#215;1. Cojines desenfundables en tejido olefin (100% polipropileno). 152a &#8212; 81b &#8212; 98h &#8212; 46h1 &#8212; 61.5h2.","og_url":"https:\/\/mueble4you.com\/ru\/productos\/sofa-2pl-recl-c-coj-kledi-lunar\/","og_site_name":"mueble4you","og_image":[{"width":1442,"height":1080,"url":"https:\/\/mueble4you.com\/wp-content\/uploads\/2024\/01\/663061.jpg","type":"image\/jpeg"}],"twitter_card":"summary_large_image","schema":{"@context":"https:\/\/schema.org","@graph":[{"@type":"WebPage","@id":"https:\/\/mueble4you.com\/ru\/productos\/sofa-2pl-recl-c-coj-kledi-lunar\/","url":"https:\/\/mueble4you.com\/ru\/productos\/sofa-2pl-recl-c-coj-kledi-lunar\/","name":"SOF\u00c1 2PL RECL C-COJ KLEDI LUNAR | mueble4you","isPartOf":{"@id":"https:\/\/mueble4you.com\/#website"},"primaryImageOfPage":{"@id":"https:\/\/mueble4you.com\/ru\/productos\/sofa-2pl-recl-c-coj-kledi-lunar\/#primaryimage"},"image":{"@id":"https:\/\/mueble4you.com\/ru\/productos\/sofa-2pl-recl-c-coj-kledi-lunar\/#primaryimage"},"thumbnailUrl":"https:\/\/mueble4you.com\/wp-content\/uploads\/2024\/01\/663061.jpg","datePublished":"2024-01-23T15:11:58+00:00","breadcrumb":{"@id":"https:\/\/mueble4you.com\/ru\/productos\/sofa-2pl-recl-c-coj-kledi-lunar\/#breadcrumb"},"inLanguage":"ru-RU","potentialAction":[{"@type":"ReadAction","target":["https:\/\/mueble4you.com\/ru\/productos\/sofa-2pl-recl-c-coj-kledi-lunar\/"]}]},{"@type":"ImageObject","inLanguage":"ru-RU","@id":"https:\/\/mueble4you.com\/ru\/productos\/sofa-2pl-recl-c-coj-kledi-lunar\/#primaryimage","url":"https:\/\/mueble4you.com\/wp-content\/uploads\/2024\/01\/663061.jpg","contentUrl":"https:\/\/mueble4you.com\/wp-content\/uploads\/2024\/01\/663061.jpg","width":1442,"height":1080},{"@type":"BreadcrumbList","@id":"https:\/\/mueble4you.com\/ru\/productos\/sofa-2pl-recl-c-coj-kledi-lunar\/#breadcrumb","itemListElement":[{"@type":"ListItem","position":1,"name":"Portada","item":"https:\/\/mueble4you.com\/ru\/"},{"@type":"ListItem","position":2,"name":"Productos","item":"https:\/\/mueble4you.com\/productos\/"},{"@type":"ListItem","position":3,"name":"SOF\u00c1 2PL RECL C-COJ KLEDI LUNAR"}]},{"@type":"WebSite","@id":"https:\/\/mueble4you.com\/#website","url":"https:\/\/mueble4you.com\/","name":"mueble4you","description":"?????? ? ????????","potentialAction":[{"@type":"SearchAction","target":{"@type":"EntryPoint","urlTemplate":"https:\/\/mueble4you.com\/?s={search_term_string}"},"query-input":{"@type":"PropertyValueSpecification","valueRequired":true,"valueName":"search_term_string"}}],"inLanguage":"ru-RU"}]}},"_links":{"self":[{"href":"https:\/\/mueble4you.com\/ru\/wp-json\/wp\/v2\/product\/69184","targetHints":{"allow":["GET"]}}],"collection":[{"href":"https:\/\/mueble4you.com\/ru\/wp-json\/wp\/v2\/product"}],"about":[{"href":"https:\/\/mueble4you.com\/ru\/wp-json\/wp\/v2\/types\/product"}],"wp:featuredmedia":[{"embeddable":true,"href":"https:\/\/mueble4you.com\/ru\/wp-json\/wp\/v2\/media\/69180"}],"wp:attachment":[{"href":"https:\/\/mueble4you.com\/ru\/wp-json\/wp\/v2\/media?parent=69184"}],"wp:term":[{"taxonomy":"product_brand","embeddable":true,"href":"https:\/\/mueble4you.com\/ru\/wp-json\/wp\/v2\/product_brand?post=69184"},{"taxonomy":"product_cat","embeddable":true,"href":"https:\/\/mueble4you.com\/ru\/wp-json\/wp\/v2\/product_cat?post=69184"},{"taxonomy":"product_tag","embeddable":true,"href":"https:\/\/mueble4you.com\/ru\/wp-json\/wp\/v2\/product_tag?post=69184"}],"curies":[{"name":"wp","href":"https:\/\/api.w.org\/{rel}","templated":true}]}}