{"id":42085,"date":"2020-11-09T18:12:10","date_gmt":"2020-11-09T18:12:10","guid":{"rendered":"https:\/\/mueble4you.com\/productos\/silla-ocre-pie-metal-negro\/"},"modified":"2023-10-18T09:54:03","modified_gmt":"2023-10-18T09:54:03","slug":"silla-ocre-pie-metal-negro","status":"publish","type":"product","link":"https:\/\/mueble4you.com\/ru\/productos\/silla-ocre-pie-metal-negro\/","title":{"rendered":"Silla Ocre, Pie Metal Negro"},"content":{"rendered":"<table id=\"product-attribute-specs-table\" class=\"data table additional-attributes\">\n<tbody>\n<tr>\n<th class=\"col label\" scope=\"row\">MEDIDAS<\/th>\n<td class=\"col data\" data-th=\"MEDIDAS\">54.00 cm. x 60.00 cm. x 83.00 cm.<\/td>\n<\/tr>\n<tr>\n<th class=\"col label\" scope=\"row\">COLOR<\/th>\n<td class=\"col data\" data-th=\"COLOR\">OCRE<\/td>\n<\/tr>\n<tr>\n<th class=\"col label\" scope=\"row\">MATERIAL<\/th>\n<td class=\"col data\" data-th=\"MATERIAL\">TEJIDO-METAL<\/td>\n<\/tr>\n<tr>\n<th class=\"col label\" scope=\"row\">USO<\/th>\n<td class=\"col data\" data-th=\"USO\">SAL\u00d3N<\/td>\n<\/tr>\n<tr>\n<th class=\"col label\" scope=\"row\">PIEZA<\/th>\n<td class=\"col data\" data-th=\"PIEZA\">SILLA<\/td>\n<\/tr>\n<\/tbody>\n<\/table>\n<ul>\n<li>Material: 95% poli\u00e9ster &#8212; 5% algod\u00f3n.<\/li>\n<li>Gramaje: 360g\/m2.<\/li>\n<li>Relleno: foam, densidad: 22kg.\/m3.<\/li>\n<li>Estructura de madera conglomerada.<\/li>\n<li>Patas de hierro.<\/li>\n<li>No apilable.<\/li>\n<li>Altura asiento: 49cm.<\/li>\n<li>Altura patas: 42cm.<\/li>\n<li>Profundidad asiento: 44cm.<\/li>\n<li>Ancho asiento: 55cm.<\/li>\n<li>Altura respaldo: 34cm.<\/li>\n<li>Cumple normativa EN16139:2013<\/li>\n<\/ul>\n","protected":false},"excerpt":{"rendered":"<p>MEDIDAS 54.00 cm. x 60.00 cm. x 83.00 cm. COLOR OCRE MATERIAL TEJIDO-METAL USO SAL\u00d3N PIEZA SILLA Material: 95% poli\u00e9ster &#8212; 5% algod\u00f3n. Gramaje: 360g\/m2. Relleno: foam, densidad: 22kg.\/m3. Estructura de madera conglomerada. Patas de hierro. No apilable. Altura asiento: 49cm. Altura patas: 42cm. Profundidad asiento: 44cm. Ancho asiento: 55cm. Altura respaldo: 34cm. Cumple normativa [&#8230;]\n","protected":false},"featured_media":42075,"template":"","meta":[],"product_brand":[],"product_cat":[211,354],"product_tag":[],"class_list":{"0":"post-42085","1":"product","2":"type-product","3":"status-publish","4":"has-post-thumbnail","6":"product_cat-211","7":"product_cat-354","9":"first","10":"instock","11":"shipping-taxable","12":"product-type-simple"},"yoast_head":"<!-- This site is optimized with the Yoast SEO plugin v27.2 - https:\/\/yoast.com\/product\/yoast-seo-wordpress\/ -->\n<title>Silla Ocre, Pie Metal Negro | mueble4you<\/title>\n<meta name=\"robots\" content=\"index, follow, max-snippet:-1, max-image-preview:large, max-video-preview:-1\" \/>\n<link rel=\"canonical\" href=\"https:\/\/mueble4you.com\/ru\/productos\/silla-ocre-pie-metal-negro\/\" \/>\n<meta property=\"og:locale\" content=\"ru_RU\" \/>\n<meta property=\"og:type\" content=\"article\" \/>\n<meta property=\"og:title\" content=\"Silla Ocre, Pie Metal Negro | mueble4you\" \/>\n<meta property=\"og:description\" content=\"MEDIDAS 54.00 cm. x 60.00 cm. x 83.00 cm. COLOR OCRE MATERIAL TEJIDO-METAL USO SAL\u00d3N PIEZA SILLA Material: 95% poli\u00e9ster &#8212; 5% algod\u00f3n. Gramaje: 360g\/m2. Relleno: foam, densidad: 22kg.\/m3. Estructura de madera conglomerada. Patas de hierro. No apilable. Altura asiento: 49cm. Altura patas: 42cm. Profundidad asiento: 44cm. Ancho asiento: 55cm. Altura respaldo: 34cm. Cumple normativa [...]\" \/>\n<meta property=\"og:url\" content=\"https:\/\/mueble4you.com\/ru\/productos\/silla-ocre-pie-metal-negro\/\" \/>\n<meta property=\"og:site_name\" content=\"mueble4you\" \/>\n<meta property=\"article:modified_time\" content=\"2023-10-18T09:54:03+00:00\" \/>\n<meta property=\"og:image\" content=\"https:\/\/mueble4you.com\/wp-content\/uploads\/2020\/11\/Silla-con-reposabrazos-de-diseno-vintage-tapizada-tela-color-ocre-y-patas-de-metal-negro2.jpg\" \/>\n\t<meta property=\"og:image:width\" content=\"1000\" \/>\n\t<meta property=\"og:image:height\" content=\"1000\" \/>\n\t<meta property=\"og:image:type\" content=\"image\/jpeg\" \/>\n<meta name=\"twitter:card\" content=\"summary_large_image\" \/>\n<script type=\"application\/ld+json\" class=\"yoast-schema-graph\">{\"@context\":\"https:\/\/schema.org\",\"@graph\":[{\"@type\":\"WebPage\",\"@id\":\"https:\/\/mueble4you.com\/ru\/productos\/silla-ocre-pie-metal-negro\/\",\"url\":\"https:\/\/mueble4you.com\/ru\/productos\/silla-ocre-pie-metal-negro\/\",\"name\":\"Silla Ocre, Pie Metal Negro | mueble4you\",\"isPartOf\":{\"@id\":\"https:\/\/mueble4you.com\/#website\"},\"primaryImageOfPage\":{\"@id\":\"https:\/\/mueble4you.com\/ru\/productos\/silla-ocre-pie-metal-negro\/#primaryimage\"},\"image\":{\"@id\":\"https:\/\/mueble4you.com\/ru\/productos\/silla-ocre-pie-metal-negro\/#primaryimage\"},\"thumbnailUrl\":\"https:\/\/mueble4you.com\/wp-content\/uploads\/2020\/11\/Silla-con-reposabrazos-de-diseno-vintage-tapizada-tela-color-ocre-y-patas-de-metal-negro2.jpg\",\"datePublished\":\"2020-11-09T18:12:10+00:00\",\"dateModified\":\"2023-10-18T09:54:03+00:00\",\"breadcrumb\":{\"@id\":\"https:\/\/mueble4you.com\/ru\/productos\/silla-ocre-pie-metal-negro\/#breadcrumb\"},\"inLanguage\":\"ru-RU\",\"potentialAction\":[{\"@type\":\"ReadAction\",\"target\":[\"https:\/\/mueble4you.com\/ru\/productos\/silla-ocre-pie-metal-negro\/\"]}]},{\"@type\":\"ImageObject\",\"inLanguage\":\"ru-RU\",\"@id\":\"https:\/\/mueble4you.com\/ru\/productos\/silla-ocre-pie-metal-negro\/#primaryimage\",\"url\":\"https:\/\/mueble4you.com\/wp-content\/uploads\/2020\/11\/Silla-con-reposabrazos-de-diseno-vintage-tapizada-tela-color-ocre-y-patas-de-metal-negro2.jpg\",\"contentUrl\":\"https:\/\/mueble4you.com\/wp-content\/uploads\/2020\/11\/Silla-con-reposabrazos-de-diseno-vintage-tapizada-tela-color-ocre-y-patas-de-metal-negro2.jpg\",\"width\":1000,\"height\":1000},{\"@type\":\"BreadcrumbList\",\"@id\":\"https:\/\/mueble4you.com\/ru\/productos\/silla-ocre-pie-metal-negro\/#breadcrumb\",\"itemListElement\":[{\"@type\":\"ListItem\",\"position\":1,\"name\":\"Portada\",\"item\":\"https:\/\/mueble4you.com\/ru\/\"},{\"@type\":\"ListItem\",\"position\":2,\"name\":\"Productos\",\"item\":\"https:\/\/mueble4you.com\/productos\/\"},{\"@type\":\"ListItem\",\"position\":3,\"name\":\"Silla Ocre, Pie Metal Negro\"}]},{\"@type\":\"WebSite\",\"@id\":\"https:\/\/mueble4you.com\/#website\",\"url\":\"https:\/\/mueble4you.com\/\",\"name\":\"mueble4you\",\"description\":\"?????? ? ????????\",\"potentialAction\":[{\"@type\":\"SearchAction\",\"target\":{\"@type\":\"EntryPoint\",\"urlTemplate\":\"https:\/\/mueble4you.com\/?s={search_term_string}\"},\"query-input\":{\"@type\":\"PropertyValueSpecification\",\"valueRequired\":true,\"valueName\":\"search_term_string\"}}],\"inLanguage\":\"ru-RU\"}]}<\/script>\n<!-- \/ Yoast SEO plugin. -->","yoast_head_json":{"title":"Silla Ocre, Pie Metal Negro | mueble4you","robots":{"index":"index","follow":"follow","max-snippet":"max-snippet:-1","max-image-preview":"max-image-preview:large","max-video-preview":"max-video-preview:-1"},"canonical":"https:\/\/mueble4you.com\/ru\/productos\/silla-ocre-pie-metal-negro\/","og_locale":"ru_RU","og_type":"article","og_title":"Silla Ocre, Pie Metal Negro | mueble4you","og_description":"MEDIDAS 54.00 cm. x 60.00 cm. x 83.00 cm. COLOR OCRE MATERIAL TEJIDO-METAL USO SAL\u00d3N PIEZA SILLA Material: 95% poli\u00e9ster &#8212; 5% algod\u00f3n. Gramaje: 360g\/m2. Relleno: foam, densidad: 22kg.\/m3. Estructura de madera conglomerada. Patas de hierro. No apilable. Altura asiento: 49cm. Altura patas: 42cm. Profundidad asiento: 44cm. Ancho asiento: 55cm. Altura respaldo: 34cm. Cumple normativa [...]","og_url":"https:\/\/mueble4you.com\/ru\/productos\/silla-ocre-pie-metal-negro\/","og_site_name":"mueble4you","article_modified_time":"2023-10-18T09:54:03+00:00","og_image":[{"width":1000,"height":1000,"url":"https:\/\/mueble4you.com\/wp-content\/uploads\/2020\/11\/Silla-con-reposabrazos-de-diseno-vintage-tapizada-tela-color-ocre-y-patas-de-metal-negro2.jpg","type":"image\/jpeg"}],"twitter_card":"summary_large_image","schema":{"@context":"https:\/\/schema.org","@graph":[{"@type":"WebPage","@id":"https:\/\/mueble4you.com\/ru\/productos\/silla-ocre-pie-metal-negro\/","url":"https:\/\/mueble4you.com\/ru\/productos\/silla-ocre-pie-metal-negro\/","name":"Silla Ocre, Pie Metal Negro | mueble4you","isPartOf":{"@id":"https:\/\/mueble4you.com\/#website"},"primaryImageOfPage":{"@id":"https:\/\/mueble4you.com\/ru\/productos\/silla-ocre-pie-metal-negro\/#primaryimage"},"image":{"@id":"https:\/\/mueble4you.com\/ru\/productos\/silla-ocre-pie-metal-negro\/#primaryimage"},"thumbnailUrl":"https:\/\/mueble4you.com\/wp-content\/uploads\/2020\/11\/Silla-con-reposabrazos-de-diseno-vintage-tapizada-tela-color-ocre-y-patas-de-metal-negro2.jpg","datePublished":"2020-11-09T18:12:10+00:00","dateModified":"2023-10-18T09:54:03+00:00","breadcrumb":{"@id":"https:\/\/mueble4you.com\/ru\/productos\/silla-ocre-pie-metal-negro\/#breadcrumb"},"inLanguage":"ru-RU","potentialAction":[{"@type":"ReadAction","target":["https:\/\/mueble4you.com\/ru\/productos\/silla-ocre-pie-metal-negro\/"]}]},{"@type":"ImageObject","inLanguage":"ru-RU","@id":"https:\/\/mueble4you.com\/ru\/productos\/silla-ocre-pie-metal-negro\/#primaryimage","url":"https:\/\/mueble4you.com\/wp-content\/uploads\/2020\/11\/Silla-con-reposabrazos-de-diseno-vintage-tapizada-tela-color-ocre-y-patas-de-metal-negro2.jpg","contentUrl":"https:\/\/mueble4you.com\/wp-content\/uploads\/2020\/11\/Silla-con-reposabrazos-de-diseno-vintage-tapizada-tela-color-ocre-y-patas-de-metal-negro2.jpg","width":1000,"height":1000},{"@type":"BreadcrumbList","@id":"https:\/\/mueble4you.com\/ru\/productos\/silla-ocre-pie-metal-negro\/#breadcrumb","itemListElement":[{"@type":"ListItem","position":1,"name":"Portada","item":"https:\/\/mueble4you.com\/ru\/"},{"@type":"ListItem","position":2,"name":"Productos","item":"https:\/\/mueble4you.com\/productos\/"},{"@type":"ListItem","position":3,"name":"Silla Ocre, Pie Metal Negro"}]},{"@type":"WebSite","@id":"https:\/\/mueble4you.com\/#website","url":"https:\/\/mueble4you.com\/","name":"mueble4you","description":"?????? ? ????????","potentialAction":[{"@type":"SearchAction","target":{"@type":"EntryPoint","urlTemplate":"https:\/\/mueble4you.com\/?s={search_term_string}"},"query-input":{"@type":"PropertyValueSpecification","valueRequired":true,"valueName":"search_term_string"}}],"inLanguage":"ru-RU"}]}},"_links":{"self":[{"href":"https:\/\/mueble4you.com\/ru\/wp-json\/wp\/v2\/product\/42085","targetHints":{"allow":["GET"]}}],"collection":[{"href":"https:\/\/mueble4you.com\/ru\/wp-json\/wp\/v2\/product"}],"about":[{"href":"https:\/\/mueble4you.com\/ru\/wp-json\/wp\/v2\/types\/product"}],"wp:featuredmedia":[{"embeddable":true,"href":"https:\/\/mueble4you.com\/ru\/wp-json\/wp\/v2\/media\/42075"}],"wp:attachment":[{"href":"https:\/\/mueble4you.com\/ru\/wp-json\/wp\/v2\/media?parent=42085"}],"wp:term":[{"taxonomy":"product_brand","embeddable":true,"href":"https:\/\/mueble4you.com\/ru\/wp-json\/wp\/v2\/product_brand?post=42085"},{"taxonomy":"product_cat","embeddable":true,"href":"https:\/\/mueble4you.com\/ru\/wp-json\/wp\/v2\/product_cat?post=42085"},{"taxonomy":"product_tag","embeddable":true,"href":"https:\/\/mueble4you.com\/ru\/wp-json\/wp\/v2\/product_tag?post=42085"}],"curies":[{"name":"wp","href":"https:\/\/api.w.org\/{rel}","templated":true}]}}