{"id":39948,"date":"2020-06-24T11:59:41","date_gmt":"2020-06-24T11:59:41","guid":{"rendered":"https:\/\/mueble4you.com\/?post_type=product&#038;p=39948"},"modified":"2023-08-03T16:12:04","modified_gmt":"2023-08-03T16:12:04","slug":"%d0%bc%d1%8f%d0%b3%d0%ba%d0%b0%d1%8f-%d0%b1%d0%b0%d0%b7%d0%b0-150x190-%d1%81%d0%bc-6-%d0%bd%d0%be%d0%b6%d0%b5%d0%ba","status":"publish","type":"product","link":"https:\/\/mueble4you.com\/ru\/productos\/%d0%bc%d1%8f%d0%b3%d0%ba%d0%b0%d1%8f-%d0%b1%d0%b0%d0%b7%d0%b0-150x190-%d1%81%d0%bc-6-%d0%bd%d0%be%d0%b6%d0%b5%d0%ba\/","title":{"rendered":"\u041c\u044f\u0433\u043a\u0430\u044f \u0431\u0430\u0437\u0430 150X190 \u0441\u043c + 6 \u043d\u043e\u0436\u0435\u043a."},"content":{"rendered":"<pre id=\"tw-target-text\" class=\"tw-data-text tw-text-large tw-ta\" dir=\"ltr\" data-placeholder=\"Traducci\u00f3n\"><span class=\"Y2IQFc\" lang=\"ru\">\u041c\u044f\u0433\u043a\u0430\u044f \u043e\u0441\u043d\u043e\u0432\u0430, \u0430\u043b\u044e\u043c\u0438\u043d\u0438\u0435\u0432\u0430\u044f \u043a\u043e\u043d\u0441\u0442\u0440\u0443\u043a\u0446\u0438\u044f, \u0432\u043a\u043b\u044e\u0447\u0430\u0435\u0442 \u0432 \u0441\u0435\u0431\u044f 6 \u043d\u043e\u0436\u0435\u043a, \u0440\u0430\u0437\u043c\u0435\u0440\u044b 150x190 \u0441\u043c.<\/span><\/pre>\n","protected":false},"excerpt":{"rendered":"<p>DISPONIBLE:<\/p>\n<ul>\n<li>90 X 190<\/li>\n<li>135 X 190<\/li>\n<li>150 X 190<\/li>\n<li>160 X 200<\/li>\n<li>180 X 200<\/li>\n<\/ul>\n<ol>\n<li>ESTRUCTURA MET\u00c1LICA<\/li>\n<li>TEJIDO TRANSPIRABLE<\/li>\n<li>AIREADORES<\/li>\n<\/ol>\n<p>Tambi\u00e9n disponible en otros tama\u00f1os bajo pedido.<\/p>\n","protected":false},"featured_media":36471,"template":"","meta":[],"product_brand":[],"product_cat":[220,219],"product_tag":[],"class_list":{"0":"post-39948","1":"product","2":"type-product","3":"status-publish","4":"has-post-thumbnail","6":"product_cat-220","7":"product_cat-219","9":"first","10":"instock","11":"shipping-taxable","12":"product-type-simple"},"yoast_head":"<!-- This site is optimized with the Yoast SEO plugin v27.2 - https:\/\/yoast.com\/product\/yoast-seo-wordpress\/ -->\n<title>\u041c\u044f\u0433\u043a\u0430\u044f \u0431\u0430\u0437\u0430 150X190 \u0441\u043c + 6 \u043d\u043e\u0436\u0435\u043a. | mueble4you<\/title>\n<meta name=\"robots\" content=\"index, follow, max-snippet:-1, max-image-preview:large, max-video-preview:-1\" \/>\n<link rel=\"canonical\" href=\"https:\/\/mueble4you.com\/ru\/productos\/\u043c\u044f\u0433\u043a\u0430\u044f-\u0431\u0430\u0437\u0430-150x190-\u0441\u043c-6-\u043d\u043e\u0436\u0435\u043a\/\" \/>\n<meta property=\"og:locale\" content=\"ru_RU\" \/>\n<meta property=\"og:type\" content=\"article\" \/>\n<meta property=\"og:title\" content=\"\u041c\u044f\u0433\u043a\u0430\u044f \u0431\u0430\u0437\u0430 150X190 \u0441\u043c + 6 \u043d\u043e\u0436\u0435\u043a. | mueble4you\" \/>\n<meta property=\"og:description\" content=\"DISPONIBLE:   90 X 190  135 X 190  150 X 190  160 X 200  180 X 200    ESTRUCTURA MET\u00c1LICA  TEJIDO TRANSPIRABLE  AIREADORES  Tambi\u00e9n disponible en otros tama\u00f1os bajo pedido.\" \/>\n<meta property=\"og:url\" content=\"https:\/\/mueble4you.com\/ru\/productos\/\u043c\u044f\u0433\u043a\u0430\u044f-\u0431\u0430\u0437\u0430-150x190-\u0441\u043c-6-\u043d\u043e\u0436\u0435\u043a\/\" \/>\n<meta property=\"og:site_name\" content=\"mueble4you\" \/>\n<meta property=\"article:modified_time\" content=\"2023-08-03T16:12:04+00:00\" \/>\n<meta property=\"og:image\" content=\"https:\/\/mueble4you.com\/wp-content\/uploads\/2019\/09\/1024x576-Bases-Tapizadas-Airsom.jpg\" \/>\n\t<meta property=\"og:image:width\" content=\"1024\" \/>\n\t<meta property=\"og:image:height\" content=\"576\" \/>\n\t<meta property=\"og:image:type\" content=\"image\/jpeg\" \/>\n<meta name=\"twitter:card\" content=\"summary_large_image\" \/>\n<script type=\"application\/ld+json\" class=\"yoast-schema-graph\">{\"@context\":\"https:\/\/schema.org\",\"@graph\":[{\"@type\":\"WebPage\",\"@id\":\"https:\/\/mueble4you.com\/ru\/productos\/%d0%bc%d1%8f%d0%b3%d0%ba%d0%b0%d1%8f-%d0%b1%d0%b0%d0%b7%d0%b0-150x190-%d1%81%d0%bc-6-%d0%bd%d0%be%d0%b6%d0%b5%d0%ba\/\",\"url\":\"https:\/\/mueble4you.com\/ru\/productos\/%d0%bc%d1%8f%d0%b3%d0%ba%d0%b0%d1%8f-%d0%b1%d0%b0%d0%b7%d0%b0-150x190-%d1%81%d0%bc-6-%d0%bd%d0%be%d0%b6%d0%b5%d0%ba\/\",\"name\":\"\u041c\u044f\u0433\u043a\u0430\u044f \u0431\u0430\u0437\u0430 150X190 \u0441\u043c + 6 \u043d\u043e\u0436\u0435\u043a. | mueble4you\",\"isPartOf\":{\"@id\":\"https:\/\/mueble4you.com\/#website\"},\"primaryImageOfPage\":{\"@id\":\"https:\/\/mueble4you.com\/ru\/productos\/%d0%bc%d1%8f%d0%b3%d0%ba%d0%b0%d1%8f-%d0%b1%d0%b0%d0%b7%d0%b0-150x190-%d1%81%d0%bc-6-%d0%bd%d0%be%d0%b6%d0%b5%d0%ba\/#primaryimage\"},\"image\":{\"@id\":\"https:\/\/mueble4you.com\/ru\/productos\/%d0%bc%d1%8f%d0%b3%d0%ba%d0%b0%d1%8f-%d0%b1%d0%b0%d0%b7%d0%b0-150x190-%d1%81%d0%bc-6-%d0%bd%d0%be%d0%b6%d0%b5%d0%ba\/#primaryimage\"},\"thumbnailUrl\":\"https:\/\/mueble4you.com\/wp-content\/uploads\/2019\/09\/1024x576-Bases-Tapizadas-Airsom.jpg\",\"datePublished\":\"2020-06-24T11:59:41+00:00\",\"dateModified\":\"2023-08-03T16:12:04+00:00\",\"breadcrumb\":{\"@id\":\"https:\/\/mueble4you.com\/ru\/productos\/%d0%bc%d1%8f%d0%b3%d0%ba%d0%b0%d1%8f-%d0%b1%d0%b0%d0%b7%d0%b0-150x190-%d1%81%d0%bc-6-%d0%bd%d0%be%d0%b6%d0%b5%d0%ba\/#breadcrumb\"},\"inLanguage\":\"ru-RU\",\"potentialAction\":[{\"@type\":\"ReadAction\",\"target\":[\"https:\/\/mueble4you.com\/ru\/productos\/%d0%bc%d1%8f%d0%b3%d0%ba%d0%b0%d1%8f-%d0%b1%d0%b0%d0%b7%d0%b0-150x190-%d1%81%d0%bc-6-%d0%bd%d0%be%d0%b6%d0%b5%d0%ba\/\"]}]},{\"@type\":\"ImageObject\",\"inLanguage\":\"ru-RU\",\"@id\":\"https:\/\/mueble4you.com\/ru\/productos\/%d0%bc%d1%8f%d0%b3%d0%ba%d0%b0%d1%8f-%d0%b1%d0%b0%d0%b7%d0%b0-150x190-%d1%81%d0%bc-6-%d0%bd%d0%be%d0%b6%d0%b5%d0%ba\/#primaryimage\",\"url\":\"https:\/\/mueble4you.com\/wp-content\/uploads\/2019\/09\/1024x576-Bases-Tapizadas-Airsom.jpg\",\"contentUrl\":\"https:\/\/mueble4you.com\/wp-content\/uploads\/2019\/09\/1024x576-Bases-Tapizadas-Airsom.jpg\",\"width\":1024,\"height\":576},{\"@type\":\"BreadcrumbList\",\"@id\":\"https:\/\/mueble4you.com\/ru\/productos\/%d0%bc%d1%8f%d0%b3%d0%ba%d0%b0%d1%8f-%d0%b1%d0%b0%d0%b7%d0%b0-150x190-%d1%81%d0%bc-6-%d0%bd%d0%be%d0%b6%d0%b5%d0%ba\/#breadcrumb\",\"itemListElement\":[{\"@type\":\"ListItem\",\"position\":1,\"name\":\"Portada\",\"item\":\"https:\/\/mueble4you.com\/ru\/\"},{\"@type\":\"ListItem\",\"position\":2,\"name\":\"Productos\",\"item\":\"https:\/\/mueble4you.com\/productos\/\"},{\"@type\":\"ListItem\",\"position\":3,\"name\":\"\u041c\u044f\u0433\u043a\u0430\u044f \u0431\u0430\u0437\u0430 150X190 \u0441\u043c + 6 \u043d\u043e\u0436\u0435\u043a.\"}]},{\"@type\":\"WebSite\",\"@id\":\"https:\/\/mueble4you.com\/#website\",\"url\":\"https:\/\/mueble4you.com\/\",\"name\":\"mueble4you\",\"description\":\"?????? ? ????????\",\"potentialAction\":[{\"@type\":\"SearchAction\",\"target\":{\"@type\":\"EntryPoint\",\"urlTemplate\":\"https:\/\/mueble4you.com\/?s={search_term_string}\"},\"query-input\":{\"@type\":\"PropertyValueSpecification\",\"valueRequired\":true,\"valueName\":\"search_term_string\"}}],\"inLanguage\":\"ru-RU\"}]}<\/script>\n<!-- \/ Yoast SEO plugin. -->","yoast_head_json":{"title":"\u041c\u044f\u0433\u043a\u0430\u044f \u0431\u0430\u0437\u0430 150X190 \u0441\u043c + 6 \u043d\u043e\u0436\u0435\u043a. | mueble4you","robots":{"index":"index","follow":"follow","max-snippet":"max-snippet:-1","max-image-preview":"max-image-preview:large","max-video-preview":"max-video-preview:-1"},"canonical":"https:\/\/mueble4you.com\/ru\/productos\/\u043c\u044f\u0433\u043a\u0430\u044f-\u0431\u0430\u0437\u0430-150x190-\u0441\u043c-6-\u043d\u043e\u0436\u0435\u043a\/","og_locale":"ru_RU","og_type":"article","og_title":"\u041c\u044f\u0433\u043a\u0430\u044f \u0431\u0430\u0437\u0430 150X190 \u0441\u043c + 6 \u043d\u043e\u0436\u0435\u043a. | mueble4you","og_description":"DISPONIBLE:   90 X 190  135 X 190  150 X 190  160 X 200  180 X 200    ESTRUCTURA MET\u00c1LICA  TEJIDO TRANSPIRABLE  AIREADORES  Tambi\u00e9n disponible en otros tama\u00f1os bajo pedido.","og_url":"https:\/\/mueble4you.com\/ru\/productos\/\u043c\u044f\u0433\u043a\u0430\u044f-\u0431\u0430\u0437\u0430-150x190-\u0441\u043c-6-\u043d\u043e\u0436\u0435\u043a\/","og_site_name":"mueble4you","article_modified_time":"2023-08-03T16:12:04+00:00","og_image":[{"width":1024,"height":576,"url":"https:\/\/mueble4you.com\/wp-content\/uploads\/2019\/09\/1024x576-Bases-Tapizadas-Airsom.jpg","type":"image\/jpeg"}],"twitter_card":"summary_large_image","schema":{"@context":"https:\/\/schema.org","@graph":[{"@type":"WebPage","@id":"https:\/\/mueble4you.com\/ru\/productos\/%d0%bc%d1%8f%d0%b3%d0%ba%d0%b0%d1%8f-%d0%b1%d0%b0%d0%b7%d0%b0-150x190-%d1%81%d0%bc-6-%d0%bd%d0%be%d0%b6%d0%b5%d0%ba\/","url":"https:\/\/mueble4you.com\/ru\/productos\/%d0%bc%d1%8f%d0%b3%d0%ba%d0%b0%d1%8f-%d0%b1%d0%b0%d0%b7%d0%b0-150x190-%d1%81%d0%bc-6-%d0%bd%d0%be%d0%b6%d0%b5%d0%ba\/","name":"\u041c\u044f\u0433\u043a\u0430\u044f \u0431\u0430\u0437\u0430 150X190 \u0441\u043c + 6 \u043d\u043e\u0436\u0435\u043a. | mueble4you","isPartOf":{"@id":"https:\/\/mueble4you.com\/#website"},"primaryImageOfPage":{"@id":"https:\/\/mueble4you.com\/ru\/productos\/%d0%bc%d1%8f%d0%b3%d0%ba%d0%b0%d1%8f-%d0%b1%d0%b0%d0%b7%d0%b0-150x190-%d1%81%d0%bc-6-%d0%bd%d0%be%d0%b6%d0%b5%d0%ba\/#primaryimage"},"image":{"@id":"https:\/\/mueble4you.com\/ru\/productos\/%d0%bc%d1%8f%d0%b3%d0%ba%d0%b0%d1%8f-%d0%b1%d0%b0%d0%b7%d0%b0-150x190-%d1%81%d0%bc-6-%d0%bd%d0%be%d0%b6%d0%b5%d0%ba\/#primaryimage"},"thumbnailUrl":"https:\/\/mueble4you.com\/wp-content\/uploads\/2019\/09\/1024x576-Bases-Tapizadas-Airsom.jpg","datePublished":"2020-06-24T11:59:41+00:00","dateModified":"2023-08-03T16:12:04+00:00","breadcrumb":{"@id":"https:\/\/mueble4you.com\/ru\/productos\/%d0%bc%d1%8f%d0%b3%d0%ba%d0%b0%d1%8f-%d0%b1%d0%b0%d0%b7%d0%b0-150x190-%d1%81%d0%bc-6-%d0%bd%d0%be%d0%b6%d0%b5%d0%ba\/#breadcrumb"},"inLanguage":"ru-RU","potentialAction":[{"@type":"ReadAction","target":["https:\/\/mueble4you.com\/ru\/productos\/%d0%bc%d1%8f%d0%b3%d0%ba%d0%b0%d1%8f-%d0%b1%d0%b0%d0%b7%d0%b0-150x190-%d1%81%d0%bc-6-%d0%bd%d0%be%d0%b6%d0%b5%d0%ba\/"]}]},{"@type":"ImageObject","inLanguage":"ru-RU","@id":"https:\/\/mueble4you.com\/ru\/productos\/%d0%bc%d1%8f%d0%b3%d0%ba%d0%b0%d1%8f-%d0%b1%d0%b0%d0%b7%d0%b0-150x190-%d1%81%d0%bc-6-%d0%bd%d0%be%d0%b6%d0%b5%d0%ba\/#primaryimage","url":"https:\/\/mueble4you.com\/wp-content\/uploads\/2019\/09\/1024x576-Bases-Tapizadas-Airsom.jpg","contentUrl":"https:\/\/mueble4you.com\/wp-content\/uploads\/2019\/09\/1024x576-Bases-Tapizadas-Airsom.jpg","width":1024,"height":576},{"@type":"BreadcrumbList","@id":"https:\/\/mueble4you.com\/ru\/productos\/%d0%bc%d1%8f%d0%b3%d0%ba%d0%b0%d1%8f-%d0%b1%d0%b0%d0%b7%d0%b0-150x190-%d1%81%d0%bc-6-%d0%bd%d0%be%d0%b6%d0%b5%d0%ba\/#breadcrumb","itemListElement":[{"@type":"ListItem","position":1,"name":"Portada","item":"https:\/\/mueble4you.com\/ru\/"},{"@type":"ListItem","position":2,"name":"Productos","item":"https:\/\/mueble4you.com\/productos\/"},{"@type":"ListItem","position":3,"name":"\u041c\u044f\u0433\u043a\u0430\u044f \u0431\u0430\u0437\u0430 150X190 \u0441\u043c + 6 \u043d\u043e\u0436\u0435\u043a."}]},{"@type":"WebSite","@id":"https:\/\/mueble4you.com\/#website","url":"https:\/\/mueble4you.com\/","name":"mueble4you","description":"?????? ? ????????","potentialAction":[{"@type":"SearchAction","target":{"@type":"EntryPoint","urlTemplate":"https:\/\/mueble4you.com\/?s={search_term_string}"},"query-input":{"@type":"PropertyValueSpecification","valueRequired":true,"valueName":"search_term_string"}}],"inLanguage":"ru-RU"}]}},"_links":{"self":[{"href":"https:\/\/mueble4you.com\/ru\/wp-json\/wp\/v2\/product\/39948","targetHints":{"allow":["GET"]}}],"collection":[{"href":"https:\/\/mueble4you.com\/ru\/wp-json\/wp\/v2\/product"}],"about":[{"href":"https:\/\/mueble4you.com\/ru\/wp-json\/wp\/v2\/types\/product"}],"wp:featuredmedia":[{"embeddable":true,"href":"https:\/\/mueble4you.com\/ru\/wp-json\/wp\/v2\/media\/36471"}],"wp:attachment":[{"href":"https:\/\/mueble4you.com\/ru\/wp-json\/wp\/v2\/media?parent=39948"}],"wp:term":[{"taxonomy":"product_brand","embeddable":true,"href":"https:\/\/mueble4you.com\/ru\/wp-json\/wp\/v2\/product_brand?post=39948"},{"taxonomy":"product_cat","embeddable":true,"href":"https:\/\/mueble4you.com\/ru\/wp-json\/wp\/v2\/product_cat?post=39948"},{"taxonomy":"product_tag","embeddable":true,"href":"https:\/\/mueble4you.com\/ru\/wp-json\/wp\/v2\/product_tag?post=39948"}],"curies":[{"name":"wp","href":"https:\/\/api.w.org\/{rel}","templated":true}]}}