{"id":36273,"date":"2019-09-04T17:52:32","date_gmt":"2019-09-04T17:52:32","guid":{"rendered":"https:\/\/mueble4you.com\/productos\/cama-nido-2\/"},"modified":"2020-06-24T15:30:01","modified_gmt":"2020-06-24T15:30:01","slug":"cama-nido-2","status":"publish","type":"product","link":"https:\/\/mueble4you.com\/ru\/productos\/cama-nido-2\/","title":{"rendered":"Cama Nido"},"content":{"rendered":"<p>DISPONIBLE EN BLANCO O ROSA, O EN CUALQUIER COLOR BAJO PEDIDO, SUS MEDIDAS:<\/p>\n<ul>\n<li>90 X 190<\/li>\n<\/ul>\n<ol>\n<li>TAPA ESTRUCTURA MET\u00c1LICA<\/li>\n<li>TEJIDO TRANSPIRABLE<\/li>\n<li>CAJ\u00d3N TAPIZADO ESQUINAS REDONDAS, FONDO \u00daTIL +\/- 10CM<\/li>\n<li>ELEVACI\u00d3N POR COMPASES HIDR\u00c1ULICOS. APERTURA LATERAL<\/li>\n<li>CAMA NIDO INCORPORADA EN EL CANAP\u00c9 PARA COLCH\u00d3N DE 80 X 180<\/li>\n<\/ol>\n","protected":false},"excerpt":{"rendered":"<p>DISPONIBLE EN BLANCO O ROSA, O EN CUALQUIER COLOR BAJO PEDIDO, SUS MEDIDAS: 90 X 190 TAPA ESTRUCTURA MET\u00c1LICA TEJIDO TRANSPIRABLE CAJ\u00d3N TAPIZADO ESQUINAS REDONDAS, FONDO \u00daTIL +\/- 10CM ELEVACI\u00d3N POR COMPASES HIDR\u00c1ULICOS. APERTURA LATERAL CAMA NIDO INCORPORADA EN EL CANAP\u00c9 PARA COLCH\u00d3N DE 80 X 180<\/p>\n","protected":false},"featured_media":36476,"template":"","meta":[],"product_brand":[],"product_cat":[220,219],"product_tag":[],"class_list":{"0":"post-36273","1":"product","2":"type-product","3":"status-publish","4":"has-post-thumbnail","6":"product_cat-220","7":"product_cat-219","9":"first","10":"instock","11":"shipping-taxable","12":"product-type-simple"},"yoast_head":"<!-- This site is optimized with the Yoast SEO plugin v27.3 - https:\/\/yoast.com\/product\/yoast-seo-wordpress\/ -->\n<title>Cama Nido | mueble4you<\/title>\n<meta name=\"robots\" content=\"index, follow, max-snippet:-1, max-image-preview:large, max-video-preview:-1\" \/>\n<link rel=\"canonical\" href=\"https:\/\/mueble4you.com\/ru\/productos\/cama-nido-2\/\" \/>\n<meta property=\"og:locale\" content=\"ru_RU\" \/>\n<meta property=\"og:type\" content=\"article\" \/>\n<meta property=\"og:title\" content=\"Cama Nido | mueble4you\" \/>\n<meta property=\"og:description\" content=\"DISPONIBLE EN BLANCO O ROSA, O EN CUALQUIER COLOR BAJO PEDIDO, SUS MEDIDAS: 90 X 190 TAPA ESTRUCTURA MET\u00c1LICA TEJIDO TRANSPIRABLE CAJ\u00d3N TAPIZADO ESQUINAS REDONDAS, FONDO \u00daTIL +\/- 10CM ELEVACI\u00d3N POR COMPASES HIDR\u00c1ULICOS. APERTURA LATERAL CAMA NIDO INCORPORADA EN EL CANAP\u00c9 PARA COLCH\u00d3N DE 80 X 180\" \/>\n<meta property=\"og:url\" content=\"https:\/\/mueble4you.com\/ru\/productos\/cama-nido-2\/\" \/>\n<meta property=\"og:site_name\" content=\"mueble4you\" \/>\n<meta property=\"article:modified_time\" content=\"2020-06-24T15:30:01+00:00\" \/>\n<meta property=\"og:image\" content=\"https:\/\/mueble4you.com\/wp-content\/uploads\/2019\/09\/1024x576-Juvenil-Nido950.jpg\" \/>\n\t<meta property=\"og:image:width\" content=\"1024\" \/>\n\t<meta property=\"og:image:height\" content=\"576\" \/>\n\t<meta property=\"og:image:type\" content=\"image\/jpeg\" \/>\n<meta name=\"twitter:card\" content=\"summary_large_image\" \/>\n<script type=\"application\/ld+json\" class=\"yoast-schema-graph\">{\"@context\":\"https:\\\/\\\/schema.org\",\"@graph\":[{\"@type\":\"WebPage\",\"@id\":\"https:\\\/\\\/mueble4you.com\\\/ru\\\/productos\\\/cama-nido-2\\\/\",\"url\":\"https:\\\/\\\/mueble4you.com\\\/ru\\\/productos\\\/cama-nido-2\\\/\",\"name\":\"Cama Nido | mueble4you\",\"isPartOf\":{\"@id\":\"https:\\\/\\\/mueble4you.com\\\/#website\"},\"primaryImageOfPage\":{\"@id\":\"https:\\\/\\\/mueble4you.com\\\/ru\\\/productos\\\/cama-nido-2\\\/#primaryimage\"},\"image\":{\"@id\":\"https:\\\/\\\/mueble4you.com\\\/ru\\\/productos\\\/cama-nido-2\\\/#primaryimage\"},\"thumbnailUrl\":\"https:\\\/\\\/mueble4you.com\\\/wp-content\\\/uploads\\\/2019\\\/09\\\/1024x576-Juvenil-Nido950.jpg\",\"datePublished\":\"2019-09-04T17:52:32+00:00\",\"dateModified\":\"2020-06-24T15:30:01+00:00\",\"breadcrumb\":{\"@id\":\"https:\\\/\\\/mueble4you.com\\\/ru\\\/productos\\\/cama-nido-2\\\/#breadcrumb\"},\"inLanguage\":\"ru-RU\",\"potentialAction\":[{\"@type\":\"ReadAction\",\"target\":[\"https:\\\/\\\/mueble4you.com\\\/ru\\\/productos\\\/cama-nido-2\\\/\"]}]},{\"@type\":\"ImageObject\",\"inLanguage\":\"ru-RU\",\"@id\":\"https:\\\/\\\/mueble4you.com\\\/ru\\\/productos\\\/cama-nido-2\\\/#primaryimage\",\"url\":\"https:\\\/\\\/mueble4you.com\\\/wp-content\\\/uploads\\\/2019\\\/09\\\/1024x576-Juvenil-Nido950.jpg\",\"contentUrl\":\"https:\\\/\\\/mueble4you.com\\\/wp-content\\\/uploads\\\/2019\\\/09\\\/1024x576-Juvenil-Nido950.jpg\",\"width\":1024,\"height\":576},{\"@type\":\"BreadcrumbList\",\"@id\":\"https:\\\/\\\/mueble4you.com\\\/ru\\\/productos\\\/cama-nido-2\\\/#breadcrumb\",\"itemListElement\":[{\"@type\":\"ListItem\",\"position\":1,\"name\":\"Portada\",\"item\":\"https:\\\/\\\/mueble4you.com\\\/ru\\\/\"},{\"@type\":\"ListItem\",\"position\":2,\"name\":\"Productos\",\"item\":\"https:\\\/\\\/mueble4you.com\\\/productos\\\/\"},{\"@type\":\"ListItem\",\"position\":3,\"name\":\"Cama Nido\"}]},{\"@type\":\"WebSite\",\"@id\":\"https:\\\/\\\/mueble4you.com\\\/#website\",\"url\":\"https:\\\/\\\/mueble4you.com\\\/\",\"name\":\"mueble4you\",\"description\":\"?????? ? ????????\",\"potentialAction\":[{\"@type\":\"SearchAction\",\"target\":{\"@type\":\"EntryPoint\",\"urlTemplate\":\"https:\\\/\\\/mueble4you.com\\\/?s={search_term_string}\"},\"query-input\":{\"@type\":\"PropertyValueSpecification\",\"valueRequired\":true,\"valueName\":\"search_term_string\"}}],\"inLanguage\":\"ru-RU\"}]}<\/script>\n<!-- \/ Yoast SEO plugin. -->","yoast_head_json":{"title":"Cama Nido | mueble4you","robots":{"index":"index","follow":"follow","max-snippet":"max-snippet:-1","max-image-preview":"max-image-preview:large","max-video-preview":"max-video-preview:-1"},"canonical":"https:\/\/mueble4you.com\/ru\/productos\/cama-nido-2\/","og_locale":"ru_RU","og_type":"article","og_title":"Cama Nido | mueble4you","og_description":"DISPONIBLE EN BLANCO O ROSA, O EN CUALQUIER COLOR BAJO PEDIDO, SUS MEDIDAS: 90 X 190 TAPA ESTRUCTURA MET\u00c1LICA TEJIDO TRANSPIRABLE CAJ\u00d3N TAPIZADO ESQUINAS REDONDAS, FONDO \u00daTIL +\/- 10CM ELEVACI\u00d3N POR COMPASES HIDR\u00c1ULICOS. APERTURA LATERAL CAMA NIDO INCORPORADA EN EL CANAP\u00c9 PARA COLCH\u00d3N DE 80 X 180","og_url":"https:\/\/mueble4you.com\/ru\/productos\/cama-nido-2\/","og_site_name":"mueble4you","article_modified_time":"2020-06-24T15:30:01+00:00","og_image":[{"width":1024,"height":576,"url":"https:\/\/mueble4you.com\/wp-content\/uploads\/2019\/09\/1024x576-Juvenil-Nido950.jpg","type":"image\/jpeg"}],"twitter_card":"summary_large_image","schema":{"@context":"https:\/\/schema.org","@graph":[{"@type":"WebPage","@id":"https:\/\/mueble4you.com\/ru\/productos\/cama-nido-2\/","url":"https:\/\/mueble4you.com\/ru\/productos\/cama-nido-2\/","name":"Cama Nido | mueble4you","isPartOf":{"@id":"https:\/\/mueble4you.com\/#website"},"primaryImageOfPage":{"@id":"https:\/\/mueble4you.com\/ru\/productos\/cama-nido-2\/#primaryimage"},"image":{"@id":"https:\/\/mueble4you.com\/ru\/productos\/cama-nido-2\/#primaryimage"},"thumbnailUrl":"https:\/\/mueble4you.com\/wp-content\/uploads\/2019\/09\/1024x576-Juvenil-Nido950.jpg","datePublished":"2019-09-04T17:52:32+00:00","dateModified":"2020-06-24T15:30:01+00:00","breadcrumb":{"@id":"https:\/\/mueble4you.com\/ru\/productos\/cama-nido-2\/#breadcrumb"},"inLanguage":"ru-RU","potentialAction":[{"@type":"ReadAction","target":["https:\/\/mueble4you.com\/ru\/productos\/cama-nido-2\/"]}]},{"@type":"ImageObject","inLanguage":"ru-RU","@id":"https:\/\/mueble4you.com\/ru\/productos\/cama-nido-2\/#primaryimage","url":"https:\/\/mueble4you.com\/wp-content\/uploads\/2019\/09\/1024x576-Juvenil-Nido950.jpg","contentUrl":"https:\/\/mueble4you.com\/wp-content\/uploads\/2019\/09\/1024x576-Juvenil-Nido950.jpg","width":1024,"height":576},{"@type":"BreadcrumbList","@id":"https:\/\/mueble4you.com\/ru\/productos\/cama-nido-2\/#breadcrumb","itemListElement":[{"@type":"ListItem","position":1,"name":"Portada","item":"https:\/\/mueble4you.com\/ru\/"},{"@type":"ListItem","position":2,"name":"Productos","item":"https:\/\/mueble4you.com\/productos\/"},{"@type":"ListItem","position":3,"name":"Cama Nido"}]},{"@type":"WebSite","@id":"https:\/\/mueble4you.com\/#website","url":"https:\/\/mueble4you.com\/","name":"mueble4you","description":"?????? ? ????????","potentialAction":[{"@type":"SearchAction","target":{"@type":"EntryPoint","urlTemplate":"https:\/\/mueble4you.com\/?s={search_term_string}"},"query-input":{"@type":"PropertyValueSpecification","valueRequired":true,"valueName":"search_term_string"}}],"inLanguage":"ru-RU"}]}},"_links":{"self":[{"href":"https:\/\/mueble4you.com\/ru\/wp-json\/wp\/v2\/product\/36273","targetHints":{"allow":["GET"]}}],"collection":[{"href":"https:\/\/mueble4you.com\/ru\/wp-json\/wp\/v2\/product"}],"about":[{"href":"https:\/\/mueble4you.com\/ru\/wp-json\/wp\/v2\/types\/product"}],"wp:featuredmedia":[{"embeddable":true,"href":"https:\/\/mueble4you.com\/ru\/wp-json\/wp\/v2\/media\/36476"}],"wp:attachment":[{"href":"https:\/\/mueble4you.com\/ru\/wp-json\/wp\/v2\/media?parent=36273"}],"wp:term":[{"taxonomy":"product_brand","embeddable":true,"href":"https:\/\/mueble4you.com\/ru\/wp-json\/wp\/v2\/product_brand?post=36273"},{"taxonomy":"product_cat","embeddable":true,"href":"https:\/\/mueble4you.com\/ru\/wp-json\/wp\/v2\/product_cat?post=36273"},{"taxonomy":"product_tag","embeddable":true,"href":"https:\/\/mueble4you.com\/ru\/wp-json\/wp\/v2\/product_tag?post=36273"}],"curies":[{"name":"wp","href":"https:\/\/api.w.org\/{rel}","templated":true}]}}