{"id":36241,"date":"2019-09-02T16:29:51","date_gmt":"2019-09-02T16:29:51","guid":{"rendered":"https:\/\/mueble4you.com\/productos\/composicion-de-pared-727\/"},"modified":"2023-10-18T10:12:49","modified_gmt":"2023-10-18T10:12:49","slug":"composicion-de-pared-727","status":"publish","type":"product","link":"https:\/\/mueble4you.com\/ru\/productos\/composicion-de-pared-727\/","title":{"rendered":"Composici\u00f3n de Pared, 727"},"content":{"rendered":"<p>Composici\u00f3n, disponible combinaci\u00f3n entre, oak, vis\u00f3n y negro, tambi\u00e9n otro s colores, combinaciones y medidas bajo pedido.<\/p>\n","protected":false},"excerpt":{"rendered":"<p>Composici\u00f3n, disponible combinaci\u00f3n entre, oak, vis\u00f3n y negro, tambi\u00e9n otro s colores, combinaciones y medidas bajo pedido.<\/p>\n","protected":false},"featured_media":36237,"template":"","meta":[],"product_brand":[],"product_cat":[208,210],"product_tag":[],"class_list":{"0":"post-36241","1":"product","2":"type-product","3":"status-publish","4":"has-post-thumbnail","6":"product_cat-208","7":"product_cat-210","9":"first","10":"instock","11":"shipping-taxable","12":"product-type-simple"},"yoast_head":"<!-- This site is optimized with the Yoast SEO plugin v27.2 - https:\/\/yoast.com\/product\/yoast-seo-wordpress\/ -->\n<title>Composici\u00f3n de Pared, 727 | mueble4you<\/title>\n<meta name=\"robots\" content=\"index, follow, max-snippet:-1, max-image-preview:large, max-video-preview:-1\" \/>\n<link rel=\"canonical\" href=\"https:\/\/mueble4you.com\/ru\/productos\/composicion-de-pared-727\/\" \/>\n<meta property=\"og:locale\" content=\"ru_RU\" \/>\n<meta property=\"og:type\" content=\"article\" \/>\n<meta property=\"og:title\" content=\"Composici\u00f3n de Pared, 727 | mueble4you\" \/>\n<meta property=\"og:description\" content=\"Composici\u00f3n, disponible combinaci\u00f3n entre, oak, vis\u00f3n y negro, tambi\u00e9n otro s colores, combinaciones y medidas bajo pedido.\" \/>\n<meta property=\"og:url\" content=\"https:\/\/mueble4you.com\/ru\/productos\/composicion-de-pared-727\/\" \/>\n<meta property=\"og:site_name\" content=\"mueble4you\" \/>\n<meta property=\"article:modified_time\" content=\"2023-10-18T10:12:49+00:00\" \/>\n<meta property=\"og:image\" content=\"https:\/\/mueble4you.com\/wp-content\/uploads\/2019\/09\/727.jpg\" \/>\n\t<meta property=\"og:image:width\" content=\"600\" \/>\n\t<meta property=\"og:image:height\" content=\"444\" \/>\n\t<meta property=\"og:image:type\" content=\"image\/jpeg\" \/>\n<meta name=\"twitter:card\" content=\"summary_large_image\" \/>\n<script type=\"application\/ld+json\" class=\"yoast-schema-graph\">{\"@context\":\"https:\/\/schema.org\",\"@graph\":[{\"@type\":\"WebPage\",\"@id\":\"https:\/\/mueble4you.com\/ru\/productos\/composicion-de-pared-727\/\",\"url\":\"https:\/\/mueble4you.com\/ru\/productos\/composicion-de-pared-727\/\",\"name\":\"Composici\u00f3n de Pared, 727 | mueble4you\",\"isPartOf\":{\"@id\":\"https:\/\/mueble4you.com\/#website\"},\"primaryImageOfPage\":{\"@id\":\"https:\/\/mueble4you.com\/ru\/productos\/composicion-de-pared-727\/#primaryimage\"},\"image\":{\"@id\":\"https:\/\/mueble4you.com\/ru\/productos\/composicion-de-pared-727\/#primaryimage\"},\"thumbnailUrl\":\"https:\/\/mueble4you.com\/wp-content\/uploads\/2019\/09\/727.jpg\",\"datePublished\":\"2019-09-02T16:29:51+00:00\",\"dateModified\":\"2023-10-18T10:12:49+00:00\",\"breadcrumb\":{\"@id\":\"https:\/\/mueble4you.com\/ru\/productos\/composicion-de-pared-727\/#breadcrumb\"},\"inLanguage\":\"ru-RU\",\"potentialAction\":[{\"@type\":\"ReadAction\",\"target\":[\"https:\/\/mueble4you.com\/ru\/productos\/composicion-de-pared-727\/\"]}]},{\"@type\":\"ImageObject\",\"inLanguage\":\"ru-RU\",\"@id\":\"https:\/\/mueble4you.com\/ru\/productos\/composicion-de-pared-727\/#primaryimage\",\"url\":\"https:\/\/mueble4you.com\/wp-content\/uploads\/2019\/09\/727.jpg\",\"contentUrl\":\"https:\/\/mueble4you.com\/wp-content\/uploads\/2019\/09\/727.jpg\",\"width\":600,\"height\":444},{\"@type\":\"BreadcrumbList\",\"@id\":\"https:\/\/mueble4you.com\/ru\/productos\/composicion-de-pared-727\/#breadcrumb\",\"itemListElement\":[{\"@type\":\"ListItem\",\"position\":1,\"name\":\"Portada\",\"item\":\"https:\/\/mueble4you.com\/ru\/\"},{\"@type\":\"ListItem\",\"position\":2,\"name\":\"Productos\",\"item\":\"https:\/\/mueble4you.com\/productos\/\"},{\"@type\":\"ListItem\",\"position\":3,\"name\":\"Composici\u00f3n de Pared, 727\"}]},{\"@type\":\"WebSite\",\"@id\":\"https:\/\/mueble4you.com\/#website\",\"url\":\"https:\/\/mueble4you.com\/\",\"name\":\"mueble4you\",\"description\":\"?????? ? ????????\",\"potentialAction\":[{\"@type\":\"SearchAction\",\"target\":{\"@type\":\"EntryPoint\",\"urlTemplate\":\"https:\/\/mueble4you.com\/?s={search_term_string}\"},\"query-input\":{\"@type\":\"PropertyValueSpecification\",\"valueRequired\":true,\"valueName\":\"search_term_string\"}}],\"inLanguage\":\"ru-RU\"}]}<\/script>\n<!-- \/ Yoast SEO plugin. -->","yoast_head_json":{"title":"Composici\u00f3n de Pared, 727 | mueble4you","robots":{"index":"index","follow":"follow","max-snippet":"max-snippet:-1","max-image-preview":"max-image-preview:large","max-video-preview":"max-video-preview:-1"},"canonical":"https:\/\/mueble4you.com\/ru\/productos\/composicion-de-pared-727\/","og_locale":"ru_RU","og_type":"article","og_title":"Composici\u00f3n de Pared, 727 | mueble4you","og_description":"Composici\u00f3n, disponible combinaci\u00f3n entre, oak, vis\u00f3n y negro, tambi\u00e9n otro s colores, combinaciones y medidas bajo pedido.","og_url":"https:\/\/mueble4you.com\/ru\/productos\/composicion-de-pared-727\/","og_site_name":"mueble4you","article_modified_time":"2023-10-18T10:12:49+00:00","og_image":[{"width":600,"height":444,"url":"https:\/\/mueble4you.com\/wp-content\/uploads\/2019\/09\/727.jpg","type":"image\/jpeg"}],"twitter_card":"summary_large_image","schema":{"@context":"https:\/\/schema.org","@graph":[{"@type":"WebPage","@id":"https:\/\/mueble4you.com\/ru\/productos\/composicion-de-pared-727\/","url":"https:\/\/mueble4you.com\/ru\/productos\/composicion-de-pared-727\/","name":"Composici\u00f3n de Pared, 727 | mueble4you","isPartOf":{"@id":"https:\/\/mueble4you.com\/#website"},"primaryImageOfPage":{"@id":"https:\/\/mueble4you.com\/ru\/productos\/composicion-de-pared-727\/#primaryimage"},"image":{"@id":"https:\/\/mueble4you.com\/ru\/productos\/composicion-de-pared-727\/#primaryimage"},"thumbnailUrl":"https:\/\/mueble4you.com\/wp-content\/uploads\/2019\/09\/727.jpg","datePublished":"2019-09-02T16:29:51+00:00","dateModified":"2023-10-18T10:12:49+00:00","breadcrumb":{"@id":"https:\/\/mueble4you.com\/ru\/productos\/composicion-de-pared-727\/#breadcrumb"},"inLanguage":"ru-RU","potentialAction":[{"@type":"ReadAction","target":["https:\/\/mueble4you.com\/ru\/productos\/composicion-de-pared-727\/"]}]},{"@type":"ImageObject","inLanguage":"ru-RU","@id":"https:\/\/mueble4you.com\/ru\/productos\/composicion-de-pared-727\/#primaryimage","url":"https:\/\/mueble4you.com\/wp-content\/uploads\/2019\/09\/727.jpg","contentUrl":"https:\/\/mueble4you.com\/wp-content\/uploads\/2019\/09\/727.jpg","width":600,"height":444},{"@type":"BreadcrumbList","@id":"https:\/\/mueble4you.com\/ru\/productos\/composicion-de-pared-727\/#breadcrumb","itemListElement":[{"@type":"ListItem","position":1,"name":"Portada","item":"https:\/\/mueble4you.com\/ru\/"},{"@type":"ListItem","position":2,"name":"Productos","item":"https:\/\/mueble4you.com\/productos\/"},{"@type":"ListItem","position":3,"name":"Composici\u00f3n de Pared, 727"}]},{"@type":"WebSite","@id":"https:\/\/mueble4you.com\/#website","url":"https:\/\/mueble4you.com\/","name":"mueble4you","description":"?????? ? ????????","potentialAction":[{"@type":"SearchAction","target":{"@type":"EntryPoint","urlTemplate":"https:\/\/mueble4you.com\/?s={search_term_string}"},"query-input":{"@type":"PropertyValueSpecification","valueRequired":true,"valueName":"search_term_string"}}],"inLanguage":"ru-RU"}]}},"_links":{"self":[{"href":"https:\/\/mueble4you.com\/ru\/wp-json\/wp\/v2\/product\/36241","targetHints":{"allow":["GET"]}}],"collection":[{"href":"https:\/\/mueble4you.com\/ru\/wp-json\/wp\/v2\/product"}],"about":[{"href":"https:\/\/mueble4you.com\/ru\/wp-json\/wp\/v2\/types\/product"}],"wp:featuredmedia":[{"embeddable":true,"href":"https:\/\/mueble4you.com\/ru\/wp-json\/wp\/v2\/media\/36237"}],"wp:attachment":[{"href":"https:\/\/mueble4you.com\/ru\/wp-json\/wp\/v2\/media?parent=36241"}],"wp:term":[{"taxonomy":"product_brand","embeddable":true,"href":"https:\/\/mueble4you.com\/ru\/wp-json\/wp\/v2\/product_brand?post=36241"},{"taxonomy":"product_cat","embeddable":true,"href":"https:\/\/mueble4you.com\/ru\/wp-json\/wp\/v2\/product_cat?post=36241"},{"taxonomy":"product_tag","embeddable":true,"href":"https:\/\/mueble4you.com\/ru\/wp-json\/wp\/v2\/product_tag?post=36241"}],"curies":[{"name":"wp","href":"https:\/\/api.w.org\/{rel}","templated":true}]}}