{"id":3250,"date":"2013-08-11T19:22:53","date_gmt":"2013-08-11T19:22:53","guid":{"rendered":"http:\/\/mueble4you.com\/?page_id=3250"},"modified":"2026-01-11T11:49:13","modified_gmt":"2026-01-11T11:49:13","slug":"contacto","status":"publish","type":"page","link":"https:\/\/mueble4you.com\/ru\/contacto\/","title":{"rendered":"\u043a\u043e\u043d\u0442\u0430\u043a\u0442\u044b"},"content":{"rendered":"\n<div class=\"row\"  id=\"row-153838222\">\n\n\n\t<div id=\"col-1891938417\" class=\"col medium-8 small-12 large-8\"  >\n\t\t\t\t<div class=\"col-inner\"  >\n\t\t\t\n\t\t\t\n\n<p><iframe loading=\"lazy\" style=\"border: 0;\" src=\"https:\/\/www.google.com\/maps\/embed?pb=!1m14!1m8!1m3!1d14084.324851602443!2d-16.6131969!3d28.0525448!3m2!1i1024!2i768!4f13.1!3m3!1m2!1s0x0%3A0x21dd7879ac401cc6!2sMueble4You%2C+Muebles+en+Tenerife%2C+Furniture+in+Tenerife!5e0!3m2!1ses!2ses!4v1562333819947!5m2!1ses!2ses\" width=\"100%\" height=\"350\" frameborder=\"0\" allowfullscreen=\"allowfullscreen\"><\/iframe><\/p>\n\n\t\t<\/div>\n\t\t\t\t\t<\/div>\n\n\t\n\n\t<div id=\"col-729950075\" class=\"col medium-4 small-12 large-4\"  >\n\t\t\t\t<div class=\"col-inner\"  >\n\t\t\t\n\t\t\t\n\n<h3>Avda. 7 Islas Canarias, 2<br \/>\nP.I. Llano del Camello<br \/>\nLas Chafiras<br \/>\n38639 San Miguel de Abona<br \/>\n\u0422\u0435\u043d\u0435\u0440\u0438\u0444\u0435, \u041a\u0430\u043d\u0430\u0440\u0441\u043a\u0438\u0435 \u043e\u0441\u0442\u0440\u043e\u0432\u0430, \u0418\u0441\u043f\u0430\u043d\u0438\u044f<\/h3>\n<p>\u0422\u0435\u043b\u0435\u0444\u043e\u043d. +34 922 736 783<br \/>\n\u041c\u043e\u0431\u0438\u043b\u044c\u043d\u044b\u0439. +34 699 00 26 77<br \/>\nWhatsApp. +34 699 00 26 77<br \/>\nsales@mueble4you.com<br \/>\n\u0420\u0410\u0421\u041f\u0418\u0421\u0410\u041d\u0418\u0415:<br \/>\n\u0421 \u043f\u043e\u043d\u0435\u0434\u0435\u043b\u044c\u043d\u0438\u043a\u0430 \u043f\u043e \u043f\u044f\u0442\u043d\u0438\u0446\u0443 \u0441 10 \u0434\u043e 20 \u0447\u0430\u0441\u043e\u0432<br \/>\n\u0432 \u0441\u0443\u0431\u0431\u043e\u0442\u0443 \u0441 10 \u0434\u043e 14 \u0447\u0430\u0441\u043e\u0432<\/p>\n\n\n\t\t<\/div>\n\t\t\t\t\t<\/div>\n\n\t\n\n<\/div>\n<div class=\"text-center\"><div class=\"is-divider divider clearfix\" ><\/div><\/div>\n\n<div class=\"row\"  id=\"row-257935674\">\n\n\n<\/div>\n\n\t<div id=\"col-1371535629\" class=\"col small-12 large-12\"  >\n\t\t\t\t<div class=\"col-inner\"  >\n\t\t\t\n\t\t\t\n\n\n\t\t<\/div>\n\t\t\t\t\t<\/div>\n\n\t\n<p><strong>Informaci\u00f3n b\u00e1sica de protecci\u00f3n de datos<\/strong><\/p>\n<p>Responsable: Antiquities Tenerife S.L.<\/p>\n<p>Finalidad: atender, gestionar y contestar sus consultas y solicitudes.<\/p>\n<p>Derechos: puede ejercitar su derecho de acceso, rectificaci\u00f3n, supresi\u00f3n y otros, tal como aparece en la informaci\u00f3n ampliada que puede conocer visitando nuestra <a href=\"https:\/\/mueble4you.com\/politica-de-privacidad\/\">pol\u00edtica de privacidad<\/a>.<\/p>\n\n","protected":false},"excerpt":{"rendered":"","protected":false},"author":2,"featured_media":0,"parent":0,"menu_order":0,"comment_status":"closed","ping_status":"closed","template":"","meta":{"footnotes":""},"class_list":["post-3250","page","type-page","status-publish","hentry"],"yoast_head":"<!-- This site is optimized with the Yoast SEO plugin v27.3 - https:\/\/yoast.com\/product\/yoast-seo-wordpress\/ -->\n<title>\u043a\u043e\u043d\u0442\u0430\u043a\u0442\u044b | mueble4you<\/title>\n<meta name=\"robots\" content=\"index, follow, max-snippet:-1, max-image-preview:large, max-video-preview:-1\" \/>\n<link rel=\"canonical\" href=\"https:\/\/mueble4you.com\/ru\/contacto\/\" \/>\n<meta property=\"og:locale\" content=\"ru_RU\" \/>\n<meta property=\"og:type\" content=\"article\" \/>\n<meta property=\"og:title\" content=\"\u043a\u043e\u043d\u0442\u0430\u043a\u0442\u044b | mueble4you\" \/>\n<meta property=\"og:url\" content=\"https:\/\/mueble4you.com\/ru\/contacto\/\" \/>\n<meta property=\"og:site_name\" content=\"mueble4you\" \/>\n<meta property=\"article:modified_time\" content=\"2026-01-11T11:49:13+00:00\" \/>\n<meta name=\"twitter:card\" content=\"summary_large_image\" \/>\n<meta name=\"twitter:label1\" content=\"\u041f\u0440\u0438\u043c\u0435\u0440\u043d\u043e\u0435 \u0432\u0440\u0435\u043c\u044f \u0434\u043b\u044f \u0447\u0442\u0435\u043d\u0438\u044f\" \/>\n\t<meta name=\"twitter:data1\" content=\"1 \u043c\u0438\u043d\u0443\u0442\u0430\" \/>\n<script type=\"application\/ld+json\" class=\"yoast-schema-graph\">{\"@context\":\"https:\\\/\\\/schema.org\",\"@graph\":[{\"@type\":\"WebPage\",\"@id\":\"https:\\\/\\\/mueble4you.com\\\/ru\\\/contacto\\\/\",\"url\":\"https:\\\/\\\/mueble4you.com\\\/ru\\\/contacto\\\/\",\"name\":\"\u043a\u043e\u043d\u0442\u0430\u043a\u0442\u044b | mueble4you\",\"isPartOf\":{\"@id\":\"https:\\\/\\\/mueble4you.com\\\/#website\"},\"datePublished\":\"2013-08-11T19:22:53+00:00\",\"dateModified\":\"2026-01-11T11:49:13+00:00\",\"breadcrumb\":{\"@id\":\"https:\\\/\\\/mueble4you.com\\\/ru\\\/contacto\\\/#breadcrumb\"},\"inLanguage\":\"ru-RU\",\"potentialAction\":[{\"@type\":\"ReadAction\",\"target\":[\"https:\\\/\\\/mueble4you.com\\\/ru\\\/contacto\\\/\"]}]},{\"@type\":\"BreadcrumbList\",\"@id\":\"https:\\\/\\\/mueble4you.com\\\/ru\\\/contacto\\\/#breadcrumb\",\"itemListElement\":[{\"@type\":\"ListItem\",\"position\":1,\"name\":\"Portada\",\"item\":\"https:\\\/\\\/mueble4you.com\\\/ru\\\/\"},{\"@type\":\"ListItem\",\"position\":2,\"name\":\"\u043a\u043e\u043d\u0442\u0430\u043a\u0442\u044b\"}]},{\"@type\":\"WebSite\",\"@id\":\"https:\\\/\\\/mueble4you.com\\\/#website\",\"url\":\"https:\\\/\\\/mueble4you.com\\\/\",\"name\":\"mueble4you\",\"description\":\"?????? ? ????????\",\"potentialAction\":[{\"@type\":\"SearchAction\",\"target\":{\"@type\":\"EntryPoint\",\"urlTemplate\":\"https:\\\/\\\/mueble4you.com\\\/?s={search_term_string}\"},\"query-input\":{\"@type\":\"PropertyValueSpecification\",\"valueRequired\":true,\"valueName\":\"search_term_string\"}}],\"inLanguage\":\"ru-RU\"}]}<\/script>\n<!-- \/ Yoast SEO plugin. -->","yoast_head_json":{"title":"\u043a\u043e\u043d\u0442\u0430\u043a\u0442\u044b | mueble4you","robots":{"index":"index","follow":"follow","max-snippet":"max-snippet:-1","max-image-preview":"max-image-preview:large","max-video-preview":"max-video-preview:-1"},"canonical":"https:\/\/mueble4you.com\/ru\/contacto\/","og_locale":"ru_RU","og_type":"article","og_title":"\u043a\u043e\u043d\u0442\u0430\u043a\u0442\u044b | mueble4you","og_url":"https:\/\/mueble4you.com\/ru\/contacto\/","og_site_name":"mueble4you","article_modified_time":"2026-01-11T11:49:13+00:00","twitter_card":"summary_large_image","twitter_misc":{"\u041f\u0440\u0438\u043c\u0435\u0440\u043d\u043e\u0435 \u0432\u0440\u0435\u043c\u044f \u0434\u043b\u044f \u0447\u0442\u0435\u043d\u0438\u044f":"1 \u043c\u0438\u043d\u0443\u0442\u0430"},"schema":{"@context":"https:\/\/schema.org","@graph":[{"@type":"WebPage","@id":"https:\/\/mueble4you.com\/ru\/contacto\/","url":"https:\/\/mueble4you.com\/ru\/contacto\/","name":"\u043a\u043e\u043d\u0442\u0430\u043a\u0442\u044b | mueble4you","isPartOf":{"@id":"https:\/\/mueble4you.com\/#website"},"datePublished":"2013-08-11T19:22:53+00:00","dateModified":"2026-01-11T11:49:13+00:00","breadcrumb":{"@id":"https:\/\/mueble4you.com\/ru\/contacto\/#breadcrumb"},"inLanguage":"ru-RU","potentialAction":[{"@type":"ReadAction","target":["https:\/\/mueble4you.com\/ru\/contacto\/"]}]},{"@type":"BreadcrumbList","@id":"https:\/\/mueble4you.com\/ru\/contacto\/#breadcrumb","itemListElement":[{"@type":"ListItem","position":1,"name":"Portada","item":"https:\/\/mueble4you.com\/ru\/"},{"@type":"ListItem","position":2,"name":"\u043a\u043e\u043d\u0442\u0430\u043a\u0442\u044b"}]},{"@type":"WebSite","@id":"https:\/\/mueble4you.com\/#website","url":"https:\/\/mueble4you.com\/","name":"mueble4you","description":"?????? ? ????????","potentialAction":[{"@type":"SearchAction","target":{"@type":"EntryPoint","urlTemplate":"https:\/\/mueble4you.com\/?s={search_term_string}"},"query-input":{"@type":"PropertyValueSpecification","valueRequired":true,"valueName":"search_term_string"}}],"inLanguage":"ru-RU"}]}},"_links":{"self":[{"href":"https:\/\/mueble4you.com\/ru\/wp-json\/wp\/v2\/pages\/3250","targetHints":{"allow":["GET"]}}],"collection":[{"href":"https:\/\/mueble4you.com\/ru\/wp-json\/wp\/v2\/pages"}],"about":[{"href":"https:\/\/mueble4you.com\/ru\/wp-json\/wp\/v2\/types\/page"}],"author":[{"embeddable":true,"href":"https:\/\/mueble4you.com\/ru\/wp-json\/wp\/v2\/users\/2"}],"replies":[{"embeddable":true,"href":"https:\/\/mueble4you.com\/ru\/wp-json\/wp\/v2\/comments?post=3250"}],"version-history":[{"count":20,"href":"https:\/\/mueble4you.com\/ru\/wp-json\/wp\/v2\/pages\/3250\/revisions"}],"predecessor-version":[{"id":87108,"href":"https:\/\/mueble4you.com\/ru\/wp-json\/wp\/v2\/pages\/3250\/revisions\/87108"}],"wp:attachment":[{"href":"https:\/\/mueble4you.com\/ru\/wp-json\/wp\/v2\/media?parent=3250"}],"curies":[{"name":"wp","href":"https:\/\/api.w.org\/{rel}","templated":true}]}}