{"id":90190,"date":"2026-04-14T17:45:43","date_gmt":"2026-04-14T17:45:43","guid":{"rendered":"https:\/\/mueble4you.com\/productos\/sillon-marron-oscuro-tejido-metal-95-x-80-x-79-cm\/"},"modified":"2026-04-14T17:45:43","modified_gmt":"2026-04-14T17:45:43","slug":"sillon-marron-oscuro-tejido-metal-95-x-80-x-79-cm","status":"publish","type":"product","link":"https:\/\/mueble4you.com\/fr\/productos\/sillon-marron-oscuro-tejido-metal-95-x-80-x-79-cm\/","title":{"rendered":"SILL\u00d3N MARR\u00d3N OSCURO TEJIDO-METAL 95 X 80 X 79 CM"},"content":{"rendered":"<ul>\n<li>Material: tejido (100% poli\u00e9ster).<\/li>\n<li>Estructura: Metal. Relleno: foam, densidad asiento 35kgs.<\/li>\n<li>Altura asiento: 47cm. Ancho asiento: 54cm.<\/li>\n<li>Profundidad asiento: 50cm. Altura respaldo: 43cm.<\/li>\n<li>Altura de las patas: 20cm. Incluye dos cojines: 50x34cm.<\/li>\n<li>Peso m\u00e1ximo soportado: 150kgs.<\/li>\n<\/ul>\n","protected":false},"excerpt":{"rendered":"<p>Material: tejido (100% poli\u00e9ster). Estructura: Metal. Relleno: foam, densidad asiento 35kgs. Altura asiento: 47cm. Ancho asiento: 54cm. Profundidad asiento: 50cm. Altura respaldo: 43cm. Altura de las patas: 20cm. Incluye dos cojines: 50x34cm. Peso m\u00e1ximo soportado: 150kgs.<\/p>\n","protected":false},"featured_media":90191,"template":"","meta":[],"product_brand":[],"product_cat":[364,204],"product_tag":[],"class_list":{"0":"post-90190","1":"product","2":"type-product","3":"status-publish","4":"has-post-thumbnail","6":"product_cat-fauteuil","7":"product_cat-salon","9":"first","10":"instock","11":"shipping-taxable","12":"product-type-simple"},"yoast_head":"<!-- This site is optimized with the Yoast SEO plugin v27.3 - https:\/\/yoast.com\/product\/yoast-seo-wordpress\/ -->\n<title>SILL\u00d3N MARR\u00d3N OSCURO TEJIDO-METAL 95 X 80 X 79 CM | mueble4you<\/title>\n<meta name=\"robots\" content=\"index, follow, max-snippet:-1, max-image-preview:large, max-video-preview:-1\" \/>\n<link rel=\"canonical\" href=\"https:\/\/mueble4you.com\/fr\/productos\/sillon-marron-oscuro-tejido-metal-95-x-80-x-79-cm\/\" \/>\n<meta property=\"og:locale\" content=\"fr_FR\" \/>\n<meta property=\"og:type\" content=\"article\" \/>\n<meta property=\"og:title\" content=\"SILL\u00d3N MARR\u00d3N OSCURO TEJIDO-METAL 95 X 80 X 79 CM | mueble4you\" \/>\n<meta property=\"og:description\" content=\"Material: tejido (100% poli\u00e9ster). Estructura: Metal. Relleno: foam, densidad asiento 35kgs. Altura asiento: 47cm. Ancho asiento: 54cm. Profundidad asiento: 50cm. Altura respaldo: 43cm. Altura de las patas: 20cm. Incluye dos cojines: 50x34cm. Peso m\u00e1ximo soportado: 150kgs.\" \/>\n<meta property=\"og:url\" content=\"https:\/\/mueble4you.com\/fr\/productos\/sillon-marron-oscuro-tejido-metal-95-x-80-x-79-cm\/\" \/>\n<meta property=\"og:site_name\" content=\"mueble4you\" \/>\n<meta name=\"twitter:card\" content=\"summary_large_image\" \/>\n<script type=\"application\/ld+json\" class=\"yoast-schema-graph\">{\"@context\":\"https:\\\/\\\/schema.org\",\"@graph\":[{\"@type\":\"WebPage\",\"@id\":\"https:\\\/\\\/mueble4you.com\\\/fr\\\/productos\\\/sillon-marron-oscuro-tejido-metal-95-x-80-x-79-cm\\\/\",\"url\":\"https:\\\/\\\/mueble4you.com\\\/fr\\\/productos\\\/sillon-marron-oscuro-tejido-metal-95-x-80-x-79-cm\\\/\",\"name\":\"SILL\u00d3N MARR\u00d3N OSCURO TEJIDO-METAL 95 X 80 X 79 CM | mueble4you\",\"isPartOf\":{\"@id\":\"https:\\\/\\\/mueble4you.com\\\/#website\"},\"primaryImageOfPage\":{\"@id\":\"https:\\\/\\\/mueble4you.com\\\/fr\\\/productos\\\/sillon-marron-oscuro-tejido-metal-95-x-80-x-79-cm\\\/#primaryimage\"},\"image\":{\"@id\":\"https:\\\/\\\/mueble4you.com\\\/fr\\\/productos\\\/sillon-marron-oscuro-tejido-metal-95-x-80-x-79-cm\\\/#primaryimage\"},\"thumbnailUrl\":\"https:\\\/\\\/mueble4you.com\\\/wp-content\\\/uploads\\\/2026\\\/04\\\/616364-1.webp\",\"datePublished\":\"2026-04-14T17:45:43+00:00\",\"breadcrumb\":{\"@id\":\"https:\\\/\\\/mueble4you.com\\\/fr\\\/productos\\\/sillon-marron-oscuro-tejido-metal-95-x-80-x-79-cm\\\/#breadcrumb\"},\"inLanguage\":\"fr-FR\",\"potentialAction\":[{\"@type\":\"ReadAction\",\"target\":[\"https:\\\/\\\/mueble4you.com\\\/fr\\\/productos\\\/sillon-marron-oscuro-tejido-metal-95-x-80-x-79-cm\\\/\"]}]},{\"@type\":\"ImageObject\",\"inLanguage\":\"fr-FR\",\"@id\":\"https:\\\/\\\/mueble4you.com\\\/fr\\\/productos\\\/sillon-marron-oscuro-tejido-metal-95-x-80-x-79-cm\\\/#primaryimage\",\"url\":\"https:\\\/\\\/mueble4you.com\\\/wp-content\\\/uploads\\\/2026\\\/04\\\/616364-1.webp\",\"contentUrl\":\"https:\\\/\\\/mueble4you.com\\\/wp-content\\\/uploads\\\/2026\\\/04\\\/616364-1.webp\",\"width\":1000,\"height\":1000},{\"@type\":\"BreadcrumbList\",\"@id\":\"https:\\\/\\\/mueble4you.com\\\/fr\\\/productos\\\/sillon-marron-oscuro-tejido-metal-95-x-80-x-79-cm\\\/#breadcrumb\",\"itemListElement\":[{\"@type\":\"ListItem\",\"position\":1,\"name\":\"Portada\",\"item\":\"https:\\\/\\\/mueble4you.com\\\/fr\\\/\"},{\"@type\":\"ListItem\",\"position\":2,\"name\":\"Productos\",\"item\":\"https:\\\/\\\/mueble4you.com\\\/productos\\\/\"},{\"@type\":\"ListItem\",\"position\":3,\"name\":\"SILL\u00d3N MARR\u00d3N OSCURO TEJIDO-METAL 95 X 80 X 79 CM\"}]},{\"@type\":\"WebSite\",\"@id\":\"https:\\\/\\\/mueble4you.com\\\/#website\",\"url\":\"https:\\\/\\\/mueble4you.com\\\/\",\"name\":\"mueble4you\",\"description\":\"Meubles \u00e0 Tenerife\",\"potentialAction\":[{\"@type\":\"SearchAction\",\"target\":{\"@type\":\"EntryPoint\",\"urlTemplate\":\"https:\\\/\\\/mueble4you.com\\\/?s={search_term_string}\"},\"query-input\":{\"@type\":\"PropertyValueSpecification\",\"valueRequired\":true,\"valueName\":\"search_term_string\"}}],\"inLanguage\":\"fr-FR\"}]}<\/script>\n<!-- \/ Yoast SEO plugin. -->","yoast_head_json":{"title":"SILL\u00d3N MARR\u00d3N OSCURO TEJIDO-METAL 95 X 80 X 79 CM | mueble4you","robots":{"index":"index","follow":"follow","max-snippet":"max-snippet:-1","max-image-preview":"max-image-preview:large","max-video-preview":"max-video-preview:-1"},"canonical":"https:\/\/mueble4you.com\/fr\/productos\/sillon-marron-oscuro-tejido-metal-95-x-80-x-79-cm\/","og_locale":"fr_FR","og_type":"article","og_title":"SILL\u00d3N MARR\u00d3N OSCURO TEJIDO-METAL 95 X 80 X 79 CM | mueble4you","og_description":"Material: tejido (100% poli\u00e9ster). Estructura: Metal. Relleno: foam, densidad asiento 35kgs. Altura asiento: 47cm. Ancho asiento: 54cm. Profundidad asiento: 50cm. Altura respaldo: 43cm. Altura de las patas: 20cm. Incluye dos cojines: 50x34cm. Peso m\u00e1ximo soportado: 150kgs.","og_url":"https:\/\/mueble4you.com\/fr\/productos\/sillon-marron-oscuro-tejido-metal-95-x-80-x-79-cm\/","og_site_name":"mueble4you","twitter_card":"summary_large_image","schema":{"@context":"https:\/\/schema.org","@graph":[{"@type":"WebPage","@id":"https:\/\/mueble4you.com\/fr\/productos\/sillon-marron-oscuro-tejido-metal-95-x-80-x-79-cm\/","url":"https:\/\/mueble4you.com\/fr\/productos\/sillon-marron-oscuro-tejido-metal-95-x-80-x-79-cm\/","name":"SILL\u00d3N MARR\u00d3N OSCURO TEJIDO-METAL 95 X 80 X 79 CM | mueble4you","isPartOf":{"@id":"https:\/\/mueble4you.com\/#website"},"primaryImageOfPage":{"@id":"https:\/\/mueble4you.com\/fr\/productos\/sillon-marron-oscuro-tejido-metal-95-x-80-x-79-cm\/#primaryimage"},"image":{"@id":"https:\/\/mueble4you.com\/fr\/productos\/sillon-marron-oscuro-tejido-metal-95-x-80-x-79-cm\/#primaryimage"},"thumbnailUrl":"https:\/\/mueble4you.com\/wp-content\/uploads\/2026\/04\/616364-1.webp","datePublished":"2026-04-14T17:45:43+00:00","breadcrumb":{"@id":"https:\/\/mueble4you.com\/fr\/productos\/sillon-marron-oscuro-tejido-metal-95-x-80-x-79-cm\/#breadcrumb"},"inLanguage":"fr-FR","potentialAction":[{"@type":"ReadAction","target":["https:\/\/mueble4you.com\/fr\/productos\/sillon-marron-oscuro-tejido-metal-95-x-80-x-79-cm\/"]}]},{"@type":"ImageObject","inLanguage":"fr-FR","@id":"https:\/\/mueble4you.com\/fr\/productos\/sillon-marron-oscuro-tejido-metal-95-x-80-x-79-cm\/#primaryimage","url":"https:\/\/mueble4you.com\/wp-content\/uploads\/2026\/04\/616364-1.webp","contentUrl":"https:\/\/mueble4you.com\/wp-content\/uploads\/2026\/04\/616364-1.webp","width":1000,"height":1000},{"@type":"BreadcrumbList","@id":"https:\/\/mueble4you.com\/fr\/productos\/sillon-marron-oscuro-tejido-metal-95-x-80-x-79-cm\/#breadcrumb","itemListElement":[{"@type":"ListItem","position":1,"name":"Portada","item":"https:\/\/mueble4you.com\/fr\/"},{"@type":"ListItem","position":2,"name":"Productos","item":"https:\/\/mueble4you.com\/productos\/"},{"@type":"ListItem","position":3,"name":"SILL\u00d3N MARR\u00d3N OSCURO TEJIDO-METAL 95 X 80 X 79 CM"}]},{"@type":"WebSite","@id":"https:\/\/mueble4you.com\/#website","url":"https:\/\/mueble4you.com\/","name":"mueble4you","description":"Meubles \u00e0 Tenerife","potentialAction":[{"@type":"SearchAction","target":{"@type":"EntryPoint","urlTemplate":"https:\/\/mueble4you.com\/?s={search_term_string}"},"query-input":{"@type":"PropertyValueSpecification","valueRequired":true,"valueName":"search_term_string"}}],"inLanguage":"fr-FR"}]}},"_links":{"self":[{"href":"https:\/\/mueble4you.com\/fr\/wp-json\/wp\/v2\/product\/90190","targetHints":{"allow":["GET"]}}],"collection":[{"href":"https:\/\/mueble4you.com\/fr\/wp-json\/wp\/v2\/product"}],"about":[{"href":"https:\/\/mueble4you.com\/fr\/wp-json\/wp\/v2\/types\/product"}],"wp:featuredmedia":[{"embeddable":true,"href":"https:\/\/mueble4you.com\/fr\/wp-json\/wp\/v2\/media\/90191"}],"wp:attachment":[{"href":"https:\/\/mueble4you.com\/fr\/wp-json\/wp\/v2\/media?parent=90190"}],"wp:term":[{"taxonomy":"product_brand","embeddable":true,"href":"https:\/\/mueble4you.com\/fr\/wp-json\/wp\/v2\/product_brand?post=90190"},{"taxonomy":"product_cat","embeddable":true,"href":"https:\/\/mueble4you.com\/fr\/wp-json\/wp\/v2\/product_cat?post=90190"},{"taxonomy":"product_tag","embeddable":true,"href":"https:\/\/mueble4you.com\/fr\/wp-json\/wp\/v2\/product_tag?post=90190"}],"curies":[{"name":"wp","href":"https:\/\/api.w.org\/{rel}","templated":true}]}}