{"id":90058,"date":"2026-04-09T11:08:24","date_gmt":"2026-04-09T11:08:24","guid":{"rendered":"https:\/\/mueble4you.com\/productos\/set2-macetero-nirad-alto-verde\/"},"modified":"2026-04-09T11:37:08","modified_gmt":"2026-04-09T11:37:08","slug":"set2-macetero-nirad-alto-verde","status":"publish","type":"product","link":"https:\/\/mueble4you.com\/fr\/productos\/set2-macetero-nirad-alto-verde\/","title":{"rendered":"Ensemble de 2 grands pots de fleurs verts Nirad."},"content":{"rendered":"<ul>\n<li>Fabrication artisanale en m\u00e9tal, finition \u00e9mail brillant. Produit fait main.<\/li>\n<li>Toute variation de couleur, de teinte ou imperfection est consid\u00e9r\u00e9e comme un caract\u00e8re unique.<\/li>\n<li>Pour usage int\u00e9rieur et ext\u00e9rieur.<\/li>\n<li>Dimensions : \u00d8 32 x 48 cm ; \u00d8 45 x 69 cm.<\/li>\n<\/ul>\n","protected":false},"excerpt":{"rendered":"<p>Fabrication artisanale en m\u00e9tal, finition \u00e9mail brillant. Produit fait main. Toute variation de couleur, de teinte ou imperfection est consid\u00e9r\u00e9e comme un caract\u00e8re unique. Pour usage int\u00e9rieur et ext\u00e9rieur. Dimensions : \u00d8 32 x 48 cm ; \u00d8 45 x 69 cm.<\/p>\n","protected":false},"featured_media":90064,"template":"","meta":[],"product_brand":[],"product_cat":[421,173,304,344],"product_tag":[],"class_list":{"0":"post-90058","1":"product","2":"type-product","3":"status-publish","4":"has-post-thumbnail","6":"product_cat-accessoires","7":"product_cat-decoration-fr","8":"product_cat-jardin-et-exterieur","9":"product_cat-vases-fr","11":"first","12":"instock","13":"shipping-taxable","14":"product-type-simple"},"yoast_head":"<!-- This site is optimized with the Yoast SEO plugin v27.2 - https:\/\/yoast.com\/product\/yoast-seo-wordpress\/ -->\n<title>Ensemble de 2 grands pots de fleurs verts Nirad. | mueble4you<\/title>\n<meta name=\"robots\" content=\"index, follow, max-snippet:-1, max-image-preview:large, max-video-preview:-1\" \/>\n<link rel=\"canonical\" href=\"https:\/\/mueble4you.com\/fr\/productos\/set2-macetero-nirad-alto-verde\/\" \/>\n<meta property=\"og:locale\" content=\"fr_FR\" \/>\n<meta property=\"og:type\" content=\"article\" \/>\n<meta property=\"og:title\" content=\"Ensemble de 2 grands pots de fleurs verts Nirad. | mueble4you\" \/>\n<meta property=\"og:description\" content=\"Fabrication artisanale en m\u00e9tal, finition \u00e9mail brillant. Produit fait main. Toute variation de couleur, de teinte ou imperfection est consid\u00e9r\u00e9e comme un caract\u00e8re unique. Pour usage int\u00e9rieur et ext\u00e9rieur. Dimensions : \u00d8 32 x 48 cm ; \u00d8 45 x 69 cm.\" \/>\n<meta property=\"og:url\" content=\"https:\/\/mueble4you.com\/fr\/productos\/set2-macetero-nirad-alto-verde\/\" \/>\n<meta property=\"og:site_name\" content=\"mueble4you\" \/>\n<meta property=\"article:modified_time\" content=\"2026-04-09T11:37:08+00:00\" \/>\n<meta property=\"og:image\" content=\"https:\/\/mueble4you.com\/wp-content\/uploads\/2026\/04\/Captura-de-pantalla-2026-04-09-121038.png\" \/>\n\t<meta property=\"og:image:width\" content=\"1129\" \/>\n\t<meta property=\"og:image:height\" content=\"832\" \/>\n\t<meta property=\"og:image:type\" content=\"image\/png\" \/>\n<meta name=\"twitter:card\" content=\"summary_large_image\" \/>\n<script type=\"application\/ld+json\" class=\"yoast-schema-graph\">{\"@context\":\"https:\/\/schema.org\",\"@graph\":[{\"@type\":\"WebPage\",\"@id\":\"https:\/\/mueble4you.com\/fr\/productos\/set2-macetero-nirad-alto-verde\/\",\"url\":\"https:\/\/mueble4you.com\/fr\/productos\/set2-macetero-nirad-alto-verde\/\",\"name\":\"Ensemble de 2 grands pots de fleurs verts Nirad. | mueble4you\",\"isPartOf\":{\"@id\":\"https:\/\/mueble4you.com\/#website\"},\"primaryImageOfPage\":{\"@id\":\"https:\/\/mueble4you.com\/fr\/productos\/set2-macetero-nirad-alto-verde\/#primaryimage\"},\"image\":{\"@id\":\"https:\/\/mueble4you.com\/fr\/productos\/set2-macetero-nirad-alto-verde\/#primaryimage\"},\"thumbnailUrl\":\"https:\/\/mueble4you.com\/wp-content\/uploads\/2026\/04\/Captura-de-pantalla-2026-04-09-121038.png\",\"datePublished\":\"2026-04-09T11:08:24+00:00\",\"dateModified\":\"2026-04-09T11:37:08+00:00\",\"breadcrumb\":{\"@id\":\"https:\/\/mueble4you.com\/fr\/productos\/set2-macetero-nirad-alto-verde\/#breadcrumb\"},\"inLanguage\":\"fr-FR\",\"potentialAction\":[{\"@type\":\"ReadAction\",\"target\":[\"https:\/\/mueble4you.com\/fr\/productos\/set2-macetero-nirad-alto-verde\/\"]}]},{\"@type\":\"ImageObject\",\"inLanguage\":\"fr-FR\",\"@id\":\"https:\/\/mueble4you.com\/fr\/productos\/set2-macetero-nirad-alto-verde\/#primaryimage\",\"url\":\"https:\/\/mueble4you.com\/wp-content\/uploads\/2026\/04\/Captura-de-pantalla-2026-04-09-121038.png\",\"contentUrl\":\"https:\/\/mueble4you.com\/wp-content\/uploads\/2026\/04\/Captura-de-pantalla-2026-04-09-121038.png\",\"width\":1129,\"height\":832},{\"@type\":\"BreadcrumbList\",\"@id\":\"https:\/\/mueble4you.com\/fr\/productos\/set2-macetero-nirad-alto-verde\/#breadcrumb\",\"itemListElement\":[{\"@type\":\"ListItem\",\"position\":1,\"name\":\"Portada\",\"item\":\"https:\/\/mueble4you.com\/fr\/\"},{\"@type\":\"ListItem\",\"position\":2,\"name\":\"Productos\",\"item\":\"https:\/\/mueble4you.com\/productos\/\"},{\"@type\":\"ListItem\",\"position\":3,\"name\":\"Ensemble de 2 grands pots de fleurs verts Nirad.\"}]},{\"@type\":\"WebSite\",\"@id\":\"https:\/\/mueble4you.com\/#website\",\"url\":\"https:\/\/mueble4you.com\/\",\"name\":\"mueble4you\",\"description\":\"Meubles \u00e0 Tenerife\",\"potentialAction\":[{\"@type\":\"SearchAction\",\"target\":{\"@type\":\"EntryPoint\",\"urlTemplate\":\"https:\/\/mueble4you.com\/?s={search_term_string}\"},\"query-input\":{\"@type\":\"PropertyValueSpecification\",\"valueRequired\":true,\"valueName\":\"search_term_string\"}}],\"inLanguage\":\"fr-FR\"}]}<\/script>\n<!-- \/ Yoast SEO plugin. -->","yoast_head_json":{"title":"Ensemble de 2 grands pots de fleurs verts Nirad. | mueble4you","robots":{"index":"index","follow":"follow","max-snippet":"max-snippet:-1","max-image-preview":"max-image-preview:large","max-video-preview":"max-video-preview:-1"},"canonical":"https:\/\/mueble4you.com\/fr\/productos\/set2-macetero-nirad-alto-verde\/","og_locale":"fr_FR","og_type":"article","og_title":"Ensemble de 2 grands pots de fleurs verts Nirad. | mueble4you","og_description":"Fabrication artisanale en m\u00e9tal, finition \u00e9mail brillant. Produit fait main. Toute variation de couleur, de teinte ou imperfection est consid\u00e9r\u00e9e comme un caract\u00e8re unique. Pour usage int\u00e9rieur et ext\u00e9rieur. Dimensions : \u00d8 32 x 48 cm ; \u00d8 45 x 69 cm.","og_url":"https:\/\/mueble4you.com\/fr\/productos\/set2-macetero-nirad-alto-verde\/","og_site_name":"mueble4you","article_modified_time":"2026-04-09T11:37:08+00:00","og_image":[{"width":1129,"height":832,"url":"https:\/\/mueble4you.com\/wp-content\/uploads\/2026\/04\/Captura-de-pantalla-2026-04-09-121038.png","type":"image\/png"}],"twitter_card":"summary_large_image","schema":{"@context":"https:\/\/schema.org","@graph":[{"@type":"WebPage","@id":"https:\/\/mueble4you.com\/fr\/productos\/set2-macetero-nirad-alto-verde\/","url":"https:\/\/mueble4you.com\/fr\/productos\/set2-macetero-nirad-alto-verde\/","name":"Ensemble de 2 grands pots de fleurs verts Nirad. | mueble4you","isPartOf":{"@id":"https:\/\/mueble4you.com\/#website"},"primaryImageOfPage":{"@id":"https:\/\/mueble4you.com\/fr\/productos\/set2-macetero-nirad-alto-verde\/#primaryimage"},"image":{"@id":"https:\/\/mueble4you.com\/fr\/productos\/set2-macetero-nirad-alto-verde\/#primaryimage"},"thumbnailUrl":"https:\/\/mueble4you.com\/wp-content\/uploads\/2026\/04\/Captura-de-pantalla-2026-04-09-121038.png","datePublished":"2026-04-09T11:08:24+00:00","dateModified":"2026-04-09T11:37:08+00:00","breadcrumb":{"@id":"https:\/\/mueble4you.com\/fr\/productos\/set2-macetero-nirad-alto-verde\/#breadcrumb"},"inLanguage":"fr-FR","potentialAction":[{"@type":"ReadAction","target":["https:\/\/mueble4you.com\/fr\/productos\/set2-macetero-nirad-alto-verde\/"]}]},{"@type":"ImageObject","inLanguage":"fr-FR","@id":"https:\/\/mueble4you.com\/fr\/productos\/set2-macetero-nirad-alto-verde\/#primaryimage","url":"https:\/\/mueble4you.com\/wp-content\/uploads\/2026\/04\/Captura-de-pantalla-2026-04-09-121038.png","contentUrl":"https:\/\/mueble4you.com\/wp-content\/uploads\/2026\/04\/Captura-de-pantalla-2026-04-09-121038.png","width":1129,"height":832},{"@type":"BreadcrumbList","@id":"https:\/\/mueble4you.com\/fr\/productos\/set2-macetero-nirad-alto-verde\/#breadcrumb","itemListElement":[{"@type":"ListItem","position":1,"name":"Portada","item":"https:\/\/mueble4you.com\/fr\/"},{"@type":"ListItem","position":2,"name":"Productos","item":"https:\/\/mueble4you.com\/productos\/"},{"@type":"ListItem","position":3,"name":"Ensemble de 2 grands pots de fleurs verts Nirad."}]},{"@type":"WebSite","@id":"https:\/\/mueble4you.com\/#website","url":"https:\/\/mueble4you.com\/","name":"mueble4you","description":"Meubles \u00e0 Tenerife","potentialAction":[{"@type":"SearchAction","target":{"@type":"EntryPoint","urlTemplate":"https:\/\/mueble4you.com\/?s={search_term_string}"},"query-input":{"@type":"PropertyValueSpecification","valueRequired":true,"valueName":"search_term_string"}}],"inLanguage":"fr-FR"}]}},"_links":{"self":[{"href":"https:\/\/mueble4you.com\/fr\/wp-json\/wp\/v2\/product\/90058","targetHints":{"allow":["GET"]}}],"collection":[{"href":"https:\/\/mueble4you.com\/fr\/wp-json\/wp\/v2\/product"}],"about":[{"href":"https:\/\/mueble4you.com\/fr\/wp-json\/wp\/v2\/types\/product"}],"wp:featuredmedia":[{"embeddable":true,"href":"https:\/\/mueble4you.com\/fr\/wp-json\/wp\/v2\/media\/90064"}],"wp:attachment":[{"href":"https:\/\/mueble4you.com\/fr\/wp-json\/wp\/v2\/media?parent=90058"}],"wp:term":[{"taxonomy":"product_brand","embeddable":true,"href":"https:\/\/mueble4you.com\/fr\/wp-json\/wp\/v2\/product_brand?post=90058"},{"taxonomy":"product_cat","embeddable":true,"href":"https:\/\/mueble4you.com\/fr\/wp-json\/wp\/v2\/product_cat?post=90058"},{"taxonomy":"product_tag","embeddable":true,"href":"https:\/\/mueble4you.com\/fr\/wp-json\/wp\/v2\/product_tag?post=90058"}],"curies":[{"name":"wp","href":"https:\/\/api.w.org\/{rel}","templated":true}]}}