{"id":89993,"date":"2026-04-09T09:57:57","date_gmt":"2026-04-09T09:57:57","guid":{"rendered":"https:\/\/mueble4you.com\/productos\/sillon-giratorio-con-cojin-palawan-light\/"},"modified":"2026-04-10T10:24:26","modified_gmt":"2026-04-10T10:24:26","slug":"sillon-giratorio-con-cojin-palawan-light","status":"publish","type":"product","link":"https:\/\/mueble4you.com\/fr\/productos\/sillon-giratorio-con-cojin-palawan-light\/","title":{"rendered":"FAUTEUIL PIVOTANT AVEC COUSSIN L\u00c9GER PALAWAN."},"content":{"rendered":"<ul>\n<li id=\"tw-target-text\" class=\"tw-data-text tw-text-large tw-ta\" dir=\"ltr\" tabindex=\"-1\" role=\"text\" data-placeholder=\"Traducci\u00f3n\" aria-label=\"Texto traducido: FAUTEUIL PIVOTANT AVEC COUSSIN L\u00c9GER PALAWAN.\nSTRUCTURE EN ACIER TRAIT\u00c9E POUR L'EXT\u00c9RIEUR PAR PHOSPHATION ET REV\u00caTEMENT EN POUDRE (POLYESTER).\nFIBRE SYNTH\u00c9TIQUE TRESS\u00c9E (ROND 5MM).\nHOUSSE DE COUSSIN NON AMOVIBLE AVEC TISSU D\u00c9PERLANT POLYESTER.\nCAPACIT\u00c9 MAXIMALE : 130KG.\nBASE ROTATIVE.\" data-ved=\"2ahUKEwiWto6KiOOTAxVlnycCHXZNACQQ3ewLegQIFBAV\"><span class=\"Y2IQFc\" lang=\"fr\">STRUCTURE EN ACIER TRAIT\u00c9E POUR L&rsquo;EXT\u00c9RIEUR PAR PHOSPHATION ET REV\u00caTEMENT EN POUDRE (POLYESTER). <\/span><\/li>\n<li class=\"tw-data-text tw-text-large tw-ta\" dir=\"ltr\" tabindex=\"-1\" role=\"text\" data-placeholder=\"Traducci\u00f3n\" aria-label=\"Texto traducido: FAUTEUIL PIVOTANT AVEC COUSSIN L\u00c9GER PALAWAN.\nSTRUCTURE EN ACIER TRAIT\u00c9E POUR L'EXT\u00c9RIEUR PAR PHOSPHATION ET REV\u00caTEMENT EN POUDRE (POLYESTER).\nFIBRE SYNTH\u00c9TIQUE TRESS\u00c9E (ROND 5MM).\nHOUSSE DE COUSSIN NON AMOVIBLE AVEC TISSU D\u00c9PERLANT POLYESTER.\nCAPACIT\u00c9 MAXIMALE : 130KG.\nBASE ROTATIVE.\" data-ved=\"2ahUKEwiWto6KiOOTAxVlnycCHXZNACQQ3ewLegQIFBAV\"><span class=\"Y2IQFc\" lang=\"fr\">FIBRE SYNTH\u00c9TIQUE TRESS\u00c9E (ROND 5MM). <\/span><\/li>\n<li class=\"tw-data-text tw-text-large tw-ta\" dir=\"ltr\" tabindex=\"-1\" role=\"text\" data-placeholder=\"Traducci\u00f3n\" aria-label=\"Texto traducido: FAUTEUIL PIVOTANT AVEC COUSSIN L\u00c9GER PALAWAN.\nSTRUCTURE EN ACIER TRAIT\u00c9E POUR L'EXT\u00c9RIEUR PAR PHOSPHATION ET REV\u00caTEMENT EN POUDRE (POLYESTER).\nFIBRE SYNTH\u00c9TIQUE TRESS\u00c9E (ROND 5MM).\nHOUSSE DE COUSSIN NON AMOVIBLE AVEC TISSU D\u00c9PERLANT POLYESTER.\nCAPACIT\u00c9 MAXIMALE : 130KG.\nBASE ROTATIVE.\" data-ved=\"2ahUKEwiWto6KiOOTAxVlnycCHXZNACQQ3ewLegQIFBAV\"><span class=\"Y2IQFc\" lang=\"fr\">HOUSSE DE COUSSIN NON AMOVIBLE AVEC TISSU D\u00c9PERLANT POLYESTER. <\/span><\/li>\n<li class=\"tw-data-text tw-text-large tw-ta\" dir=\"ltr\" tabindex=\"-1\" role=\"text\" data-placeholder=\"Traducci\u00f3n\" aria-label=\"Texto traducido: FAUTEUIL PIVOTANT AVEC COUSSIN L\u00c9GER PALAWAN.\nSTRUCTURE EN ACIER TRAIT\u00c9E POUR L'EXT\u00c9RIEUR PAR PHOSPHATION ET REV\u00caTEMENT EN POUDRE (POLYESTER).\nFIBRE SYNTH\u00c9TIQUE TRESS\u00c9E (ROND 5MM).\nHOUSSE DE COUSSIN NON AMOVIBLE AVEC TISSU D\u00c9PERLANT POLYESTER.\nCAPACIT\u00c9 MAXIMALE : 130KG.\nBASE ROTATIVE.\" data-ved=\"2ahUKEwiWto6KiOOTAxVlnycCHXZNACQQ3ewLegQIFBAV\"><span class=\"Y2IQFc\" lang=\"fr\">CAPACIT\u00c9 MAXIMALE : 130KG. BASE ROTATIVE.<\/span><\/li>\n<\/ul>\n","protected":false},"excerpt":{"rendered":"<p>STRUCTURE EN ACIER TRAIT\u00c9E POUR L&rsquo;EXT\u00c9RIEUR PAR PHOSPHATION ET REV\u00caTEMENT EN POUDRE (POLYESTER). FIBRE SYNTH\u00c9TIQUE TRESS\u00c9E (ROND 5MM). HOUSSE DE COUSSIN NON AMOVIBLE AVEC TISSU D\u00c9PERLANT POLYESTER. CAPACIT\u00c9 MAXIMALE : 130KG. BASE ROTATIVE.<\/p>\n","protected":false},"featured_media":89994,"template":"","meta":[],"product_brand":[],"product_cat":[421,308,304,324],"product_tag":[],"class_list":{"0":"post-89993","1":"product","2":"type-product","3":"status-publish","4":"has-post-thumbnail","6":"product_cat-accessoires","7":"product_cat-ensemble-de-tables-et-de-chaises","8":"product_cat-jardin-et-exterieur","9":"product_cat-transat","11":"first","12":"instock","13":"shipping-taxable","14":"product-type-simple"},"yoast_head":"<!-- This site is optimized with the Yoast SEO plugin v27.3 - https:\/\/yoast.com\/product\/yoast-seo-wordpress\/ -->\n<title>FAUTEUIL PIVOTANT AVEC COUSSIN L\u00c9GER PALAWAN. | mueble4you<\/title>\n<meta name=\"robots\" content=\"index, follow, max-snippet:-1, max-image-preview:large, max-video-preview:-1\" \/>\n<link rel=\"canonical\" href=\"https:\/\/mueble4you.com\/fr\/productos\/sillon-giratorio-con-cojin-palawan-light\/\" \/>\n<meta property=\"og:locale\" content=\"fr_FR\" \/>\n<meta property=\"og:type\" content=\"article\" \/>\n<meta property=\"og:title\" content=\"FAUTEUIL PIVOTANT AVEC COUSSIN L\u00c9GER PALAWAN. | mueble4you\" \/>\n<meta property=\"og:description\" content=\"STRUCTURE EN ACIER TRAIT\u00c9E POUR L&rsquo;EXT\u00c9RIEUR PAR PHOSPHATION ET REV\u00caTEMENT EN POUDRE (POLYESTER). FIBRE SYNTH\u00c9TIQUE TRESS\u00c9E (ROND 5MM). HOUSSE DE COUSSIN NON AMOVIBLE AVEC TISSU D\u00c9PERLANT POLYESTER. CAPACIT\u00c9 MAXIMALE : 130KG. BASE ROTATIVE.\" \/>\n<meta property=\"og:url\" content=\"https:\/\/mueble4you.com\/fr\/productos\/sillon-giratorio-con-cojin-palawan-light\/\" \/>\n<meta property=\"og:site_name\" content=\"mueble4you\" \/>\n<meta property=\"article:modified_time\" content=\"2026-04-10T10:24:26+00:00\" \/>\n<meta property=\"og:image\" content=\"https:\/\/mueble4you.com\/wp-content\/uploads\/2026\/04\/Captura-de-pantalla-2026-04-09-105532.png\" \/>\n\t<meta property=\"og:image:width\" content=\"643\" \/>\n\t<meta property=\"og:image:height\" content=\"902\" \/>\n\t<meta property=\"og:image:type\" content=\"image\/png\" \/>\n<meta name=\"twitter:card\" content=\"summary_large_image\" \/>\n<script type=\"application\/ld+json\" class=\"yoast-schema-graph\">{\"@context\":\"https:\\\/\\\/schema.org\",\"@graph\":[{\"@type\":\"WebPage\",\"@id\":\"https:\\\/\\\/mueble4you.com\\\/fr\\\/productos\\\/sillon-giratorio-con-cojin-palawan-light\\\/\",\"url\":\"https:\\\/\\\/mueble4you.com\\\/fr\\\/productos\\\/sillon-giratorio-con-cojin-palawan-light\\\/\",\"name\":\"FAUTEUIL PIVOTANT AVEC COUSSIN L\u00c9GER PALAWAN. | mueble4you\",\"isPartOf\":{\"@id\":\"https:\\\/\\\/mueble4you.com\\\/#website\"},\"primaryImageOfPage\":{\"@id\":\"https:\\\/\\\/mueble4you.com\\\/fr\\\/productos\\\/sillon-giratorio-con-cojin-palawan-light\\\/#primaryimage\"},\"image\":{\"@id\":\"https:\\\/\\\/mueble4you.com\\\/fr\\\/productos\\\/sillon-giratorio-con-cojin-palawan-light\\\/#primaryimage\"},\"thumbnailUrl\":\"https:\\\/\\\/mueble4you.com\\\/wp-content\\\/uploads\\\/2026\\\/04\\\/Captura-de-pantalla-2026-04-09-105532.png\",\"datePublished\":\"2026-04-09T09:57:57+00:00\",\"dateModified\":\"2026-04-10T10:24:26+00:00\",\"breadcrumb\":{\"@id\":\"https:\\\/\\\/mueble4you.com\\\/fr\\\/productos\\\/sillon-giratorio-con-cojin-palawan-light\\\/#breadcrumb\"},\"inLanguage\":\"fr-FR\",\"potentialAction\":[{\"@type\":\"ReadAction\",\"target\":[\"https:\\\/\\\/mueble4you.com\\\/fr\\\/productos\\\/sillon-giratorio-con-cojin-palawan-light\\\/\"]}]},{\"@type\":\"ImageObject\",\"inLanguage\":\"fr-FR\",\"@id\":\"https:\\\/\\\/mueble4you.com\\\/fr\\\/productos\\\/sillon-giratorio-con-cojin-palawan-light\\\/#primaryimage\",\"url\":\"https:\\\/\\\/mueble4you.com\\\/wp-content\\\/uploads\\\/2026\\\/04\\\/Captura-de-pantalla-2026-04-09-105532.png\",\"contentUrl\":\"https:\\\/\\\/mueble4you.com\\\/wp-content\\\/uploads\\\/2026\\\/04\\\/Captura-de-pantalla-2026-04-09-105532.png\",\"width\":643,\"height\":902},{\"@type\":\"BreadcrumbList\",\"@id\":\"https:\\\/\\\/mueble4you.com\\\/fr\\\/productos\\\/sillon-giratorio-con-cojin-palawan-light\\\/#breadcrumb\",\"itemListElement\":[{\"@type\":\"ListItem\",\"position\":1,\"name\":\"Portada\",\"item\":\"https:\\\/\\\/mueble4you.com\\\/fr\\\/\"},{\"@type\":\"ListItem\",\"position\":2,\"name\":\"Productos\",\"item\":\"https:\\\/\\\/mueble4you.com\\\/productos\\\/\"},{\"@type\":\"ListItem\",\"position\":3,\"name\":\"FAUTEUIL PIVOTANT AVEC COUSSIN L\u00c9GER PALAWAN.\"}]},{\"@type\":\"WebSite\",\"@id\":\"https:\\\/\\\/mueble4you.com\\\/#website\",\"url\":\"https:\\\/\\\/mueble4you.com\\\/\",\"name\":\"mueble4you\",\"description\":\"Meubles \u00e0 Tenerife\",\"potentialAction\":[{\"@type\":\"SearchAction\",\"target\":{\"@type\":\"EntryPoint\",\"urlTemplate\":\"https:\\\/\\\/mueble4you.com\\\/?s={search_term_string}\"},\"query-input\":{\"@type\":\"PropertyValueSpecification\",\"valueRequired\":true,\"valueName\":\"search_term_string\"}}],\"inLanguage\":\"fr-FR\"}]}<\/script>\n<!-- \/ Yoast SEO plugin. -->","yoast_head_json":{"title":"FAUTEUIL PIVOTANT AVEC COUSSIN L\u00c9GER PALAWAN. | mueble4you","robots":{"index":"index","follow":"follow","max-snippet":"max-snippet:-1","max-image-preview":"max-image-preview:large","max-video-preview":"max-video-preview:-1"},"canonical":"https:\/\/mueble4you.com\/fr\/productos\/sillon-giratorio-con-cojin-palawan-light\/","og_locale":"fr_FR","og_type":"article","og_title":"FAUTEUIL PIVOTANT AVEC COUSSIN L\u00c9GER PALAWAN. | mueble4you","og_description":"STRUCTURE EN ACIER TRAIT\u00c9E POUR L&rsquo;EXT\u00c9RIEUR PAR PHOSPHATION ET REV\u00caTEMENT EN POUDRE (POLYESTER). FIBRE SYNTH\u00c9TIQUE TRESS\u00c9E (ROND 5MM). HOUSSE DE COUSSIN NON AMOVIBLE AVEC TISSU D\u00c9PERLANT POLYESTER. CAPACIT\u00c9 MAXIMALE : 130KG. BASE ROTATIVE.","og_url":"https:\/\/mueble4you.com\/fr\/productos\/sillon-giratorio-con-cojin-palawan-light\/","og_site_name":"mueble4you","article_modified_time":"2026-04-10T10:24:26+00:00","og_image":[{"width":643,"height":902,"url":"https:\/\/mueble4you.com\/wp-content\/uploads\/2026\/04\/Captura-de-pantalla-2026-04-09-105532.png","type":"image\/png"}],"twitter_card":"summary_large_image","schema":{"@context":"https:\/\/schema.org","@graph":[{"@type":"WebPage","@id":"https:\/\/mueble4you.com\/fr\/productos\/sillon-giratorio-con-cojin-palawan-light\/","url":"https:\/\/mueble4you.com\/fr\/productos\/sillon-giratorio-con-cojin-palawan-light\/","name":"FAUTEUIL PIVOTANT AVEC COUSSIN L\u00c9GER PALAWAN. | mueble4you","isPartOf":{"@id":"https:\/\/mueble4you.com\/#website"},"primaryImageOfPage":{"@id":"https:\/\/mueble4you.com\/fr\/productos\/sillon-giratorio-con-cojin-palawan-light\/#primaryimage"},"image":{"@id":"https:\/\/mueble4you.com\/fr\/productos\/sillon-giratorio-con-cojin-palawan-light\/#primaryimage"},"thumbnailUrl":"https:\/\/mueble4you.com\/wp-content\/uploads\/2026\/04\/Captura-de-pantalla-2026-04-09-105532.png","datePublished":"2026-04-09T09:57:57+00:00","dateModified":"2026-04-10T10:24:26+00:00","breadcrumb":{"@id":"https:\/\/mueble4you.com\/fr\/productos\/sillon-giratorio-con-cojin-palawan-light\/#breadcrumb"},"inLanguage":"fr-FR","potentialAction":[{"@type":"ReadAction","target":["https:\/\/mueble4you.com\/fr\/productos\/sillon-giratorio-con-cojin-palawan-light\/"]}]},{"@type":"ImageObject","inLanguage":"fr-FR","@id":"https:\/\/mueble4you.com\/fr\/productos\/sillon-giratorio-con-cojin-palawan-light\/#primaryimage","url":"https:\/\/mueble4you.com\/wp-content\/uploads\/2026\/04\/Captura-de-pantalla-2026-04-09-105532.png","contentUrl":"https:\/\/mueble4you.com\/wp-content\/uploads\/2026\/04\/Captura-de-pantalla-2026-04-09-105532.png","width":643,"height":902},{"@type":"BreadcrumbList","@id":"https:\/\/mueble4you.com\/fr\/productos\/sillon-giratorio-con-cojin-palawan-light\/#breadcrumb","itemListElement":[{"@type":"ListItem","position":1,"name":"Portada","item":"https:\/\/mueble4you.com\/fr\/"},{"@type":"ListItem","position":2,"name":"Productos","item":"https:\/\/mueble4you.com\/productos\/"},{"@type":"ListItem","position":3,"name":"FAUTEUIL PIVOTANT AVEC COUSSIN L\u00c9GER PALAWAN."}]},{"@type":"WebSite","@id":"https:\/\/mueble4you.com\/#website","url":"https:\/\/mueble4you.com\/","name":"mueble4you","description":"Meubles \u00e0 Tenerife","potentialAction":[{"@type":"SearchAction","target":{"@type":"EntryPoint","urlTemplate":"https:\/\/mueble4you.com\/?s={search_term_string}"},"query-input":{"@type":"PropertyValueSpecification","valueRequired":true,"valueName":"search_term_string"}}],"inLanguage":"fr-FR"}]}},"_links":{"self":[{"href":"https:\/\/mueble4you.com\/fr\/wp-json\/wp\/v2\/product\/89993","targetHints":{"allow":["GET"]}}],"collection":[{"href":"https:\/\/mueble4you.com\/fr\/wp-json\/wp\/v2\/product"}],"about":[{"href":"https:\/\/mueble4you.com\/fr\/wp-json\/wp\/v2\/types\/product"}],"wp:featuredmedia":[{"embeddable":true,"href":"https:\/\/mueble4you.com\/fr\/wp-json\/wp\/v2\/media\/89994"}],"wp:attachment":[{"href":"https:\/\/mueble4you.com\/fr\/wp-json\/wp\/v2\/media?parent=89993"}],"wp:term":[{"taxonomy":"product_brand","embeddable":true,"href":"https:\/\/mueble4you.com\/fr\/wp-json\/wp\/v2\/product_brand?post=89993"},{"taxonomy":"product_cat","embeddable":true,"href":"https:\/\/mueble4you.com\/fr\/wp-json\/wp\/v2\/product_cat?post=89993"},{"taxonomy":"product_tag","embeddable":true,"href":"https:\/\/mueble4you.com\/fr\/wp-json\/wp\/v2\/product_tag?post=89993"}],"curies":[{"name":"wp","href":"https:\/\/api.w.org\/{rel}","templated":true}]}}