{"id":89666,"date":"2026-03-24T11:49:20","date_gmt":"2026-03-24T11:49:20","guid":{"rendered":"https:\/\/mueble4you.com\/productos\/indy-sofa-cama-con-brazo-230-t-tamarindo-mystic\/"},"modified":"2026-03-24T13:09:31","modified_gmt":"2026-03-24T13:09:31","slug":"indy-sofa-cama-con-brazo-230-t-tamarindo-mystic","status":"publish","type":"product","link":"https:\/\/mueble4you.com\/fr\/productos\/indy-sofa-cama-con-brazo-230-t-tamarindo-mystic\/","title":{"rendered":"CANAP\u00c9-LIT INDY AVEC BRAS 230 T. TAMARINDO\/MYSTIC."},"content":{"rendered":"<ul>\n<li id=\"tw-target-text\" class=\"tw-data-text tw-text-large tw-ta\" dir=\"ltr\" tabindex=\"-1\" role=\"text\" data-placeholder=\"Traducci\u00f3n\" data-ved=\"2ahUKEwiLpc_yzLiTAxXnD1kFHcUeJksQ3ewLegQIDBAW\" aria-label=\"Texto traducido: CANAP\u00c9-LIT INDY AVEC BRAS 230 T. TAMARINDO\/MYSTIC.\nDisponible en diff\u00e9rentes tailles et tissus sur demande.\nDimensions : 230x105cm.\n\u00c9lectrique avec t\u00e9l\u00e9commande.\"><span class=\"Y2IQFc\" lang=\"fr\"> Disponible en diff\u00e9rentes tailles et tissus sur demande.<\/span><\/li>\n<li class=\"tw-data-text tw-text-large tw-ta\" dir=\"ltr\" tabindex=\"-1\" role=\"text\" data-placeholder=\"Traducci\u00f3n\" data-ved=\"2ahUKEwiLpc_yzLiTAxXnD1kFHcUeJksQ3ewLegQIDBAW\" aria-label=\"Texto traducido: CANAP\u00c9-LIT INDY AVEC BRAS 230 T. TAMARINDO\/MYSTIC.\nDisponible en diff\u00e9rentes tailles et tissus sur demande.\nDimensions : 230x105cm.\n\u00c9lectrique avec t\u00e9l\u00e9commande.\"><span class=\"Y2IQFc\" lang=\"fr\">Dimensions : 230x105cm. <\/span><\/li>\n<li class=\"tw-data-text tw-text-large tw-ta\" dir=\"ltr\" tabindex=\"-1\" role=\"text\" data-placeholder=\"Traducci\u00f3n\" data-ved=\"2ahUKEwiLpc_yzLiTAxXnD1kFHcUeJksQ3ewLegQIDBAW\" aria-label=\"Texto traducido: CANAP\u00c9-LIT INDY AVEC BRAS 230 T. TAMARINDO\/MYSTIC.\nDisponible en diff\u00e9rentes tailles et tissus sur demande.\nDimensions : 230x105cm.\n\u00c9lectrique avec t\u00e9l\u00e9commande.\"><span class=\"Y2IQFc\" lang=\"fr\">\u00c9lectrique avec t\u00e9l\u00e9commande.<\/span><\/li>\n<\/ul>\n","protected":false},"excerpt":{"rendered":"<p>Disponible en diff\u00e9rentes tailles et tissus sur demande. Dimensions : 230x105cm. \u00c9lectrique avec t\u00e9l\u00e9commande.<\/p>\n","protected":false},"featured_media":89667,"template":"","meta":[],"product_brand":[],"product_cat":[548,205,204],"product_tag":[],"class_list":{"0":"post-89666","1":"product","2":"type-product","3":"status-publish","4":"has-post-thumbnail","6":"product_cat-canape-lit","7":"product_cat-canapes","8":"product_cat-salon","10":"first","11":"instock","12":"shipping-taxable","13":"product-type-simple"},"yoast_head":"<!-- This site is optimized with the Yoast SEO plugin v27.3 - https:\/\/yoast.com\/product\/yoast-seo-wordpress\/ -->\n<title>CANAP\u00c9-LIT INDY AVEC BRAS 230 T. TAMARINDO\/MYSTIC. | mueble4you<\/title>\n<meta name=\"robots\" content=\"index, follow, max-snippet:-1, max-image-preview:large, max-video-preview:-1\" \/>\n<link rel=\"canonical\" href=\"https:\/\/mueble4you.com\/fr\/productos\/indy-sofa-cama-con-brazo-230-t-tamarindo-mystic\/\" \/>\n<meta property=\"og:locale\" content=\"fr_FR\" \/>\n<meta property=\"og:type\" content=\"article\" \/>\n<meta property=\"og:title\" content=\"CANAP\u00c9-LIT INDY AVEC BRAS 230 T. TAMARINDO\/MYSTIC. | mueble4you\" \/>\n<meta property=\"og:description\" content=\"Disponible en diff\u00e9rentes tailles et tissus sur demande. Dimensions : 230x105cm. \u00c9lectrique avec t\u00e9l\u00e9commande.\" \/>\n<meta property=\"og:url\" content=\"https:\/\/mueble4you.com\/fr\/productos\/indy-sofa-cama-con-brazo-230-t-tamarindo-mystic\/\" \/>\n<meta property=\"og:site_name\" content=\"mueble4you\" \/>\n<meta property=\"article:modified_time\" content=\"2026-03-24T13:09:31+00:00\" \/>\n<meta property=\"og:image\" content=\"https:\/\/mueble4you.com\/wp-content\/uploads\/2026\/03\/IMG20260324112356-scaled.jpg\" \/>\n\t<meta property=\"og:image:width\" content=\"1920\" \/>\n\t<meta property=\"og:image:height\" content=\"2560\" \/>\n\t<meta property=\"og:image:type\" content=\"image\/jpeg\" \/>\n<meta name=\"twitter:card\" content=\"summary_large_image\" \/>\n<script type=\"application\/ld+json\" class=\"yoast-schema-graph\">{\"@context\":\"https:\\\/\\\/schema.org\",\"@graph\":[{\"@type\":\"WebPage\",\"@id\":\"https:\\\/\\\/mueble4you.com\\\/fr\\\/productos\\\/indy-sofa-cama-con-brazo-230-t-tamarindo-mystic\\\/\",\"url\":\"https:\\\/\\\/mueble4you.com\\\/fr\\\/productos\\\/indy-sofa-cama-con-brazo-230-t-tamarindo-mystic\\\/\",\"name\":\"CANAP\u00c9-LIT INDY AVEC BRAS 230 T. TAMARINDO\\\/MYSTIC. | mueble4you\",\"isPartOf\":{\"@id\":\"https:\\\/\\\/mueble4you.com\\\/#website\"},\"primaryImageOfPage\":{\"@id\":\"https:\\\/\\\/mueble4you.com\\\/fr\\\/productos\\\/indy-sofa-cama-con-brazo-230-t-tamarindo-mystic\\\/#primaryimage\"},\"image\":{\"@id\":\"https:\\\/\\\/mueble4you.com\\\/fr\\\/productos\\\/indy-sofa-cama-con-brazo-230-t-tamarindo-mystic\\\/#primaryimage\"},\"thumbnailUrl\":\"https:\\\/\\\/mueble4you.com\\\/wp-content\\\/uploads\\\/2026\\\/03\\\/IMG20260324112356-scaled.jpg\",\"datePublished\":\"2026-03-24T11:49:20+00:00\",\"dateModified\":\"2026-03-24T13:09:31+00:00\",\"breadcrumb\":{\"@id\":\"https:\\\/\\\/mueble4you.com\\\/fr\\\/productos\\\/indy-sofa-cama-con-brazo-230-t-tamarindo-mystic\\\/#breadcrumb\"},\"inLanguage\":\"fr-FR\",\"potentialAction\":[{\"@type\":\"ReadAction\",\"target\":[\"https:\\\/\\\/mueble4you.com\\\/fr\\\/productos\\\/indy-sofa-cama-con-brazo-230-t-tamarindo-mystic\\\/\"]}]},{\"@type\":\"ImageObject\",\"inLanguage\":\"fr-FR\",\"@id\":\"https:\\\/\\\/mueble4you.com\\\/fr\\\/productos\\\/indy-sofa-cama-con-brazo-230-t-tamarindo-mystic\\\/#primaryimage\",\"url\":\"https:\\\/\\\/mueble4you.com\\\/wp-content\\\/uploads\\\/2026\\\/03\\\/IMG20260324112356-scaled.jpg\",\"contentUrl\":\"https:\\\/\\\/mueble4you.com\\\/wp-content\\\/uploads\\\/2026\\\/03\\\/IMG20260324112356-scaled.jpg\",\"width\":1920,\"height\":2560},{\"@type\":\"BreadcrumbList\",\"@id\":\"https:\\\/\\\/mueble4you.com\\\/fr\\\/productos\\\/indy-sofa-cama-con-brazo-230-t-tamarindo-mystic\\\/#breadcrumb\",\"itemListElement\":[{\"@type\":\"ListItem\",\"position\":1,\"name\":\"Portada\",\"item\":\"https:\\\/\\\/mueble4you.com\\\/fr\\\/\"},{\"@type\":\"ListItem\",\"position\":2,\"name\":\"Productos\",\"item\":\"https:\\\/\\\/mueble4you.com\\\/productos\\\/\"},{\"@type\":\"ListItem\",\"position\":3,\"name\":\"CANAP\u00c9-LIT INDY AVEC BRAS 230 T. TAMARINDO\\\/MYSTIC.\"}]},{\"@type\":\"WebSite\",\"@id\":\"https:\\\/\\\/mueble4you.com\\\/#website\",\"url\":\"https:\\\/\\\/mueble4you.com\\\/\",\"name\":\"mueble4you\",\"description\":\"Meubles \u00e0 Tenerife\",\"potentialAction\":[{\"@type\":\"SearchAction\",\"target\":{\"@type\":\"EntryPoint\",\"urlTemplate\":\"https:\\\/\\\/mueble4you.com\\\/?s={search_term_string}\"},\"query-input\":{\"@type\":\"PropertyValueSpecification\",\"valueRequired\":true,\"valueName\":\"search_term_string\"}}],\"inLanguage\":\"fr-FR\"}]}<\/script>\n<!-- \/ Yoast SEO plugin. -->","yoast_head_json":{"title":"CANAP\u00c9-LIT INDY AVEC BRAS 230 T. TAMARINDO\/MYSTIC. | mueble4you","robots":{"index":"index","follow":"follow","max-snippet":"max-snippet:-1","max-image-preview":"max-image-preview:large","max-video-preview":"max-video-preview:-1"},"canonical":"https:\/\/mueble4you.com\/fr\/productos\/indy-sofa-cama-con-brazo-230-t-tamarindo-mystic\/","og_locale":"fr_FR","og_type":"article","og_title":"CANAP\u00c9-LIT INDY AVEC BRAS 230 T. TAMARINDO\/MYSTIC. | mueble4you","og_description":"Disponible en diff\u00e9rentes tailles et tissus sur demande. Dimensions : 230x105cm. \u00c9lectrique avec t\u00e9l\u00e9commande.","og_url":"https:\/\/mueble4you.com\/fr\/productos\/indy-sofa-cama-con-brazo-230-t-tamarindo-mystic\/","og_site_name":"mueble4you","article_modified_time":"2026-03-24T13:09:31+00:00","og_image":[{"width":1920,"height":2560,"url":"https:\/\/mueble4you.com\/wp-content\/uploads\/2026\/03\/IMG20260324112356-scaled.jpg","type":"image\/jpeg"}],"twitter_card":"summary_large_image","schema":{"@context":"https:\/\/schema.org","@graph":[{"@type":"WebPage","@id":"https:\/\/mueble4you.com\/fr\/productos\/indy-sofa-cama-con-brazo-230-t-tamarindo-mystic\/","url":"https:\/\/mueble4you.com\/fr\/productos\/indy-sofa-cama-con-brazo-230-t-tamarindo-mystic\/","name":"CANAP\u00c9-LIT INDY AVEC BRAS 230 T. TAMARINDO\/MYSTIC. | mueble4you","isPartOf":{"@id":"https:\/\/mueble4you.com\/#website"},"primaryImageOfPage":{"@id":"https:\/\/mueble4you.com\/fr\/productos\/indy-sofa-cama-con-brazo-230-t-tamarindo-mystic\/#primaryimage"},"image":{"@id":"https:\/\/mueble4you.com\/fr\/productos\/indy-sofa-cama-con-brazo-230-t-tamarindo-mystic\/#primaryimage"},"thumbnailUrl":"https:\/\/mueble4you.com\/wp-content\/uploads\/2026\/03\/IMG20260324112356-scaled.jpg","datePublished":"2026-03-24T11:49:20+00:00","dateModified":"2026-03-24T13:09:31+00:00","breadcrumb":{"@id":"https:\/\/mueble4you.com\/fr\/productos\/indy-sofa-cama-con-brazo-230-t-tamarindo-mystic\/#breadcrumb"},"inLanguage":"fr-FR","potentialAction":[{"@type":"ReadAction","target":["https:\/\/mueble4you.com\/fr\/productos\/indy-sofa-cama-con-brazo-230-t-tamarindo-mystic\/"]}]},{"@type":"ImageObject","inLanguage":"fr-FR","@id":"https:\/\/mueble4you.com\/fr\/productos\/indy-sofa-cama-con-brazo-230-t-tamarindo-mystic\/#primaryimage","url":"https:\/\/mueble4you.com\/wp-content\/uploads\/2026\/03\/IMG20260324112356-scaled.jpg","contentUrl":"https:\/\/mueble4you.com\/wp-content\/uploads\/2026\/03\/IMG20260324112356-scaled.jpg","width":1920,"height":2560},{"@type":"BreadcrumbList","@id":"https:\/\/mueble4you.com\/fr\/productos\/indy-sofa-cama-con-brazo-230-t-tamarindo-mystic\/#breadcrumb","itemListElement":[{"@type":"ListItem","position":1,"name":"Portada","item":"https:\/\/mueble4you.com\/fr\/"},{"@type":"ListItem","position":2,"name":"Productos","item":"https:\/\/mueble4you.com\/productos\/"},{"@type":"ListItem","position":3,"name":"CANAP\u00c9-LIT INDY AVEC BRAS 230 T. TAMARINDO\/MYSTIC."}]},{"@type":"WebSite","@id":"https:\/\/mueble4you.com\/#website","url":"https:\/\/mueble4you.com\/","name":"mueble4you","description":"Meubles \u00e0 Tenerife","potentialAction":[{"@type":"SearchAction","target":{"@type":"EntryPoint","urlTemplate":"https:\/\/mueble4you.com\/?s={search_term_string}"},"query-input":{"@type":"PropertyValueSpecification","valueRequired":true,"valueName":"search_term_string"}}],"inLanguage":"fr-FR"}]}},"_links":{"self":[{"href":"https:\/\/mueble4you.com\/fr\/wp-json\/wp\/v2\/product\/89666","targetHints":{"allow":["GET"]}}],"collection":[{"href":"https:\/\/mueble4you.com\/fr\/wp-json\/wp\/v2\/product"}],"about":[{"href":"https:\/\/mueble4you.com\/fr\/wp-json\/wp\/v2\/types\/product"}],"wp:featuredmedia":[{"embeddable":true,"href":"https:\/\/mueble4you.com\/fr\/wp-json\/wp\/v2\/media\/89667"}],"wp:attachment":[{"href":"https:\/\/mueble4you.com\/fr\/wp-json\/wp\/v2\/media?parent=89666"}],"wp:term":[{"taxonomy":"product_brand","embeddable":true,"href":"https:\/\/mueble4you.com\/fr\/wp-json\/wp\/v2\/product_brand?post=89666"},{"taxonomy":"product_cat","embeddable":true,"href":"https:\/\/mueble4you.com\/fr\/wp-json\/wp\/v2\/product_cat?post=89666"},{"taxonomy":"product_tag","embeddable":true,"href":"https:\/\/mueble4you.com\/fr\/wp-json\/wp\/v2\/product_tag?post=89666"}],"curies":[{"name":"wp","href":"https:\/\/api.w.org\/{rel}","templated":true}]}}