{"id":89488,"date":"2026-03-12T12:18:39","date_gmt":"2026-03-12T12:18:39","guid":{"rendered":"https:\/\/mueble4you.com\/productos\/lamp-lect-tom-marron\/"},"modified":"2026-03-17T13:36:14","modified_gmt":"2026-03-17T13:36:14","slug":"lamp-lect-tom-marron","status":"publish","type":"product","link":"https:\/\/mueble4you.com\/fr\/productos\/lamp-lect-tom-marron\/","title":{"rendered":"Lampe de lecture Tom Brown."},"content":{"rendered":"<ul>\n<li id=\"tw-target-text\" class=\"tw-data-text tw-text-large tw-ta\" dir=\"ltr\" tabindex=\"-1\" role=\"text\" data-placeholder=\"Traducci\u00f3n\" data-ved=\"2ahUKEwjlnL3e-6aTAxXeQEEAHeZ6OpsQ3ewLegQIDBAW\" aria-label=\"Texto traducido: Lampe de lecture Tom Brown.\nLiseuse 'Tom', hauteur 180 cm, pied conique en c\u00e9ramique marron et abat-jour cylindrique \u00e9cru.\nCon\u00e7u pour la d\u00e9coration, il offre une silhouette \u00e9lanc\u00e9e et une finition chaleureuse adapt\u00e9e aux int\u00e9rieurs contemporains ou boh\u00e8mes.\nL\u00e9ger (1,08 kg) et facile \u00e0 ranger ; Valeur ajout\u00e9e : esth\u00e9tique photog\u00e9nique, finition textur\u00e9e et parfait pour mettre en valeur un coin lecture ou comme \u00e9clairage d'accentuation.\"><span class=\"Y2IQFc\" lang=\"fr\">Liseuse &lsquo;Tom&rsquo;, hauteur 180 cm, pied conique en c\u00e9ramique marron et abat-jour cylindrique \u00e9cru. <\/span><\/li>\n<li class=\"tw-data-text tw-text-large tw-ta\" dir=\"ltr\" tabindex=\"-1\" role=\"text\" data-placeholder=\"Traducci\u00f3n\" data-ved=\"2ahUKEwjlnL3e-6aTAxXeQEEAHeZ6OpsQ3ewLegQIDBAW\" aria-label=\"Texto traducido: Lampe de lecture Tom Brown.\nLiseuse 'Tom', hauteur 180 cm, pied conique en c\u00e9ramique marron et abat-jour cylindrique \u00e9cru.\nCon\u00e7u pour la d\u00e9coration, il offre une silhouette \u00e9lanc\u00e9e et une finition chaleureuse adapt\u00e9e aux int\u00e9rieurs contemporains ou boh\u00e8mes.\nL\u00e9ger (1,08 kg) et facile \u00e0 ranger ; Valeur ajout\u00e9e : esth\u00e9tique photog\u00e9nique, finition textur\u00e9e et parfait pour mettre en valeur un coin lecture ou comme \u00e9clairage d'accentuation.\"><span class=\"Y2IQFc\" lang=\"fr\">Con\u00e7u pour la d\u00e9coration, il offre une silhouette \u00e9lanc\u00e9e et une finition chaleureuse adapt\u00e9e aux int\u00e9rieurs contemporains ou boh\u00e8mes. <\/span><\/li>\n<li class=\"tw-data-text tw-text-large tw-ta\" dir=\"ltr\" tabindex=\"-1\" role=\"text\" data-placeholder=\"Traducci\u00f3n\" data-ved=\"2ahUKEwjlnL3e-6aTAxXeQEEAHeZ6OpsQ3ewLegQIDBAW\" aria-label=\"Texto traducido: Lampe de lecture Tom Brown.\nLiseuse 'Tom', hauteur 180 cm, pied conique en c\u00e9ramique marron et abat-jour cylindrique \u00e9cru.\nCon\u00e7u pour la d\u00e9coration, il offre une silhouette \u00e9lanc\u00e9e et une finition chaleureuse adapt\u00e9e aux int\u00e9rieurs contemporains ou boh\u00e8mes.\nL\u00e9ger (1,08 kg) et facile \u00e0 ranger ; Valeur ajout\u00e9e : esth\u00e9tique photog\u00e9nique, finition textur\u00e9e et parfait pour mettre en valeur un coin lecture ou comme \u00e9clairage d'accentuation.\"><span class=\"Y2IQFc\" lang=\"fr\">L\u00e9ger (1,08 kg) et facile \u00e0 ranger ; Valeur ajout\u00e9e : esth\u00e9tique photog\u00e9nique, finition textur\u00e9e et parfait pour mettre en valeur un coin lecture ou comme \u00e9clairage d&rsquo;accentuation.<\/span><\/li>\n<\/ul>\n","protected":false},"excerpt":{"rendered":"<p>Liseuse &lsquo;Tom&rsquo;, hauteur 180 cm, pied conique en c\u00e9ramique marron et abat-jour cylindrique \u00e9cru. Con\u00e7u pour la d\u00e9coration, il offre une silhouette \u00e9lanc\u00e9e et une finition chaleureuse adapt\u00e9e aux int\u00e9rieurs contemporains ou boh\u00e8mes. L\u00e9ger (1,08 kg) et facile \u00e0 ranger ; Valeur ajout\u00e9e : esth\u00e9tique photog\u00e9nique, finition textur\u00e9e et parfait pour mettre en valeur un [&#8230;]\n","protected":false},"featured_media":89489,"template":"","meta":[],"product_brand":[],"product_cat":[173,340],"product_tag":[],"class_list":{"0":"post-89488","1":"product","2":"type-product","3":"status-publish","4":"has-post-thumbnail","6":"product_cat-decoration-fr","7":"product_cat-lampes","9":"first","10":"instock","11":"shipping-taxable","12":"product-type-simple"},"yoast_head":"<!-- This site is optimized with the Yoast SEO plugin v27.2 - https:\/\/yoast.com\/product\/yoast-seo-wordpress\/ -->\n<title>Lampe de lecture Tom Brown. | mueble4you<\/title>\n<meta name=\"robots\" content=\"index, follow, max-snippet:-1, max-image-preview:large, max-video-preview:-1\" \/>\n<link rel=\"canonical\" href=\"https:\/\/mueble4you.com\/fr\/productos\/lamp-lect-tom-marron\/\" \/>\n<meta property=\"og:locale\" content=\"fr_FR\" \/>\n<meta property=\"og:type\" content=\"article\" \/>\n<meta property=\"og:title\" content=\"Lampe de lecture Tom Brown. | mueble4you\" \/>\n<meta property=\"og:description\" content=\"Liseuse &lsquo;Tom&rsquo;, hauteur 180 cm, pied conique en c\u00e9ramique marron et abat-jour cylindrique \u00e9cru. Con\u00e7u pour la d\u00e9coration, il offre une silhouette \u00e9lanc\u00e9e et une finition chaleureuse adapt\u00e9e aux int\u00e9rieurs contemporains ou boh\u00e8mes. L\u00e9ger (1,08 kg) et facile \u00e0 ranger ; Valeur ajout\u00e9e : esth\u00e9tique photog\u00e9nique, finition textur\u00e9e et parfait pour mettre en valeur un [...]\" \/>\n<meta property=\"og:url\" content=\"https:\/\/mueble4you.com\/fr\/productos\/lamp-lect-tom-marron\/\" \/>\n<meta property=\"og:site_name\" content=\"mueble4you\" \/>\n<meta property=\"article:modified_time\" content=\"2026-03-17T13:36:14+00:00\" \/>\n<meta property=\"og:image\" content=\"https:\/\/mueble4you.com\/wp-content\/uploads\/2026\/03\/171109.jpg\" \/>\n\t<meta property=\"og:image:width\" content=\"2000\" \/>\n\t<meta property=\"og:image:height\" content=\"2000\" \/>\n\t<meta property=\"og:image:type\" content=\"image\/jpeg\" \/>\n<meta name=\"twitter:card\" content=\"summary_large_image\" \/>\n<script type=\"application\/ld+json\" class=\"yoast-schema-graph\">{\"@context\":\"https:\/\/schema.org\",\"@graph\":[{\"@type\":\"WebPage\",\"@id\":\"https:\/\/mueble4you.com\/fr\/productos\/lamp-lect-tom-marron\/\",\"url\":\"https:\/\/mueble4you.com\/fr\/productos\/lamp-lect-tom-marron\/\",\"name\":\"Lampe de lecture Tom Brown. | mueble4you\",\"isPartOf\":{\"@id\":\"https:\/\/mueble4you.com\/#website\"},\"primaryImageOfPage\":{\"@id\":\"https:\/\/mueble4you.com\/fr\/productos\/lamp-lect-tom-marron\/#primaryimage\"},\"image\":{\"@id\":\"https:\/\/mueble4you.com\/fr\/productos\/lamp-lect-tom-marron\/#primaryimage\"},\"thumbnailUrl\":\"https:\/\/mueble4you.com\/wp-content\/uploads\/2026\/03\/171109.jpg\",\"datePublished\":\"2026-03-12T12:18:39+00:00\",\"dateModified\":\"2026-03-17T13:36:14+00:00\",\"breadcrumb\":{\"@id\":\"https:\/\/mueble4you.com\/fr\/productos\/lamp-lect-tom-marron\/#breadcrumb\"},\"inLanguage\":\"fr-FR\",\"potentialAction\":[{\"@type\":\"ReadAction\",\"target\":[\"https:\/\/mueble4you.com\/fr\/productos\/lamp-lect-tom-marron\/\"]}]},{\"@type\":\"ImageObject\",\"inLanguage\":\"fr-FR\",\"@id\":\"https:\/\/mueble4you.com\/fr\/productos\/lamp-lect-tom-marron\/#primaryimage\",\"url\":\"https:\/\/mueble4you.com\/wp-content\/uploads\/2026\/03\/171109.jpg\",\"contentUrl\":\"https:\/\/mueble4you.com\/wp-content\/uploads\/2026\/03\/171109.jpg\",\"width\":2000,\"height\":2000},{\"@type\":\"BreadcrumbList\",\"@id\":\"https:\/\/mueble4you.com\/fr\/productos\/lamp-lect-tom-marron\/#breadcrumb\",\"itemListElement\":[{\"@type\":\"ListItem\",\"position\":1,\"name\":\"Portada\",\"item\":\"https:\/\/mueble4you.com\/fr\/\"},{\"@type\":\"ListItem\",\"position\":2,\"name\":\"Productos\",\"item\":\"https:\/\/mueble4you.com\/productos\/\"},{\"@type\":\"ListItem\",\"position\":3,\"name\":\"Lampe de lecture Tom Brown.\"}]},{\"@type\":\"WebSite\",\"@id\":\"https:\/\/mueble4you.com\/#website\",\"url\":\"https:\/\/mueble4you.com\/\",\"name\":\"mueble4you\",\"description\":\"Meubles \u00e0 Tenerife\",\"potentialAction\":[{\"@type\":\"SearchAction\",\"target\":{\"@type\":\"EntryPoint\",\"urlTemplate\":\"https:\/\/mueble4you.com\/?s={search_term_string}\"},\"query-input\":{\"@type\":\"PropertyValueSpecification\",\"valueRequired\":true,\"valueName\":\"search_term_string\"}}],\"inLanguage\":\"fr-FR\"}]}<\/script>\n<!-- \/ Yoast SEO plugin. -->","yoast_head_json":{"title":"Lampe de lecture Tom Brown. | mueble4you","robots":{"index":"index","follow":"follow","max-snippet":"max-snippet:-1","max-image-preview":"max-image-preview:large","max-video-preview":"max-video-preview:-1"},"canonical":"https:\/\/mueble4you.com\/fr\/productos\/lamp-lect-tom-marron\/","og_locale":"fr_FR","og_type":"article","og_title":"Lampe de lecture Tom Brown. | mueble4you","og_description":"Liseuse &lsquo;Tom&rsquo;, hauteur 180 cm, pied conique en c\u00e9ramique marron et abat-jour cylindrique \u00e9cru. Con\u00e7u pour la d\u00e9coration, il offre une silhouette \u00e9lanc\u00e9e et une finition chaleureuse adapt\u00e9e aux int\u00e9rieurs contemporains ou boh\u00e8mes. L\u00e9ger (1,08 kg) et facile \u00e0 ranger ; Valeur ajout\u00e9e : esth\u00e9tique photog\u00e9nique, finition textur\u00e9e et parfait pour mettre en valeur un [...]","og_url":"https:\/\/mueble4you.com\/fr\/productos\/lamp-lect-tom-marron\/","og_site_name":"mueble4you","article_modified_time":"2026-03-17T13:36:14+00:00","og_image":[{"width":2000,"height":2000,"url":"https:\/\/mueble4you.com\/wp-content\/uploads\/2026\/03\/171109.jpg","type":"image\/jpeg"}],"twitter_card":"summary_large_image","schema":{"@context":"https:\/\/schema.org","@graph":[{"@type":"WebPage","@id":"https:\/\/mueble4you.com\/fr\/productos\/lamp-lect-tom-marron\/","url":"https:\/\/mueble4you.com\/fr\/productos\/lamp-lect-tom-marron\/","name":"Lampe de lecture Tom Brown. | mueble4you","isPartOf":{"@id":"https:\/\/mueble4you.com\/#website"},"primaryImageOfPage":{"@id":"https:\/\/mueble4you.com\/fr\/productos\/lamp-lect-tom-marron\/#primaryimage"},"image":{"@id":"https:\/\/mueble4you.com\/fr\/productos\/lamp-lect-tom-marron\/#primaryimage"},"thumbnailUrl":"https:\/\/mueble4you.com\/wp-content\/uploads\/2026\/03\/171109.jpg","datePublished":"2026-03-12T12:18:39+00:00","dateModified":"2026-03-17T13:36:14+00:00","breadcrumb":{"@id":"https:\/\/mueble4you.com\/fr\/productos\/lamp-lect-tom-marron\/#breadcrumb"},"inLanguage":"fr-FR","potentialAction":[{"@type":"ReadAction","target":["https:\/\/mueble4you.com\/fr\/productos\/lamp-lect-tom-marron\/"]}]},{"@type":"ImageObject","inLanguage":"fr-FR","@id":"https:\/\/mueble4you.com\/fr\/productos\/lamp-lect-tom-marron\/#primaryimage","url":"https:\/\/mueble4you.com\/wp-content\/uploads\/2026\/03\/171109.jpg","contentUrl":"https:\/\/mueble4you.com\/wp-content\/uploads\/2026\/03\/171109.jpg","width":2000,"height":2000},{"@type":"BreadcrumbList","@id":"https:\/\/mueble4you.com\/fr\/productos\/lamp-lect-tom-marron\/#breadcrumb","itemListElement":[{"@type":"ListItem","position":1,"name":"Portada","item":"https:\/\/mueble4you.com\/fr\/"},{"@type":"ListItem","position":2,"name":"Productos","item":"https:\/\/mueble4you.com\/productos\/"},{"@type":"ListItem","position":3,"name":"Lampe de lecture Tom Brown."}]},{"@type":"WebSite","@id":"https:\/\/mueble4you.com\/#website","url":"https:\/\/mueble4you.com\/","name":"mueble4you","description":"Meubles \u00e0 Tenerife","potentialAction":[{"@type":"SearchAction","target":{"@type":"EntryPoint","urlTemplate":"https:\/\/mueble4you.com\/?s={search_term_string}"},"query-input":{"@type":"PropertyValueSpecification","valueRequired":true,"valueName":"search_term_string"}}],"inLanguage":"fr-FR"}]}},"_links":{"self":[{"href":"https:\/\/mueble4you.com\/fr\/wp-json\/wp\/v2\/product\/89488","targetHints":{"allow":["GET"]}}],"collection":[{"href":"https:\/\/mueble4you.com\/fr\/wp-json\/wp\/v2\/product"}],"about":[{"href":"https:\/\/mueble4you.com\/fr\/wp-json\/wp\/v2\/types\/product"}],"wp:featuredmedia":[{"embeddable":true,"href":"https:\/\/mueble4you.com\/fr\/wp-json\/wp\/v2\/media\/89489"}],"wp:attachment":[{"href":"https:\/\/mueble4you.com\/fr\/wp-json\/wp\/v2\/media?parent=89488"}],"wp:term":[{"taxonomy":"product_brand","embeddable":true,"href":"https:\/\/mueble4you.com\/fr\/wp-json\/wp\/v2\/product_brand?post=89488"},{"taxonomy":"product_cat","embeddable":true,"href":"https:\/\/mueble4you.com\/fr\/wp-json\/wp\/v2\/product_cat?post=89488"},{"taxonomy":"product_tag","embeddable":true,"href":"https:\/\/mueble4you.com\/fr\/wp-json\/wp\/v2\/product_tag?post=89488"}],"curies":[{"name":"wp","href":"https:\/\/api.w.org\/{rel}","templated":true}]}}