{"id":89445,"date":"2026-03-12T11:52:21","date_gmt":"2026-03-12T11:52:21","guid":{"rendered":"https:\/\/mueble4you.com\/productos\/jarron-vaga-h90-majorelle\/"},"modified":"2026-03-17T15:37:24","modified_gmt":"2026-03-17T15:37:24","slug":"jarron-vaga-h90-majorelle","status":"publish","type":"product","link":"https:\/\/mueble4you.com\/fr\/productos\/jarron-vaga-h90-majorelle\/","title":{"rendered":"Vase Vaga h90 majorelle."},"content":{"rendered":"<ul>\n<li id=\"tw-target-text\" class=\"tw-data-text tw-text-large tw-ta\" dir=\"ltr\" tabindex=\"-1\" role=\"text\" data-placeholder=\"Traducci\u00f3n\" data-ved=\"2ahUKEwjlnL3e-6aTAxXeQEEAHeZ6OpsQ3ewLegQIDBAW\" aria-label=\"Texto traducido: Vase Vaga h90 majorelle.\nVase d\u00e9coratif H90 cm en r\u00e9sine bleu Majorelle \u2014 une pi\u00e8ce haute et \u00e9lanc\u00e9e \u00e0 fort impact visuel.\nL\u00e9ger (7,7 kg) pour son grand format, il facilite la logistique et la mise en sc\u00e8ne en magasin.\nSurface textur\u00e9e et finition brillante qui apportent relief et modernit\u00e9.\"><span class=\"Y2IQFc\" lang=\"fr\">Vase d\u00e9coratif H90 cm en r\u00e9sine bleu Majorelle \u2014 une pi\u00e8ce haute et \u00e9lanc\u00e9e \u00e0 fort impact visuel. <\/span><\/li>\n<li class=\"tw-data-text tw-text-large tw-ta\" dir=\"ltr\" tabindex=\"-1\" role=\"text\" data-placeholder=\"Traducci\u00f3n\" data-ved=\"2ahUKEwjlnL3e-6aTAxXeQEEAHeZ6OpsQ3ewLegQIDBAW\" aria-label=\"Texto traducido: Vase Vaga h90 majorelle.\nVase d\u00e9coratif H90 cm en r\u00e9sine bleu Majorelle \u2014 une pi\u00e8ce haute et \u00e9lanc\u00e9e \u00e0 fort impact visuel.\nL\u00e9ger (7,7 kg) pour son grand format, il facilite la logistique et la mise en sc\u00e8ne en magasin.\nSurface textur\u00e9e et finition brillante qui apportent relief et modernit\u00e9.\"><span class=\"Y2IQFc\" lang=\"fr\">L\u00e9ger (7,7 kg) pour son grand format, il facilite la logistique et la mise en sc\u00e8ne en magasin. <\/span><\/li>\n<li class=\"tw-data-text tw-text-large tw-ta\" dir=\"ltr\" tabindex=\"-1\" role=\"text\" data-placeholder=\"Traducci\u00f3n\" data-ved=\"2ahUKEwjlnL3e-6aTAxXeQEEAHeZ6OpsQ3ewLegQIDBAW\" aria-label=\"Texto traducido: Vase Vaga h90 majorelle.\nVase d\u00e9coratif H90 cm en r\u00e9sine bleu Majorelle \u2014 une pi\u00e8ce haute et \u00e9lanc\u00e9e \u00e0 fort impact visuel.\nL\u00e9ger (7,7 kg) pour son grand format, il facilite la logistique et la mise en sc\u00e8ne en magasin.\nSurface textur\u00e9e et finition brillante qui apportent relief et modernit\u00e9.\"><span class=\"Y2IQFc\" lang=\"fr\">Surface textur\u00e9e et finition brillante qui apportent relief et modernit\u00e9.<\/span><\/li>\n<\/ul>\n","protected":false},"excerpt":{"rendered":"<p>Vase d\u00e9coratif H90 cm en r\u00e9sine bleu Majorelle \u2014 une pi\u00e8ce haute et \u00e9lanc\u00e9e \u00e0 fort impact visuel. L\u00e9ger (7,7 kg) pour son grand format, il facilite la logistique et la mise en sc\u00e8ne en magasin. Surface textur\u00e9e et finition brillante qui apportent relief et modernit\u00e9.<\/p>\n","protected":false},"featured_media":89446,"template":"","meta":[],"product_brand":[],"product_cat":[173,344],"product_tag":[],"class_list":{"0":"post-89445","1":"product","2":"type-product","3":"status-publish","4":"has-post-thumbnail","6":"product_cat-decoration-fr","7":"product_cat-vases-fr","9":"first","10":"instock","11":"shipping-taxable","12":"product-type-simple"},"yoast_head":"<!-- This site is optimized with the Yoast SEO plugin v27.2 - https:\/\/yoast.com\/product\/yoast-seo-wordpress\/ -->\n<title>Vase Vaga h90 majorelle. | mueble4you<\/title>\n<meta name=\"robots\" content=\"index, follow, max-snippet:-1, max-image-preview:large, max-video-preview:-1\" \/>\n<link rel=\"canonical\" href=\"https:\/\/mueble4you.com\/fr\/productos\/jarron-vaga-h90-majorelle\/\" \/>\n<meta property=\"og:locale\" content=\"fr_FR\" \/>\n<meta property=\"og:type\" content=\"article\" \/>\n<meta property=\"og:title\" content=\"Vase Vaga h90 majorelle. | mueble4you\" \/>\n<meta property=\"og:description\" content=\"Vase d\u00e9coratif H90 cm en r\u00e9sine bleu Majorelle \u2014 une pi\u00e8ce haute et \u00e9lanc\u00e9e \u00e0 fort impact visuel. L\u00e9ger (7,7 kg) pour son grand format, il facilite la logistique et la mise en sc\u00e8ne en magasin. Surface textur\u00e9e et finition brillante qui apportent relief et modernit\u00e9.\" \/>\n<meta property=\"og:url\" content=\"https:\/\/mueble4you.com\/fr\/productos\/jarron-vaga-h90-majorelle\/\" \/>\n<meta property=\"og:site_name\" content=\"mueble4you\" \/>\n<meta property=\"article:modified_time\" content=\"2026-03-17T15:37:24+00:00\" \/>\n<meta property=\"og:image\" content=\"https:\/\/mueble4you.com\/wp-content\/uploads\/2026\/03\/171242.jpg\" \/>\n\t<meta property=\"og:image:width\" content=\"1999\" \/>\n\t<meta property=\"og:image:height\" content=\"1999\" \/>\n\t<meta property=\"og:image:type\" content=\"image\/jpeg\" \/>\n<meta name=\"twitter:card\" content=\"summary_large_image\" \/>\n<script type=\"application\/ld+json\" class=\"yoast-schema-graph\">{\"@context\":\"https:\/\/schema.org\",\"@graph\":[{\"@type\":\"WebPage\",\"@id\":\"https:\/\/mueble4you.com\/fr\/productos\/jarron-vaga-h90-majorelle\/\",\"url\":\"https:\/\/mueble4you.com\/fr\/productos\/jarron-vaga-h90-majorelle\/\",\"name\":\"Vase Vaga h90 majorelle. | mueble4you\",\"isPartOf\":{\"@id\":\"https:\/\/mueble4you.com\/#website\"},\"primaryImageOfPage\":{\"@id\":\"https:\/\/mueble4you.com\/fr\/productos\/jarron-vaga-h90-majorelle\/#primaryimage\"},\"image\":{\"@id\":\"https:\/\/mueble4you.com\/fr\/productos\/jarron-vaga-h90-majorelle\/#primaryimage\"},\"thumbnailUrl\":\"https:\/\/mueble4you.com\/wp-content\/uploads\/2026\/03\/171242.jpg\",\"datePublished\":\"2026-03-12T11:52:21+00:00\",\"dateModified\":\"2026-03-17T15:37:24+00:00\",\"breadcrumb\":{\"@id\":\"https:\/\/mueble4you.com\/fr\/productos\/jarron-vaga-h90-majorelle\/#breadcrumb\"},\"inLanguage\":\"fr-FR\",\"potentialAction\":[{\"@type\":\"ReadAction\",\"target\":[\"https:\/\/mueble4you.com\/fr\/productos\/jarron-vaga-h90-majorelle\/\"]}]},{\"@type\":\"ImageObject\",\"inLanguage\":\"fr-FR\",\"@id\":\"https:\/\/mueble4you.com\/fr\/productos\/jarron-vaga-h90-majorelle\/#primaryimage\",\"url\":\"https:\/\/mueble4you.com\/wp-content\/uploads\/2026\/03\/171242.jpg\",\"contentUrl\":\"https:\/\/mueble4you.com\/wp-content\/uploads\/2026\/03\/171242.jpg\",\"width\":1999,\"height\":1999},{\"@type\":\"BreadcrumbList\",\"@id\":\"https:\/\/mueble4you.com\/fr\/productos\/jarron-vaga-h90-majorelle\/#breadcrumb\",\"itemListElement\":[{\"@type\":\"ListItem\",\"position\":1,\"name\":\"Portada\",\"item\":\"https:\/\/mueble4you.com\/fr\/\"},{\"@type\":\"ListItem\",\"position\":2,\"name\":\"Productos\",\"item\":\"https:\/\/mueble4you.com\/productos\/\"},{\"@type\":\"ListItem\",\"position\":3,\"name\":\"Vase Vaga h90 majorelle.\"}]},{\"@type\":\"WebSite\",\"@id\":\"https:\/\/mueble4you.com\/#website\",\"url\":\"https:\/\/mueble4you.com\/\",\"name\":\"mueble4you\",\"description\":\"Meubles \u00e0 Tenerife\",\"potentialAction\":[{\"@type\":\"SearchAction\",\"target\":{\"@type\":\"EntryPoint\",\"urlTemplate\":\"https:\/\/mueble4you.com\/?s={search_term_string}\"},\"query-input\":{\"@type\":\"PropertyValueSpecification\",\"valueRequired\":true,\"valueName\":\"search_term_string\"}}],\"inLanguage\":\"fr-FR\"}]}<\/script>\n<!-- \/ Yoast SEO plugin. -->","yoast_head_json":{"title":"Vase Vaga h90 majorelle. | mueble4you","robots":{"index":"index","follow":"follow","max-snippet":"max-snippet:-1","max-image-preview":"max-image-preview:large","max-video-preview":"max-video-preview:-1"},"canonical":"https:\/\/mueble4you.com\/fr\/productos\/jarron-vaga-h90-majorelle\/","og_locale":"fr_FR","og_type":"article","og_title":"Vase Vaga h90 majorelle. | mueble4you","og_description":"Vase d\u00e9coratif H90 cm en r\u00e9sine bleu Majorelle \u2014 une pi\u00e8ce haute et \u00e9lanc\u00e9e \u00e0 fort impact visuel. L\u00e9ger (7,7 kg) pour son grand format, il facilite la logistique et la mise en sc\u00e8ne en magasin. Surface textur\u00e9e et finition brillante qui apportent relief et modernit\u00e9.","og_url":"https:\/\/mueble4you.com\/fr\/productos\/jarron-vaga-h90-majorelle\/","og_site_name":"mueble4you","article_modified_time":"2026-03-17T15:37:24+00:00","og_image":[{"width":1999,"height":1999,"url":"https:\/\/mueble4you.com\/wp-content\/uploads\/2026\/03\/171242.jpg","type":"image\/jpeg"}],"twitter_card":"summary_large_image","schema":{"@context":"https:\/\/schema.org","@graph":[{"@type":"WebPage","@id":"https:\/\/mueble4you.com\/fr\/productos\/jarron-vaga-h90-majorelle\/","url":"https:\/\/mueble4you.com\/fr\/productos\/jarron-vaga-h90-majorelle\/","name":"Vase Vaga h90 majorelle. | mueble4you","isPartOf":{"@id":"https:\/\/mueble4you.com\/#website"},"primaryImageOfPage":{"@id":"https:\/\/mueble4you.com\/fr\/productos\/jarron-vaga-h90-majorelle\/#primaryimage"},"image":{"@id":"https:\/\/mueble4you.com\/fr\/productos\/jarron-vaga-h90-majorelle\/#primaryimage"},"thumbnailUrl":"https:\/\/mueble4you.com\/wp-content\/uploads\/2026\/03\/171242.jpg","datePublished":"2026-03-12T11:52:21+00:00","dateModified":"2026-03-17T15:37:24+00:00","breadcrumb":{"@id":"https:\/\/mueble4you.com\/fr\/productos\/jarron-vaga-h90-majorelle\/#breadcrumb"},"inLanguage":"fr-FR","potentialAction":[{"@type":"ReadAction","target":["https:\/\/mueble4you.com\/fr\/productos\/jarron-vaga-h90-majorelle\/"]}]},{"@type":"ImageObject","inLanguage":"fr-FR","@id":"https:\/\/mueble4you.com\/fr\/productos\/jarron-vaga-h90-majorelle\/#primaryimage","url":"https:\/\/mueble4you.com\/wp-content\/uploads\/2026\/03\/171242.jpg","contentUrl":"https:\/\/mueble4you.com\/wp-content\/uploads\/2026\/03\/171242.jpg","width":1999,"height":1999},{"@type":"BreadcrumbList","@id":"https:\/\/mueble4you.com\/fr\/productos\/jarron-vaga-h90-majorelle\/#breadcrumb","itemListElement":[{"@type":"ListItem","position":1,"name":"Portada","item":"https:\/\/mueble4you.com\/fr\/"},{"@type":"ListItem","position":2,"name":"Productos","item":"https:\/\/mueble4you.com\/productos\/"},{"@type":"ListItem","position":3,"name":"Vase Vaga h90 majorelle."}]},{"@type":"WebSite","@id":"https:\/\/mueble4you.com\/#website","url":"https:\/\/mueble4you.com\/","name":"mueble4you","description":"Meubles \u00e0 Tenerife","potentialAction":[{"@type":"SearchAction","target":{"@type":"EntryPoint","urlTemplate":"https:\/\/mueble4you.com\/?s={search_term_string}"},"query-input":{"@type":"PropertyValueSpecification","valueRequired":true,"valueName":"search_term_string"}}],"inLanguage":"fr-FR"}]}},"_links":{"self":[{"href":"https:\/\/mueble4you.com\/fr\/wp-json\/wp\/v2\/product\/89445","targetHints":{"allow":["GET"]}}],"collection":[{"href":"https:\/\/mueble4you.com\/fr\/wp-json\/wp\/v2\/product"}],"about":[{"href":"https:\/\/mueble4you.com\/fr\/wp-json\/wp\/v2\/types\/product"}],"wp:featuredmedia":[{"embeddable":true,"href":"https:\/\/mueble4you.com\/fr\/wp-json\/wp\/v2\/media\/89446"}],"wp:attachment":[{"href":"https:\/\/mueble4you.com\/fr\/wp-json\/wp\/v2\/media?parent=89445"}],"wp:term":[{"taxonomy":"product_brand","embeddable":true,"href":"https:\/\/mueble4you.com\/fr\/wp-json\/wp\/v2\/product_brand?post=89445"},{"taxonomy":"product_cat","embeddable":true,"href":"https:\/\/mueble4you.com\/fr\/wp-json\/wp\/v2\/product_cat?post=89445"},{"taxonomy":"product_tag","embeddable":true,"href":"https:\/\/mueble4you.com\/fr\/wp-json\/wp\/v2\/product_tag?post=89445"}],"curies":[{"name":"wp","href":"https:\/\/api.w.org\/{rel}","templated":true}]}}