{"id":89434,"date":"2026-03-12T11:47:42","date_gmt":"2026-03-12T11:47:42","guid":{"rendered":"https:\/\/mueble4you.com\/productos\/jarron-vaga-h70-ocre\/"},"modified":"2026-03-17T15:48:17","modified_gmt":"2026-03-17T15:48:17","slug":"jarron-vaga-h70-ocre","status":"publish","type":"product","link":"https:\/\/mueble4you.com\/fr\/productos\/jarron-vaga-h70-ocre\/","title":{"rendered":"Vase Vaga h70 ocre."},"content":{"rendered":"<ul>\n<li id=\"tw-target-text\" class=\"tw-data-text tw-text-large tw-ta\" dir=\"ltr\" tabindex=\"-1\" role=\"text\" data-placeholder=\"Traducci\u00f3n\" data-ved=\"2ahUKEwjlnL3e-6aTAxXeQEEAHeZ6OpsQ3ewLegQIDBAW\" aria-label=\"Texto traducido: Vase Vaga h70 ocre.\nGrand vase d\u00e9coratif 'VAGA' en r\u00e9sine ocre (hauteur 70 cm), au design ondul\u00e9 et moderne.\nL\u00e9ger (4,5 kg) et r\u00e9sistant, il s'int\u00e8gre facilement dans les catalogues de d\u00e9coration contemporaine et dans les points de vente qui recherchent des pi\u00e8ces marquantes sans la fragilit\u00e9 du verre.\nLa mati\u00e8re synth\u00e9tique permet des am\u00e9nagements int\u00e9rieurs vari\u00e9s (sol, console, table basse) et des rangements simplifi\u00e9s.\nValeur ajout\u00e9e : finition mate textur\u00e9e et silhouette fine qui attirent visuellement.\"><span class=\"Y2IQFc\" lang=\"fr\">Grand vase d\u00e9coratif &lsquo;VAGA&rsquo; en r\u00e9sine ocre (hauteur 70 cm), au design ondul\u00e9 et moderne. <\/span><\/li>\n<li class=\"tw-data-text tw-text-large tw-ta\" dir=\"ltr\" tabindex=\"-1\" role=\"text\" data-placeholder=\"Traducci\u00f3n\" data-ved=\"2ahUKEwjlnL3e-6aTAxXeQEEAHeZ6OpsQ3ewLegQIDBAW\" aria-label=\"Texto traducido: Vase Vaga h70 ocre.\nGrand vase d\u00e9coratif 'VAGA' en r\u00e9sine ocre (hauteur 70 cm), au design ondul\u00e9 et moderne.\nL\u00e9ger (4,5 kg) et r\u00e9sistant, il s'int\u00e8gre facilement dans les catalogues de d\u00e9coration contemporaine et dans les points de vente qui recherchent des pi\u00e8ces marquantes sans la fragilit\u00e9 du verre.\nLa mati\u00e8re synth\u00e9tique permet des am\u00e9nagements int\u00e9rieurs vari\u00e9s (sol, console, table basse) et des rangements simplifi\u00e9s.\nValeur ajout\u00e9e : finition mate textur\u00e9e et silhouette fine qui attirent visuellement.\"><span class=\"Y2IQFc\" lang=\"fr\">L\u00e9ger (4,5 kg) et r\u00e9sistant, il s&rsquo;int\u00e8gre facilement dans les catalogues de d\u00e9coration contemporaine et dans les points de vente qui recherchent des pi\u00e8ces marquantes sans la fragilit\u00e9 du verre. <\/span><\/li>\n<li class=\"tw-data-text tw-text-large tw-ta\" dir=\"ltr\" tabindex=\"-1\" role=\"text\" data-placeholder=\"Traducci\u00f3n\" data-ved=\"2ahUKEwjlnL3e-6aTAxXeQEEAHeZ6OpsQ3ewLegQIDBAW\" aria-label=\"Texto traducido: Vase Vaga h70 ocre.\nGrand vase d\u00e9coratif 'VAGA' en r\u00e9sine ocre (hauteur 70 cm), au design ondul\u00e9 et moderne.\nL\u00e9ger (4,5 kg) et r\u00e9sistant, il s'int\u00e8gre facilement dans les catalogues de d\u00e9coration contemporaine et dans les points de vente qui recherchent des pi\u00e8ces marquantes sans la fragilit\u00e9 du verre.\nLa mati\u00e8re synth\u00e9tique permet des am\u00e9nagements int\u00e9rieurs vari\u00e9s (sol, console, table basse) et des rangements simplifi\u00e9s.\nValeur ajout\u00e9e : finition mate textur\u00e9e et silhouette fine qui attirent visuellement.\"><span class=\"Y2IQFc\" lang=\"fr\">La mati\u00e8re synth\u00e9tique permet des am\u00e9nagements int\u00e9rieurs vari\u00e9s (sol, console, table basse) et des rangements simplifi\u00e9s.<\/span><\/li>\n<li class=\"tw-data-text tw-text-large tw-ta\" dir=\"ltr\" tabindex=\"-1\" role=\"text\" data-placeholder=\"Traducci\u00f3n\" data-ved=\"2ahUKEwjlnL3e-6aTAxXeQEEAHeZ6OpsQ3ewLegQIDBAW\" aria-label=\"Texto traducido: Vase Vaga h70 ocre.\nGrand vase d\u00e9coratif 'VAGA' en r\u00e9sine ocre (hauteur 70 cm), au design ondul\u00e9 et moderne.\nL\u00e9ger (4,5 kg) et r\u00e9sistant, il s'int\u00e8gre facilement dans les catalogues de d\u00e9coration contemporaine et dans les points de vente qui recherchent des pi\u00e8ces marquantes sans la fragilit\u00e9 du verre.\nLa mati\u00e8re synth\u00e9tique permet des am\u00e9nagements int\u00e9rieurs vari\u00e9s (sol, console, table basse) et des rangements simplifi\u00e9s.\nValeur ajout\u00e9e : finition mate textur\u00e9e et silhouette fine qui attirent visuellement.\"><span class=\"Y2IQFc\" lang=\"fr\">Valeur ajout\u00e9e : finition mate textur\u00e9e et silhouette fine qui attirent visuellement.<\/span><\/li>\n<\/ul>\n","protected":false},"excerpt":{"rendered":"<p>Grand vase d\u00e9coratif &lsquo;VAGA&rsquo; en r\u00e9sine ocre (hauteur 70 cm), au design ondul\u00e9 et moderne. L\u00e9ger (4,5 kg) et r\u00e9sistant, il s&rsquo;int\u00e8gre facilement dans les catalogues de d\u00e9coration contemporaine et dans les points de vente qui recherchent des pi\u00e8ces marquantes sans la fragilit\u00e9 du verre. La mati\u00e8re synth\u00e9tique permet des am\u00e9nagements int\u00e9rieurs vari\u00e9s (sol, console, [&#8230;]\n","protected":false},"featured_media":89435,"template":"","meta":[],"product_brand":[],"product_cat":[173,344],"product_tag":[],"class_list":{"0":"post-89434","1":"product","2":"type-product","3":"status-publish","4":"has-post-thumbnail","6":"product_cat-decoration-fr","7":"product_cat-vases-fr","9":"first","10":"instock","11":"shipping-taxable","12":"product-type-simple"},"yoast_head":"<!-- This site is optimized with the Yoast SEO plugin v27.2 - https:\/\/yoast.com\/product\/yoast-seo-wordpress\/ -->\n<title>Vase Vaga h70 ocre. | mueble4you<\/title>\n<meta name=\"robots\" content=\"index, follow, max-snippet:-1, max-image-preview:large, max-video-preview:-1\" \/>\n<link rel=\"canonical\" href=\"https:\/\/mueble4you.com\/fr\/productos\/jarron-vaga-h70-ocre\/\" \/>\n<meta property=\"og:locale\" content=\"fr_FR\" \/>\n<meta property=\"og:type\" content=\"article\" \/>\n<meta property=\"og:title\" content=\"Vase Vaga h70 ocre. | mueble4you\" \/>\n<meta property=\"og:description\" content=\"Grand vase d\u00e9coratif &lsquo;VAGA&rsquo; en r\u00e9sine ocre (hauteur 70 cm), au design ondul\u00e9 et moderne. L\u00e9ger (4,5 kg) et r\u00e9sistant, il s&rsquo;int\u00e8gre facilement dans les catalogues de d\u00e9coration contemporaine et dans les points de vente qui recherchent des pi\u00e8ces marquantes sans la fragilit\u00e9 du verre. La mati\u00e8re synth\u00e9tique permet des am\u00e9nagements int\u00e9rieurs vari\u00e9s (sol, console, [...]\" \/>\n<meta property=\"og:url\" content=\"https:\/\/mueble4you.com\/fr\/productos\/jarron-vaga-h70-ocre\/\" \/>\n<meta property=\"og:site_name\" content=\"mueble4you\" \/>\n<meta property=\"article:modified_time\" content=\"2026-03-17T15:48:17+00:00\" \/>\n<meta property=\"og:image\" content=\"https:\/\/mueble4you.com\/wp-content\/uploads\/2026\/03\/171243.jpg\" \/>\n\t<meta property=\"og:image:width\" content=\"2000\" \/>\n\t<meta property=\"og:image:height\" content=\"2000\" \/>\n\t<meta property=\"og:image:type\" content=\"image\/jpeg\" \/>\n<meta name=\"twitter:card\" content=\"summary_large_image\" \/>\n<script type=\"application\/ld+json\" class=\"yoast-schema-graph\">{\"@context\":\"https:\/\/schema.org\",\"@graph\":[{\"@type\":\"WebPage\",\"@id\":\"https:\/\/mueble4you.com\/fr\/productos\/jarron-vaga-h70-ocre\/\",\"url\":\"https:\/\/mueble4you.com\/fr\/productos\/jarron-vaga-h70-ocre\/\",\"name\":\"Vase Vaga h70 ocre. | mueble4you\",\"isPartOf\":{\"@id\":\"https:\/\/mueble4you.com\/#website\"},\"primaryImageOfPage\":{\"@id\":\"https:\/\/mueble4you.com\/fr\/productos\/jarron-vaga-h70-ocre\/#primaryimage\"},\"image\":{\"@id\":\"https:\/\/mueble4you.com\/fr\/productos\/jarron-vaga-h70-ocre\/#primaryimage\"},\"thumbnailUrl\":\"https:\/\/mueble4you.com\/wp-content\/uploads\/2026\/03\/171243.jpg\",\"datePublished\":\"2026-03-12T11:47:42+00:00\",\"dateModified\":\"2026-03-17T15:48:17+00:00\",\"breadcrumb\":{\"@id\":\"https:\/\/mueble4you.com\/fr\/productos\/jarron-vaga-h70-ocre\/#breadcrumb\"},\"inLanguage\":\"fr-FR\",\"potentialAction\":[{\"@type\":\"ReadAction\",\"target\":[\"https:\/\/mueble4you.com\/fr\/productos\/jarron-vaga-h70-ocre\/\"]}]},{\"@type\":\"ImageObject\",\"inLanguage\":\"fr-FR\",\"@id\":\"https:\/\/mueble4you.com\/fr\/productos\/jarron-vaga-h70-ocre\/#primaryimage\",\"url\":\"https:\/\/mueble4you.com\/wp-content\/uploads\/2026\/03\/171243.jpg\",\"contentUrl\":\"https:\/\/mueble4you.com\/wp-content\/uploads\/2026\/03\/171243.jpg\",\"width\":2000,\"height\":2000},{\"@type\":\"BreadcrumbList\",\"@id\":\"https:\/\/mueble4you.com\/fr\/productos\/jarron-vaga-h70-ocre\/#breadcrumb\",\"itemListElement\":[{\"@type\":\"ListItem\",\"position\":1,\"name\":\"Portada\",\"item\":\"https:\/\/mueble4you.com\/fr\/\"},{\"@type\":\"ListItem\",\"position\":2,\"name\":\"Productos\",\"item\":\"https:\/\/mueble4you.com\/productos\/\"},{\"@type\":\"ListItem\",\"position\":3,\"name\":\"Vase Vaga h70 ocre.\"}]},{\"@type\":\"WebSite\",\"@id\":\"https:\/\/mueble4you.com\/#website\",\"url\":\"https:\/\/mueble4you.com\/\",\"name\":\"mueble4you\",\"description\":\"Meubles \u00e0 Tenerife\",\"potentialAction\":[{\"@type\":\"SearchAction\",\"target\":{\"@type\":\"EntryPoint\",\"urlTemplate\":\"https:\/\/mueble4you.com\/?s={search_term_string}\"},\"query-input\":{\"@type\":\"PropertyValueSpecification\",\"valueRequired\":true,\"valueName\":\"search_term_string\"}}],\"inLanguage\":\"fr-FR\"}]}<\/script>\n<!-- \/ Yoast SEO plugin. -->","yoast_head_json":{"title":"Vase Vaga h70 ocre. | mueble4you","robots":{"index":"index","follow":"follow","max-snippet":"max-snippet:-1","max-image-preview":"max-image-preview:large","max-video-preview":"max-video-preview:-1"},"canonical":"https:\/\/mueble4you.com\/fr\/productos\/jarron-vaga-h70-ocre\/","og_locale":"fr_FR","og_type":"article","og_title":"Vase Vaga h70 ocre. | mueble4you","og_description":"Grand vase d\u00e9coratif &lsquo;VAGA&rsquo; en r\u00e9sine ocre (hauteur 70 cm), au design ondul\u00e9 et moderne. L\u00e9ger (4,5 kg) et r\u00e9sistant, il s&rsquo;int\u00e8gre facilement dans les catalogues de d\u00e9coration contemporaine et dans les points de vente qui recherchent des pi\u00e8ces marquantes sans la fragilit\u00e9 du verre. La mati\u00e8re synth\u00e9tique permet des am\u00e9nagements int\u00e9rieurs vari\u00e9s (sol, console, [...]","og_url":"https:\/\/mueble4you.com\/fr\/productos\/jarron-vaga-h70-ocre\/","og_site_name":"mueble4you","article_modified_time":"2026-03-17T15:48:17+00:00","og_image":[{"width":2000,"height":2000,"url":"https:\/\/mueble4you.com\/wp-content\/uploads\/2026\/03\/171243.jpg","type":"image\/jpeg"}],"twitter_card":"summary_large_image","schema":{"@context":"https:\/\/schema.org","@graph":[{"@type":"WebPage","@id":"https:\/\/mueble4you.com\/fr\/productos\/jarron-vaga-h70-ocre\/","url":"https:\/\/mueble4you.com\/fr\/productos\/jarron-vaga-h70-ocre\/","name":"Vase Vaga h70 ocre. | mueble4you","isPartOf":{"@id":"https:\/\/mueble4you.com\/#website"},"primaryImageOfPage":{"@id":"https:\/\/mueble4you.com\/fr\/productos\/jarron-vaga-h70-ocre\/#primaryimage"},"image":{"@id":"https:\/\/mueble4you.com\/fr\/productos\/jarron-vaga-h70-ocre\/#primaryimage"},"thumbnailUrl":"https:\/\/mueble4you.com\/wp-content\/uploads\/2026\/03\/171243.jpg","datePublished":"2026-03-12T11:47:42+00:00","dateModified":"2026-03-17T15:48:17+00:00","breadcrumb":{"@id":"https:\/\/mueble4you.com\/fr\/productos\/jarron-vaga-h70-ocre\/#breadcrumb"},"inLanguage":"fr-FR","potentialAction":[{"@type":"ReadAction","target":["https:\/\/mueble4you.com\/fr\/productos\/jarron-vaga-h70-ocre\/"]}]},{"@type":"ImageObject","inLanguage":"fr-FR","@id":"https:\/\/mueble4you.com\/fr\/productos\/jarron-vaga-h70-ocre\/#primaryimage","url":"https:\/\/mueble4you.com\/wp-content\/uploads\/2026\/03\/171243.jpg","contentUrl":"https:\/\/mueble4you.com\/wp-content\/uploads\/2026\/03\/171243.jpg","width":2000,"height":2000},{"@type":"BreadcrumbList","@id":"https:\/\/mueble4you.com\/fr\/productos\/jarron-vaga-h70-ocre\/#breadcrumb","itemListElement":[{"@type":"ListItem","position":1,"name":"Portada","item":"https:\/\/mueble4you.com\/fr\/"},{"@type":"ListItem","position":2,"name":"Productos","item":"https:\/\/mueble4you.com\/productos\/"},{"@type":"ListItem","position":3,"name":"Vase Vaga h70 ocre."}]},{"@type":"WebSite","@id":"https:\/\/mueble4you.com\/#website","url":"https:\/\/mueble4you.com\/","name":"mueble4you","description":"Meubles \u00e0 Tenerife","potentialAction":[{"@type":"SearchAction","target":{"@type":"EntryPoint","urlTemplate":"https:\/\/mueble4you.com\/?s={search_term_string}"},"query-input":{"@type":"PropertyValueSpecification","valueRequired":true,"valueName":"search_term_string"}}],"inLanguage":"fr-FR"}]}},"_links":{"self":[{"href":"https:\/\/mueble4you.com\/fr\/wp-json\/wp\/v2\/product\/89434","targetHints":{"allow":["GET"]}}],"collection":[{"href":"https:\/\/mueble4you.com\/fr\/wp-json\/wp\/v2\/product"}],"about":[{"href":"https:\/\/mueble4you.com\/fr\/wp-json\/wp\/v2\/types\/product"}],"wp:featuredmedia":[{"embeddable":true,"href":"https:\/\/mueble4you.com\/fr\/wp-json\/wp\/v2\/media\/89435"}],"wp:attachment":[{"href":"https:\/\/mueble4you.com\/fr\/wp-json\/wp\/v2\/media?parent=89434"}],"wp:term":[{"taxonomy":"product_brand","embeddable":true,"href":"https:\/\/mueble4you.com\/fr\/wp-json\/wp\/v2\/product_brand?post=89434"},{"taxonomy":"product_cat","embeddable":true,"href":"https:\/\/mueble4you.com\/fr\/wp-json\/wp\/v2\/product_cat?post=89434"},{"taxonomy":"product_tag","embeddable":true,"href":"https:\/\/mueble4you.com\/fr\/wp-json\/wp\/v2\/product_tag?post=89434"}],"curies":[{"name":"wp","href":"https:\/\/api.w.org\/{rel}","templated":true}]}}