{"id":89411,"date":"2026-03-11T16:09:24","date_gmt":"2026-03-11T16:09:24","guid":{"rendered":"https:\/\/mueble4you.com\/productos\/flor-mila-fuchsia\/"},"modified":"2026-03-11T16:09:24","modified_gmt":"2026-03-11T16:09:24","slug":"flor-mila-fuchsia","status":"publish","type":"product","link":"https:\/\/mueble4you.com\/fr\/productos\/flor-mila-fuchsia\/","title":{"rendered":"Flor mila fuchsia"},"content":{"rendered":"<ul>\n<li>Flor decorativa \u00ab\u00a0Mila\u00a0\u00bb color fucsia, altura 90 cm \u2014 perfecta para ampliar una gama floral sin mantenimiento.<\/li>\n<li>Tallo largo con dos flores texturizadas que aportan un gran impacto visual en escaparates y cat\u00e1logos.<\/li>\n<li>Producto ligero y f\u00e1cil de enviar, apto para presentaciones en tienda, composiciones florales artificiales y home staging.<\/li>\n<li>Valor a\u00f1adido: color intenso y silueta esbelta para modernizar los surtidos de decoraci\u00f3n.<\/li>\n<\/ul>\n","protected":false},"excerpt":{"rendered":"<p>Flor decorativa \u00ab\u00a0Mila\u00a0\u00bb color fucsia, altura 90 cm \u2014 perfecta para ampliar una gama floral sin mantenimiento. Tallo largo con dos flores texturizadas que aportan un gran impacto visual en escaparates y cat\u00e1logos. Producto ligero y f\u00e1cil de enviar, apto para presentaciones en tienda, composiciones florales artificiales y home staging. Valor a\u00f1adido: color intenso y [&#8230;]\n","protected":false},"featured_media":89412,"template":"","meta":[],"product_brand":[],"product_cat":[173,596],"product_tag":[],"class_list":{"0":"post-89411","1":"product","2":"type-product","3":"status-publish","4":"has-post-thumbnail","6":"product_cat-decoration-fr","7":"product_cat-fleurs-et-plantes","9":"first","10":"instock","11":"shipping-taxable","12":"product-type-simple"},"yoast_head":"<!-- This site is optimized with the Yoast SEO plugin v27.2 - https:\/\/yoast.com\/product\/yoast-seo-wordpress\/ -->\n<title>Flor mila fuchsia | mueble4you<\/title>\n<meta name=\"robots\" content=\"index, follow, max-snippet:-1, max-image-preview:large, max-video-preview:-1\" \/>\n<link rel=\"canonical\" href=\"https:\/\/mueble4you.com\/fr\/productos\/flor-mila-fuchsia\/\" \/>\n<meta property=\"og:locale\" content=\"fr_FR\" \/>\n<meta property=\"og:type\" content=\"article\" \/>\n<meta property=\"og:title\" content=\"Flor mila fuchsia | mueble4you\" \/>\n<meta property=\"og:description\" content=\"Flor decorativa \u00ab\u00a0Mila\u00a0\u00bb color fucsia, altura 90 cm \u2014 perfecta para ampliar una gama floral sin mantenimiento. Tallo largo con dos flores texturizadas que aportan un gran impacto visual en escaparates y cat\u00e1logos. Producto ligero y f\u00e1cil de enviar, apto para presentaciones en tienda, composiciones florales artificiales y home staging. Valor a\u00f1adido: color intenso y [...]\" \/>\n<meta property=\"og:url\" content=\"https:\/\/mueble4you.com\/fr\/productos\/flor-mila-fuchsia\/\" \/>\n<meta property=\"og:site_name\" content=\"mueble4you\" \/>\n<meta name=\"twitter:card\" content=\"summary_large_image\" \/>\n<script type=\"application\/ld+json\" class=\"yoast-schema-graph\">{\"@context\":\"https:\/\/schema.org\",\"@graph\":[{\"@type\":\"WebPage\",\"@id\":\"https:\/\/mueble4you.com\/fr\/productos\/flor-mila-fuchsia\/\",\"url\":\"https:\/\/mueble4you.com\/fr\/productos\/flor-mila-fuchsia\/\",\"name\":\"Flor mila fuchsia | mueble4you\",\"isPartOf\":{\"@id\":\"https:\/\/mueble4you.com\/#website\"},\"primaryImageOfPage\":{\"@id\":\"https:\/\/mueble4you.com\/fr\/productos\/flor-mila-fuchsia\/#primaryimage\"},\"image\":{\"@id\":\"https:\/\/mueble4you.com\/fr\/productos\/flor-mila-fuchsia\/#primaryimage\"},\"thumbnailUrl\":\"https:\/\/mueble4you.com\/wp-content\/uploads\/2026\/03\/171363.jpg\",\"datePublished\":\"2026-03-11T16:09:24+00:00\",\"breadcrumb\":{\"@id\":\"https:\/\/mueble4you.com\/fr\/productos\/flor-mila-fuchsia\/#breadcrumb\"},\"inLanguage\":\"fr-FR\",\"potentialAction\":[{\"@type\":\"ReadAction\",\"target\":[\"https:\/\/mueble4you.com\/fr\/productos\/flor-mila-fuchsia\/\"]}]},{\"@type\":\"ImageObject\",\"inLanguage\":\"fr-FR\",\"@id\":\"https:\/\/mueble4you.com\/fr\/productos\/flor-mila-fuchsia\/#primaryimage\",\"url\":\"https:\/\/mueble4you.com\/wp-content\/uploads\/2026\/03\/171363.jpg\",\"contentUrl\":\"https:\/\/mueble4you.com\/wp-content\/uploads\/2026\/03\/171363.jpg\",\"width\":2000,\"height\":2000},{\"@type\":\"BreadcrumbList\",\"@id\":\"https:\/\/mueble4you.com\/fr\/productos\/flor-mila-fuchsia\/#breadcrumb\",\"itemListElement\":[{\"@type\":\"ListItem\",\"position\":1,\"name\":\"Portada\",\"item\":\"https:\/\/mueble4you.com\/fr\/\"},{\"@type\":\"ListItem\",\"position\":2,\"name\":\"Productos\",\"item\":\"https:\/\/mueble4you.com\/productos\/\"},{\"@type\":\"ListItem\",\"position\":3,\"name\":\"Flor mila fuchsia\"}]},{\"@type\":\"WebSite\",\"@id\":\"https:\/\/mueble4you.com\/#website\",\"url\":\"https:\/\/mueble4you.com\/\",\"name\":\"mueble4you\",\"description\":\"Meubles \u00e0 Tenerife\",\"potentialAction\":[{\"@type\":\"SearchAction\",\"target\":{\"@type\":\"EntryPoint\",\"urlTemplate\":\"https:\/\/mueble4you.com\/?s={search_term_string}\"},\"query-input\":{\"@type\":\"PropertyValueSpecification\",\"valueRequired\":true,\"valueName\":\"search_term_string\"}}],\"inLanguage\":\"fr-FR\"}]}<\/script>\n<!-- \/ Yoast SEO plugin. -->","yoast_head_json":{"title":"Flor mila fuchsia | mueble4you","robots":{"index":"index","follow":"follow","max-snippet":"max-snippet:-1","max-image-preview":"max-image-preview:large","max-video-preview":"max-video-preview:-1"},"canonical":"https:\/\/mueble4you.com\/fr\/productos\/flor-mila-fuchsia\/","og_locale":"fr_FR","og_type":"article","og_title":"Flor mila fuchsia | mueble4you","og_description":"Flor decorativa \u00ab\u00a0Mila\u00a0\u00bb color fucsia, altura 90 cm \u2014 perfecta para ampliar una gama floral sin mantenimiento. Tallo largo con dos flores texturizadas que aportan un gran impacto visual en escaparates y cat\u00e1logos. Producto ligero y f\u00e1cil de enviar, apto para presentaciones en tienda, composiciones florales artificiales y home staging. Valor a\u00f1adido: color intenso y [...]","og_url":"https:\/\/mueble4you.com\/fr\/productos\/flor-mila-fuchsia\/","og_site_name":"mueble4you","twitter_card":"summary_large_image","schema":{"@context":"https:\/\/schema.org","@graph":[{"@type":"WebPage","@id":"https:\/\/mueble4you.com\/fr\/productos\/flor-mila-fuchsia\/","url":"https:\/\/mueble4you.com\/fr\/productos\/flor-mila-fuchsia\/","name":"Flor mila fuchsia | mueble4you","isPartOf":{"@id":"https:\/\/mueble4you.com\/#website"},"primaryImageOfPage":{"@id":"https:\/\/mueble4you.com\/fr\/productos\/flor-mila-fuchsia\/#primaryimage"},"image":{"@id":"https:\/\/mueble4you.com\/fr\/productos\/flor-mila-fuchsia\/#primaryimage"},"thumbnailUrl":"https:\/\/mueble4you.com\/wp-content\/uploads\/2026\/03\/171363.jpg","datePublished":"2026-03-11T16:09:24+00:00","breadcrumb":{"@id":"https:\/\/mueble4you.com\/fr\/productos\/flor-mila-fuchsia\/#breadcrumb"},"inLanguage":"fr-FR","potentialAction":[{"@type":"ReadAction","target":["https:\/\/mueble4you.com\/fr\/productos\/flor-mila-fuchsia\/"]}]},{"@type":"ImageObject","inLanguage":"fr-FR","@id":"https:\/\/mueble4you.com\/fr\/productos\/flor-mila-fuchsia\/#primaryimage","url":"https:\/\/mueble4you.com\/wp-content\/uploads\/2026\/03\/171363.jpg","contentUrl":"https:\/\/mueble4you.com\/wp-content\/uploads\/2026\/03\/171363.jpg","width":2000,"height":2000},{"@type":"BreadcrumbList","@id":"https:\/\/mueble4you.com\/fr\/productos\/flor-mila-fuchsia\/#breadcrumb","itemListElement":[{"@type":"ListItem","position":1,"name":"Portada","item":"https:\/\/mueble4you.com\/fr\/"},{"@type":"ListItem","position":2,"name":"Productos","item":"https:\/\/mueble4you.com\/productos\/"},{"@type":"ListItem","position":3,"name":"Flor mila fuchsia"}]},{"@type":"WebSite","@id":"https:\/\/mueble4you.com\/#website","url":"https:\/\/mueble4you.com\/","name":"mueble4you","description":"Meubles \u00e0 Tenerife","potentialAction":[{"@type":"SearchAction","target":{"@type":"EntryPoint","urlTemplate":"https:\/\/mueble4you.com\/?s={search_term_string}"},"query-input":{"@type":"PropertyValueSpecification","valueRequired":true,"valueName":"search_term_string"}}],"inLanguage":"fr-FR"}]}},"_links":{"self":[{"href":"https:\/\/mueble4you.com\/fr\/wp-json\/wp\/v2\/product\/89411","targetHints":{"allow":["GET"]}}],"collection":[{"href":"https:\/\/mueble4you.com\/fr\/wp-json\/wp\/v2\/product"}],"about":[{"href":"https:\/\/mueble4you.com\/fr\/wp-json\/wp\/v2\/types\/product"}],"wp:featuredmedia":[{"embeddable":true,"href":"https:\/\/mueble4you.com\/fr\/wp-json\/wp\/v2\/media\/89412"}],"wp:attachment":[{"href":"https:\/\/mueble4you.com\/fr\/wp-json\/wp\/v2\/media?parent=89411"}],"wp:term":[{"taxonomy":"product_brand","embeddable":true,"href":"https:\/\/mueble4you.com\/fr\/wp-json\/wp\/v2\/product_brand?post=89411"},{"taxonomy":"product_cat","embeddable":true,"href":"https:\/\/mueble4you.com\/fr\/wp-json\/wp\/v2\/product_cat?post=89411"},{"taxonomy":"product_tag","embeddable":true,"href":"https:\/\/mueble4you.com\/fr\/wp-json\/wp\/v2\/product_tag?post=89411"}],"curies":[{"name":"wp","href":"https:\/\/api.w.org\/{rel}","templated":true}]}}