{"id":89401,"date":"2026-03-11T16:03:09","date_gmt":"2026-03-11T16:03:09","guid":{"rendered":"https:\/\/mueble4you.com\/productos\/maxi-tania-brique\/"},"modified":"2026-03-18T15:02:33","modified_gmt":"2026-03-18T15:02:33","slug":"maxi-tania-brique","status":"publish","type":"product","link":"https:\/\/mueble4you.com\/fr\/productos\/maxi-tania-brique\/","title":{"rendered":"Maxi brique tania."},"content":{"rendered":"<ul>\n<li id=\"tw-target-text\" class=\"tw-data-text tw-text-large tw-ta\" dir=\"ltr\" tabindex=\"-1\" role=\"text\" data-placeholder=\"Traducci\u00f3n\" data-ved=\"2ahUKEwjmpOTf2qmTAxVcZ0EAHVIgD34Q3ewLegQIDBAW\" aria-label=\"Texto traducido: Maxi brique tania.\nGrande fleur d\u00e9corative \u00ab Maxi Tania \u00bb en EVA couleur brique, hauteur 113 cm.\nCon\u00e7u pour des compositions sans entretien, il offre un fort impact visuel tout en \u00e9tant l\u00e9ger (150 g) et facile \u00e0 exp\u00e9dier.\nMat\u00e9riau synth\u00e9tique r\u00e9sistant \u00e0 la d\u00e9formation, adapt\u00e9 aux vitrines de magasins, aux vitrines et \u00e0 la photographie de produits.\nValeur ajout\u00e9e : grand format photog\u00e9nique, couleur tendance et z\u00e9ro entretien, id\u00e9al pour compl\u00e9ter une gamme premium de fleurs artificielles.\"><span class=\"Y2IQFc\" lang=\"fr\">Grande fleur d\u00e9corative \u00ab Maxi Tania \u00bb en EVA couleur brique, hauteur 113 cm. <\/span><\/li>\n<li class=\"tw-data-text tw-text-large tw-ta\" dir=\"ltr\" tabindex=\"-1\" role=\"text\" data-placeholder=\"Traducci\u00f3n\" data-ved=\"2ahUKEwjmpOTf2qmTAxVcZ0EAHVIgD34Q3ewLegQIDBAW\" aria-label=\"Texto traducido: Maxi brique tania.\nGrande fleur d\u00e9corative \u00ab Maxi Tania \u00bb en EVA couleur brique, hauteur 113 cm.\nCon\u00e7u pour des compositions sans entretien, il offre un fort impact visuel tout en \u00e9tant l\u00e9ger (150 g) et facile \u00e0 exp\u00e9dier.\nMat\u00e9riau synth\u00e9tique r\u00e9sistant \u00e0 la d\u00e9formation, adapt\u00e9 aux vitrines de magasins, aux vitrines et \u00e0 la photographie de produits.\nValeur ajout\u00e9e : grand format photog\u00e9nique, couleur tendance et z\u00e9ro entretien, id\u00e9al pour compl\u00e9ter une gamme premium de fleurs artificielles.\"><span class=\"Y2IQFc\" lang=\"fr\">Con\u00e7u pour des compositions sans entretien, il offre un fort impact visuel tout en \u00e9tant l\u00e9ger (150 g) et facile \u00e0 exp\u00e9dier. <\/span><\/li>\n<li class=\"tw-data-text tw-text-large tw-ta\" dir=\"ltr\" tabindex=\"-1\" role=\"text\" data-placeholder=\"Traducci\u00f3n\" data-ved=\"2ahUKEwjmpOTf2qmTAxVcZ0EAHVIgD34Q3ewLegQIDBAW\" aria-label=\"Texto traducido: Maxi brique tania.\nGrande fleur d\u00e9corative \u00ab Maxi Tania \u00bb en EVA couleur brique, hauteur 113 cm.\nCon\u00e7u pour des compositions sans entretien, il offre un fort impact visuel tout en \u00e9tant l\u00e9ger (150 g) et facile \u00e0 exp\u00e9dier.\nMat\u00e9riau synth\u00e9tique r\u00e9sistant \u00e0 la d\u00e9formation, adapt\u00e9 aux vitrines de magasins, aux vitrines et \u00e0 la photographie de produits.\nValeur ajout\u00e9e : grand format photog\u00e9nique, couleur tendance et z\u00e9ro entretien, id\u00e9al pour compl\u00e9ter une gamme premium de fleurs artificielles.\"><span class=\"Y2IQFc\" lang=\"fr\">Mat\u00e9riau synth\u00e9tique r\u00e9sistant \u00e0 la d\u00e9formation, adapt\u00e9 aux vitrines de magasins, aux vitrines et \u00e0 la photographie de produits.<\/span><\/li>\n<li class=\"tw-data-text tw-text-large tw-ta\" dir=\"ltr\" tabindex=\"-1\" role=\"text\" data-placeholder=\"Traducci\u00f3n\" data-ved=\"2ahUKEwjmpOTf2qmTAxVcZ0EAHVIgD34Q3ewLegQIDBAW\" aria-label=\"Texto traducido: Maxi brique tania.\nGrande fleur d\u00e9corative \u00ab Maxi Tania \u00bb en EVA couleur brique, hauteur 113 cm.\nCon\u00e7u pour des compositions sans entretien, il offre un fort impact visuel tout en \u00e9tant l\u00e9ger (150 g) et facile \u00e0 exp\u00e9dier.\nMat\u00e9riau synth\u00e9tique r\u00e9sistant \u00e0 la d\u00e9formation, adapt\u00e9 aux vitrines de magasins, aux vitrines et \u00e0 la photographie de produits.\nValeur ajout\u00e9e : grand format photog\u00e9nique, couleur tendance et z\u00e9ro entretien, id\u00e9al pour compl\u00e9ter une gamme premium de fleurs artificielles.\"><span class=\"Y2IQFc\" lang=\"fr\">Valeur ajout\u00e9e : grand format photog\u00e9nique, couleur tendance et z\u00e9ro entretien, id\u00e9al pour compl\u00e9ter une gamme premium de fleurs artificielles.<\/span><\/li>\n<\/ul>\n","protected":false},"excerpt":{"rendered":"<p>Grande fleur d\u00e9corative \u00ab Maxi Tania \u00bb en EVA couleur brique, hauteur 113 cm. Con\u00e7u pour des compositions sans entretien, il offre un fort impact visuel tout en \u00e9tant l\u00e9ger (150 g) et facile \u00e0 exp\u00e9dier. Mat\u00e9riau synth\u00e9tique r\u00e9sistant \u00e0 la d\u00e9formation, adapt\u00e9 aux vitrines de magasins, aux vitrines et \u00e0 la photographie de produits. [&#8230;]\n","protected":false},"featured_media":89402,"template":"","meta":[],"product_brand":[],"product_cat":[173,596],"product_tag":[],"class_list":{"0":"post-89401","1":"product","2":"type-product","3":"status-publish","4":"has-post-thumbnail","6":"product_cat-decoration-fr","7":"product_cat-fleurs-et-plantes","9":"first","10":"instock","11":"shipping-taxable","12":"product-type-simple"},"yoast_head":"<!-- This site is optimized with the Yoast SEO plugin v27.2 - https:\/\/yoast.com\/product\/yoast-seo-wordpress\/ -->\n<title>Maxi brique tania. | mueble4you<\/title>\n<meta name=\"robots\" content=\"index, follow, max-snippet:-1, max-image-preview:large, max-video-preview:-1\" \/>\n<link rel=\"canonical\" href=\"https:\/\/mueble4you.com\/fr\/productos\/maxi-tania-brique\/\" \/>\n<meta property=\"og:locale\" content=\"fr_FR\" \/>\n<meta property=\"og:type\" content=\"article\" \/>\n<meta property=\"og:title\" content=\"Maxi brique tania. | mueble4you\" \/>\n<meta property=\"og:description\" content=\"Grande fleur d\u00e9corative \u00ab Maxi Tania \u00bb en EVA couleur brique, hauteur 113 cm. Con\u00e7u pour des compositions sans entretien, il offre un fort impact visuel tout en \u00e9tant l\u00e9ger (150 g) et facile \u00e0 exp\u00e9dier. Mat\u00e9riau synth\u00e9tique r\u00e9sistant \u00e0 la d\u00e9formation, adapt\u00e9 aux vitrines de magasins, aux vitrines et \u00e0 la photographie de produits. [...]\" \/>\n<meta property=\"og:url\" content=\"https:\/\/mueble4you.com\/fr\/productos\/maxi-tania-brique\/\" \/>\n<meta property=\"og:site_name\" content=\"mueble4you\" \/>\n<meta property=\"article:modified_time\" content=\"2026-03-18T15:02:33+00:00\" \/>\n<meta property=\"og:image\" content=\"https:\/\/mueble4you.com\/wp-content\/uploads\/2026\/03\/171370.jpg\" \/>\n\t<meta property=\"og:image:width\" content=\"2000\" \/>\n\t<meta property=\"og:image:height\" content=\"2000\" \/>\n\t<meta property=\"og:image:type\" content=\"image\/jpeg\" \/>\n<meta name=\"twitter:card\" content=\"summary_large_image\" \/>\n<script type=\"application\/ld+json\" class=\"yoast-schema-graph\">{\"@context\":\"https:\/\/schema.org\",\"@graph\":[{\"@type\":\"WebPage\",\"@id\":\"https:\/\/mueble4you.com\/fr\/productos\/maxi-tania-brique\/\",\"url\":\"https:\/\/mueble4you.com\/fr\/productos\/maxi-tania-brique\/\",\"name\":\"Maxi brique tania. | mueble4you\",\"isPartOf\":{\"@id\":\"https:\/\/mueble4you.com\/#website\"},\"primaryImageOfPage\":{\"@id\":\"https:\/\/mueble4you.com\/fr\/productos\/maxi-tania-brique\/#primaryimage\"},\"image\":{\"@id\":\"https:\/\/mueble4you.com\/fr\/productos\/maxi-tania-brique\/#primaryimage\"},\"thumbnailUrl\":\"https:\/\/mueble4you.com\/wp-content\/uploads\/2026\/03\/171370.jpg\",\"datePublished\":\"2026-03-11T16:03:09+00:00\",\"dateModified\":\"2026-03-18T15:02:33+00:00\",\"breadcrumb\":{\"@id\":\"https:\/\/mueble4you.com\/fr\/productos\/maxi-tania-brique\/#breadcrumb\"},\"inLanguage\":\"fr-FR\",\"potentialAction\":[{\"@type\":\"ReadAction\",\"target\":[\"https:\/\/mueble4you.com\/fr\/productos\/maxi-tania-brique\/\"]}]},{\"@type\":\"ImageObject\",\"inLanguage\":\"fr-FR\",\"@id\":\"https:\/\/mueble4you.com\/fr\/productos\/maxi-tania-brique\/#primaryimage\",\"url\":\"https:\/\/mueble4you.com\/wp-content\/uploads\/2026\/03\/171370.jpg\",\"contentUrl\":\"https:\/\/mueble4you.com\/wp-content\/uploads\/2026\/03\/171370.jpg\",\"width\":2000,\"height\":2000},{\"@type\":\"BreadcrumbList\",\"@id\":\"https:\/\/mueble4you.com\/fr\/productos\/maxi-tania-brique\/#breadcrumb\",\"itemListElement\":[{\"@type\":\"ListItem\",\"position\":1,\"name\":\"Portada\",\"item\":\"https:\/\/mueble4you.com\/fr\/\"},{\"@type\":\"ListItem\",\"position\":2,\"name\":\"Productos\",\"item\":\"https:\/\/mueble4you.com\/productos\/\"},{\"@type\":\"ListItem\",\"position\":3,\"name\":\"Maxi brique tania.\"}]},{\"@type\":\"WebSite\",\"@id\":\"https:\/\/mueble4you.com\/#website\",\"url\":\"https:\/\/mueble4you.com\/\",\"name\":\"mueble4you\",\"description\":\"Meubles \u00e0 Tenerife\",\"potentialAction\":[{\"@type\":\"SearchAction\",\"target\":{\"@type\":\"EntryPoint\",\"urlTemplate\":\"https:\/\/mueble4you.com\/?s={search_term_string}\"},\"query-input\":{\"@type\":\"PropertyValueSpecification\",\"valueRequired\":true,\"valueName\":\"search_term_string\"}}],\"inLanguage\":\"fr-FR\"}]}<\/script>\n<!-- \/ Yoast SEO plugin. -->","yoast_head_json":{"title":"Maxi brique tania. | mueble4you","robots":{"index":"index","follow":"follow","max-snippet":"max-snippet:-1","max-image-preview":"max-image-preview:large","max-video-preview":"max-video-preview:-1"},"canonical":"https:\/\/mueble4you.com\/fr\/productos\/maxi-tania-brique\/","og_locale":"fr_FR","og_type":"article","og_title":"Maxi brique tania. | mueble4you","og_description":"Grande fleur d\u00e9corative \u00ab Maxi Tania \u00bb en EVA couleur brique, hauteur 113 cm. Con\u00e7u pour des compositions sans entretien, il offre un fort impact visuel tout en \u00e9tant l\u00e9ger (150 g) et facile \u00e0 exp\u00e9dier. Mat\u00e9riau synth\u00e9tique r\u00e9sistant \u00e0 la d\u00e9formation, adapt\u00e9 aux vitrines de magasins, aux vitrines et \u00e0 la photographie de produits. [...]","og_url":"https:\/\/mueble4you.com\/fr\/productos\/maxi-tania-brique\/","og_site_name":"mueble4you","article_modified_time":"2026-03-18T15:02:33+00:00","og_image":[{"width":2000,"height":2000,"url":"https:\/\/mueble4you.com\/wp-content\/uploads\/2026\/03\/171370.jpg","type":"image\/jpeg"}],"twitter_card":"summary_large_image","schema":{"@context":"https:\/\/schema.org","@graph":[{"@type":"WebPage","@id":"https:\/\/mueble4you.com\/fr\/productos\/maxi-tania-brique\/","url":"https:\/\/mueble4you.com\/fr\/productos\/maxi-tania-brique\/","name":"Maxi brique tania. | mueble4you","isPartOf":{"@id":"https:\/\/mueble4you.com\/#website"},"primaryImageOfPage":{"@id":"https:\/\/mueble4you.com\/fr\/productos\/maxi-tania-brique\/#primaryimage"},"image":{"@id":"https:\/\/mueble4you.com\/fr\/productos\/maxi-tania-brique\/#primaryimage"},"thumbnailUrl":"https:\/\/mueble4you.com\/wp-content\/uploads\/2026\/03\/171370.jpg","datePublished":"2026-03-11T16:03:09+00:00","dateModified":"2026-03-18T15:02:33+00:00","breadcrumb":{"@id":"https:\/\/mueble4you.com\/fr\/productos\/maxi-tania-brique\/#breadcrumb"},"inLanguage":"fr-FR","potentialAction":[{"@type":"ReadAction","target":["https:\/\/mueble4you.com\/fr\/productos\/maxi-tania-brique\/"]}]},{"@type":"ImageObject","inLanguage":"fr-FR","@id":"https:\/\/mueble4you.com\/fr\/productos\/maxi-tania-brique\/#primaryimage","url":"https:\/\/mueble4you.com\/wp-content\/uploads\/2026\/03\/171370.jpg","contentUrl":"https:\/\/mueble4you.com\/wp-content\/uploads\/2026\/03\/171370.jpg","width":2000,"height":2000},{"@type":"BreadcrumbList","@id":"https:\/\/mueble4you.com\/fr\/productos\/maxi-tania-brique\/#breadcrumb","itemListElement":[{"@type":"ListItem","position":1,"name":"Portada","item":"https:\/\/mueble4you.com\/fr\/"},{"@type":"ListItem","position":2,"name":"Productos","item":"https:\/\/mueble4you.com\/productos\/"},{"@type":"ListItem","position":3,"name":"Maxi brique tania."}]},{"@type":"WebSite","@id":"https:\/\/mueble4you.com\/#website","url":"https:\/\/mueble4you.com\/","name":"mueble4you","description":"Meubles \u00e0 Tenerife","potentialAction":[{"@type":"SearchAction","target":{"@type":"EntryPoint","urlTemplate":"https:\/\/mueble4you.com\/?s={search_term_string}"},"query-input":{"@type":"PropertyValueSpecification","valueRequired":true,"valueName":"search_term_string"}}],"inLanguage":"fr-FR"}]}},"_links":{"self":[{"href":"https:\/\/mueble4you.com\/fr\/wp-json\/wp\/v2\/product\/89401","targetHints":{"allow":["GET"]}}],"collection":[{"href":"https:\/\/mueble4you.com\/fr\/wp-json\/wp\/v2\/product"}],"about":[{"href":"https:\/\/mueble4you.com\/fr\/wp-json\/wp\/v2\/types\/product"}],"wp:featuredmedia":[{"embeddable":true,"href":"https:\/\/mueble4you.com\/fr\/wp-json\/wp\/v2\/media\/89402"}],"wp:attachment":[{"href":"https:\/\/mueble4you.com\/fr\/wp-json\/wp\/v2\/media?parent=89401"}],"wp:term":[{"taxonomy":"product_brand","embeddable":true,"href":"https:\/\/mueble4you.com\/fr\/wp-json\/wp\/v2\/product_brand?post=89401"},{"taxonomy":"product_cat","embeddable":true,"href":"https:\/\/mueble4you.com\/fr\/wp-json\/wp\/v2\/product_cat?post=89401"},{"taxonomy":"product_tag","embeddable":true,"href":"https:\/\/mueble4you.com\/fr\/wp-json\/wp\/v2\/product_tag?post=89401"}],"curies":[{"name":"wp","href":"https:\/\/api.w.org\/{rel}","templated":true}]}}