{"id":89370,"date":"2026-03-10T11:59:30","date_gmt":"2026-03-10T11:59:30","guid":{"rendered":"https:\/\/mueble4you.com\/productos\/taburete-bar-cassandre-rosa\/"},"modified":"2026-03-18T15:12:46","modified_gmt":"2026-03-18T15:12:46","slug":"taburete-bar-cassandre-rosa","status":"publish","type":"product","link":"https:\/\/mueble4you.com\/fr\/productos\/taburete-bar-cassandre-rosa\/","title":{"rendered":"Tabouret de bar rose Cassandre."},"content":{"rendered":"<ul>\n<li id=\"tw-target-text\" class=\"tw-data-text tw-text-large tw-ta\" dir=\"ltr\" tabindex=\"-1\" role=\"text\" data-placeholder=\"Traducci\u00f3n\" data-ved=\"2ahUKEwjmpOTf2qmTAxVcZ0EAHVIgD34Q3ewLegQIDBAW\" aria-label=\"Texto traducido: Tabouret de bar rose Cassandre.\nTabouret de bar 'Cassandre' en polypropyl\u00e8ne (PP) rose poudr\u00e9, con\u00e7u pour les catalogues de meubles et les espaces horeca.\nDimensions optimis\u00e9es (L 51 x P 37 x H 103 cm) pour les comptoirs standards.\nStructure monobloc l\u00e9g\u00e8re (5 kg) et empilable au design ergonomique \u2014 facile \u00e0 ranger et \u00e0 entretenir, id\u00e9ale pour les offres temporaires ou permanentes.\nValeur ajout\u00e9e : design contemporain, nettoyage facile, r\u00e9sistance \u00e0 un usage intensif.\"><span class=\"Y2IQFc\" lang=\"fr\">Tabouret de bar &lsquo;Cassandre&rsquo; en polypropyl\u00e8ne (PP) rose poudr\u00e9, con\u00e7u pour les catalogues de meubles et les espaces horeca.<\/span><\/li>\n<li class=\"tw-data-text tw-text-large tw-ta\" dir=\"ltr\" tabindex=\"-1\" role=\"text\" data-placeholder=\"Traducci\u00f3n\" data-ved=\"2ahUKEwjmpOTf2qmTAxVcZ0EAHVIgD34Q3ewLegQIDBAW\" aria-label=\"Texto traducido: Tabouret de bar rose Cassandre.\nTabouret de bar 'Cassandre' en polypropyl\u00e8ne (PP) rose poudr\u00e9, con\u00e7u pour les catalogues de meubles et les espaces horeca.\nDimensions optimis\u00e9es (L 51 x P 37 x H 103 cm) pour les comptoirs standards.\nStructure monobloc l\u00e9g\u00e8re (5 kg) et empilable au design ergonomique \u2014 facile \u00e0 ranger et \u00e0 entretenir, id\u00e9ale pour les offres temporaires ou permanentes.\nValeur ajout\u00e9e : design contemporain, nettoyage facile, r\u00e9sistance \u00e0 un usage intensif.\"><span class=\"Y2IQFc\" lang=\"fr\">Dimensions optimis\u00e9es (L 51 x P 37 x H 103 cm) pour les comptoirs standards.<\/span><\/li>\n<li class=\"tw-data-text tw-text-large tw-ta\" dir=\"ltr\" tabindex=\"-1\" role=\"text\" data-placeholder=\"Traducci\u00f3n\" data-ved=\"2ahUKEwjmpOTf2qmTAxVcZ0EAHVIgD34Q3ewLegQIDBAW\" aria-label=\"Texto traducido: Tabouret de bar rose Cassandre.\nTabouret de bar 'Cassandre' en polypropyl\u00e8ne (PP) rose poudr\u00e9, con\u00e7u pour les catalogues de meubles et les espaces horeca.\nDimensions optimis\u00e9es (L 51 x P 37 x H 103 cm) pour les comptoirs standards.\nStructure monobloc l\u00e9g\u00e8re (5 kg) et empilable au design ergonomique \u2014 facile \u00e0 ranger et \u00e0 entretenir, id\u00e9ale pour les offres temporaires ou permanentes.\nValeur ajout\u00e9e : design contemporain, nettoyage facile, r\u00e9sistance \u00e0 un usage intensif.\"><span class=\"Y2IQFc\" lang=\"fr\">Structure monobloc l\u00e9g\u00e8re (5 kg) et empilable au design ergonomique \u2014 facile \u00e0 ranger et \u00e0 entretenir, id\u00e9ale pour les offres temporaires ou permanentes. <\/span><\/li>\n<li class=\"tw-data-text tw-text-large tw-ta\" dir=\"ltr\" tabindex=\"-1\" role=\"text\" data-placeholder=\"Traducci\u00f3n\" data-ved=\"2ahUKEwjmpOTf2qmTAxVcZ0EAHVIgD34Q3ewLegQIDBAW\" aria-label=\"Texto traducido: Tabouret de bar rose Cassandre.\nTabouret de bar 'Cassandre' en polypropyl\u00e8ne (PP) rose poudr\u00e9, con\u00e7u pour les catalogues de meubles et les espaces horeca.\nDimensions optimis\u00e9es (L 51 x P 37 x H 103 cm) pour les comptoirs standards.\nStructure monobloc l\u00e9g\u00e8re (5 kg) et empilable au design ergonomique \u2014 facile \u00e0 ranger et \u00e0 entretenir, id\u00e9ale pour les offres temporaires ou permanentes.\nValeur ajout\u00e9e : design contemporain, nettoyage facile, r\u00e9sistance \u00e0 un usage intensif.\"><span class=\"Y2IQFc\" lang=\"fr\">Valeur ajout\u00e9e : design contemporain, nettoyage facile, r\u00e9sistance \u00e0 un usage intensif.<\/span><\/li>\n<\/ul>\n","protected":false},"excerpt":{"rendered":"<p>Tabouret de bar &lsquo;Cassandre&rsquo; en polypropyl\u00e8ne (PP) rose poudr\u00e9, con\u00e7u pour les catalogues de meubles et les espaces horeca. Dimensions optimis\u00e9es (L 51 x P 37 x H 103 cm) pour les comptoirs standards. Structure monobloc l\u00e9g\u00e8re (5 kg) et empilable au design ergonomique \u2014 facile \u00e0 ranger et \u00e0 entretenir, id\u00e9ale pour les offres [&#8230;]\n","protected":false},"featured_media":89371,"template":"","meta":[],"product_brand":[],"product_cat":[199,484],"product_tag":[],"class_list":{"0":"post-89370","1":"product","2":"type-product","3":"status-publish","4":"has-post-thumbnail","6":"product_cat-eaters","7":"product_cat-tabouret","9":"first","10":"instock","11":"shipping-taxable","12":"product-type-simple"},"yoast_head":"<!-- This site is optimized with the Yoast SEO plugin v27.2 - https:\/\/yoast.com\/product\/yoast-seo-wordpress\/ -->\n<title>Tabouret de bar rose Cassandre. | mueble4you<\/title>\n<meta name=\"robots\" content=\"index, follow, max-snippet:-1, max-image-preview:large, max-video-preview:-1\" \/>\n<link rel=\"canonical\" href=\"https:\/\/mueble4you.com\/fr\/productos\/taburete-bar-cassandre-rosa\/\" \/>\n<meta property=\"og:locale\" content=\"fr_FR\" \/>\n<meta property=\"og:type\" content=\"article\" \/>\n<meta property=\"og:title\" content=\"Tabouret de bar rose Cassandre. | mueble4you\" \/>\n<meta property=\"og:description\" content=\"Tabouret de bar &lsquo;Cassandre&rsquo; en polypropyl\u00e8ne (PP) rose poudr\u00e9, con\u00e7u pour les catalogues de meubles et les espaces horeca. Dimensions optimis\u00e9es (L 51 x P 37 x H 103 cm) pour les comptoirs standards. Structure monobloc l\u00e9g\u00e8re (5 kg) et empilable au design ergonomique \u2014 facile \u00e0 ranger et \u00e0 entretenir, id\u00e9ale pour les offres [...]\" \/>\n<meta property=\"og:url\" content=\"https:\/\/mueble4you.com\/fr\/productos\/taburete-bar-cassandre-rosa\/\" \/>\n<meta property=\"og:site_name\" content=\"mueble4you\" \/>\n<meta property=\"article:modified_time\" content=\"2026-03-18T15:12:46+00:00\" \/>\n<meta property=\"og:image\" content=\"https:\/\/mueble4you.com\/wp-content\/uploads\/2026\/03\/171231.jpg\" \/>\n\t<meta property=\"og:image:width\" content=\"2000\" \/>\n\t<meta property=\"og:image:height\" content=\"1500\" \/>\n\t<meta property=\"og:image:type\" content=\"image\/jpeg\" \/>\n<meta name=\"twitter:card\" content=\"summary_large_image\" \/>\n<script type=\"application\/ld+json\" class=\"yoast-schema-graph\">{\"@context\":\"https:\/\/schema.org\",\"@graph\":[{\"@type\":\"WebPage\",\"@id\":\"https:\/\/mueble4you.com\/fr\/productos\/taburete-bar-cassandre-rosa\/\",\"url\":\"https:\/\/mueble4you.com\/fr\/productos\/taburete-bar-cassandre-rosa\/\",\"name\":\"Tabouret de bar rose Cassandre. | mueble4you\",\"isPartOf\":{\"@id\":\"https:\/\/mueble4you.com\/#website\"},\"primaryImageOfPage\":{\"@id\":\"https:\/\/mueble4you.com\/fr\/productos\/taburete-bar-cassandre-rosa\/#primaryimage\"},\"image\":{\"@id\":\"https:\/\/mueble4you.com\/fr\/productos\/taburete-bar-cassandre-rosa\/#primaryimage\"},\"thumbnailUrl\":\"https:\/\/mueble4you.com\/wp-content\/uploads\/2026\/03\/171231.jpg\",\"datePublished\":\"2026-03-10T11:59:30+00:00\",\"dateModified\":\"2026-03-18T15:12:46+00:00\",\"breadcrumb\":{\"@id\":\"https:\/\/mueble4you.com\/fr\/productos\/taburete-bar-cassandre-rosa\/#breadcrumb\"},\"inLanguage\":\"fr-FR\",\"potentialAction\":[{\"@type\":\"ReadAction\",\"target\":[\"https:\/\/mueble4you.com\/fr\/productos\/taburete-bar-cassandre-rosa\/\"]}]},{\"@type\":\"ImageObject\",\"inLanguage\":\"fr-FR\",\"@id\":\"https:\/\/mueble4you.com\/fr\/productos\/taburete-bar-cassandre-rosa\/#primaryimage\",\"url\":\"https:\/\/mueble4you.com\/wp-content\/uploads\/2026\/03\/171231.jpg\",\"contentUrl\":\"https:\/\/mueble4you.com\/wp-content\/uploads\/2026\/03\/171231.jpg\",\"width\":2000,\"height\":1500},{\"@type\":\"BreadcrumbList\",\"@id\":\"https:\/\/mueble4you.com\/fr\/productos\/taburete-bar-cassandre-rosa\/#breadcrumb\",\"itemListElement\":[{\"@type\":\"ListItem\",\"position\":1,\"name\":\"Portada\",\"item\":\"https:\/\/mueble4you.com\/fr\/\"},{\"@type\":\"ListItem\",\"position\":2,\"name\":\"Productos\",\"item\":\"https:\/\/mueble4you.com\/productos\/\"},{\"@type\":\"ListItem\",\"position\":3,\"name\":\"Tabouret de bar rose Cassandre.\"}]},{\"@type\":\"WebSite\",\"@id\":\"https:\/\/mueble4you.com\/#website\",\"url\":\"https:\/\/mueble4you.com\/\",\"name\":\"mueble4you\",\"description\":\"Meubles \u00e0 Tenerife\",\"potentialAction\":[{\"@type\":\"SearchAction\",\"target\":{\"@type\":\"EntryPoint\",\"urlTemplate\":\"https:\/\/mueble4you.com\/?s={search_term_string}\"},\"query-input\":{\"@type\":\"PropertyValueSpecification\",\"valueRequired\":true,\"valueName\":\"search_term_string\"}}],\"inLanguage\":\"fr-FR\"}]}<\/script>\n<!-- \/ Yoast SEO plugin. -->","yoast_head_json":{"title":"Tabouret de bar rose Cassandre. | mueble4you","robots":{"index":"index","follow":"follow","max-snippet":"max-snippet:-1","max-image-preview":"max-image-preview:large","max-video-preview":"max-video-preview:-1"},"canonical":"https:\/\/mueble4you.com\/fr\/productos\/taburete-bar-cassandre-rosa\/","og_locale":"fr_FR","og_type":"article","og_title":"Tabouret de bar rose Cassandre. | mueble4you","og_description":"Tabouret de bar &lsquo;Cassandre&rsquo; en polypropyl\u00e8ne (PP) rose poudr\u00e9, con\u00e7u pour les catalogues de meubles et les espaces horeca. Dimensions optimis\u00e9es (L 51 x P 37 x H 103 cm) pour les comptoirs standards. Structure monobloc l\u00e9g\u00e8re (5 kg) et empilable au design ergonomique \u2014 facile \u00e0 ranger et \u00e0 entretenir, id\u00e9ale pour les offres [...]","og_url":"https:\/\/mueble4you.com\/fr\/productos\/taburete-bar-cassandre-rosa\/","og_site_name":"mueble4you","article_modified_time":"2026-03-18T15:12:46+00:00","og_image":[{"width":2000,"height":1500,"url":"https:\/\/mueble4you.com\/wp-content\/uploads\/2026\/03\/171231.jpg","type":"image\/jpeg"}],"twitter_card":"summary_large_image","schema":{"@context":"https:\/\/schema.org","@graph":[{"@type":"WebPage","@id":"https:\/\/mueble4you.com\/fr\/productos\/taburete-bar-cassandre-rosa\/","url":"https:\/\/mueble4you.com\/fr\/productos\/taburete-bar-cassandre-rosa\/","name":"Tabouret de bar rose Cassandre. | mueble4you","isPartOf":{"@id":"https:\/\/mueble4you.com\/#website"},"primaryImageOfPage":{"@id":"https:\/\/mueble4you.com\/fr\/productos\/taburete-bar-cassandre-rosa\/#primaryimage"},"image":{"@id":"https:\/\/mueble4you.com\/fr\/productos\/taburete-bar-cassandre-rosa\/#primaryimage"},"thumbnailUrl":"https:\/\/mueble4you.com\/wp-content\/uploads\/2026\/03\/171231.jpg","datePublished":"2026-03-10T11:59:30+00:00","dateModified":"2026-03-18T15:12:46+00:00","breadcrumb":{"@id":"https:\/\/mueble4you.com\/fr\/productos\/taburete-bar-cassandre-rosa\/#breadcrumb"},"inLanguage":"fr-FR","potentialAction":[{"@type":"ReadAction","target":["https:\/\/mueble4you.com\/fr\/productos\/taburete-bar-cassandre-rosa\/"]}]},{"@type":"ImageObject","inLanguage":"fr-FR","@id":"https:\/\/mueble4you.com\/fr\/productos\/taburete-bar-cassandre-rosa\/#primaryimage","url":"https:\/\/mueble4you.com\/wp-content\/uploads\/2026\/03\/171231.jpg","contentUrl":"https:\/\/mueble4you.com\/wp-content\/uploads\/2026\/03\/171231.jpg","width":2000,"height":1500},{"@type":"BreadcrumbList","@id":"https:\/\/mueble4you.com\/fr\/productos\/taburete-bar-cassandre-rosa\/#breadcrumb","itemListElement":[{"@type":"ListItem","position":1,"name":"Portada","item":"https:\/\/mueble4you.com\/fr\/"},{"@type":"ListItem","position":2,"name":"Productos","item":"https:\/\/mueble4you.com\/productos\/"},{"@type":"ListItem","position":3,"name":"Tabouret de bar rose Cassandre."}]},{"@type":"WebSite","@id":"https:\/\/mueble4you.com\/#website","url":"https:\/\/mueble4you.com\/","name":"mueble4you","description":"Meubles \u00e0 Tenerife","potentialAction":[{"@type":"SearchAction","target":{"@type":"EntryPoint","urlTemplate":"https:\/\/mueble4you.com\/?s={search_term_string}"},"query-input":{"@type":"PropertyValueSpecification","valueRequired":true,"valueName":"search_term_string"}}],"inLanguage":"fr-FR"}]}},"_links":{"self":[{"href":"https:\/\/mueble4you.com\/fr\/wp-json\/wp\/v2\/product\/89370","targetHints":{"allow":["GET"]}}],"collection":[{"href":"https:\/\/mueble4you.com\/fr\/wp-json\/wp\/v2\/product"}],"about":[{"href":"https:\/\/mueble4you.com\/fr\/wp-json\/wp\/v2\/types\/product"}],"wp:featuredmedia":[{"embeddable":true,"href":"https:\/\/mueble4you.com\/fr\/wp-json\/wp\/v2\/media\/89371"}],"wp:attachment":[{"href":"https:\/\/mueble4you.com\/fr\/wp-json\/wp\/v2\/media?parent=89370"}],"wp:term":[{"taxonomy":"product_brand","embeddable":true,"href":"https:\/\/mueble4you.com\/fr\/wp-json\/wp\/v2\/product_brand?post=89370"},{"taxonomy":"product_cat","embeddable":true,"href":"https:\/\/mueble4you.com\/fr\/wp-json\/wp\/v2\/product_cat?post=89370"},{"taxonomy":"product_tag","embeddable":true,"href":"https:\/\/mueble4you.com\/fr\/wp-json\/wp\/v2\/product_tag?post=89370"}],"curies":[{"name":"wp","href":"https:\/\/api.w.org\/{rel}","templated":true}]}}