{"id":89336,"date":"2026-03-10T10:59:06","date_gmt":"2026-03-10T10:59:06","guid":{"rendered":"https:\/\/mueble4you.com\/productos\/taburete-bar-cassandre-mostaza\/"},"modified":"2026-03-10T10:59:06","modified_gmt":"2026-03-10T10:59:06","slug":"taburete-bar-cassandre-mostaza","status":"publish","type":"product","link":"https:\/\/mueble4you.com\/fr\/productos\/taburete-bar-cassandre-mostaza\/","title":{"rendered":"Taburete bar cassandre Mostaza"},"content":{"rendered":"<ul>\n<li>Taburete de bar &lsquo;Cassandre&rsquo; de dise\u00f1o contempor\u00e1neo y depurado, ideal para completar gamas de mobiliario contract y dom\u00e9stico.<\/li>\n<li>La estructura monobloque aparente sugiere fabricaci\u00f3n moldeada (probablemente polipropileno o resina reforzada), ofreciendo ligereza, posible apilabilidad y f\u00e1cil mantenimiento.<\/li>\n<li>Altura 103 cm adecuada para mostradores est\u00e1ndar, anchura 37 cm para optimizar el espacio.<\/li>\n<li>Producto pr\u00e1ctico para ofrecer en varios colores y dinamizar cat\u00e1logos de decoraci\u00f3n y zonas de restauraci\u00f3n o lounges de oficina.<\/li>\n<\/ul>\n","protected":false},"excerpt":{"rendered":"<p>Taburete de bar &lsquo;Cassandre&rsquo; de dise\u00f1o contempor\u00e1neo y depurado, ideal para completar gamas de mobiliario contract y dom\u00e9stico. La estructura monobloque aparente sugiere fabricaci\u00f3n moldeada (probablemente polipropileno o resina reforzada), ofreciendo ligereza, posible apilabilidad y f\u00e1cil mantenimiento. Altura 103 cm adecuada para mostradores est\u00e1ndar, anchura 37 cm para optimizar el espacio. Producto pr\u00e1ctico para ofrecer [&#8230;]\n","protected":false},"featured_media":89337,"template":"","meta":[],"product_brand":[],"product_cat":[199,484],"product_tag":[],"class_list":{"0":"post-89336","1":"product","2":"type-product","3":"status-publish","4":"has-post-thumbnail","6":"product_cat-eaters","7":"product_cat-tabouret","9":"first","10":"instock","11":"shipping-taxable","12":"product-type-simple"},"yoast_head":"<!-- This site is optimized with the Yoast SEO plugin v27.2 - https:\/\/yoast.com\/product\/yoast-seo-wordpress\/ -->\n<title>Taburete bar cassandre Mostaza | mueble4you<\/title>\n<meta name=\"robots\" content=\"index, follow, max-snippet:-1, max-image-preview:large, max-video-preview:-1\" \/>\n<link rel=\"canonical\" href=\"https:\/\/mueble4you.com\/fr\/productos\/taburete-bar-cassandre-mostaza\/\" \/>\n<meta property=\"og:locale\" content=\"fr_FR\" \/>\n<meta property=\"og:type\" content=\"article\" \/>\n<meta property=\"og:title\" content=\"Taburete bar cassandre Mostaza | mueble4you\" \/>\n<meta property=\"og:description\" content=\"Taburete de bar &lsquo;Cassandre&rsquo; de dise\u00f1o contempor\u00e1neo y depurado, ideal para completar gamas de mobiliario contract y dom\u00e9stico. La estructura monobloque aparente sugiere fabricaci\u00f3n moldeada (probablemente polipropileno o resina reforzada), ofreciendo ligereza, posible apilabilidad y f\u00e1cil mantenimiento. Altura 103 cm adecuada para mostradores est\u00e1ndar, anchura 37 cm para optimizar el espacio. Producto pr\u00e1ctico para ofrecer [...]\" \/>\n<meta property=\"og:url\" content=\"https:\/\/mueble4you.com\/fr\/productos\/taburete-bar-cassandre-mostaza\/\" \/>\n<meta property=\"og:site_name\" content=\"mueble4you\" \/>\n<meta name=\"twitter:card\" content=\"summary_large_image\" \/>\n<script type=\"application\/ld+json\" class=\"yoast-schema-graph\">{\"@context\":\"https:\/\/schema.org\",\"@graph\":[{\"@type\":\"WebPage\",\"@id\":\"https:\/\/mueble4you.com\/fr\/productos\/taburete-bar-cassandre-mostaza\/\",\"url\":\"https:\/\/mueble4you.com\/fr\/productos\/taburete-bar-cassandre-mostaza\/\",\"name\":\"Taburete bar cassandre Mostaza | mueble4you\",\"isPartOf\":{\"@id\":\"https:\/\/mueble4you.com\/#website\"},\"primaryImageOfPage\":{\"@id\":\"https:\/\/mueble4you.com\/fr\/productos\/taburete-bar-cassandre-mostaza\/#primaryimage\"},\"image\":{\"@id\":\"https:\/\/mueble4you.com\/fr\/productos\/taburete-bar-cassandre-mostaza\/#primaryimage\"},\"thumbnailUrl\":\"https:\/\/mueble4you.com\/wp-content\/uploads\/2026\/03\/171228.jpg\",\"datePublished\":\"2026-03-10T10:59:06+00:00\",\"breadcrumb\":{\"@id\":\"https:\/\/mueble4you.com\/fr\/productos\/taburete-bar-cassandre-mostaza\/#breadcrumb\"},\"inLanguage\":\"fr-FR\",\"potentialAction\":[{\"@type\":\"ReadAction\",\"target\":[\"https:\/\/mueble4you.com\/fr\/productos\/taburete-bar-cassandre-mostaza\/\"]}]},{\"@type\":\"ImageObject\",\"inLanguage\":\"fr-FR\",\"@id\":\"https:\/\/mueble4you.com\/fr\/productos\/taburete-bar-cassandre-mostaza\/#primaryimage\",\"url\":\"https:\/\/mueble4you.com\/wp-content\/uploads\/2026\/03\/171228.jpg\",\"contentUrl\":\"https:\/\/mueble4you.com\/wp-content\/uploads\/2026\/03\/171228.jpg\",\"width\":2000,\"height\":1500},{\"@type\":\"BreadcrumbList\",\"@id\":\"https:\/\/mueble4you.com\/fr\/productos\/taburete-bar-cassandre-mostaza\/#breadcrumb\",\"itemListElement\":[{\"@type\":\"ListItem\",\"position\":1,\"name\":\"Portada\",\"item\":\"https:\/\/mueble4you.com\/fr\/\"},{\"@type\":\"ListItem\",\"position\":2,\"name\":\"Productos\",\"item\":\"https:\/\/mueble4you.com\/productos\/\"},{\"@type\":\"ListItem\",\"position\":3,\"name\":\"Taburete bar cassandre Mostaza\"}]},{\"@type\":\"WebSite\",\"@id\":\"https:\/\/mueble4you.com\/#website\",\"url\":\"https:\/\/mueble4you.com\/\",\"name\":\"mueble4you\",\"description\":\"Meubles \u00e0 Tenerife\",\"potentialAction\":[{\"@type\":\"SearchAction\",\"target\":{\"@type\":\"EntryPoint\",\"urlTemplate\":\"https:\/\/mueble4you.com\/?s={search_term_string}\"},\"query-input\":{\"@type\":\"PropertyValueSpecification\",\"valueRequired\":true,\"valueName\":\"search_term_string\"}}],\"inLanguage\":\"fr-FR\"}]}<\/script>\n<!-- \/ Yoast SEO plugin. -->","yoast_head_json":{"title":"Taburete bar cassandre Mostaza | mueble4you","robots":{"index":"index","follow":"follow","max-snippet":"max-snippet:-1","max-image-preview":"max-image-preview:large","max-video-preview":"max-video-preview:-1"},"canonical":"https:\/\/mueble4you.com\/fr\/productos\/taburete-bar-cassandre-mostaza\/","og_locale":"fr_FR","og_type":"article","og_title":"Taburete bar cassandre Mostaza | mueble4you","og_description":"Taburete de bar &lsquo;Cassandre&rsquo; de dise\u00f1o contempor\u00e1neo y depurado, ideal para completar gamas de mobiliario contract y dom\u00e9stico. La estructura monobloque aparente sugiere fabricaci\u00f3n moldeada (probablemente polipropileno o resina reforzada), ofreciendo ligereza, posible apilabilidad y f\u00e1cil mantenimiento. Altura 103 cm adecuada para mostradores est\u00e1ndar, anchura 37 cm para optimizar el espacio. Producto pr\u00e1ctico para ofrecer [...]","og_url":"https:\/\/mueble4you.com\/fr\/productos\/taburete-bar-cassandre-mostaza\/","og_site_name":"mueble4you","twitter_card":"summary_large_image","schema":{"@context":"https:\/\/schema.org","@graph":[{"@type":"WebPage","@id":"https:\/\/mueble4you.com\/fr\/productos\/taburete-bar-cassandre-mostaza\/","url":"https:\/\/mueble4you.com\/fr\/productos\/taburete-bar-cassandre-mostaza\/","name":"Taburete bar cassandre Mostaza | mueble4you","isPartOf":{"@id":"https:\/\/mueble4you.com\/#website"},"primaryImageOfPage":{"@id":"https:\/\/mueble4you.com\/fr\/productos\/taburete-bar-cassandre-mostaza\/#primaryimage"},"image":{"@id":"https:\/\/mueble4you.com\/fr\/productos\/taburete-bar-cassandre-mostaza\/#primaryimage"},"thumbnailUrl":"https:\/\/mueble4you.com\/wp-content\/uploads\/2026\/03\/171228.jpg","datePublished":"2026-03-10T10:59:06+00:00","breadcrumb":{"@id":"https:\/\/mueble4you.com\/fr\/productos\/taburete-bar-cassandre-mostaza\/#breadcrumb"},"inLanguage":"fr-FR","potentialAction":[{"@type":"ReadAction","target":["https:\/\/mueble4you.com\/fr\/productos\/taburete-bar-cassandre-mostaza\/"]}]},{"@type":"ImageObject","inLanguage":"fr-FR","@id":"https:\/\/mueble4you.com\/fr\/productos\/taburete-bar-cassandre-mostaza\/#primaryimage","url":"https:\/\/mueble4you.com\/wp-content\/uploads\/2026\/03\/171228.jpg","contentUrl":"https:\/\/mueble4you.com\/wp-content\/uploads\/2026\/03\/171228.jpg","width":2000,"height":1500},{"@type":"BreadcrumbList","@id":"https:\/\/mueble4you.com\/fr\/productos\/taburete-bar-cassandre-mostaza\/#breadcrumb","itemListElement":[{"@type":"ListItem","position":1,"name":"Portada","item":"https:\/\/mueble4you.com\/fr\/"},{"@type":"ListItem","position":2,"name":"Productos","item":"https:\/\/mueble4you.com\/productos\/"},{"@type":"ListItem","position":3,"name":"Taburete bar cassandre Mostaza"}]},{"@type":"WebSite","@id":"https:\/\/mueble4you.com\/#website","url":"https:\/\/mueble4you.com\/","name":"mueble4you","description":"Meubles \u00e0 Tenerife","potentialAction":[{"@type":"SearchAction","target":{"@type":"EntryPoint","urlTemplate":"https:\/\/mueble4you.com\/?s={search_term_string}"},"query-input":{"@type":"PropertyValueSpecification","valueRequired":true,"valueName":"search_term_string"}}],"inLanguage":"fr-FR"}]}},"_links":{"self":[{"href":"https:\/\/mueble4you.com\/fr\/wp-json\/wp\/v2\/product\/89336","targetHints":{"allow":["GET"]}}],"collection":[{"href":"https:\/\/mueble4you.com\/fr\/wp-json\/wp\/v2\/product"}],"about":[{"href":"https:\/\/mueble4you.com\/fr\/wp-json\/wp\/v2\/types\/product"}],"wp:featuredmedia":[{"embeddable":true,"href":"https:\/\/mueble4you.com\/fr\/wp-json\/wp\/v2\/media\/89337"}],"wp:attachment":[{"href":"https:\/\/mueble4you.com\/fr\/wp-json\/wp\/v2\/media?parent=89336"}],"wp:term":[{"taxonomy":"product_brand","embeddable":true,"href":"https:\/\/mueble4you.com\/fr\/wp-json\/wp\/v2\/product_brand?post=89336"},{"taxonomy":"product_cat","embeddable":true,"href":"https:\/\/mueble4you.com\/fr\/wp-json\/wp\/v2\/product_cat?post=89336"},{"taxonomy":"product_tag","embeddable":true,"href":"https:\/\/mueble4you.com\/fr\/wp-json\/wp\/v2\/product_tag?post=89336"}],"curies":[{"name":"wp","href":"https:\/\/api.w.org\/{rel}","templated":true}]}}