{"id":88779,"date":"2026-02-03T13:07:45","date_gmt":"2026-02-03T13:07:45","guid":{"rendered":"https:\/\/mueble4you.com\/productos\/aparador-120-azul-dorado\/"},"modified":"2026-02-13T15:35:21","modified_gmt":"2026-02-13T15:35:21","slug":"aparador-120-azul-dorado","status":"publish","type":"product","link":"https:\/\/mueble4you.com\/fr\/productos\/aparador-120-azul-dorado\/","title":{"rendered":"BUFFET 120 BLEU\/OR."},"content":{"rendered":"<h4 id=\"tw-target-text\" class=\"tw-data-text tw-text-large tw-ta\" dir=\"ltr\" tabindex=\"-1\" role=\"text\" data-placeholder=\"Traducci\u00f3n\" data-ved=\"2ahUKEwjoqIzF5NaSAxVyZqQEHYfREJcQ3ewLegQIDBAW\" aria-label=\"Texto traducido: BUFFET 120 BLEU\/OR.\nCette commode ou sectionnelle est fabriqu\u00e9e en bois de manguier et poss\u00e8de 9 tiroirs. Il est peint \u00e0 la main avec des illustrations dor\u00e9es repr\u00e9sentant des sc\u00e8nes orientales. Chaque tiroir poss\u00e8de une poign\u00e9e centrale en m\u00e9tal. La base du meuble comprend un socle moul\u00e9 qui d\u00e9passe l\u00e9g\u00e8rement et lui conf\u00e8re une finition plus \u00e9l\u00e9gante et plus ferme, ajoutant stabilit\u00e9 et pr\u00e9sence au design global. C'est une pi\u00e8ce avec beaucoup de caract\u00e8re, id\u00e9ale pour d\u00e9corer des espaces au style boh\u00e8me, vintage ou exotique.\n\n\u25cf Hauteur : 90 cm.\n\n\u25cf Longueur : 120 cm.\n\n\u25cf Largeur : 55 cm.\n\n\u25cf Mat\u00e9riau\u00a0: Bois de manguier\n\n\u25cf Couleur : Bleu.\n\n\u25cf Poids : 55 kg.\"><span class=\"Y2IQFc\" lang=\"fr\">Cette commode ou sectionnelle est fabriqu\u00e9e en bois de manguier et poss\u00e8de 9 tiroirs.<\/span><\/h4>\n<h4 class=\"tw-data-text tw-text-large tw-ta\" dir=\"ltr\" tabindex=\"-1\" role=\"text\" data-placeholder=\"Traducci\u00f3n\" data-ved=\"2ahUKEwjoqIzF5NaSAxVyZqQEHYfREJcQ3ewLegQIDBAW\" aria-label=\"Texto traducido: BUFFET 120 BLEU\/OR.\nCette commode ou sectionnelle est fabriqu\u00e9e en bois de manguier et poss\u00e8de 9 tiroirs. Il est peint \u00e0 la main avec des illustrations dor\u00e9es repr\u00e9sentant des sc\u00e8nes orientales. Chaque tiroir poss\u00e8de une poign\u00e9e centrale en m\u00e9tal. La base du meuble comprend un socle moul\u00e9 qui d\u00e9passe l\u00e9g\u00e8rement et lui conf\u00e8re une finition plus \u00e9l\u00e9gante et plus ferme, ajoutant stabilit\u00e9 et pr\u00e9sence au design global. C'est une pi\u00e8ce avec beaucoup de caract\u00e8re, id\u00e9ale pour d\u00e9corer des espaces au style boh\u00e8me, vintage ou exotique.\n\n\u25cf Hauteur : 90 cm.\n\n\u25cf Longueur : 120 cm.\n\n\u25cf Largeur : 55 cm.\n\n\u25cf Mat\u00e9riau\u00a0: Bois de manguier\n\n\u25cf Couleur : Bleu.\n\n\u25cf Poids : 55 kg.\"><span class=\"Y2IQFc\" lang=\"fr\"> Il est peint \u00e0 la main avec des illustrations dor\u00e9es repr\u00e9sentant des sc\u00e8nes orientales.<\/span><\/h4>\n<h4 class=\"tw-data-text tw-text-large tw-ta\" dir=\"ltr\" tabindex=\"-1\" role=\"text\" data-placeholder=\"Traducci\u00f3n\" data-ved=\"2ahUKEwjoqIzF5NaSAxVyZqQEHYfREJcQ3ewLegQIDBAW\" aria-label=\"Texto traducido: BUFFET 120 BLEU\/OR.\nCette commode ou sectionnelle est fabriqu\u00e9e en bois de manguier et poss\u00e8de 9 tiroirs. Il est peint \u00e0 la main avec des illustrations dor\u00e9es repr\u00e9sentant des sc\u00e8nes orientales. Chaque tiroir poss\u00e8de une poign\u00e9e centrale en m\u00e9tal. La base du meuble comprend un socle moul\u00e9 qui d\u00e9passe l\u00e9g\u00e8rement et lui conf\u00e8re une finition plus \u00e9l\u00e9gante et plus ferme, ajoutant stabilit\u00e9 et pr\u00e9sence au design global. C'est une pi\u00e8ce avec beaucoup de caract\u00e8re, id\u00e9ale pour d\u00e9corer des espaces au style boh\u00e8me, vintage ou exotique.\n\n\u25cf Hauteur : 90 cm.\n\n\u25cf Longueur : 120 cm.\n\n\u25cf Largeur : 55 cm.\n\n\u25cf Mat\u00e9riau\u00a0: Bois de manguier\n\n\u25cf Couleur : Bleu.\n\n\u25cf Poids : 55 kg.\"><span class=\"Y2IQFc\" lang=\"fr\"> Chaque tiroir poss\u00e8de une poign\u00e9e centrale en m\u00e9tal. <\/span><\/h4>\n<h4 class=\"tw-data-text tw-text-large tw-ta\" dir=\"ltr\" tabindex=\"-1\" role=\"text\" data-placeholder=\"Traducci\u00f3n\" data-ved=\"2ahUKEwjoqIzF5NaSAxVyZqQEHYfREJcQ3ewLegQIDBAW\" aria-label=\"Texto traducido: BUFFET 120 BLEU\/OR.\nCette commode ou sectionnelle est fabriqu\u00e9e en bois de manguier et poss\u00e8de 9 tiroirs. Il est peint \u00e0 la main avec des illustrations dor\u00e9es repr\u00e9sentant des sc\u00e8nes orientales. Chaque tiroir poss\u00e8de une poign\u00e9e centrale en m\u00e9tal. La base du meuble comprend un socle moul\u00e9 qui d\u00e9passe l\u00e9g\u00e8rement et lui conf\u00e8re une finition plus \u00e9l\u00e9gante et plus ferme, ajoutant stabilit\u00e9 et pr\u00e9sence au design global. C'est une pi\u00e8ce avec beaucoup de caract\u00e8re, id\u00e9ale pour d\u00e9corer des espaces au style boh\u00e8me, vintage ou exotique.\n\n\u25cf Hauteur : 90 cm.\n\n\u25cf Longueur : 120 cm.\n\n\u25cf Largeur : 55 cm.\n\n\u25cf Mat\u00e9riau\u00a0: Bois de manguier\n\n\u25cf Couleur : Bleu.\n\n\u25cf Poids : 55 kg.\"><span class=\"Y2IQFc\" lang=\"fr\">La base du meuble comprend un socle moul\u00e9 qui d\u00e9passe l\u00e9g\u00e8rement et lui conf\u00e8re une finition plus \u00e9l\u00e9gante et plus ferme, ajoutant stabilit\u00e9 et pr\u00e9sence au design global.<\/span><\/h4>\n<h4 class=\"tw-data-text tw-text-large tw-ta\" dir=\"ltr\" tabindex=\"-1\" role=\"text\" data-placeholder=\"Traducci\u00f3n\" data-ved=\"2ahUKEwjoqIzF5NaSAxVyZqQEHYfREJcQ3ewLegQIDBAW\" aria-label=\"Texto traducido: BUFFET 120 BLEU\/OR.\nCette commode ou sectionnelle est fabriqu\u00e9e en bois de manguier et poss\u00e8de 9 tiroirs. Il est peint \u00e0 la main avec des illustrations dor\u00e9es repr\u00e9sentant des sc\u00e8nes orientales. Chaque tiroir poss\u00e8de une poign\u00e9e centrale en m\u00e9tal. La base du meuble comprend un socle moul\u00e9 qui d\u00e9passe l\u00e9g\u00e8rement et lui conf\u00e8re une finition plus \u00e9l\u00e9gante et plus ferme, ajoutant stabilit\u00e9 et pr\u00e9sence au design global. C'est une pi\u00e8ce avec beaucoup de caract\u00e8re, id\u00e9ale pour d\u00e9corer des espaces au style boh\u00e8me, vintage ou exotique.\n\n\u25cf Hauteur : 90 cm.\n\n\u25cf Longueur : 120 cm.\n\n\u25cf Largeur : 55 cm.\n\n\u25cf Mat\u00e9riau\u00a0: Bois de manguier\n\n\u25cf Couleur : Bleu.\n\n\u25cf Poids : 55 kg.\"><span class=\"Y2IQFc\" lang=\"fr\"> C&rsquo;est une pi\u00e8ce avec beaucoup de caract\u00e8re, id\u00e9ale pour d\u00e9corer des espaces au style boh\u00e8me, vintage ou exotique.<\/span><\/h4>\n<h4 class=\"tw-data-text tw-text-large tw-ta\" dir=\"ltr\" tabindex=\"-1\" role=\"text\" data-placeholder=\"Traducci\u00f3n\" data-ved=\"2ahUKEwjoqIzF5NaSAxVyZqQEHYfREJcQ3ewLegQIDBAW\" aria-label=\"Texto traducido: BUFFET 120 BLEU\/OR.\nCette commode ou sectionnelle est fabriqu\u00e9e en bois de manguier et poss\u00e8de 9 tiroirs. Il est peint \u00e0 la main avec des illustrations dor\u00e9es repr\u00e9sentant des sc\u00e8nes orientales. Chaque tiroir poss\u00e8de une poign\u00e9e centrale en m\u00e9tal. La base du meuble comprend un socle moul\u00e9 qui d\u00e9passe l\u00e9g\u00e8rement et lui conf\u00e8re une finition plus \u00e9l\u00e9gante et plus ferme, ajoutant stabilit\u00e9 et pr\u00e9sence au design global. C'est une pi\u00e8ce avec beaucoup de caract\u00e8re, id\u00e9ale pour d\u00e9corer des espaces au style boh\u00e8me, vintage ou exotique.\n\n\u25cf Hauteur : 90 cm.\n\n\u25cf Longueur : 120 cm.\n\n\u25cf Largeur : 55 cm.\n\n\u25cf Mat\u00e9riau\u00a0: Bois de manguier\n\n\u25cf Couleur : Bleu.\n\n\u25cf Poids : 55 kg.\"><span class=\"Y2IQFc\" lang=\"fr\">\u25cf Hauteur : 90 cm. \u25cf Longueur : 120 cm. \u25cf Largeur : 55 cm.<\/span><\/h4>\n<h4 class=\"tw-data-text tw-text-large tw-ta\" dir=\"ltr\" tabindex=\"-1\" role=\"text\" data-placeholder=\"Traducci\u00f3n\" data-ved=\"2ahUKEwjoqIzF5NaSAxVyZqQEHYfREJcQ3ewLegQIDBAW\" aria-label=\"Texto traducido: BUFFET 120 BLEU\/OR.\nCette commode ou sectionnelle est fabriqu\u00e9e en bois de manguier et poss\u00e8de 9 tiroirs. Il est peint \u00e0 la main avec des illustrations dor\u00e9es repr\u00e9sentant des sc\u00e8nes orientales. Chaque tiroir poss\u00e8de une poign\u00e9e centrale en m\u00e9tal. La base du meuble comprend un socle moul\u00e9 qui d\u00e9passe l\u00e9g\u00e8rement et lui conf\u00e8re une finition plus \u00e9l\u00e9gante et plus ferme, ajoutant stabilit\u00e9 et pr\u00e9sence au design global. C'est une pi\u00e8ce avec beaucoup de caract\u00e8re, id\u00e9ale pour d\u00e9corer des espaces au style boh\u00e8me, vintage ou exotique.\n\n\u25cf Hauteur : 90 cm.\n\n\u25cf Longueur : 120 cm.\n\n\u25cf Largeur : 55 cm.\n\n\u25cf Mat\u00e9riau\u00a0: Bois de manguier\n\n\u25cf Couleur : Bleu.\n\n\u25cf Poids : 55 kg.\"><span class=\"Y2IQFc\" lang=\"fr\">\u25cf Mat\u00e9riau : Bois de manguier <\/span><\/h4>\n<h4 class=\"tw-data-text tw-text-large tw-ta\" dir=\"ltr\" tabindex=\"-1\" role=\"text\" data-placeholder=\"Traducci\u00f3n\" data-ved=\"2ahUKEwjoqIzF5NaSAxVyZqQEHYfREJcQ3ewLegQIDBAW\" aria-label=\"Texto traducido: BUFFET 120 BLEU\/OR.\nCette commode ou sectionnelle est fabriqu\u00e9e en bois de manguier et poss\u00e8de 9 tiroirs. Il est peint \u00e0 la main avec des illustrations dor\u00e9es repr\u00e9sentant des sc\u00e8nes orientales. Chaque tiroir poss\u00e8de une poign\u00e9e centrale en m\u00e9tal. La base du meuble comprend un socle moul\u00e9 qui d\u00e9passe l\u00e9g\u00e8rement et lui conf\u00e8re une finition plus \u00e9l\u00e9gante et plus ferme, ajoutant stabilit\u00e9 et pr\u00e9sence au design global. C'est une pi\u00e8ce avec beaucoup de caract\u00e8re, id\u00e9ale pour d\u00e9corer des espaces au style boh\u00e8me, vintage ou exotique.\n\n\u25cf Hauteur : 90 cm.\n\n\u25cf Longueur : 120 cm.\n\n\u25cf Largeur : 55 cm.\n\n\u25cf Mat\u00e9riau\u00a0: Bois de manguier\n\n\u25cf Couleur : Bleu.\n\n\u25cf Poids : 55 kg.\"><span class=\"Y2IQFc\" lang=\"fr\">\u25cf Couleur : Bleu.\u00a0<\/span><\/h4>\n","protected":false},"excerpt":{"rendered":"<p>Cette commode ou sectionnelle est fabriqu\u00e9e en bois de manguier et poss\u00e8de 9 tiroirs. Il est peint \u00e0 la main avec des illustrations dor\u00e9es repr\u00e9sentant des sc\u00e8nes orientales. Chaque tiroir poss\u00e8de une poign\u00e9e centrale en m\u00e9tal. La base du meuble comprend un socle moul\u00e9 qui d\u00e9passe l\u00e9g\u00e8rement et lui conf\u00e8re une finition plus \u00e9l\u00e9gante et [&#8230;]\n","protected":false},"featured_media":88780,"template":"","meta":[],"product_brand":[],"product_cat":[499,570,204,282],"product_tag":[],"class_list":{"0":"post-88779","1":"product","2":"type-product","3":"status-publish","4":"has-post-thumbnail","6":"product_cat-buffets","7":"product_cat-commode","8":"product_cat-salon","9":"product_cat-meubles-de-chambre-a-coucher","11":"first","12":"instock","13":"shipping-taxable","14":"product-type-simple"},"yoast_head":"<!-- This site is optimized with the Yoast SEO plugin v27.2 - https:\/\/yoast.com\/product\/yoast-seo-wordpress\/ -->\n<title>BUFFET 120 BLEU\/OR. | mueble4you<\/title>\n<meta name=\"robots\" content=\"index, follow, max-snippet:-1, max-image-preview:large, max-video-preview:-1\" \/>\n<link rel=\"canonical\" href=\"https:\/\/mueble4you.com\/fr\/productos\/aparador-120-azul-dorado\/\" \/>\n<meta property=\"og:locale\" content=\"fr_FR\" \/>\n<meta property=\"og:type\" content=\"article\" \/>\n<meta property=\"og:title\" content=\"BUFFET 120 BLEU\/OR. | mueble4you\" \/>\n<meta property=\"og:description\" content=\"Cette commode ou sectionnelle est fabriqu\u00e9e en bois de manguier et poss\u00e8de 9 tiroirs. Il est peint \u00e0 la main avec des illustrations dor\u00e9es repr\u00e9sentant des sc\u00e8nes orientales. Chaque tiroir poss\u00e8de une poign\u00e9e centrale en m\u00e9tal. La base du meuble comprend un socle moul\u00e9 qui d\u00e9passe l\u00e9g\u00e8rement et lui conf\u00e8re une finition plus \u00e9l\u00e9gante et [...]\" \/>\n<meta property=\"og:url\" content=\"https:\/\/mueble4you.com\/fr\/productos\/aparador-120-azul-dorado\/\" \/>\n<meta property=\"og:site_name\" content=\"mueble4you\" \/>\n<meta property=\"article:modified_time\" content=\"2026-02-13T15:35:21+00:00\" \/>\n<meta property=\"og:image\" content=\"https:\/\/mueble4you.com\/wp-content\/uploads\/2026\/02\/2264_1-Copy.jpg\" \/>\n\t<meta property=\"og:image:width\" content=\"1024\" \/>\n\t<meta property=\"og:image:height\" content=\"760\" \/>\n\t<meta property=\"og:image:type\" content=\"image\/jpeg\" \/>\n<meta name=\"twitter:card\" content=\"summary_large_image\" \/>\n<meta name=\"twitter:label1\" content=\"Dur\u00e9e de lecture estim\u00e9e\" \/>\n\t<meta name=\"twitter:data1\" content=\"1 minute\" \/>\n<script type=\"application\/ld+json\" class=\"yoast-schema-graph\">{\"@context\":\"https:\/\/schema.org\",\"@graph\":[{\"@type\":\"WebPage\",\"@id\":\"https:\/\/mueble4you.com\/fr\/productos\/aparador-120-azul-dorado\/\",\"url\":\"https:\/\/mueble4you.com\/fr\/productos\/aparador-120-azul-dorado\/\",\"name\":\"BUFFET 120 BLEU\/OR. | mueble4you\",\"isPartOf\":{\"@id\":\"https:\/\/mueble4you.com\/#website\"},\"primaryImageOfPage\":{\"@id\":\"https:\/\/mueble4you.com\/fr\/productos\/aparador-120-azul-dorado\/#primaryimage\"},\"image\":{\"@id\":\"https:\/\/mueble4you.com\/fr\/productos\/aparador-120-azul-dorado\/#primaryimage\"},\"thumbnailUrl\":\"https:\/\/mueble4you.com\/wp-content\/uploads\/2026\/02\/2264_1-Copy.jpg\",\"datePublished\":\"2026-02-03T13:07:45+00:00\",\"dateModified\":\"2026-02-13T15:35:21+00:00\",\"breadcrumb\":{\"@id\":\"https:\/\/mueble4you.com\/fr\/productos\/aparador-120-azul-dorado\/#breadcrumb\"},\"inLanguage\":\"fr-FR\",\"potentialAction\":[{\"@type\":\"ReadAction\",\"target\":[\"https:\/\/mueble4you.com\/fr\/productos\/aparador-120-azul-dorado\/\"]}]},{\"@type\":\"ImageObject\",\"inLanguage\":\"fr-FR\",\"@id\":\"https:\/\/mueble4you.com\/fr\/productos\/aparador-120-azul-dorado\/#primaryimage\",\"url\":\"https:\/\/mueble4you.com\/wp-content\/uploads\/2026\/02\/2264_1-Copy.jpg\",\"contentUrl\":\"https:\/\/mueble4you.com\/wp-content\/uploads\/2026\/02\/2264_1-Copy.jpg\",\"width\":1024,\"height\":760},{\"@type\":\"BreadcrumbList\",\"@id\":\"https:\/\/mueble4you.com\/fr\/productos\/aparador-120-azul-dorado\/#breadcrumb\",\"itemListElement\":[{\"@type\":\"ListItem\",\"position\":1,\"name\":\"Portada\",\"item\":\"https:\/\/mueble4you.com\/fr\/\"},{\"@type\":\"ListItem\",\"position\":2,\"name\":\"Productos\",\"item\":\"https:\/\/mueble4you.com\/productos\/\"},{\"@type\":\"ListItem\",\"position\":3,\"name\":\"BUFFET 120 BLEU\/OR.\"}]},{\"@type\":\"WebSite\",\"@id\":\"https:\/\/mueble4you.com\/#website\",\"url\":\"https:\/\/mueble4you.com\/\",\"name\":\"mueble4you\",\"description\":\"Meubles \u00e0 Tenerife\",\"potentialAction\":[{\"@type\":\"SearchAction\",\"target\":{\"@type\":\"EntryPoint\",\"urlTemplate\":\"https:\/\/mueble4you.com\/?s={search_term_string}\"},\"query-input\":{\"@type\":\"PropertyValueSpecification\",\"valueRequired\":true,\"valueName\":\"search_term_string\"}}],\"inLanguage\":\"fr-FR\"}]}<\/script>\n<!-- \/ Yoast SEO plugin. -->","yoast_head_json":{"title":"BUFFET 120 BLEU\/OR. | mueble4you","robots":{"index":"index","follow":"follow","max-snippet":"max-snippet:-1","max-image-preview":"max-image-preview:large","max-video-preview":"max-video-preview:-1"},"canonical":"https:\/\/mueble4you.com\/fr\/productos\/aparador-120-azul-dorado\/","og_locale":"fr_FR","og_type":"article","og_title":"BUFFET 120 BLEU\/OR. | mueble4you","og_description":"Cette commode ou sectionnelle est fabriqu\u00e9e en bois de manguier et poss\u00e8de 9 tiroirs. Il est peint \u00e0 la main avec des illustrations dor\u00e9es repr\u00e9sentant des sc\u00e8nes orientales. Chaque tiroir poss\u00e8de une poign\u00e9e centrale en m\u00e9tal. La base du meuble comprend un socle moul\u00e9 qui d\u00e9passe l\u00e9g\u00e8rement et lui conf\u00e8re une finition plus \u00e9l\u00e9gante et [...]","og_url":"https:\/\/mueble4you.com\/fr\/productos\/aparador-120-azul-dorado\/","og_site_name":"mueble4you","article_modified_time":"2026-02-13T15:35:21+00:00","og_image":[{"width":1024,"height":760,"url":"https:\/\/mueble4you.com\/wp-content\/uploads\/2026\/02\/2264_1-Copy.jpg","type":"image\/jpeg"}],"twitter_card":"summary_large_image","twitter_misc":{"Dur\u00e9e de lecture estim\u00e9e":"1 minute"},"schema":{"@context":"https:\/\/schema.org","@graph":[{"@type":"WebPage","@id":"https:\/\/mueble4you.com\/fr\/productos\/aparador-120-azul-dorado\/","url":"https:\/\/mueble4you.com\/fr\/productos\/aparador-120-azul-dorado\/","name":"BUFFET 120 BLEU\/OR. | mueble4you","isPartOf":{"@id":"https:\/\/mueble4you.com\/#website"},"primaryImageOfPage":{"@id":"https:\/\/mueble4you.com\/fr\/productos\/aparador-120-azul-dorado\/#primaryimage"},"image":{"@id":"https:\/\/mueble4you.com\/fr\/productos\/aparador-120-azul-dorado\/#primaryimage"},"thumbnailUrl":"https:\/\/mueble4you.com\/wp-content\/uploads\/2026\/02\/2264_1-Copy.jpg","datePublished":"2026-02-03T13:07:45+00:00","dateModified":"2026-02-13T15:35:21+00:00","breadcrumb":{"@id":"https:\/\/mueble4you.com\/fr\/productos\/aparador-120-azul-dorado\/#breadcrumb"},"inLanguage":"fr-FR","potentialAction":[{"@type":"ReadAction","target":["https:\/\/mueble4you.com\/fr\/productos\/aparador-120-azul-dorado\/"]}]},{"@type":"ImageObject","inLanguage":"fr-FR","@id":"https:\/\/mueble4you.com\/fr\/productos\/aparador-120-azul-dorado\/#primaryimage","url":"https:\/\/mueble4you.com\/wp-content\/uploads\/2026\/02\/2264_1-Copy.jpg","contentUrl":"https:\/\/mueble4you.com\/wp-content\/uploads\/2026\/02\/2264_1-Copy.jpg","width":1024,"height":760},{"@type":"BreadcrumbList","@id":"https:\/\/mueble4you.com\/fr\/productos\/aparador-120-azul-dorado\/#breadcrumb","itemListElement":[{"@type":"ListItem","position":1,"name":"Portada","item":"https:\/\/mueble4you.com\/fr\/"},{"@type":"ListItem","position":2,"name":"Productos","item":"https:\/\/mueble4you.com\/productos\/"},{"@type":"ListItem","position":3,"name":"BUFFET 120 BLEU\/OR."}]},{"@type":"WebSite","@id":"https:\/\/mueble4you.com\/#website","url":"https:\/\/mueble4you.com\/","name":"mueble4you","description":"Meubles \u00e0 Tenerife","potentialAction":[{"@type":"SearchAction","target":{"@type":"EntryPoint","urlTemplate":"https:\/\/mueble4you.com\/?s={search_term_string}"},"query-input":{"@type":"PropertyValueSpecification","valueRequired":true,"valueName":"search_term_string"}}],"inLanguage":"fr-FR"}]}},"_links":{"self":[{"href":"https:\/\/mueble4you.com\/fr\/wp-json\/wp\/v2\/product\/88779","targetHints":{"allow":["GET"]}}],"collection":[{"href":"https:\/\/mueble4you.com\/fr\/wp-json\/wp\/v2\/product"}],"about":[{"href":"https:\/\/mueble4you.com\/fr\/wp-json\/wp\/v2\/types\/product"}],"wp:featuredmedia":[{"embeddable":true,"href":"https:\/\/mueble4you.com\/fr\/wp-json\/wp\/v2\/media\/88780"}],"wp:attachment":[{"href":"https:\/\/mueble4you.com\/fr\/wp-json\/wp\/v2\/media?parent=88779"}],"wp:term":[{"taxonomy":"product_brand","embeddable":true,"href":"https:\/\/mueble4you.com\/fr\/wp-json\/wp\/v2\/product_brand?post=88779"},{"taxonomy":"product_cat","embeddable":true,"href":"https:\/\/mueble4you.com\/fr\/wp-json\/wp\/v2\/product_cat?post=88779"},{"taxonomy":"product_tag","embeddable":true,"href":"https:\/\/mueble4you.com\/fr\/wp-json\/wp\/v2\/product_tag?post=88779"}],"curies":[{"name":"wp","href":"https:\/\/api.w.org\/{rel}","templated":true}]}}