{"id":88703,"date":"2026-02-04T15:32:20","date_gmt":"2026-02-04T15:32:20","guid":{"rendered":"https:\/\/mueble4you.com\/productos\/bancada-tapizada-heaven-160x200-beige-pata-v21-niq\/"},"modified":"2026-02-04T16:08:27","modified_gmt":"2026-02-04T16:08:27","slug":"bancada-tapizada-heaven-160x200-beige-pata-v21-niq","status":"publish","type":"product","link":"https:\/\/mueble4you.com\/fr\/productos\/bancada-tapizada-heaven-160x200-beige-pata-v21-niq\/","title":{"rendered":"Banc capitonn\u00e9 HEAVEN 160 x 200 cm beige V21 pieds NIQ."},"content":{"rendered":"<ul>\n<li>Le banc capitonn\u00e9 Heaven offre une solution \u00e9l\u00e9gante et polyvalente pour votre espace.<\/li>\n<li>Avec son design attrayant et contemporain, il est confectionn\u00e9 \u00e0 partir de mat\u00e9riaux haut de gamme.<\/li>\n<li>Transformez votre chambre en un havre de confort avec Heaven.<\/li>\n<li>Disponible en diff\u00e9rentes dimensions, couleurs et rev\u00eatements sur demande.<\/li>\n<\/ul>\n","protected":false},"excerpt":{"rendered":"<p>Le banc capitonn\u00e9 Heaven offre une solution \u00e9l\u00e9gante et polyvalente pour votre espace. Avec son design attrayant et contemporain, il est confectionn\u00e9 \u00e0 partir de mat\u00e9riaux haut de gamme. Transformez votre chambre en un havre de confort avec Heaven. Disponible en diff\u00e9rentes dimensions, couleurs et rev\u00eatements sur demande.<\/p>\n","protected":false},"featured_media":88704,"template":"","meta":[],"product_brand":[],"product_cat":[201,202],"product_tag":[],"class_list":{"0":"post-88703","1":"product","2":"type-product","3":"status-publish","4":"has-post-thumbnail","6":"product_cat-dortoirs","7":"product_cat-lits-et-accessoires","9":"first","10":"instock","11":"shipping-taxable","12":"product-type-simple"},"yoast_head":"<!-- This site is optimized with the Yoast SEO plugin v27.2 - https:\/\/yoast.com\/product\/yoast-seo-wordpress\/ -->\n<title>Banc capitonn\u00e9 HEAVEN 160 x 200 cm beige V21 pieds NIQ. | mueble4you<\/title>\n<meta name=\"robots\" content=\"index, follow, max-snippet:-1, max-image-preview:large, max-video-preview:-1\" \/>\n<link rel=\"canonical\" href=\"https:\/\/mueble4you.com\/fr\/productos\/bancada-tapizada-heaven-160x200-beige-pata-v21-niq\/\" \/>\n<meta property=\"og:locale\" content=\"fr_FR\" \/>\n<meta property=\"og:type\" content=\"article\" \/>\n<meta property=\"og:title\" content=\"Banc capitonn\u00e9 HEAVEN 160 x 200 cm beige V21 pieds NIQ. | mueble4you\" \/>\n<meta property=\"og:description\" content=\"Le banc capitonn\u00e9 Heaven offre une solution \u00e9l\u00e9gante et polyvalente pour votre espace. Avec son design attrayant et contemporain, il est confectionn\u00e9 \u00e0 partir de mat\u00e9riaux haut de gamme. Transformez votre chambre en un havre de confort avec Heaven. Disponible en diff\u00e9rentes dimensions, couleurs et rev\u00eatements sur demande.\" \/>\n<meta property=\"og:url\" content=\"https:\/\/mueble4you.com\/fr\/productos\/bancada-tapizada-heaven-160x200-beige-pata-v21-niq\/\" \/>\n<meta property=\"og:site_name\" content=\"mueble4you\" \/>\n<meta property=\"article:modified_time\" content=\"2026-02-04T16:08:27+00:00\" \/>\n<meta property=\"og:image\" content=\"https:\/\/mueble4you.com\/wp-content\/uploads\/2026\/02\/Heven-150-V21-Padded-150-Line-050-V12-Line-070-V12.jpg\" \/>\n\t<meta property=\"og:image:width\" content=\"900\" \/>\n\t<meta property=\"og:image:height\" content=\"600\" \/>\n\t<meta property=\"og:image:type\" content=\"image\/jpeg\" \/>\n<meta name=\"twitter:card\" content=\"summary_large_image\" \/>\n<script type=\"application\/ld+json\" class=\"yoast-schema-graph\">{\"@context\":\"https:\/\/schema.org\",\"@graph\":[{\"@type\":\"WebPage\",\"@id\":\"https:\/\/mueble4you.com\/fr\/productos\/bancada-tapizada-heaven-160x200-beige-pata-v21-niq\/\",\"url\":\"https:\/\/mueble4you.com\/fr\/productos\/bancada-tapizada-heaven-160x200-beige-pata-v21-niq\/\",\"name\":\"Banc capitonn\u00e9 HEAVEN 160 x 200 cm beige V21 pieds NIQ. | mueble4you\",\"isPartOf\":{\"@id\":\"https:\/\/mueble4you.com\/#website\"},\"primaryImageOfPage\":{\"@id\":\"https:\/\/mueble4you.com\/fr\/productos\/bancada-tapizada-heaven-160x200-beige-pata-v21-niq\/#primaryimage\"},\"image\":{\"@id\":\"https:\/\/mueble4you.com\/fr\/productos\/bancada-tapizada-heaven-160x200-beige-pata-v21-niq\/#primaryimage\"},\"thumbnailUrl\":\"https:\/\/mueble4you.com\/wp-content\/uploads\/2026\/02\/Heven-150-V21-Padded-150-Line-050-V12-Line-070-V12.jpg\",\"datePublished\":\"2026-02-04T15:32:20+00:00\",\"dateModified\":\"2026-02-04T16:08:27+00:00\",\"breadcrumb\":{\"@id\":\"https:\/\/mueble4you.com\/fr\/productos\/bancada-tapizada-heaven-160x200-beige-pata-v21-niq\/#breadcrumb\"},\"inLanguage\":\"fr-FR\",\"potentialAction\":[{\"@type\":\"ReadAction\",\"target\":[\"https:\/\/mueble4you.com\/fr\/productos\/bancada-tapizada-heaven-160x200-beige-pata-v21-niq\/\"]}]},{\"@type\":\"ImageObject\",\"inLanguage\":\"fr-FR\",\"@id\":\"https:\/\/mueble4you.com\/fr\/productos\/bancada-tapizada-heaven-160x200-beige-pata-v21-niq\/#primaryimage\",\"url\":\"https:\/\/mueble4you.com\/wp-content\/uploads\/2026\/02\/Heven-150-V21-Padded-150-Line-050-V12-Line-070-V12.jpg\",\"contentUrl\":\"https:\/\/mueble4you.com\/wp-content\/uploads\/2026\/02\/Heven-150-V21-Padded-150-Line-050-V12-Line-070-V12.jpg\",\"width\":900,\"height\":600},{\"@type\":\"BreadcrumbList\",\"@id\":\"https:\/\/mueble4you.com\/fr\/productos\/bancada-tapizada-heaven-160x200-beige-pata-v21-niq\/#breadcrumb\",\"itemListElement\":[{\"@type\":\"ListItem\",\"position\":1,\"name\":\"Portada\",\"item\":\"https:\/\/mueble4you.com\/fr\/\"},{\"@type\":\"ListItem\",\"position\":2,\"name\":\"Productos\",\"item\":\"https:\/\/mueble4you.com\/productos\/\"},{\"@type\":\"ListItem\",\"position\":3,\"name\":\"Banc capitonn\u00e9 HEAVEN 160 x 200 cm beige V21 pieds NIQ.\"}]},{\"@type\":\"WebSite\",\"@id\":\"https:\/\/mueble4you.com\/#website\",\"url\":\"https:\/\/mueble4you.com\/\",\"name\":\"mueble4you\",\"description\":\"Meubles \u00e0 Tenerife\",\"potentialAction\":[{\"@type\":\"SearchAction\",\"target\":{\"@type\":\"EntryPoint\",\"urlTemplate\":\"https:\/\/mueble4you.com\/?s={search_term_string}\"},\"query-input\":{\"@type\":\"PropertyValueSpecification\",\"valueRequired\":true,\"valueName\":\"search_term_string\"}}],\"inLanguage\":\"fr-FR\"}]}<\/script>\n<!-- \/ Yoast SEO plugin. -->","yoast_head_json":{"title":"Banc capitonn\u00e9 HEAVEN 160 x 200 cm beige V21 pieds NIQ. | mueble4you","robots":{"index":"index","follow":"follow","max-snippet":"max-snippet:-1","max-image-preview":"max-image-preview:large","max-video-preview":"max-video-preview:-1"},"canonical":"https:\/\/mueble4you.com\/fr\/productos\/bancada-tapizada-heaven-160x200-beige-pata-v21-niq\/","og_locale":"fr_FR","og_type":"article","og_title":"Banc capitonn\u00e9 HEAVEN 160 x 200 cm beige V21 pieds NIQ. | mueble4you","og_description":"Le banc capitonn\u00e9 Heaven offre une solution \u00e9l\u00e9gante et polyvalente pour votre espace. Avec son design attrayant et contemporain, il est confectionn\u00e9 \u00e0 partir de mat\u00e9riaux haut de gamme. Transformez votre chambre en un havre de confort avec Heaven. Disponible en diff\u00e9rentes dimensions, couleurs et rev\u00eatements sur demande.","og_url":"https:\/\/mueble4you.com\/fr\/productos\/bancada-tapizada-heaven-160x200-beige-pata-v21-niq\/","og_site_name":"mueble4you","article_modified_time":"2026-02-04T16:08:27+00:00","og_image":[{"width":900,"height":600,"url":"https:\/\/mueble4you.com\/wp-content\/uploads\/2026\/02\/Heven-150-V21-Padded-150-Line-050-V12-Line-070-V12.jpg","type":"image\/jpeg"}],"twitter_card":"summary_large_image","schema":{"@context":"https:\/\/schema.org","@graph":[{"@type":"WebPage","@id":"https:\/\/mueble4you.com\/fr\/productos\/bancada-tapizada-heaven-160x200-beige-pata-v21-niq\/","url":"https:\/\/mueble4you.com\/fr\/productos\/bancada-tapizada-heaven-160x200-beige-pata-v21-niq\/","name":"Banc capitonn\u00e9 HEAVEN 160 x 200 cm beige V21 pieds NIQ. | mueble4you","isPartOf":{"@id":"https:\/\/mueble4you.com\/#website"},"primaryImageOfPage":{"@id":"https:\/\/mueble4you.com\/fr\/productos\/bancada-tapizada-heaven-160x200-beige-pata-v21-niq\/#primaryimage"},"image":{"@id":"https:\/\/mueble4you.com\/fr\/productos\/bancada-tapizada-heaven-160x200-beige-pata-v21-niq\/#primaryimage"},"thumbnailUrl":"https:\/\/mueble4you.com\/wp-content\/uploads\/2026\/02\/Heven-150-V21-Padded-150-Line-050-V12-Line-070-V12.jpg","datePublished":"2026-02-04T15:32:20+00:00","dateModified":"2026-02-04T16:08:27+00:00","breadcrumb":{"@id":"https:\/\/mueble4you.com\/fr\/productos\/bancada-tapizada-heaven-160x200-beige-pata-v21-niq\/#breadcrumb"},"inLanguage":"fr-FR","potentialAction":[{"@type":"ReadAction","target":["https:\/\/mueble4you.com\/fr\/productos\/bancada-tapizada-heaven-160x200-beige-pata-v21-niq\/"]}]},{"@type":"ImageObject","inLanguage":"fr-FR","@id":"https:\/\/mueble4you.com\/fr\/productos\/bancada-tapizada-heaven-160x200-beige-pata-v21-niq\/#primaryimage","url":"https:\/\/mueble4you.com\/wp-content\/uploads\/2026\/02\/Heven-150-V21-Padded-150-Line-050-V12-Line-070-V12.jpg","contentUrl":"https:\/\/mueble4you.com\/wp-content\/uploads\/2026\/02\/Heven-150-V21-Padded-150-Line-050-V12-Line-070-V12.jpg","width":900,"height":600},{"@type":"BreadcrumbList","@id":"https:\/\/mueble4you.com\/fr\/productos\/bancada-tapizada-heaven-160x200-beige-pata-v21-niq\/#breadcrumb","itemListElement":[{"@type":"ListItem","position":1,"name":"Portada","item":"https:\/\/mueble4you.com\/fr\/"},{"@type":"ListItem","position":2,"name":"Productos","item":"https:\/\/mueble4you.com\/productos\/"},{"@type":"ListItem","position":3,"name":"Banc capitonn\u00e9 HEAVEN 160 x 200 cm beige V21 pieds NIQ."}]},{"@type":"WebSite","@id":"https:\/\/mueble4you.com\/#website","url":"https:\/\/mueble4you.com\/","name":"mueble4you","description":"Meubles \u00e0 Tenerife","potentialAction":[{"@type":"SearchAction","target":{"@type":"EntryPoint","urlTemplate":"https:\/\/mueble4you.com\/?s={search_term_string}"},"query-input":{"@type":"PropertyValueSpecification","valueRequired":true,"valueName":"search_term_string"}}],"inLanguage":"fr-FR"}]}},"_links":{"self":[{"href":"https:\/\/mueble4you.com\/fr\/wp-json\/wp\/v2\/product\/88703","targetHints":{"allow":["GET"]}}],"collection":[{"href":"https:\/\/mueble4you.com\/fr\/wp-json\/wp\/v2\/product"}],"about":[{"href":"https:\/\/mueble4you.com\/fr\/wp-json\/wp\/v2\/types\/product"}],"wp:featuredmedia":[{"embeddable":true,"href":"https:\/\/mueble4you.com\/fr\/wp-json\/wp\/v2\/media\/88704"}],"wp:attachment":[{"href":"https:\/\/mueble4you.com\/fr\/wp-json\/wp\/v2\/media?parent=88703"}],"wp:term":[{"taxonomy":"product_brand","embeddable":true,"href":"https:\/\/mueble4you.com\/fr\/wp-json\/wp\/v2\/product_brand?post=88703"},{"taxonomy":"product_cat","embeddable":true,"href":"https:\/\/mueble4you.com\/fr\/wp-json\/wp\/v2\/product_cat?post=88703"},{"taxonomy":"product_tag","embeddable":true,"href":"https:\/\/mueble4you.com\/fr\/wp-json\/wp\/v2\/product_tag?post=88703"}],"curies":[{"name":"wp","href":"https:\/\/api.w.org\/{rel}","templated":true}]}}