{"id":88688,"date":"2026-02-04T14:01:43","date_gmt":"2026-02-04T14:01:43","guid":{"rendered":"https:\/\/mueble4you.com\/productos\/mesa-auxiliar-toigne\/"},"modified":"2026-02-04T16:18:43","modified_gmt":"2026-02-04T16:18:43","slug":"mesa-auxiliar-toigne","status":"publish","type":"product","link":"https:\/\/mueble4you.com\/fr\/productos\/mesa-auxiliar-toigne\/","title":{"rendered":"TABLE D&rsquo;APPOINT TOIGNE."},"content":{"rendered":"<ul>\n<li>La table d&rsquo;appoint Toigne se distingue par sa finition vieillie qui met en valeur la texture du bois tropical.<\/li>\n<li>Son design contemporain et son caract\u00e8re organique en font un meuble polyvalent, id\u00e9al pour apporter une touche chaleureuse aux int\u00e9rieurs modernes.<\/li>\n<li>Largeur : 60 cm, Profondeur : 60 cm, Hauteur : 65 cm.<\/li>\n<\/ul>\n","protected":false},"excerpt":{"rendered":"<p>La table d&rsquo;appoint Toigne se distingue par sa finition vieillie qui met en valeur la texture du bois tropical. Son design contemporain et son caract\u00e8re organique en font un meuble polyvalent, id\u00e9al pour apporter une touche chaleureuse aux int\u00e9rieurs modernes. Largeur : 60 cm, Profondeur : 60 cm, Hauteur : 65 cm.<\/p>\n","protected":false},"featured_media":88690,"template":"","meta":[],"product_brand":[],"product_cat":[204,459],"product_tag":[],"class_list":{"0":"post-88688","1":"product","2":"type-product","3":"status-publish","4":"has-post-thumbnail","6":"product_cat-salon","7":"product_cat-table-dangle-ou-dappoint","9":"first","10":"instock","11":"shipping-taxable","12":"product-type-simple"},"yoast_head":"<!-- This site is optimized with the Yoast SEO plugin v27.3 - https:\/\/yoast.com\/product\/yoast-seo-wordpress\/ -->\n<title>TABLE D&#039;APPOINT TOIGNE. | mueble4you<\/title>\n<meta name=\"robots\" content=\"index, follow, max-snippet:-1, max-image-preview:large, max-video-preview:-1\" \/>\n<link rel=\"canonical\" href=\"https:\/\/mueble4you.com\/fr\/productos\/mesa-auxiliar-toigne\/\" \/>\n<meta property=\"og:locale\" content=\"fr_FR\" \/>\n<meta property=\"og:type\" content=\"article\" \/>\n<meta property=\"og:title\" content=\"TABLE D&#039;APPOINT TOIGNE. | mueble4you\" \/>\n<meta property=\"og:description\" content=\"La table d&rsquo;appoint Toigne se distingue par sa finition vieillie qui met en valeur la texture du bois tropical. Son design contemporain et son caract\u00e8re organique en font un meuble polyvalent, id\u00e9al pour apporter une touche chaleureuse aux int\u00e9rieurs modernes. Largeur : 60 cm, Profondeur : 60 cm, Hauteur : 65 cm.\" \/>\n<meta property=\"og:url\" content=\"https:\/\/mueble4you.com\/fr\/productos\/mesa-auxiliar-toigne\/\" \/>\n<meta property=\"og:site_name\" content=\"mueble4you\" \/>\n<meta property=\"article:modified_time\" content=\"2026-02-04T16:18:43+00:00\" \/>\n<meta property=\"og:image\" content=\"https:\/\/mueble4you.com\/wp-content\/uploads\/2026\/02\/mesa-auxiliar-toigne-vical-34994-45085211.jpg\" \/>\n\t<meta property=\"og:image:width\" content=\"1920\" \/>\n\t<meta property=\"og:image:height\" content=\"1920\" \/>\n\t<meta property=\"og:image:type\" content=\"image\/jpeg\" \/>\n<meta name=\"twitter:card\" content=\"summary_large_image\" \/>\n<script type=\"application\/ld+json\" class=\"yoast-schema-graph\">{\"@context\":\"https:\\\/\\\/schema.org\",\"@graph\":[{\"@type\":\"WebPage\",\"@id\":\"https:\\\/\\\/mueble4you.com\\\/fr\\\/productos\\\/mesa-auxiliar-toigne\\\/\",\"url\":\"https:\\\/\\\/mueble4you.com\\\/fr\\\/productos\\\/mesa-auxiliar-toigne\\\/\",\"name\":\"TABLE D'APPOINT TOIGNE. | mueble4you\",\"isPartOf\":{\"@id\":\"https:\\\/\\\/mueble4you.com\\\/#website\"},\"primaryImageOfPage\":{\"@id\":\"https:\\\/\\\/mueble4you.com\\\/fr\\\/productos\\\/mesa-auxiliar-toigne\\\/#primaryimage\"},\"image\":{\"@id\":\"https:\\\/\\\/mueble4you.com\\\/fr\\\/productos\\\/mesa-auxiliar-toigne\\\/#primaryimage\"},\"thumbnailUrl\":\"https:\\\/\\\/mueble4you.com\\\/wp-content\\\/uploads\\\/2026\\\/02\\\/mesa-auxiliar-toigne-vical-34994-45085211.jpg\",\"datePublished\":\"2026-02-04T14:01:43+00:00\",\"dateModified\":\"2026-02-04T16:18:43+00:00\",\"breadcrumb\":{\"@id\":\"https:\\\/\\\/mueble4you.com\\\/fr\\\/productos\\\/mesa-auxiliar-toigne\\\/#breadcrumb\"},\"inLanguage\":\"fr-FR\",\"potentialAction\":[{\"@type\":\"ReadAction\",\"target\":[\"https:\\\/\\\/mueble4you.com\\\/fr\\\/productos\\\/mesa-auxiliar-toigne\\\/\"]}]},{\"@type\":\"ImageObject\",\"inLanguage\":\"fr-FR\",\"@id\":\"https:\\\/\\\/mueble4you.com\\\/fr\\\/productos\\\/mesa-auxiliar-toigne\\\/#primaryimage\",\"url\":\"https:\\\/\\\/mueble4you.com\\\/wp-content\\\/uploads\\\/2026\\\/02\\\/mesa-auxiliar-toigne-vical-34994-45085211.jpg\",\"contentUrl\":\"https:\\\/\\\/mueble4you.com\\\/wp-content\\\/uploads\\\/2026\\\/02\\\/mesa-auxiliar-toigne-vical-34994-45085211.jpg\",\"width\":1920,\"height\":1920},{\"@type\":\"BreadcrumbList\",\"@id\":\"https:\\\/\\\/mueble4you.com\\\/fr\\\/productos\\\/mesa-auxiliar-toigne\\\/#breadcrumb\",\"itemListElement\":[{\"@type\":\"ListItem\",\"position\":1,\"name\":\"Portada\",\"item\":\"https:\\\/\\\/mueble4you.com\\\/fr\\\/\"},{\"@type\":\"ListItem\",\"position\":2,\"name\":\"Productos\",\"item\":\"https:\\\/\\\/mueble4you.com\\\/productos\\\/\"},{\"@type\":\"ListItem\",\"position\":3,\"name\":\"TABLE D&#8217;APPOINT TOIGNE.\"}]},{\"@type\":\"WebSite\",\"@id\":\"https:\\\/\\\/mueble4you.com\\\/#website\",\"url\":\"https:\\\/\\\/mueble4you.com\\\/\",\"name\":\"mueble4you\",\"description\":\"Meubles \u00e0 Tenerife\",\"potentialAction\":[{\"@type\":\"SearchAction\",\"target\":{\"@type\":\"EntryPoint\",\"urlTemplate\":\"https:\\\/\\\/mueble4you.com\\\/?s={search_term_string}\"},\"query-input\":{\"@type\":\"PropertyValueSpecification\",\"valueRequired\":true,\"valueName\":\"search_term_string\"}}],\"inLanguage\":\"fr-FR\"}]}<\/script>\n<!-- \/ Yoast SEO plugin. -->","yoast_head_json":{"title":"TABLE D'APPOINT TOIGNE. | mueble4you","robots":{"index":"index","follow":"follow","max-snippet":"max-snippet:-1","max-image-preview":"max-image-preview:large","max-video-preview":"max-video-preview:-1"},"canonical":"https:\/\/mueble4you.com\/fr\/productos\/mesa-auxiliar-toigne\/","og_locale":"fr_FR","og_type":"article","og_title":"TABLE D'APPOINT TOIGNE. | mueble4you","og_description":"La table d&rsquo;appoint Toigne se distingue par sa finition vieillie qui met en valeur la texture du bois tropical. Son design contemporain et son caract\u00e8re organique en font un meuble polyvalent, id\u00e9al pour apporter une touche chaleureuse aux int\u00e9rieurs modernes. Largeur : 60 cm, Profondeur : 60 cm, Hauteur : 65 cm.","og_url":"https:\/\/mueble4you.com\/fr\/productos\/mesa-auxiliar-toigne\/","og_site_name":"mueble4you","article_modified_time":"2026-02-04T16:18:43+00:00","og_image":[{"width":1920,"height":1920,"url":"https:\/\/mueble4you.com\/wp-content\/uploads\/2026\/02\/mesa-auxiliar-toigne-vical-34994-45085211.jpg","type":"image\/jpeg"}],"twitter_card":"summary_large_image","schema":{"@context":"https:\/\/schema.org","@graph":[{"@type":"WebPage","@id":"https:\/\/mueble4you.com\/fr\/productos\/mesa-auxiliar-toigne\/","url":"https:\/\/mueble4you.com\/fr\/productos\/mesa-auxiliar-toigne\/","name":"TABLE D'APPOINT TOIGNE. | mueble4you","isPartOf":{"@id":"https:\/\/mueble4you.com\/#website"},"primaryImageOfPage":{"@id":"https:\/\/mueble4you.com\/fr\/productos\/mesa-auxiliar-toigne\/#primaryimage"},"image":{"@id":"https:\/\/mueble4you.com\/fr\/productos\/mesa-auxiliar-toigne\/#primaryimage"},"thumbnailUrl":"https:\/\/mueble4you.com\/wp-content\/uploads\/2026\/02\/mesa-auxiliar-toigne-vical-34994-45085211.jpg","datePublished":"2026-02-04T14:01:43+00:00","dateModified":"2026-02-04T16:18:43+00:00","breadcrumb":{"@id":"https:\/\/mueble4you.com\/fr\/productos\/mesa-auxiliar-toigne\/#breadcrumb"},"inLanguage":"fr-FR","potentialAction":[{"@type":"ReadAction","target":["https:\/\/mueble4you.com\/fr\/productos\/mesa-auxiliar-toigne\/"]}]},{"@type":"ImageObject","inLanguage":"fr-FR","@id":"https:\/\/mueble4you.com\/fr\/productos\/mesa-auxiliar-toigne\/#primaryimage","url":"https:\/\/mueble4you.com\/wp-content\/uploads\/2026\/02\/mesa-auxiliar-toigne-vical-34994-45085211.jpg","contentUrl":"https:\/\/mueble4you.com\/wp-content\/uploads\/2026\/02\/mesa-auxiliar-toigne-vical-34994-45085211.jpg","width":1920,"height":1920},{"@type":"BreadcrumbList","@id":"https:\/\/mueble4you.com\/fr\/productos\/mesa-auxiliar-toigne\/#breadcrumb","itemListElement":[{"@type":"ListItem","position":1,"name":"Portada","item":"https:\/\/mueble4you.com\/fr\/"},{"@type":"ListItem","position":2,"name":"Productos","item":"https:\/\/mueble4you.com\/productos\/"},{"@type":"ListItem","position":3,"name":"TABLE D&#8217;APPOINT TOIGNE."}]},{"@type":"WebSite","@id":"https:\/\/mueble4you.com\/#website","url":"https:\/\/mueble4you.com\/","name":"mueble4you","description":"Meubles \u00e0 Tenerife","potentialAction":[{"@type":"SearchAction","target":{"@type":"EntryPoint","urlTemplate":"https:\/\/mueble4you.com\/?s={search_term_string}"},"query-input":{"@type":"PropertyValueSpecification","valueRequired":true,"valueName":"search_term_string"}}],"inLanguage":"fr-FR"}]}},"_links":{"self":[{"href":"https:\/\/mueble4you.com\/fr\/wp-json\/wp\/v2\/product\/88688","targetHints":{"allow":["GET"]}}],"collection":[{"href":"https:\/\/mueble4you.com\/fr\/wp-json\/wp\/v2\/product"}],"about":[{"href":"https:\/\/mueble4you.com\/fr\/wp-json\/wp\/v2\/types\/product"}],"wp:featuredmedia":[{"embeddable":true,"href":"https:\/\/mueble4you.com\/fr\/wp-json\/wp\/v2\/media\/88690"}],"wp:attachment":[{"href":"https:\/\/mueble4you.com\/fr\/wp-json\/wp\/v2\/media?parent=88688"}],"wp:term":[{"taxonomy":"product_brand","embeddable":true,"href":"https:\/\/mueble4you.com\/fr\/wp-json\/wp\/v2\/product_brand?post=88688"},{"taxonomy":"product_cat","embeddable":true,"href":"https:\/\/mueble4you.com\/fr\/wp-json\/wp\/v2\/product_cat?post=88688"},{"taxonomy":"product_tag","embeddable":true,"href":"https:\/\/mueble4you.com\/fr\/wp-json\/wp\/v2\/product_tag?post=88688"}],"curies":[{"name":"wp","href":"https:\/\/api.w.org\/{rel}","templated":true}]}}