{"id":88674,"date":"2026-02-03T18:54:42","date_gmt":"2026-02-03T18:54:42","guid":{"rendered":"https:\/\/mueble4you.com\/productos\/estanteria-esquinera-nara-negro\/"},"modified":"2026-02-13T16:34:48","modified_gmt":"2026-02-13T16:34:48","slug":"estanteria-esquinera-nara-negro","status":"publish","type":"product","link":"https:\/\/mueble4you.com\/fr\/productos\/estanteria-esquinera-nara-negro\/","title":{"rendered":"\u00c9tag\u00e8re d&rsquo;angle Nara Noire."},"content":{"rendered":"<ul>\n<li>L&rsquo;\u00e9tag\u00e8re d&rsquo;angle Nara Noire associe le bois de manguier et le marbre dans un design minimaliste et intemporel.<\/li>\n<li>Ses trois \u00e9tag\u00e8res et ses modules ind\u00e9pendants offrent \u00e0 la fois fonctionnalit\u00e9 et style.<\/li>\n<li>210 cm x 120 cm x 40 cm.<\/li>\n<li>Couleur : Noir.<\/li>\n<li>Mat\u00e9riaux : Bois de manguier, Marbre.<\/li>\n<li>Style : Nordique, Moderne.<\/li>\n<li>L&rsquo;\u00e9tag\u00e8re d&rsquo;angle Nara Noire se distingue par son design \u00e9pur\u00e9 et minimaliste.<\/li>\n<li>Fabriqu\u00e9e artisanalement en bois de manguier et en marbre, cette pi\u00e8ce allie \u00e9l\u00e9gance et chaleur, respectant la beaut\u00e9 naturelle des mat\u00e9riaux.+<\/li>\n<li>Ses trois \u00e9tag\u00e8res et ses modules ind\u00e9pendants permettent des configurations vari\u00e9es, s&rsquo;adaptant \u00e0 diff\u00e9rents espaces et styles.<\/li>\n<li>Chaque \u00e9tag\u00e8re est unique, avec des variations de teinte, de taille et de petites imperfections telles que des n\u0153uds ou des fissures qui soulignent son caract\u00e8re artisanal.<\/li>\n<li>Sa structure verticale et ses proportions g\u00e9om\u00e9triques cr\u00e9ent un rythme visuel qui dynamise l&rsquo;espace sans nuire \u00e0 l&rsquo;harmonie.<\/li>\n<li>Id\u00e9ale pour ranger livres, objets d\u00e9coratifs ou articles du quotidien, Nara int\u00e8gre harmonieusement fonctionnalit\u00e9 et esth\u00e9tique.<\/li>\n<li>Pour son entretien, il est recommand\u00e9 de nettoyer le marbre imm\u00e9diatement apr\u00e8s les \u00e9claboussures et le bois avec un chiffon humide, en s\u00e9chant soigneusement, et d&rsquo;ajouter du vinaigre aux surfaces vernies pour conserver leur \u00e9clat d&rsquo;origine.<\/li>\n<\/ul>\n","protected":false},"excerpt":{"rendered":"<p>L&rsquo;\u00e9tag\u00e8re d&rsquo;angle Nara Noire associe le bois de manguier et le marbre dans un design minimaliste et intemporel. Ses trois \u00e9tag\u00e8res et ses modules ind\u00e9pendants offrent \u00e0 la fois fonctionnalit\u00e9 et style. 210 cm x 120 cm x 40 cm. Couleur : Noir. Mat\u00e9riaux : Bois de manguier, Marbre. Style : Nordique, Moderne. L&rsquo;\u00e9tag\u00e8re d&rsquo;angle [&#8230;]\n","protected":false},"featured_media":88675,"template":"","meta":[],"product_brand":[],"product_cat":[528,204],"product_tag":[],"class_list":{"0":"post-88674","1":"product","2":"type-product","3":"status-publish","4":"has-post-thumbnail","6":"product_cat-etageres","7":"product_cat-salon","9":"first","10":"instock","11":"shipping-taxable","12":"product-type-simple"},"yoast_head":"<!-- This site is optimized with the Yoast SEO plugin v27.2 - https:\/\/yoast.com\/product\/yoast-seo-wordpress\/ -->\n<title>\u00c9tag\u00e8re d&#039;angle Nara Noire. | mueble4you<\/title>\n<meta name=\"robots\" content=\"index, follow, max-snippet:-1, max-image-preview:large, max-video-preview:-1\" \/>\n<link rel=\"canonical\" href=\"https:\/\/mueble4you.com\/fr\/productos\/estanteria-esquinera-nara-negro\/\" \/>\n<meta property=\"og:locale\" content=\"fr_FR\" \/>\n<meta property=\"og:type\" content=\"article\" \/>\n<meta property=\"og:title\" content=\"\u00c9tag\u00e8re d&#039;angle Nara Noire. | mueble4you\" \/>\n<meta property=\"og:description\" content=\"L&rsquo;\u00e9tag\u00e8re d&rsquo;angle Nara Noire associe le bois de manguier et le marbre dans un design minimaliste et intemporel. Ses trois \u00e9tag\u00e8res et ses modules ind\u00e9pendants offrent \u00e0 la fois fonctionnalit\u00e9 et style. 210 cm x 120 cm x 40 cm. Couleur : Noir. Mat\u00e9riaux : Bois de manguier, Marbre. Style : Nordique, Moderne. L&rsquo;\u00e9tag\u00e8re d&rsquo;angle [...]\" \/>\n<meta property=\"og:url\" content=\"https:\/\/mueble4you.com\/fr\/productos\/estanteria-esquinera-nara-negro\/\" \/>\n<meta property=\"og:site_name\" content=\"mueble4you\" \/>\n<meta property=\"article:modified_time\" content=\"2026-02-13T16:34:48+00:00\" \/>\n<meta property=\"og:image\" content=\"https:\/\/mueble4you.com\/wp-content\/uploads\/2026\/02\/34850-02.jpg\" \/>\n\t<meta property=\"og:image:width\" content=\"1200\" \/>\n\t<meta property=\"og:image:height\" content=\"1200\" \/>\n\t<meta property=\"og:image:type\" content=\"image\/jpeg\" \/>\n<meta name=\"twitter:card\" content=\"summary_large_image\" \/>\n<meta name=\"twitter:label1\" content=\"Dur\u00e9e de lecture estim\u00e9e\" \/>\n\t<meta name=\"twitter:data1\" content=\"1 minute\" \/>\n<script type=\"application\/ld+json\" class=\"yoast-schema-graph\">{\"@context\":\"https:\/\/schema.org\",\"@graph\":[{\"@type\":\"WebPage\",\"@id\":\"https:\/\/mueble4you.com\/fr\/productos\/estanteria-esquinera-nara-negro\/\",\"url\":\"https:\/\/mueble4you.com\/fr\/productos\/estanteria-esquinera-nara-negro\/\",\"name\":\"\u00c9tag\u00e8re d'angle Nara Noire. | mueble4you\",\"isPartOf\":{\"@id\":\"https:\/\/mueble4you.com\/#website\"},\"primaryImageOfPage\":{\"@id\":\"https:\/\/mueble4you.com\/fr\/productos\/estanteria-esquinera-nara-negro\/#primaryimage\"},\"image\":{\"@id\":\"https:\/\/mueble4you.com\/fr\/productos\/estanteria-esquinera-nara-negro\/#primaryimage\"},\"thumbnailUrl\":\"https:\/\/mueble4you.com\/wp-content\/uploads\/2026\/02\/34850-02.jpg\",\"datePublished\":\"2026-02-03T18:54:42+00:00\",\"dateModified\":\"2026-02-13T16:34:48+00:00\",\"breadcrumb\":{\"@id\":\"https:\/\/mueble4you.com\/fr\/productos\/estanteria-esquinera-nara-negro\/#breadcrumb\"},\"inLanguage\":\"fr-FR\",\"potentialAction\":[{\"@type\":\"ReadAction\",\"target\":[\"https:\/\/mueble4you.com\/fr\/productos\/estanteria-esquinera-nara-negro\/\"]}]},{\"@type\":\"ImageObject\",\"inLanguage\":\"fr-FR\",\"@id\":\"https:\/\/mueble4you.com\/fr\/productos\/estanteria-esquinera-nara-negro\/#primaryimage\",\"url\":\"https:\/\/mueble4you.com\/wp-content\/uploads\/2026\/02\/34850-02.jpg\",\"contentUrl\":\"https:\/\/mueble4you.com\/wp-content\/uploads\/2026\/02\/34850-02.jpg\",\"width\":1200,\"height\":1200},{\"@type\":\"BreadcrumbList\",\"@id\":\"https:\/\/mueble4you.com\/fr\/productos\/estanteria-esquinera-nara-negro\/#breadcrumb\",\"itemListElement\":[{\"@type\":\"ListItem\",\"position\":1,\"name\":\"Portada\",\"item\":\"https:\/\/mueble4you.com\/fr\/\"},{\"@type\":\"ListItem\",\"position\":2,\"name\":\"Productos\",\"item\":\"https:\/\/mueble4you.com\/productos\/\"},{\"@type\":\"ListItem\",\"position\":3,\"name\":\"\u00c9tag\u00e8re d&#8217;angle Nara Noire.\"}]},{\"@type\":\"WebSite\",\"@id\":\"https:\/\/mueble4you.com\/#website\",\"url\":\"https:\/\/mueble4you.com\/\",\"name\":\"mueble4you\",\"description\":\"Meubles \u00e0 Tenerife\",\"potentialAction\":[{\"@type\":\"SearchAction\",\"target\":{\"@type\":\"EntryPoint\",\"urlTemplate\":\"https:\/\/mueble4you.com\/?s={search_term_string}\"},\"query-input\":{\"@type\":\"PropertyValueSpecification\",\"valueRequired\":true,\"valueName\":\"search_term_string\"}}],\"inLanguage\":\"fr-FR\"}]}<\/script>\n<!-- \/ Yoast SEO plugin. -->","yoast_head_json":{"title":"\u00c9tag\u00e8re d'angle Nara Noire. | mueble4you","robots":{"index":"index","follow":"follow","max-snippet":"max-snippet:-1","max-image-preview":"max-image-preview:large","max-video-preview":"max-video-preview:-1"},"canonical":"https:\/\/mueble4you.com\/fr\/productos\/estanteria-esquinera-nara-negro\/","og_locale":"fr_FR","og_type":"article","og_title":"\u00c9tag\u00e8re d'angle Nara Noire. | mueble4you","og_description":"L&rsquo;\u00e9tag\u00e8re d&rsquo;angle Nara Noire associe le bois de manguier et le marbre dans un design minimaliste et intemporel. Ses trois \u00e9tag\u00e8res et ses modules ind\u00e9pendants offrent \u00e0 la fois fonctionnalit\u00e9 et style. 210 cm x 120 cm x 40 cm. Couleur : Noir. Mat\u00e9riaux : Bois de manguier, Marbre. Style : Nordique, Moderne. L&rsquo;\u00e9tag\u00e8re d&rsquo;angle [...]","og_url":"https:\/\/mueble4you.com\/fr\/productos\/estanteria-esquinera-nara-negro\/","og_site_name":"mueble4you","article_modified_time":"2026-02-13T16:34:48+00:00","og_image":[{"width":1200,"height":1200,"url":"https:\/\/mueble4you.com\/wp-content\/uploads\/2026\/02\/34850-02.jpg","type":"image\/jpeg"}],"twitter_card":"summary_large_image","twitter_misc":{"Dur\u00e9e de lecture estim\u00e9e":"1 minute"},"schema":{"@context":"https:\/\/schema.org","@graph":[{"@type":"WebPage","@id":"https:\/\/mueble4you.com\/fr\/productos\/estanteria-esquinera-nara-negro\/","url":"https:\/\/mueble4you.com\/fr\/productos\/estanteria-esquinera-nara-negro\/","name":"\u00c9tag\u00e8re d'angle Nara Noire. | mueble4you","isPartOf":{"@id":"https:\/\/mueble4you.com\/#website"},"primaryImageOfPage":{"@id":"https:\/\/mueble4you.com\/fr\/productos\/estanteria-esquinera-nara-negro\/#primaryimage"},"image":{"@id":"https:\/\/mueble4you.com\/fr\/productos\/estanteria-esquinera-nara-negro\/#primaryimage"},"thumbnailUrl":"https:\/\/mueble4you.com\/wp-content\/uploads\/2026\/02\/34850-02.jpg","datePublished":"2026-02-03T18:54:42+00:00","dateModified":"2026-02-13T16:34:48+00:00","breadcrumb":{"@id":"https:\/\/mueble4you.com\/fr\/productos\/estanteria-esquinera-nara-negro\/#breadcrumb"},"inLanguage":"fr-FR","potentialAction":[{"@type":"ReadAction","target":["https:\/\/mueble4you.com\/fr\/productos\/estanteria-esquinera-nara-negro\/"]}]},{"@type":"ImageObject","inLanguage":"fr-FR","@id":"https:\/\/mueble4you.com\/fr\/productos\/estanteria-esquinera-nara-negro\/#primaryimage","url":"https:\/\/mueble4you.com\/wp-content\/uploads\/2026\/02\/34850-02.jpg","contentUrl":"https:\/\/mueble4you.com\/wp-content\/uploads\/2026\/02\/34850-02.jpg","width":1200,"height":1200},{"@type":"BreadcrumbList","@id":"https:\/\/mueble4you.com\/fr\/productos\/estanteria-esquinera-nara-negro\/#breadcrumb","itemListElement":[{"@type":"ListItem","position":1,"name":"Portada","item":"https:\/\/mueble4you.com\/fr\/"},{"@type":"ListItem","position":2,"name":"Productos","item":"https:\/\/mueble4you.com\/productos\/"},{"@type":"ListItem","position":3,"name":"\u00c9tag\u00e8re d&#8217;angle Nara Noire."}]},{"@type":"WebSite","@id":"https:\/\/mueble4you.com\/#website","url":"https:\/\/mueble4you.com\/","name":"mueble4you","description":"Meubles \u00e0 Tenerife","potentialAction":[{"@type":"SearchAction","target":{"@type":"EntryPoint","urlTemplate":"https:\/\/mueble4you.com\/?s={search_term_string}"},"query-input":{"@type":"PropertyValueSpecification","valueRequired":true,"valueName":"search_term_string"}}],"inLanguage":"fr-FR"}]}},"_links":{"self":[{"href":"https:\/\/mueble4you.com\/fr\/wp-json\/wp\/v2\/product\/88674","targetHints":{"allow":["GET"]}}],"collection":[{"href":"https:\/\/mueble4you.com\/fr\/wp-json\/wp\/v2\/product"}],"about":[{"href":"https:\/\/mueble4you.com\/fr\/wp-json\/wp\/v2\/types\/product"}],"wp:featuredmedia":[{"embeddable":true,"href":"https:\/\/mueble4you.com\/fr\/wp-json\/wp\/v2\/media\/88675"}],"wp:attachment":[{"href":"https:\/\/mueble4you.com\/fr\/wp-json\/wp\/v2\/media?parent=88674"}],"wp:term":[{"taxonomy":"product_brand","embeddable":true,"href":"https:\/\/mueble4you.com\/fr\/wp-json\/wp\/v2\/product_brand?post=88674"},{"taxonomy":"product_cat","embeddable":true,"href":"https:\/\/mueble4you.com\/fr\/wp-json\/wp\/v2\/product_cat?post=88674"},{"taxonomy":"product_tag","embeddable":true,"href":"https:\/\/mueble4you.com\/fr\/wp-json\/wp\/v2\/product_tag?post=88674"}],"curies":[{"name":"wp","href":"https:\/\/api.w.org\/{rel}","templated":true}]}}