{"id":88661,"date":"2026-02-03T15:37:19","date_gmt":"2026-02-03T15:37:19","guid":{"rendered":"https:\/\/mueble4you.com\/productos\/aparador-svanhild-260x45x86cm\/"},"modified":"2026-02-06T18:42:37","modified_gmt":"2026-02-06T18:42:37","slug":"aparador-svanhild-260x45x86cm","status":"publish","type":"product","link":"https:\/\/mueble4you.com\/fr\/productos\/aparador-svanhild-260x45x86cm\/","title":{"rendered":"BUFFET SVANHILD 260X45X86CM."},"content":{"rendered":"<ul>\n<li id=\"tw-target-text\" class=\"tw-data-text tw-text-large tw-ta\" dir=\"ltr\" tabindex=\"-1\" role=\"text\" data-placeholder=\"Traducci\u00f3n\" data-ved=\"2ahUKEwj3k8_GwcWSAxV-AfsDHTo2GhkQ3ewLegQIDBAW\" aria-label=\"Texto traducido: BUFFET SVANHILD 260X45X86CM.\nL'\u00e9lectrom\u00e9nager Svanhild, fabriqu\u00e9 en bois de pin recycl\u00e9, se distingue par sa finition brune et son esth\u00e9tique coloniale.\nChaque grain raconte une histoire, ce qui en fait une pi\u00e8ce pleine d'\u00e2me.\nIl est pr\u00e9sent\u00e9 comme un t\u00e9moignage d'authenticit\u00e9 et de fonctionnalit\u00e9.\nLargeur : 260 cm, Profondeur : 45 cm, Hauteur : 85 cm.\"><span class=\"Y2IQFc\" lang=\"fr\">L&rsquo;\u00e9lectrom\u00e9nager Svanhild, fabriqu\u00e9 en bois de pin recycl\u00e9, se distingue par sa finition brune et son esth\u00e9tique coloniale.<\/span><\/li>\n<li class=\"tw-data-text tw-text-large tw-ta\" dir=\"ltr\" tabindex=\"-1\" role=\"text\" data-placeholder=\"Traducci\u00f3n\" data-ved=\"2ahUKEwj3k8_GwcWSAxV-AfsDHTo2GhkQ3ewLegQIDBAW\" aria-label=\"Texto traducido: BUFFET SVANHILD 260X45X86CM.\nL'\u00e9lectrom\u00e9nager Svanhild, fabriqu\u00e9 en bois de pin recycl\u00e9, se distingue par sa finition brune et son esth\u00e9tique coloniale.\nChaque grain raconte une histoire, ce qui en fait une pi\u00e8ce pleine d'\u00e2me.\nIl est pr\u00e9sent\u00e9 comme un t\u00e9moignage d'authenticit\u00e9 et de fonctionnalit\u00e9.\nLargeur : 260 cm, Profondeur : 45 cm, Hauteur : 85 cm.\"><span class=\"Y2IQFc\" lang=\"fr\">Chaque grain raconte une histoire, ce qui en fait une pi\u00e8ce pleine d&rsquo;\u00e2me. <\/span><\/li>\n<li class=\"tw-data-text tw-text-large tw-ta\" dir=\"ltr\" tabindex=\"-1\" role=\"text\" data-placeholder=\"Traducci\u00f3n\" data-ved=\"2ahUKEwj3k8_GwcWSAxV-AfsDHTo2GhkQ3ewLegQIDBAW\" aria-label=\"Texto traducido: BUFFET SVANHILD 260X45X86CM.\nL'\u00e9lectrom\u00e9nager Svanhild, fabriqu\u00e9 en bois de pin recycl\u00e9, se distingue par sa finition brune et son esth\u00e9tique coloniale.\nChaque grain raconte une histoire, ce qui en fait une pi\u00e8ce pleine d'\u00e2me.\nIl est pr\u00e9sent\u00e9 comme un t\u00e9moignage d'authenticit\u00e9 et de fonctionnalit\u00e9.\nLargeur : 260 cm, Profondeur : 45 cm, Hauteur : 85 cm.\"><span class=\"Y2IQFc\" lang=\"fr\">Il est pr\u00e9sent\u00e9 comme un t\u00e9moignage d&rsquo;authenticit\u00e9 et de fonctionnalit\u00e9.<\/span><\/li>\n<li class=\"tw-data-text tw-text-large tw-ta\" dir=\"ltr\" tabindex=\"-1\" role=\"text\" data-placeholder=\"Traducci\u00f3n\" data-ved=\"2ahUKEwj3k8_GwcWSAxV-AfsDHTo2GhkQ3ewLegQIDBAW\" aria-label=\"Texto traducido: BUFFET SVANHILD 260X45X86CM.\nL'\u00e9lectrom\u00e9nager Svanhild, fabriqu\u00e9 en bois de pin recycl\u00e9, se distingue par sa finition brune et son esth\u00e9tique coloniale.\nChaque grain raconte une histoire, ce qui en fait une pi\u00e8ce pleine d'\u00e2me.\nIl est pr\u00e9sent\u00e9 comme un t\u00e9moignage d'authenticit\u00e9 et de fonctionnalit\u00e9.\nLargeur : 260 cm, Profondeur : 45 cm, Hauteur : 85 cm.\"><span class=\"Y2IQFc\" lang=\"fr\">Largeur : 260 cm, Profondeur : 45 cm, Hauteur : 85 cm.<\/span><\/li>\n<\/ul>\n","protected":false},"excerpt":{"rendered":"<p>L&rsquo;\u00e9lectrom\u00e9nager Svanhild, fabriqu\u00e9 en bois de pin recycl\u00e9, se distingue par sa finition brune et son esth\u00e9tique coloniale. Chaque grain raconte une histoire, ce qui en fait une pi\u00e8ce pleine d&rsquo;\u00e2me. Il est pr\u00e9sent\u00e9 comme un t\u00e9moignage d&rsquo;authenticit\u00e9 et de fonctionnalit\u00e9. Largeur : 260 cm, Profondeur : 45 cm, Hauteur : 85 cm.<\/p>\n","protected":false},"featured_media":88662,"template":"","meta":[],"product_brand":[],"product_cat":[499,204],"product_tag":[],"class_list":{"0":"post-88661","1":"product","2":"type-product","3":"status-publish","4":"has-post-thumbnail","6":"product_cat-buffets","7":"product_cat-salon","9":"first","10":"instock","11":"shipping-taxable","12":"product-type-simple"},"yoast_head":"<!-- This site is optimized with the Yoast SEO plugin v27.2 - https:\/\/yoast.com\/product\/yoast-seo-wordpress\/ -->\n<title>BUFFET SVANHILD 260X45X86CM. | mueble4you<\/title>\n<meta name=\"robots\" content=\"index, follow, max-snippet:-1, max-image-preview:large, max-video-preview:-1\" \/>\n<link rel=\"canonical\" href=\"https:\/\/mueble4you.com\/fr\/productos\/aparador-svanhild-260x45x86cm\/\" \/>\n<meta property=\"og:locale\" content=\"fr_FR\" \/>\n<meta property=\"og:type\" content=\"article\" \/>\n<meta property=\"og:title\" content=\"BUFFET SVANHILD 260X45X86CM. | mueble4you\" \/>\n<meta property=\"og:description\" content=\"L&rsquo;\u00e9lectrom\u00e9nager Svanhild, fabriqu\u00e9 en bois de pin recycl\u00e9, se distingue par sa finition brune et son esth\u00e9tique coloniale. Chaque grain raconte une histoire, ce qui en fait une pi\u00e8ce pleine d&rsquo;\u00e2me. Il est pr\u00e9sent\u00e9 comme un t\u00e9moignage d&rsquo;authenticit\u00e9 et de fonctionnalit\u00e9. Largeur : 260 cm, Profondeur : 45 cm, Hauteur : 85 cm.\" \/>\n<meta property=\"og:url\" content=\"https:\/\/mueble4you.com\/fr\/productos\/aparador-svanhild-260x45x86cm\/\" \/>\n<meta property=\"og:site_name\" content=\"mueble4you\" \/>\n<meta property=\"article:modified_time\" content=\"2026-02-06T18:42:37+00:00\" \/>\n<meta property=\"og:image\" content=\"https:\/\/mueble4you.com\/wp-content\/uploads\/2026\/02\/aparador-svanhild.jpg\" \/>\n\t<meta property=\"og:image:width\" content=\"1600\" \/>\n\t<meta property=\"og:image:height\" content=\"1600\" \/>\n\t<meta property=\"og:image:type\" content=\"image\/jpeg\" \/>\n<meta name=\"twitter:card\" content=\"summary_large_image\" \/>\n<script type=\"application\/ld+json\" class=\"yoast-schema-graph\">{\"@context\":\"https:\/\/schema.org\",\"@graph\":[{\"@type\":\"WebPage\",\"@id\":\"https:\/\/mueble4you.com\/fr\/productos\/aparador-svanhild-260x45x86cm\/\",\"url\":\"https:\/\/mueble4you.com\/fr\/productos\/aparador-svanhild-260x45x86cm\/\",\"name\":\"BUFFET SVANHILD 260X45X86CM. | mueble4you\",\"isPartOf\":{\"@id\":\"https:\/\/mueble4you.com\/#website\"},\"primaryImageOfPage\":{\"@id\":\"https:\/\/mueble4you.com\/fr\/productos\/aparador-svanhild-260x45x86cm\/#primaryimage\"},\"image\":{\"@id\":\"https:\/\/mueble4you.com\/fr\/productos\/aparador-svanhild-260x45x86cm\/#primaryimage\"},\"thumbnailUrl\":\"https:\/\/mueble4you.com\/wp-content\/uploads\/2026\/02\/aparador-svanhild.jpg\",\"datePublished\":\"2026-02-03T15:37:19+00:00\",\"dateModified\":\"2026-02-06T18:42:37+00:00\",\"breadcrumb\":{\"@id\":\"https:\/\/mueble4you.com\/fr\/productos\/aparador-svanhild-260x45x86cm\/#breadcrumb\"},\"inLanguage\":\"fr-FR\",\"potentialAction\":[{\"@type\":\"ReadAction\",\"target\":[\"https:\/\/mueble4you.com\/fr\/productos\/aparador-svanhild-260x45x86cm\/\"]}]},{\"@type\":\"ImageObject\",\"inLanguage\":\"fr-FR\",\"@id\":\"https:\/\/mueble4you.com\/fr\/productos\/aparador-svanhild-260x45x86cm\/#primaryimage\",\"url\":\"https:\/\/mueble4you.com\/wp-content\/uploads\/2026\/02\/aparador-svanhild.jpg\",\"contentUrl\":\"https:\/\/mueble4you.com\/wp-content\/uploads\/2026\/02\/aparador-svanhild.jpg\",\"width\":1600,\"height\":1600},{\"@type\":\"BreadcrumbList\",\"@id\":\"https:\/\/mueble4you.com\/fr\/productos\/aparador-svanhild-260x45x86cm\/#breadcrumb\",\"itemListElement\":[{\"@type\":\"ListItem\",\"position\":1,\"name\":\"Portada\",\"item\":\"https:\/\/mueble4you.com\/fr\/\"},{\"@type\":\"ListItem\",\"position\":2,\"name\":\"Productos\",\"item\":\"https:\/\/mueble4you.com\/productos\/\"},{\"@type\":\"ListItem\",\"position\":3,\"name\":\"BUFFET SVANHILD 260X45X86CM.\"}]},{\"@type\":\"WebSite\",\"@id\":\"https:\/\/mueble4you.com\/#website\",\"url\":\"https:\/\/mueble4you.com\/\",\"name\":\"mueble4you\",\"description\":\"Meubles \u00e0 Tenerife\",\"potentialAction\":[{\"@type\":\"SearchAction\",\"target\":{\"@type\":\"EntryPoint\",\"urlTemplate\":\"https:\/\/mueble4you.com\/?s={search_term_string}\"},\"query-input\":{\"@type\":\"PropertyValueSpecification\",\"valueRequired\":true,\"valueName\":\"search_term_string\"}}],\"inLanguage\":\"fr-FR\"}]}<\/script>\n<!-- \/ Yoast SEO plugin. -->","yoast_head_json":{"title":"BUFFET SVANHILD 260X45X86CM. | mueble4you","robots":{"index":"index","follow":"follow","max-snippet":"max-snippet:-1","max-image-preview":"max-image-preview:large","max-video-preview":"max-video-preview:-1"},"canonical":"https:\/\/mueble4you.com\/fr\/productos\/aparador-svanhild-260x45x86cm\/","og_locale":"fr_FR","og_type":"article","og_title":"BUFFET SVANHILD 260X45X86CM. | mueble4you","og_description":"L&rsquo;\u00e9lectrom\u00e9nager Svanhild, fabriqu\u00e9 en bois de pin recycl\u00e9, se distingue par sa finition brune et son esth\u00e9tique coloniale. Chaque grain raconte une histoire, ce qui en fait une pi\u00e8ce pleine d&rsquo;\u00e2me. Il est pr\u00e9sent\u00e9 comme un t\u00e9moignage d&rsquo;authenticit\u00e9 et de fonctionnalit\u00e9. Largeur : 260 cm, Profondeur : 45 cm, Hauteur : 85 cm.","og_url":"https:\/\/mueble4you.com\/fr\/productos\/aparador-svanhild-260x45x86cm\/","og_site_name":"mueble4you","article_modified_time":"2026-02-06T18:42:37+00:00","og_image":[{"width":1600,"height":1600,"url":"https:\/\/mueble4you.com\/wp-content\/uploads\/2026\/02\/aparador-svanhild.jpg","type":"image\/jpeg"}],"twitter_card":"summary_large_image","schema":{"@context":"https:\/\/schema.org","@graph":[{"@type":"WebPage","@id":"https:\/\/mueble4you.com\/fr\/productos\/aparador-svanhild-260x45x86cm\/","url":"https:\/\/mueble4you.com\/fr\/productos\/aparador-svanhild-260x45x86cm\/","name":"BUFFET SVANHILD 260X45X86CM. | mueble4you","isPartOf":{"@id":"https:\/\/mueble4you.com\/#website"},"primaryImageOfPage":{"@id":"https:\/\/mueble4you.com\/fr\/productos\/aparador-svanhild-260x45x86cm\/#primaryimage"},"image":{"@id":"https:\/\/mueble4you.com\/fr\/productos\/aparador-svanhild-260x45x86cm\/#primaryimage"},"thumbnailUrl":"https:\/\/mueble4you.com\/wp-content\/uploads\/2026\/02\/aparador-svanhild.jpg","datePublished":"2026-02-03T15:37:19+00:00","dateModified":"2026-02-06T18:42:37+00:00","breadcrumb":{"@id":"https:\/\/mueble4you.com\/fr\/productos\/aparador-svanhild-260x45x86cm\/#breadcrumb"},"inLanguage":"fr-FR","potentialAction":[{"@type":"ReadAction","target":["https:\/\/mueble4you.com\/fr\/productos\/aparador-svanhild-260x45x86cm\/"]}]},{"@type":"ImageObject","inLanguage":"fr-FR","@id":"https:\/\/mueble4you.com\/fr\/productos\/aparador-svanhild-260x45x86cm\/#primaryimage","url":"https:\/\/mueble4you.com\/wp-content\/uploads\/2026\/02\/aparador-svanhild.jpg","contentUrl":"https:\/\/mueble4you.com\/wp-content\/uploads\/2026\/02\/aparador-svanhild.jpg","width":1600,"height":1600},{"@type":"BreadcrumbList","@id":"https:\/\/mueble4you.com\/fr\/productos\/aparador-svanhild-260x45x86cm\/#breadcrumb","itemListElement":[{"@type":"ListItem","position":1,"name":"Portada","item":"https:\/\/mueble4you.com\/fr\/"},{"@type":"ListItem","position":2,"name":"Productos","item":"https:\/\/mueble4you.com\/productos\/"},{"@type":"ListItem","position":3,"name":"BUFFET SVANHILD 260X45X86CM."}]},{"@type":"WebSite","@id":"https:\/\/mueble4you.com\/#website","url":"https:\/\/mueble4you.com\/","name":"mueble4you","description":"Meubles \u00e0 Tenerife","potentialAction":[{"@type":"SearchAction","target":{"@type":"EntryPoint","urlTemplate":"https:\/\/mueble4you.com\/?s={search_term_string}"},"query-input":{"@type":"PropertyValueSpecification","valueRequired":true,"valueName":"search_term_string"}}],"inLanguage":"fr-FR"}]}},"_links":{"self":[{"href":"https:\/\/mueble4you.com\/fr\/wp-json\/wp\/v2\/product\/88661","targetHints":{"allow":["GET"]}}],"collection":[{"href":"https:\/\/mueble4you.com\/fr\/wp-json\/wp\/v2\/product"}],"about":[{"href":"https:\/\/mueble4you.com\/fr\/wp-json\/wp\/v2\/types\/product"}],"wp:featuredmedia":[{"embeddable":true,"href":"https:\/\/mueble4you.com\/fr\/wp-json\/wp\/v2\/media\/88662"}],"wp:attachment":[{"href":"https:\/\/mueble4you.com\/fr\/wp-json\/wp\/v2\/media?parent=88661"}],"wp:term":[{"taxonomy":"product_brand","embeddable":true,"href":"https:\/\/mueble4you.com\/fr\/wp-json\/wp\/v2\/product_brand?post=88661"},{"taxonomy":"product_cat","embeddable":true,"href":"https:\/\/mueble4you.com\/fr\/wp-json\/wp\/v2\/product_cat?post=88661"},{"taxonomy":"product_tag","embeddable":true,"href":"https:\/\/mueble4you.com\/fr\/wp-json\/wp\/v2\/product_tag?post=88661"}],"curies":[{"name":"wp","href":"https:\/\/api.w.org\/{rel}","templated":true}]}}