{"id":88647,"date":"2026-02-03T15:26:31","date_gmt":"2026-02-03T15:26:31","guid":{"rendered":"https:\/\/mueble4you.com\/productos\/mesa-auxiliar-cheb-madera-de-pino-50x50x52-estilo-art-deco\/"},"modified":"2026-02-11T11:24:41","modified_gmt":"2026-02-11T11:24:41","slug":"mesa-auxiliar-cheb-madera-de-pino-50x50x52-estilo-art-deco","status":"publish","type":"product","link":"https:\/\/mueble4you.com\/fr\/productos\/mesa-auxiliar-cheb-madera-de-pino-50x50x52-estilo-art-deco\/","title":{"rendered":"Table d&rsquo;appoint en bois de pin Cheb 50x50x52 de style Art D\u00e9co."},"content":{"rendered":"<pre id=\"tw-target-text\" class=\"tw-data-text tw-text-large tw-ta\" dir=\"ltr\" tabindex=\"-1\" role=\"text\" data-placeholder=\"Traducci\u00f3n\" aria-label=\"Texto traducido: Table d'appoint en bois de pin Cheb 50x50x52 de style Art D\u00e9co.\r\nLa table d'appoint Cheb associe bois de pin, acier dor\u00e9 et contreplaqu\u00e9 dans une pi\u00e8ce art d\u00e9co aux contrastes \u00e9quilibr\u00e9s.\" data-ved=\"2ahUKEwiux5X7qNGSAxVuNPsDHZnsCHYQ3ewLegQIEBAW\"><span class=\"Y2IQFc\" lang=\"fr\">La table d'appoint Cheb associe bois de pin, acier dor\u00e9 et contreplaqu\u00e9 dans une pi\u00e8ce art d\u00e9co aux contrastes \u00e9quilibr\u00e9s.<\/span><\/pre>\n<p>&nbsp;<\/p>\n","protected":false},"excerpt":{"rendered":"<p>La table d&rsquo;appoint Cheb associe bois de pin, acier dor\u00e9 et contreplaqu\u00e9 dans une pi\u00e8ce art d\u00e9co aux contrastes \u00e9quilibr\u00e9s. &nbsp;<\/p>\n","protected":false},"featured_media":88648,"template":"","meta":[],"product_brand":[],"product_cat":[204,459],"product_tag":[],"class_list":{"0":"post-88647","1":"product","2":"type-product","3":"status-publish","4":"has-post-thumbnail","6":"product_cat-salon","7":"product_cat-table-dangle-ou-dappoint","9":"first","10":"instock","11":"shipping-taxable","12":"product-type-simple"},"yoast_head":"<!-- This site is optimized with the Yoast SEO plugin v27.2 - https:\/\/yoast.com\/product\/yoast-seo-wordpress\/ -->\n<title>Table d&#039;appoint en bois de pin Cheb 50x50x52 de style Art D\u00e9co. | mueble4you<\/title>\n<meta name=\"robots\" content=\"index, follow, max-snippet:-1, max-image-preview:large, max-video-preview:-1\" \/>\n<link rel=\"canonical\" href=\"https:\/\/mueble4you.com\/fr\/productos\/mesa-auxiliar-cheb-madera-de-pino-50x50x52-estilo-art-deco\/\" \/>\n<meta property=\"og:locale\" content=\"fr_FR\" \/>\n<meta property=\"og:type\" content=\"article\" \/>\n<meta property=\"og:title\" content=\"Table d&#039;appoint en bois de pin Cheb 50x50x52 de style Art D\u00e9co. | mueble4you\" \/>\n<meta property=\"og:description\" content=\"La table d&#039;appoint Cheb associe bois de pin, acier dor\u00e9 et contreplaqu\u00e9 dans une pi\u00e8ce art d\u00e9co aux contrastes \u00e9quilibr\u00e9s. &nbsp;\" \/>\n<meta property=\"og:url\" content=\"https:\/\/mueble4you.com\/fr\/productos\/mesa-auxiliar-cheb-madera-de-pino-50x50x52-estilo-art-deco\/\" \/>\n<meta property=\"og:site_name\" content=\"mueble4you\" \/>\n<meta property=\"article:modified_time\" content=\"2026-02-11T11:24:41+00:00\" \/>\n<meta property=\"og:image\" content=\"https:\/\/mueble4you.com\/wp-content\/uploads\/2026\/02\/shopping3.webp\" \/>\n\t<meta property=\"og:image:width\" content=\"900\" \/>\n\t<meta property=\"og:image:height\" content=\"771\" \/>\n\t<meta property=\"og:image:type\" content=\"image\/webp\" \/>\n<meta name=\"twitter:card\" content=\"summary_large_image\" \/>\n<script type=\"application\/ld+json\" class=\"yoast-schema-graph\">{\"@context\":\"https:\/\/schema.org\",\"@graph\":[{\"@type\":\"WebPage\",\"@id\":\"https:\/\/mueble4you.com\/fr\/productos\/mesa-auxiliar-cheb-madera-de-pino-50x50x52-estilo-art-deco\/\",\"url\":\"https:\/\/mueble4you.com\/fr\/productos\/mesa-auxiliar-cheb-madera-de-pino-50x50x52-estilo-art-deco\/\",\"name\":\"Table d'appoint en bois de pin Cheb 50x50x52 de style Art D\u00e9co. | mueble4you\",\"isPartOf\":{\"@id\":\"https:\/\/mueble4you.com\/#website\"},\"primaryImageOfPage\":{\"@id\":\"https:\/\/mueble4you.com\/fr\/productos\/mesa-auxiliar-cheb-madera-de-pino-50x50x52-estilo-art-deco\/#primaryimage\"},\"image\":{\"@id\":\"https:\/\/mueble4you.com\/fr\/productos\/mesa-auxiliar-cheb-madera-de-pino-50x50x52-estilo-art-deco\/#primaryimage\"},\"thumbnailUrl\":\"https:\/\/mueble4you.com\/wp-content\/uploads\/2026\/02\/shopping3.webp\",\"datePublished\":\"2026-02-03T15:26:31+00:00\",\"dateModified\":\"2026-02-11T11:24:41+00:00\",\"breadcrumb\":{\"@id\":\"https:\/\/mueble4you.com\/fr\/productos\/mesa-auxiliar-cheb-madera-de-pino-50x50x52-estilo-art-deco\/#breadcrumb\"},\"inLanguage\":\"fr-FR\",\"potentialAction\":[{\"@type\":\"ReadAction\",\"target\":[\"https:\/\/mueble4you.com\/fr\/productos\/mesa-auxiliar-cheb-madera-de-pino-50x50x52-estilo-art-deco\/\"]}]},{\"@type\":\"ImageObject\",\"inLanguage\":\"fr-FR\",\"@id\":\"https:\/\/mueble4you.com\/fr\/productos\/mesa-auxiliar-cheb-madera-de-pino-50x50x52-estilo-art-deco\/#primaryimage\",\"url\":\"https:\/\/mueble4you.com\/wp-content\/uploads\/2026\/02\/shopping3.webp\",\"contentUrl\":\"https:\/\/mueble4you.com\/wp-content\/uploads\/2026\/02\/shopping3.webp\",\"width\":900,\"height\":771},{\"@type\":\"BreadcrumbList\",\"@id\":\"https:\/\/mueble4you.com\/fr\/productos\/mesa-auxiliar-cheb-madera-de-pino-50x50x52-estilo-art-deco\/#breadcrumb\",\"itemListElement\":[{\"@type\":\"ListItem\",\"position\":1,\"name\":\"Portada\",\"item\":\"https:\/\/mueble4you.com\/fr\/\"},{\"@type\":\"ListItem\",\"position\":2,\"name\":\"Productos\",\"item\":\"https:\/\/mueble4you.com\/productos\/\"},{\"@type\":\"ListItem\",\"position\":3,\"name\":\"Table d&#8217;appoint en bois de pin Cheb 50x50x52 de style Art D\u00e9co.\"}]},{\"@type\":\"WebSite\",\"@id\":\"https:\/\/mueble4you.com\/#website\",\"url\":\"https:\/\/mueble4you.com\/\",\"name\":\"mueble4you\",\"description\":\"Meubles \u00e0 Tenerife\",\"potentialAction\":[{\"@type\":\"SearchAction\",\"target\":{\"@type\":\"EntryPoint\",\"urlTemplate\":\"https:\/\/mueble4you.com\/?s={search_term_string}\"},\"query-input\":{\"@type\":\"PropertyValueSpecification\",\"valueRequired\":true,\"valueName\":\"search_term_string\"}}],\"inLanguage\":\"fr-FR\"}]}<\/script>\n<!-- \/ Yoast SEO plugin. -->","yoast_head_json":{"title":"Table d'appoint en bois de pin Cheb 50x50x52 de style Art D\u00e9co. | mueble4you","robots":{"index":"index","follow":"follow","max-snippet":"max-snippet:-1","max-image-preview":"max-image-preview:large","max-video-preview":"max-video-preview:-1"},"canonical":"https:\/\/mueble4you.com\/fr\/productos\/mesa-auxiliar-cheb-madera-de-pino-50x50x52-estilo-art-deco\/","og_locale":"fr_FR","og_type":"article","og_title":"Table d'appoint en bois de pin Cheb 50x50x52 de style Art D\u00e9co. | mueble4you","og_description":"La table d'appoint Cheb associe bois de pin, acier dor\u00e9 et contreplaqu\u00e9 dans une pi\u00e8ce art d\u00e9co aux contrastes \u00e9quilibr\u00e9s. &nbsp;","og_url":"https:\/\/mueble4you.com\/fr\/productos\/mesa-auxiliar-cheb-madera-de-pino-50x50x52-estilo-art-deco\/","og_site_name":"mueble4you","article_modified_time":"2026-02-11T11:24:41+00:00","og_image":[{"width":900,"height":771,"url":"https:\/\/mueble4you.com\/wp-content\/uploads\/2026\/02\/shopping3.webp","type":"image\/webp"}],"twitter_card":"summary_large_image","schema":{"@context":"https:\/\/schema.org","@graph":[{"@type":"WebPage","@id":"https:\/\/mueble4you.com\/fr\/productos\/mesa-auxiliar-cheb-madera-de-pino-50x50x52-estilo-art-deco\/","url":"https:\/\/mueble4you.com\/fr\/productos\/mesa-auxiliar-cheb-madera-de-pino-50x50x52-estilo-art-deco\/","name":"Table d'appoint en bois de pin Cheb 50x50x52 de style Art D\u00e9co. | mueble4you","isPartOf":{"@id":"https:\/\/mueble4you.com\/#website"},"primaryImageOfPage":{"@id":"https:\/\/mueble4you.com\/fr\/productos\/mesa-auxiliar-cheb-madera-de-pino-50x50x52-estilo-art-deco\/#primaryimage"},"image":{"@id":"https:\/\/mueble4you.com\/fr\/productos\/mesa-auxiliar-cheb-madera-de-pino-50x50x52-estilo-art-deco\/#primaryimage"},"thumbnailUrl":"https:\/\/mueble4you.com\/wp-content\/uploads\/2026\/02\/shopping3.webp","datePublished":"2026-02-03T15:26:31+00:00","dateModified":"2026-02-11T11:24:41+00:00","breadcrumb":{"@id":"https:\/\/mueble4you.com\/fr\/productos\/mesa-auxiliar-cheb-madera-de-pino-50x50x52-estilo-art-deco\/#breadcrumb"},"inLanguage":"fr-FR","potentialAction":[{"@type":"ReadAction","target":["https:\/\/mueble4you.com\/fr\/productos\/mesa-auxiliar-cheb-madera-de-pino-50x50x52-estilo-art-deco\/"]}]},{"@type":"ImageObject","inLanguage":"fr-FR","@id":"https:\/\/mueble4you.com\/fr\/productos\/mesa-auxiliar-cheb-madera-de-pino-50x50x52-estilo-art-deco\/#primaryimage","url":"https:\/\/mueble4you.com\/wp-content\/uploads\/2026\/02\/shopping3.webp","contentUrl":"https:\/\/mueble4you.com\/wp-content\/uploads\/2026\/02\/shopping3.webp","width":900,"height":771},{"@type":"BreadcrumbList","@id":"https:\/\/mueble4you.com\/fr\/productos\/mesa-auxiliar-cheb-madera-de-pino-50x50x52-estilo-art-deco\/#breadcrumb","itemListElement":[{"@type":"ListItem","position":1,"name":"Portada","item":"https:\/\/mueble4you.com\/fr\/"},{"@type":"ListItem","position":2,"name":"Productos","item":"https:\/\/mueble4you.com\/productos\/"},{"@type":"ListItem","position":3,"name":"Table d&#8217;appoint en bois de pin Cheb 50x50x52 de style Art D\u00e9co."}]},{"@type":"WebSite","@id":"https:\/\/mueble4you.com\/#website","url":"https:\/\/mueble4you.com\/","name":"mueble4you","description":"Meubles \u00e0 Tenerife","potentialAction":[{"@type":"SearchAction","target":{"@type":"EntryPoint","urlTemplate":"https:\/\/mueble4you.com\/?s={search_term_string}"},"query-input":{"@type":"PropertyValueSpecification","valueRequired":true,"valueName":"search_term_string"}}],"inLanguage":"fr-FR"}]}},"_links":{"self":[{"href":"https:\/\/mueble4you.com\/fr\/wp-json\/wp\/v2\/product\/88647","targetHints":{"allow":["GET"]}}],"collection":[{"href":"https:\/\/mueble4you.com\/fr\/wp-json\/wp\/v2\/product"}],"about":[{"href":"https:\/\/mueble4you.com\/fr\/wp-json\/wp\/v2\/types\/product"}],"wp:featuredmedia":[{"embeddable":true,"href":"https:\/\/mueble4you.com\/fr\/wp-json\/wp\/v2\/media\/88648"}],"wp:attachment":[{"href":"https:\/\/mueble4you.com\/fr\/wp-json\/wp\/v2\/media?parent=88647"}],"wp:term":[{"taxonomy":"product_brand","embeddable":true,"href":"https:\/\/mueble4you.com\/fr\/wp-json\/wp\/v2\/product_brand?post=88647"},{"taxonomy":"product_cat","embeddable":true,"href":"https:\/\/mueble4you.com\/fr\/wp-json\/wp\/v2\/product_cat?post=88647"},{"taxonomy":"product_tag","embeddable":true,"href":"https:\/\/mueble4you.com\/fr\/wp-json\/wp\/v2\/product_tag?post=88647"}],"curies":[{"name":"wp","href":"https:\/\/api.w.org\/{rel}","templated":true}]}}