{"id":88627,"date":"2026-02-03T13:26:56","date_gmt":"2026-02-03T13:26:56","guid":{"rendered":"https:\/\/mueble4you.com\/productos\/sillon-kelheim\/"},"modified":"2026-02-11T11:37:39","modified_gmt":"2026-02-11T11:37:39","slug":"sillon-kelheim","status":"publish","type":"product","link":"https:\/\/mueble4you.com\/fr\/productos\/sillon-kelheim\/","title":{"rendered":"SILLON KELHEIM"},"content":{"rendered":"<h4 id=\"tw-target-text\" class=\"tw-data-text tw-text-large tw-ta\" dir=\"ltr\" tabindex=\"-1\" role=\"text\" data-placeholder=\"Traducci\u00f3n\" aria-label=\"Texto traducido: FAUTEUIL KELHEIM.\nD'inspiration Art D\u00e9co et de style moderne, confortable et confortable, il se compose d'un coussin en velours vert et d'un dossier \u00e0 imprim\u00e9 de forme g\u00e9om\u00e9trique. Les finitions du fauteuil en bois et acier optent pour l'\u00e9l\u00e9gante combinaison de tons noir et or.\n\nLargeur : 73 cm, Profondeur : 83 cm, Hauteur : 80 cm.\nMat\u00e9riau bois de pin, bois d'h\u00e9v\u00e9a, velours.\nCouleur vert\" data-ved=\"2ahUKEwiux5X7qNGSAxVuNPsDHZnsCHYQ3ewLegQIEBAW\"><span class=\"Y2IQFc\" lang=\"fr\">FAUTEUIL KELHEIM. D&rsquo;inspiration Art D\u00e9co et de style moderne, confortable et confortable, il se compose d&rsquo;un coussin en velours vert et d&rsquo;un dossier \u00e0 imprim\u00e9 de forme g\u00e9om\u00e9trique. Les finitions du fauteuil en bois et acier optent pour l&rsquo;\u00e9l\u00e9gante combinaison de tons noir et or. <\/span><\/h4>\n<h4 class=\"tw-data-text tw-text-large tw-ta\" dir=\"ltr\" tabindex=\"-1\" role=\"text\" data-placeholder=\"Traducci\u00f3n\" aria-label=\"Texto traducido: FAUTEUIL KELHEIM.\nD'inspiration Art D\u00e9co et de style moderne, confortable et confortable, il se compose d'un coussin en velours vert et d'un dossier \u00e0 imprim\u00e9 de forme g\u00e9om\u00e9trique. Les finitions du fauteuil en bois et acier optent pour l'\u00e9l\u00e9gante combinaison de tons noir et or.\n\nLargeur : 73 cm, Profondeur : 83 cm, Hauteur : 80 cm.\nMat\u00e9riau bois de pin, bois d'h\u00e9v\u00e9a, velours.\nCouleur vert\" data-ved=\"2ahUKEwiux5X7qNGSAxVuNPsDHZnsCHYQ3ewLegQIEBAW\"><span class=\"Y2IQFc\" lang=\"fr\">Largeur : 73 cm,<\/span><span class=\"Y2IQFc\" lang=\"fr\"> Profondeur : 83 cm, Hauteur : 80 cm. <\/span><\/h4>\n<h4 class=\"tw-data-text tw-text-large tw-ta\" dir=\"ltr\" tabindex=\"-1\" role=\"text\" data-placeholder=\"Traducci\u00f3n\" aria-label=\"Texto traducido: FAUTEUIL KELHEIM.\nD'inspiration Art D\u00e9co et de style moderne, confortable et confortable, il se compose d'un coussin en velours vert et d'un dossier \u00e0 imprim\u00e9 de forme g\u00e9om\u00e9trique. Les finitions du fauteuil en bois et acier optent pour l'\u00e9l\u00e9gante combinaison de tons noir et or.\n\nLargeur : 73 cm, Profondeur : 83 cm, Hauteur : 80 cm.\nMat\u00e9riau bois de pin, bois d'h\u00e9v\u00e9a, velours.\nCouleur vert\" data-ved=\"2ahUKEwiux5X7qNGSAxVuNPsDHZnsCHYQ3ewLegQIEBAW\"><span class=\"Y2IQFc\" lang=\"fr\">Mat\u00e9riau bois de pin, bois d&rsquo;h\u00e9v\u00e9a, velours.<\/span><\/h4>\n<h4 class=\"tw-data-text tw-text-large tw-ta\" dir=\"ltr\" tabindex=\"-1\" role=\"text\" data-placeholder=\"Traducci\u00f3n\" aria-label=\"Texto traducido: FAUTEUIL KELHEIM.\nD'inspiration Art D\u00e9co et de style moderne, confortable et confortable, il se compose d'un coussin en velours vert et d'un dossier \u00e0 imprim\u00e9 de forme g\u00e9om\u00e9trique. Les finitions du fauteuil en bois et acier optent pour l'\u00e9l\u00e9gante combinaison de tons noir et or.\n\nLargeur : 73 cm, Profondeur : 83 cm, Hauteur : 80 cm.\nMat\u00e9riau bois de pin, bois d'h\u00e9v\u00e9a, velours.\nCouleur vert\" data-ved=\"2ahUKEwiux5X7qNGSAxVuNPsDHZnsCHYQ3ewLegQIEBAW\"><span class=\"Y2IQFc\" lang=\"fr\">Couleur vert<\/span><\/h4>\n","protected":false},"excerpt":{"rendered":"<p>FAUTEUIL KELHEIM. D&rsquo;inspiration Art D\u00e9co et de style moderne, confortable et confortable, il se compose d&rsquo;un coussin en velours vert et d&rsquo;un dossier \u00e0 imprim\u00e9 de forme g\u00e9om\u00e9trique. Les finitions du fauteuil en bois et acier optent pour l&rsquo;\u00e9l\u00e9gante combinaison de tons noir et or. Largeur : 73 cm, Profondeur : 83 cm, Hauteur : [&#8230;]\n","protected":false},"featured_media":88637,"template":"","meta":[],"product_brand":[],"product_cat":[364,204],"product_tag":[],"class_list":{"0":"post-88627","1":"product","2":"type-product","3":"status-publish","4":"has-post-thumbnail","6":"product_cat-fauteuil","7":"product_cat-salon","9":"first","10":"instock","11":"shipping-taxable","12":"product-type-simple"},"yoast_head":"<!-- This site is optimized with the Yoast SEO plugin v27.2 - https:\/\/yoast.com\/product\/yoast-seo-wordpress\/ -->\n<title>SILLON KELHEIM | mueble4you<\/title>\n<meta name=\"robots\" content=\"index, follow, max-snippet:-1, max-image-preview:large, max-video-preview:-1\" \/>\n<link rel=\"canonical\" href=\"https:\/\/mueble4you.com\/fr\/productos\/sillon-kelheim\/\" \/>\n<meta property=\"og:locale\" content=\"fr_FR\" \/>\n<meta property=\"og:type\" content=\"article\" \/>\n<meta property=\"og:title\" content=\"SILLON KELHEIM | mueble4you\" \/>\n<meta property=\"og:description\" content=\"FAUTEUIL KELHEIM. D&rsquo;inspiration Art D\u00e9co et de style moderne, confortable et confortable, il se compose d&rsquo;un coussin en velours vert et d&rsquo;un dossier \u00e0 imprim\u00e9 de forme g\u00e9om\u00e9trique. Les finitions du fauteuil en bois et acier optent pour l&rsquo;\u00e9l\u00e9gante combinaison de tons noir et or. Largeur : 73 cm, Profondeur : 83 cm, Hauteur : [...]\" \/>\n<meta property=\"og:url\" content=\"https:\/\/mueble4you.com\/fr\/productos\/sillon-kelheim\/\" \/>\n<meta property=\"og:site_name\" content=\"mueble4you\" \/>\n<meta property=\"article:modified_time\" content=\"2026-02-11T11:37:39+00:00\" \/>\n<meta property=\"og:image\" content=\"https:\/\/mueble4you.com\/wp-content\/uploads\/2026\/02\/Sin-titulo20.jpg\" \/>\n\t<meta property=\"og:image:width\" content=\"1433\" \/>\n\t<meta property=\"og:image:height\" content=\"1005\" \/>\n\t<meta property=\"og:image:type\" content=\"image\/jpeg\" \/>\n<meta name=\"twitter:card\" content=\"summary_large_image\" \/>\n<script type=\"application\/ld+json\" class=\"yoast-schema-graph\">{\"@context\":\"https:\/\/schema.org\",\"@graph\":[{\"@type\":\"WebPage\",\"@id\":\"https:\/\/mueble4you.com\/fr\/productos\/sillon-kelheim\/\",\"url\":\"https:\/\/mueble4you.com\/fr\/productos\/sillon-kelheim\/\",\"name\":\"SILLON KELHEIM | mueble4you\",\"isPartOf\":{\"@id\":\"https:\/\/mueble4you.com\/#website\"},\"primaryImageOfPage\":{\"@id\":\"https:\/\/mueble4you.com\/fr\/productos\/sillon-kelheim\/#primaryimage\"},\"image\":{\"@id\":\"https:\/\/mueble4you.com\/fr\/productos\/sillon-kelheim\/#primaryimage\"},\"thumbnailUrl\":\"https:\/\/mueble4you.com\/wp-content\/uploads\/2026\/02\/Sin-titulo20.jpg\",\"datePublished\":\"2026-02-03T13:26:56+00:00\",\"dateModified\":\"2026-02-11T11:37:39+00:00\",\"breadcrumb\":{\"@id\":\"https:\/\/mueble4you.com\/fr\/productos\/sillon-kelheim\/#breadcrumb\"},\"inLanguage\":\"fr-FR\",\"potentialAction\":[{\"@type\":\"ReadAction\",\"target\":[\"https:\/\/mueble4you.com\/fr\/productos\/sillon-kelheim\/\"]}]},{\"@type\":\"ImageObject\",\"inLanguage\":\"fr-FR\",\"@id\":\"https:\/\/mueble4you.com\/fr\/productos\/sillon-kelheim\/#primaryimage\",\"url\":\"https:\/\/mueble4you.com\/wp-content\/uploads\/2026\/02\/Sin-titulo20.jpg\",\"contentUrl\":\"https:\/\/mueble4you.com\/wp-content\/uploads\/2026\/02\/Sin-titulo20.jpg\",\"width\":1433,\"height\":1005},{\"@type\":\"BreadcrumbList\",\"@id\":\"https:\/\/mueble4you.com\/fr\/productos\/sillon-kelheim\/#breadcrumb\",\"itemListElement\":[{\"@type\":\"ListItem\",\"position\":1,\"name\":\"Portada\",\"item\":\"https:\/\/mueble4you.com\/fr\/\"},{\"@type\":\"ListItem\",\"position\":2,\"name\":\"Productos\",\"item\":\"https:\/\/mueble4you.com\/productos\/\"},{\"@type\":\"ListItem\",\"position\":3,\"name\":\"SILLON KELHEIM\"}]},{\"@type\":\"WebSite\",\"@id\":\"https:\/\/mueble4you.com\/#website\",\"url\":\"https:\/\/mueble4you.com\/\",\"name\":\"mueble4you\",\"description\":\"Meubles \u00e0 Tenerife\",\"potentialAction\":[{\"@type\":\"SearchAction\",\"target\":{\"@type\":\"EntryPoint\",\"urlTemplate\":\"https:\/\/mueble4you.com\/?s={search_term_string}\"},\"query-input\":{\"@type\":\"PropertyValueSpecification\",\"valueRequired\":true,\"valueName\":\"search_term_string\"}}],\"inLanguage\":\"fr-FR\"}]}<\/script>\n<!-- \/ Yoast SEO plugin. -->","yoast_head_json":{"title":"SILLON KELHEIM | mueble4you","robots":{"index":"index","follow":"follow","max-snippet":"max-snippet:-1","max-image-preview":"max-image-preview:large","max-video-preview":"max-video-preview:-1"},"canonical":"https:\/\/mueble4you.com\/fr\/productos\/sillon-kelheim\/","og_locale":"fr_FR","og_type":"article","og_title":"SILLON KELHEIM | mueble4you","og_description":"FAUTEUIL KELHEIM. D&rsquo;inspiration Art D\u00e9co et de style moderne, confortable et confortable, il se compose d&rsquo;un coussin en velours vert et d&rsquo;un dossier \u00e0 imprim\u00e9 de forme g\u00e9om\u00e9trique. Les finitions du fauteuil en bois et acier optent pour l&rsquo;\u00e9l\u00e9gante combinaison de tons noir et or. Largeur : 73 cm, Profondeur : 83 cm, Hauteur : [...]","og_url":"https:\/\/mueble4you.com\/fr\/productos\/sillon-kelheim\/","og_site_name":"mueble4you","article_modified_time":"2026-02-11T11:37:39+00:00","og_image":[{"width":1433,"height":1005,"url":"https:\/\/mueble4you.com\/wp-content\/uploads\/2026\/02\/Sin-titulo20.jpg","type":"image\/jpeg"}],"twitter_card":"summary_large_image","schema":{"@context":"https:\/\/schema.org","@graph":[{"@type":"WebPage","@id":"https:\/\/mueble4you.com\/fr\/productos\/sillon-kelheim\/","url":"https:\/\/mueble4you.com\/fr\/productos\/sillon-kelheim\/","name":"SILLON KELHEIM | mueble4you","isPartOf":{"@id":"https:\/\/mueble4you.com\/#website"},"primaryImageOfPage":{"@id":"https:\/\/mueble4you.com\/fr\/productos\/sillon-kelheim\/#primaryimage"},"image":{"@id":"https:\/\/mueble4you.com\/fr\/productos\/sillon-kelheim\/#primaryimage"},"thumbnailUrl":"https:\/\/mueble4you.com\/wp-content\/uploads\/2026\/02\/Sin-titulo20.jpg","datePublished":"2026-02-03T13:26:56+00:00","dateModified":"2026-02-11T11:37:39+00:00","breadcrumb":{"@id":"https:\/\/mueble4you.com\/fr\/productos\/sillon-kelheim\/#breadcrumb"},"inLanguage":"fr-FR","potentialAction":[{"@type":"ReadAction","target":["https:\/\/mueble4you.com\/fr\/productos\/sillon-kelheim\/"]}]},{"@type":"ImageObject","inLanguage":"fr-FR","@id":"https:\/\/mueble4you.com\/fr\/productos\/sillon-kelheim\/#primaryimage","url":"https:\/\/mueble4you.com\/wp-content\/uploads\/2026\/02\/Sin-titulo20.jpg","contentUrl":"https:\/\/mueble4you.com\/wp-content\/uploads\/2026\/02\/Sin-titulo20.jpg","width":1433,"height":1005},{"@type":"BreadcrumbList","@id":"https:\/\/mueble4you.com\/fr\/productos\/sillon-kelheim\/#breadcrumb","itemListElement":[{"@type":"ListItem","position":1,"name":"Portada","item":"https:\/\/mueble4you.com\/fr\/"},{"@type":"ListItem","position":2,"name":"Productos","item":"https:\/\/mueble4you.com\/productos\/"},{"@type":"ListItem","position":3,"name":"SILLON KELHEIM"}]},{"@type":"WebSite","@id":"https:\/\/mueble4you.com\/#website","url":"https:\/\/mueble4you.com\/","name":"mueble4you","description":"Meubles \u00e0 Tenerife","potentialAction":[{"@type":"SearchAction","target":{"@type":"EntryPoint","urlTemplate":"https:\/\/mueble4you.com\/?s={search_term_string}"},"query-input":{"@type":"PropertyValueSpecification","valueRequired":true,"valueName":"search_term_string"}}],"inLanguage":"fr-FR"}]}},"_links":{"self":[{"href":"https:\/\/mueble4you.com\/fr\/wp-json\/wp\/v2\/product\/88627","targetHints":{"allow":["GET"]}}],"collection":[{"href":"https:\/\/mueble4you.com\/fr\/wp-json\/wp\/v2\/product"}],"about":[{"href":"https:\/\/mueble4you.com\/fr\/wp-json\/wp\/v2\/types\/product"}],"wp:featuredmedia":[{"embeddable":true,"href":"https:\/\/mueble4you.com\/fr\/wp-json\/wp\/v2\/media\/88637"}],"wp:attachment":[{"href":"https:\/\/mueble4you.com\/fr\/wp-json\/wp\/v2\/media?parent=88627"}],"wp:term":[{"taxonomy":"product_brand","embeddable":true,"href":"https:\/\/mueble4you.com\/fr\/wp-json\/wp\/v2\/product_brand?post=88627"},{"taxonomy":"product_cat","embeddable":true,"href":"https:\/\/mueble4you.com\/fr\/wp-json\/wp\/v2\/product_cat?post=88627"},{"taxonomy":"product_tag","embeddable":true,"href":"https:\/\/mueble4you.com\/fr\/wp-json\/wp\/v2\/product_tag?post=88627"}],"curies":[{"name":"wp","href":"https:\/\/api.w.org\/{rel}","templated":true}]}}