{"id":88600,"date":"2026-02-03T12:32:07","date_gmt":"2026-02-03T12:32:07","guid":{"rendered":"https:\/\/mueble4you.com\/productos\/mesa-comedor-180x90\/"},"modified":"2026-02-13T15:54:24","modified_gmt":"2026-02-13T15:54:24","slug":"mesa-comedor-180x90","status":"publish","type":"product","link":"https:\/\/mueble4you.com\/fr\/productos\/mesa-comedor-180x90\/","title":{"rendered":"MESA COMEDOR 180X90"},"content":{"rendered":"<ul>\n<li id=\"tw-target-text\" class=\"tw-data-text tw-text-large tw-ta\" dir=\"ltr\" tabindex=\"-1\" role=\"text\" data-placeholder=\"Traducci\u00f3n\" data-ved=\"2ahUKEwjoqIzF5NaSAxVyZqQEHYfREJcQ3ewLegQIDBAW\" aria-label=\"Texto traducido: TABLE \u00c0 MANGER 180X90.\nTABLE \u00c0 MANGER EN BOIS D'ACACIA ET PIETEMENT EN M\u00c9TAL. (\u00c9PAISSEUR DU COUVERCLE 35mm).\nLES BORDS DE LA TABLE SONT IRR\u00c9GULIERS, CE QUI INDIQUE QU'ILS NE SUIVENT PAS UNE LIGNE PARFAITEMENT DROITE ET UNIFORME. CES IRR\u00c9GULARIT\u00c9S AJOUTENT UNE TOUCHE DE RUSTICIT\u00c9 ET D'AUTHENTICIT\u00c9 AU DESIGN DE LA TABLE.\nMESURES : 78 cm de haut x 180 cm de large x 90 cm de profondeur.\nCOULEUR\u00a0: COULEUR NATURELLE ET BASE NOIRE.\"><span class=\"Y2IQFc\" lang=\"fr\">TABLE \u00c0 MANGER 180X90. TABLE \u00c0 MANGER EN BOIS D&rsquo;ACACIA ET PIETEMENT EN M\u00c9TAL. (\u00c9PAISSEUR DU COUVERCLE 35mm).<\/span><\/li>\n<li class=\"tw-data-text tw-text-large tw-ta\" dir=\"ltr\" tabindex=\"-1\" role=\"text\" data-placeholder=\"Traducci\u00f3n\" data-ved=\"2ahUKEwjoqIzF5NaSAxVyZqQEHYfREJcQ3ewLegQIDBAW\" aria-label=\"Texto traducido: TABLE \u00c0 MANGER 180X90.\nTABLE \u00c0 MANGER EN BOIS D'ACACIA ET PIETEMENT EN M\u00c9TAL. (\u00c9PAISSEUR DU COUVERCLE 35mm).\nLES BORDS DE LA TABLE SONT IRR\u00c9GULIERS, CE QUI INDIQUE QU'ILS NE SUIVENT PAS UNE LIGNE PARFAITEMENT DROITE ET UNIFORME. CES IRR\u00c9GULARIT\u00c9S AJOUTENT UNE TOUCHE DE RUSTICIT\u00c9 ET D'AUTHENTICIT\u00c9 AU DESIGN DE LA TABLE.\nMESURES : 78 cm de haut x 180 cm de large x 90 cm de profondeur.\nCOULEUR\u00a0: COULEUR NATURELLE ET BASE NOIRE.\"><span class=\"Y2IQFc\" lang=\"fr\">LES BORDS DE LA TABLE SONT IRR\u00c9GULIERS, CE QUI INDIQUE QU&rsquo;ILS NE SUIVENT PAS UNE LIGNE PARFAITEMENT DROITE ET UNIFORME. <\/span><\/li>\n<li class=\"tw-data-text tw-text-large tw-ta\" dir=\"ltr\" tabindex=\"-1\" role=\"text\" data-placeholder=\"Traducci\u00f3n\" data-ved=\"2ahUKEwjoqIzF5NaSAxVyZqQEHYfREJcQ3ewLegQIDBAW\" aria-label=\"Texto traducido: TABLE \u00c0 MANGER 180X90.\nTABLE \u00c0 MANGER EN BOIS D'ACACIA ET PIETEMENT EN M\u00c9TAL. (\u00c9PAISSEUR DU COUVERCLE 35mm).\nLES BORDS DE LA TABLE SONT IRR\u00c9GULIERS, CE QUI INDIQUE QU'ILS NE SUIVENT PAS UNE LIGNE PARFAITEMENT DROITE ET UNIFORME. CES IRR\u00c9GULARIT\u00c9S AJOUTENT UNE TOUCHE DE RUSTICIT\u00c9 ET D'AUTHENTICIT\u00c9 AU DESIGN DE LA TABLE.\nMESURES : 78 cm de haut x 180 cm de large x 90 cm de profondeur.\nCOULEUR\u00a0: COULEUR NATURELLE ET BASE NOIRE.\"><span class=\"Y2IQFc\" lang=\"fr\">CES IRR\u00c9GULARIT\u00c9S AJOUTENT UNE TOUCHE DE RUSTICIT\u00c9 ET D&rsquo;AUTHENTICIT\u00c9 AU DESIGN DE LA TABLE. <\/span><\/li>\n<li class=\"tw-data-text tw-text-large tw-ta\" dir=\"ltr\" tabindex=\"-1\" role=\"text\" data-placeholder=\"Traducci\u00f3n\" data-ved=\"2ahUKEwjoqIzF5NaSAxVyZqQEHYfREJcQ3ewLegQIDBAW\" aria-label=\"Texto traducido: TABLE \u00c0 MANGER 180X90.\nTABLE \u00c0 MANGER EN BOIS D'ACACIA ET PIETEMENT EN M\u00c9TAL. (\u00c9PAISSEUR DU COUVERCLE 35mm).\nLES BORDS DE LA TABLE SONT IRR\u00c9GULIERS, CE QUI INDIQUE QU'ILS NE SUIVENT PAS UNE LIGNE PARFAITEMENT DROITE ET UNIFORME. CES IRR\u00c9GULARIT\u00c9S AJOUTENT UNE TOUCHE DE RUSTICIT\u00c9 ET D'AUTHENTICIT\u00c9 AU DESIGN DE LA TABLE.\nMESURES : 78 cm de haut x 180 cm de large x 90 cm de profondeur.\nCOULEUR\u00a0: COULEUR NATURELLE ET BASE NOIRE.\"><span class=\"Y2IQFc\" lang=\"fr\">MESURES : 78 cm de haut x 180 cm de large x 90 cm de profondeur.<\/span><\/li>\n<li class=\"tw-data-text tw-text-large tw-ta\" dir=\"ltr\" tabindex=\"-1\" role=\"text\" data-placeholder=\"Traducci\u00f3n\" data-ved=\"2ahUKEwjoqIzF5NaSAxVyZqQEHYfREJcQ3ewLegQIDBAW\" aria-label=\"Texto traducido: TABLE \u00c0 MANGER 180X90.\nTABLE \u00c0 MANGER EN BOIS D'ACACIA ET PIETEMENT EN M\u00c9TAL. (\u00c9PAISSEUR DU COUVERCLE 35mm).\nLES BORDS DE LA TABLE SONT IRR\u00c9GULIERS, CE QUI INDIQUE QU'ILS NE SUIVENT PAS UNE LIGNE PARFAITEMENT DROITE ET UNIFORME. CES IRR\u00c9GULARIT\u00c9S AJOUTENT UNE TOUCHE DE RUSTICIT\u00c9 ET D'AUTHENTICIT\u00c9 AU DESIGN DE LA TABLE.\nMESURES : 78 cm de haut x 180 cm de large x 90 cm de profondeur.\nCOULEUR\u00a0: COULEUR NATURELLE ET BASE NOIRE.\"><span class=\"Y2IQFc\" lang=\"fr\">COULEUR\u00a0: COULEUR NATURELLE ET BASE NOIRE.<\/span><\/li>\n<\/ul>\n","protected":false},"excerpt":{"rendered":"<p>TABLE \u00c0 MANGER 180X90. TABLE \u00c0 MANGER EN BOIS D&rsquo;ACACIA ET PIETEMENT EN M\u00c9TAL. (\u00c9PAISSEUR DU COUVERCLE 35mm). LES BORDS DE LA TABLE SONT IRR\u00c9GULIERS, CE QUI INDIQUE QU&rsquo;ILS NE SUIVENT PAS UNE LIGNE PARFAITEMENT DROITE ET UNIFORME. CES IRR\u00c9GULARIT\u00c9S AJOUTENT UNE TOUCHE DE RUSTICIT\u00c9 ET D&rsquo;AUTHENTICIT\u00c9 AU DESIGN DE LA TABLE. MESURES : 78 [&#8230;]\n","protected":false},"featured_media":88601,"template":"","meta":[],"product_brand":[],"product_cat":[199,348],"product_tag":[],"class_list":{"0":"post-88600","1":"product","2":"type-product","3":"status-publish","4":"has-post-thumbnail","6":"product_cat-eaters","7":"product_cat-tables","9":"first","10":"instock","11":"shipping-taxable","12":"product-type-simple"},"yoast_head":"<!-- This site is optimized with the Yoast SEO plugin v27.2 - https:\/\/yoast.com\/product\/yoast-seo-wordpress\/ -->\n<title>MESA COMEDOR 180X90 | mueble4you<\/title>\n<meta name=\"robots\" content=\"index, follow, max-snippet:-1, max-image-preview:large, max-video-preview:-1\" \/>\n<link rel=\"canonical\" href=\"https:\/\/mueble4you.com\/fr\/productos\/mesa-comedor-180x90\/\" \/>\n<meta property=\"og:locale\" content=\"fr_FR\" \/>\n<meta property=\"og:type\" content=\"article\" \/>\n<meta property=\"og:title\" content=\"MESA COMEDOR 180X90 | mueble4you\" \/>\n<meta property=\"og:description\" content=\"TABLE \u00c0 MANGER 180X90. TABLE \u00c0 MANGER EN BOIS D&rsquo;ACACIA ET PIETEMENT EN M\u00c9TAL. (\u00c9PAISSEUR DU COUVERCLE 35mm). LES BORDS DE LA TABLE SONT IRR\u00c9GULIERS, CE QUI INDIQUE QU&rsquo;ILS NE SUIVENT PAS UNE LIGNE PARFAITEMENT DROITE ET UNIFORME. CES IRR\u00c9GULARIT\u00c9S AJOUTENT UNE TOUCHE DE RUSTICIT\u00c9 ET D&rsquo;AUTHENTICIT\u00c9 AU DESIGN DE LA TABLE. MESURES : 78 [...]\" \/>\n<meta property=\"og:url\" content=\"https:\/\/mueble4you.com\/fr\/productos\/mesa-comedor-180x90\/\" \/>\n<meta property=\"og:site_name\" content=\"mueble4you\" \/>\n<meta property=\"article:modified_time\" content=\"2026-02-13T15:54:24+00:00\" \/>\n<meta property=\"og:image\" content=\"https:\/\/mueble4you.com\/wp-content\/uploads\/2026\/02\/6084_1-Copy.jpg\" \/>\n\t<meta property=\"og:image:width\" content=\"1024\" \/>\n\t<meta property=\"og:image:height\" content=\"768\" \/>\n\t<meta property=\"og:image:type\" content=\"image\/jpeg\" \/>\n<meta name=\"twitter:card\" content=\"summary_large_image\" \/>\n<script type=\"application\/ld+json\" class=\"yoast-schema-graph\">{\"@context\":\"https:\/\/schema.org\",\"@graph\":[{\"@type\":\"WebPage\",\"@id\":\"https:\/\/mueble4you.com\/fr\/productos\/mesa-comedor-180x90\/\",\"url\":\"https:\/\/mueble4you.com\/fr\/productos\/mesa-comedor-180x90\/\",\"name\":\"MESA COMEDOR 180X90 | mueble4you\",\"isPartOf\":{\"@id\":\"https:\/\/mueble4you.com\/#website\"},\"primaryImageOfPage\":{\"@id\":\"https:\/\/mueble4you.com\/fr\/productos\/mesa-comedor-180x90\/#primaryimage\"},\"image\":{\"@id\":\"https:\/\/mueble4you.com\/fr\/productos\/mesa-comedor-180x90\/#primaryimage\"},\"thumbnailUrl\":\"https:\/\/mueble4you.com\/wp-content\/uploads\/2026\/02\/6084_1-Copy.jpg\",\"datePublished\":\"2026-02-03T12:32:07+00:00\",\"dateModified\":\"2026-02-13T15:54:24+00:00\",\"breadcrumb\":{\"@id\":\"https:\/\/mueble4you.com\/fr\/productos\/mesa-comedor-180x90\/#breadcrumb\"},\"inLanguage\":\"fr-FR\",\"potentialAction\":[{\"@type\":\"ReadAction\",\"target\":[\"https:\/\/mueble4you.com\/fr\/productos\/mesa-comedor-180x90\/\"]}]},{\"@type\":\"ImageObject\",\"inLanguage\":\"fr-FR\",\"@id\":\"https:\/\/mueble4you.com\/fr\/productos\/mesa-comedor-180x90\/#primaryimage\",\"url\":\"https:\/\/mueble4you.com\/wp-content\/uploads\/2026\/02\/6084_1-Copy.jpg\",\"contentUrl\":\"https:\/\/mueble4you.com\/wp-content\/uploads\/2026\/02\/6084_1-Copy.jpg\",\"width\":1024,\"height\":768},{\"@type\":\"BreadcrumbList\",\"@id\":\"https:\/\/mueble4you.com\/fr\/productos\/mesa-comedor-180x90\/#breadcrumb\",\"itemListElement\":[{\"@type\":\"ListItem\",\"position\":1,\"name\":\"Portada\",\"item\":\"https:\/\/mueble4you.com\/fr\/\"},{\"@type\":\"ListItem\",\"position\":2,\"name\":\"Productos\",\"item\":\"https:\/\/mueble4you.com\/productos\/\"},{\"@type\":\"ListItem\",\"position\":3,\"name\":\"MESA COMEDOR 180X90\"}]},{\"@type\":\"WebSite\",\"@id\":\"https:\/\/mueble4you.com\/#website\",\"url\":\"https:\/\/mueble4you.com\/\",\"name\":\"mueble4you\",\"description\":\"Meubles \u00e0 Tenerife\",\"potentialAction\":[{\"@type\":\"SearchAction\",\"target\":{\"@type\":\"EntryPoint\",\"urlTemplate\":\"https:\/\/mueble4you.com\/?s={search_term_string}\"},\"query-input\":{\"@type\":\"PropertyValueSpecification\",\"valueRequired\":true,\"valueName\":\"search_term_string\"}}],\"inLanguage\":\"fr-FR\"}]}<\/script>\n<!-- \/ Yoast SEO plugin. -->","yoast_head_json":{"title":"MESA COMEDOR 180X90 | mueble4you","robots":{"index":"index","follow":"follow","max-snippet":"max-snippet:-1","max-image-preview":"max-image-preview:large","max-video-preview":"max-video-preview:-1"},"canonical":"https:\/\/mueble4you.com\/fr\/productos\/mesa-comedor-180x90\/","og_locale":"fr_FR","og_type":"article","og_title":"MESA COMEDOR 180X90 | mueble4you","og_description":"TABLE \u00c0 MANGER 180X90. TABLE \u00c0 MANGER EN BOIS D&rsquo;ACACIA ET PIETEMENT EN M\u00c9TAL. (\u00c9PAISSEUR DU COUVERCLE 35mm). LES BORDS DE LA TABLE SONT IRR\u00c9GULIERS, CE QUI INDIQUE QU&rsquo;ILS NE SUIVENT PAS UNE LIGNE PARFAITEMENT DROITE ET UNIFORME. CES IRR\u00c9GULARIT\u00c9S AJOUTENT UNE TOUCHE DE RUSTICIT\u00c9 ET D&rsquo;AUTHENTICIT\u00c9 AU DESIGN DE LA TABLE. MESURES : 78 [...]","og_url":"https:\/\/mueble4you.com\/fr\/productos\/mesa-comedor-180x90\/","og_site_name":"mueble4you","article_modified_time":"2026-02-13T15:54:24+00:00","og_image":[{"width":1024,"height":768,"url":"https:\/\/mueble4you.com\/wp-content\/uploads\/2026\/02\/6084_1-Copy.jpg","type":"image\/jpeg"}],"twitter_card":"summary_large_image","schema":{"@context":"https:\/\/schema.org","@graph":[{"@type":"WebPage","@id":"https:\/\/mueble4you.com\/fr\/productos\/mesa-comedor-180x90\/","url":"https:\/\/mueble4you.com\/fr\/productos\/mesa-comedor-180x90\/","name":"MESA COMEDOR 180X90 | mueble4you","isPartOf":{"@id":"https:\/\/mueble4you.com\/#website"},"primaryImageOfPage":{"@id":"https:\/\/mueble4you.com\/fr\/productos\/mesa-comedor-180x90\/#primaryimage"},"image":{"@id":"https:\/\/mueble4you.com\/fr\/productos\/mesa-comedor-180x90\/#primaryimage"},"thumbnailUrl":"https:\/\/mueble4you.com\/wp-content\/uploads\/2026\/02\/6084_1-Copy.jpg","datePublished":"2026-02-03T12:32:07+00:00","dateModified":"2026-02-13T15:54:24+00:00","breadcrumb":{"@id":"https:\/\/mueble4you.com\/fr\/productos\/mesa-comedor-180x90\/#breadcrumb"},"inLanguage":"fr-FR","potentialAction":[{"@type":"ReadAction","target":["https:\/\/mueble4you.com\/fr\/productos\/mesa-comedor-180x90\/"]}]},{"@type":"ImageObject","inLanguage":"fr-FR","@id":"https:\/\/mueble4you.com\/fr\/productos\/mesa-comedor-180x90\/#primaryimage","url":"https:\/\/mueble4you.com\/wp-content\/uploads\/2026\/02\/6084_1-Copy.jpg","contentUrl":"https:\/\/mueble4you.com\/wp-content\/uploads\/2026\/02\/6084_1-Copy.jpg","width":1024,"height":768},{"@type":"BreadcrumbList","@id":"https:\/\/mueble4you.com\/fr\/productos\/mesa-comedor-180x90\/#breadcrumb","itemListElement":[{"@type":"ListItem","position":1,"name":"Portada","item":"https:\/\/mueble4you.com\/fr\/"},{"@type":"ListItem","position":2,"name":"Productos","item":"https:\/\/mueble4you.com\/productos\/"},{"@type":"ListItem","position":3,"name":"MESA COMEDOR 180X90"}]},{"@type":"WebSite","@id":"https:\/\/mueble4you.com\/#website","url":"https:\/\/mueble4you.com\/","name":"mueble4you","description":"Meubles \u00e0 Tenerife","potentialAction":[{"@type":"SearchAction","target":{"@type":"EntryPoint","urlTemplate":"https:\/\/mueble4you.com\/?s={search_term_string}"},"query-input":{"@type":"PropertyValueSpecification","valueRequired":true,"valueName":"search_term_string"}}],"inLanguage":"fr-FR"}]}},"_links":{"self":[{"href":"https:\/\/mueble4you.com\/fr\/wp-json\/wp\/v2\/product\/88600","targetHints":{"allow":["GET"]}}],"collection":[{"href":"https:\/\/mueble4you.com\/fr\/wp-json\/wp\/v2\/product"}],"about":[{"href":"https:\/\/mueble4you.com\/fr\/wp-json\/wp\/v2\/types\/product"}],"wp:featuredmedia":[{"embeddable":true,"href":"https:\/\/mueble4you.com\/fr\/wp-json\/wp\/v2\/media\/88601"}],"wp:attachment":[{"href":"https:\/\/mueble4you.com\/fr\/wp-json\/wp\/v2\/media?parent=88600"}],"wp:term":[{"taxonomy":"product_brand","embeddable":true,"href":"https:\/\/mueble4you.com\/fr\/wp-json\/wp\/v2\/product_brand?post=88600"},{"taxonomy":"product_cat","embeddable":true,"href":"https:\/\/mueble4you.com\/fr\/wp-json\/wp\/v2\/product_cat?post=88600"},{"taxonomy":"product_tag","embeddable":true,"href":"https:\/\/mueble4you.com\/fr\/wp-json\/wp\/v2\/product_tag?post=88600"}],"curies":[{"name":"wp","href":"https:\/\/api.w.org\/{rel}","templated":true}]}}