{"id":88465,"date":"2026-01-22T16:25:29","date_gmt":"2026-01-22T16:25:29","guid":{"rendered":"https:\/\/mueble4you.com\/productos\/mesa-auxiliar-geisingen\/"},"modified":"2026-01-27T15:31:10","modified_gmt":"2026-01-27T15:31:10","slug":"mesa-auxiliar-geisingen","status":"publish","type":"product","link":"https:\/\/mueble4you.com\/fr\/productos\/mesa-auxiliar-geisingen\/","title":{"rendered":"Table d&rsquo;appoint Geisingen."},"content":{"rendered":"<ul>\n<li>L&rsquo;acier inoxydable finition argent\u00e9e et le similicuir marron clair s&rsquo;allient avec \u00e9l\u00e9gance dans la table d&rsquo;appoint Geisingen.<\/li>\n<li><span style=\"color: #555555; font-size: 14.4px;\">Sa forme cylindrique et sa texture douce lui conf\u00e8rent une allure sophistiqu\u00e9e et contemporaine.<\/span><\/li>\n<li><span style=\"color: #555555; font-size: 14.4px;\">Id\u00e9ale comme \u00e9l\u00e9ment d\u00e9coratif ou fonctionnel, cette table se distingue par sa polyvalence et son raffinement.<\/span><\/li>\n<li><span style=\"color: #555555; font-size: 14.4px;\">Largeur : 42 cm, Profondeur : 46 cm, Hauteur : 66 cm.<\/span><\/li>\n<\/ul>\n","protected":false},"excerpt":{"rendered":"<p>L&rsquo;acier inoxydable finition argent\u00e9e et le similicuir marron clair s&rsquo;allient avec \u00e9l\u00e9gance dans la table d&rsquo;appoint Geisingen. Sa forme cylindrique et sa texture douce lui conf\u00e8rent une allure sophistiqu\u00e9e et contemporaine. Id\u00e9ale comme \u00e9l\u00e9ment d\u00e9coratif ou fonctionnel, cette table se distingue par sa polyvalence et son raffinement. Largeur : 42 cm, Profondeur : 46 cm, [&#8230;]\n","protected":false},"featured_media":88466,"template":"","meta":[],"product_brand":[],"product_cat":[204,459],"product_tag":[],"class_list":{"0":"post-88465","1":"product","2":"type-product","3":"status-publish","4":"has-post-thumbnail","6":"product_cat-salon","7":"product_cat-table-dangle-ou-dappoint","9":"first","10":"instock","11":"shipping-taxable","12":"product-type-simple"},"yoast_head":"<!-- This site is optimized with the Yoast SEO plugin v27.3 - https:\/\/yoast.com\/product\/yoast-seo-wordpress\/ -->\n<title>Table d&#039;appoint Geisingen. | mueble4you<\/title>\n<meta name=\"robots\" content=\"index, follow, max-snippet:-1, max-image-preview:large, max-video-preview:-1\" \/>\n<link rel=\"canonical\" href=\"https:\/\/mueble4you.com\/fr\/productos\/mesa-auxiliar-geisingen\/\" \/>\n<meta property=\"og:locale\" content=\"fr_FR\" \/>\n<meta property=\"og:type\" content=\"article\" \/>\n<meta property=\"og:title\" content=\"Table d&#039;appoint Geisingen. | mueble4you\" \/>\n<meta property=\"og:description\" content=\"L&rsquo;acier inoxydable finition argent\u00e9e et le similicuir marron clair s&rsquo;allient avec \u00e9l\u00e9gance dans la table d&rsquo;appoint Geisingen. Sa forme cylindrique et sa texture douce lui conf\u00e8rent une allure sophistiqu\u00e9e et contemporaine. Id\u00e9ale comme \u00e9l\u00e9ment d\u00e9coratif ou fonctionnel, cette table se distingue par sa polyvalence et son raffinement. Largeur : 42 cm, Profondeur : 46 cm, [...]\" \/>\n<meta property=\"og:url\" content=\"https:\/\/mueble4you.com\/fr\/productos\/mesa-auxiliar-geisingen\/\" \/>\n<meta property=\"og:site_name\" content=\"mueble4you\" \/>\n<meta property=\"article:modified_time\" content=\"2026-01-27T15:31:10+00:00\" \/>\n<meta property=\"og:image\" content=\"https:\/\/mueble4you.com\/wp-content\/uploads\/2026\/01\/mesa-auxiliar-geisingen-vical-35286-44789469.jpg\" \/>\n\t<meta property=\"og:image:width\" content=\"1920\" \/>\n\t<meta property=\"og:image:height\" content=\"1920\" \/>\n\t<meta property=\"og:image:type\" content=\"image\/jpeg\" \/>\n<meta name=\"twitter:card\" content=\"summary_large_image\" \/>\n<script type=\"application\/ld+json\" class=\"yoast-schema-graph\">{\"@context\":\"https:\\\/\\\/schema.org\",\"@graph\":[{\"@type\":\"WebPage\",\"@id\":\"https:\\\/\\\/mueble4you.com\\\/fr\\\/productos\\\/mesa-auxiliar-geisingen\\\/\",\"url\":\"https:\\\/\\\/mueble4you.com\\\/fr\\\/productos\\\/mesa-auxiliar-geisingen\\\/\",\"name\":\"Table d'appoint Geisingen. | mueble4you\",\"isPartOf\":{\"@id\":\"https:\\\/\\\/mueble4you.com\\\/#website\"},\"primaryImageOfPage\":{\"@id\":\"https:\\\/\\\/mueble4you.com\\\/fr\\\/productos\\\/mesa-auxiliar-geisingen\\\/#primaryimage\"},\"image\":{\"@id\":\"https:\\\/\\\/mueble4you.com\\\/fr\\\/productos\\\/mesa-auxiliar-geisingen\\\/#primaryimage\"},\"thumbnailUrl\":\"https:\\\/\\\/mueble4you.com\\\/wp-content\\\/uploads\\\/2026\\\/01\\\/mesa-auxiliar-geisingen-vical-35286-44789469.jpg\",\"datePublished\":\"2026-01-22T16:25:29+00:00\",\"dateModified\":\"2026-01-27T15:31:10+00:00\",\"breadcrumb\":{\"@id\":\"https:\\\/\\\/mueble4you.com\\\/fr\\\/productos\\\/mesa-auxiliar-geisingen\\\/#breadcrumb\"},\"inLanguage\":\"fr-FR\",\"potentialAction\":[{\"@type\":\"ReadAction\",\"target\":[\"https:\\\/\\\/mueble4you.com\\\/fr\\\/productos\\\/mesa-auxiliar-geisingen\\\/\"]}]},{\"@type\":\"ImageObject\",\"inLanguage\":\"fr-FR\",\"@id\":\"https:\\\/\\\/mueble4you.com\\\/fr\\\/productos\\\/mesa-auxiliar-geisingen\\\/#primaryimage\",\"url\":\"https:\\\/\\\/mueble4you.com\\\/wp-content\\\/uploads\\\/2026\\\/01\\\/mesa-auxiliar-geisingen-vical-35286-44789469.jpg\",\"contentUrl\":\"https:\\\/\\\/mueble4you.com\\\/wp-content\\\/uploads\\\/2026\\\/01\\\/mesa-auxiliar-geisingen-vical-35286-44789469.jpg\",\"width\":1920,\"height\":1920},{\"@type\":\"BreadcrumbList\",\"@id\":\"https:\\\/\\\/mueble4you.com\\\/fr\\\/productos\\\/mesa-auxiliar-geisingen\\\/#breadcrumb\",\"itemListElement\":[{\"@type\":\"ListItem\",\"position\":1,\"name\":\"Portada\",\"item\":\"https:\\\/\\\/mueble4you.com\\\/fr\\\/\"},{\"@type\":\"ListItem\",\"position\":2,\"name\":\"Productos\",\"item\":\"https:\\\/\\\/mueble4you.com\\\/productos\\\/\"},{\"@type\":\"ListItem\",\"position\":3,\"name\":\"Table d&#8217;appoint Geisingen.\"}]},{\"@type\":\"WebSite\",\"@id\":\"https:\\\/\\\/mueble4you.com\\\/#website\",\"url\":\"https:\\\/\\\/mueble4you.com\\\/\",\"name\":\"mueble4you\",\"description\":\"Meubles \u00e0 Tenerife\",\"potentialAction\":[{\"@type\":\"SearchAction\",\"target\":{\"@type\":\"EntryPoint\",\"urlTemplate\":\"https:\\\/\\\/mueble4you.com\\\/?s={search_term_string}\"},\"query-input\":{\"@type\":\"PropertyValueSpecification\",\"valueRequired\":true,\"valueName\":\"search_term_string\"}}],\"inLanguage\":\"fr-FR\"}]}<\/script>\n<!-- \/ Yoast SEO plugin. -->","yoast_head_json":{"title":"Table d'appoint Geisingen. | mueble4you","robots":{"index":"index","follow":"follow","max-snippet":"max-snippet:-1","max-image-preview":"max-image-preview:large","max-video-preview":"max-video-preview:-1"},"canonical":"https:\/\/mueble4you.com\/fr\/productos\/mesa-auxiliar-geisingen\/","og_locale":"fr_FR","og_type":"article","og_title":"Table d'appoint Geisingen. | mueble4you","og_description":"L&rsquo;acier inoxydable finition argent\u00e9e et le similicuir marron clair s&rsquo;allient avec \u00e9l\u00e9gance dans la table d&rsquo;appoint Geisingen. Sa forme cylindrique et sa texture douce lui conf\u00e8rent une allure sophistiqu\u00e9e et contemporaine. Id\u00e9ale comme \u00e9l\u00e9ment d\u00e9coratif ou fonctionnel, cette table se distingue par sa polyvalence et son raffinement. Largeur : 42 cm, Profondeur : 46 cm, [...]","og_url":"https:\/\/mueble4you.com\/fr\/productos\/mesa-auxiliar-geisingen\/","og_site_name":"mueble4you","article_modified_time":"2026-01-27T15:31:10+00:00","og_image":[{"width":1920,"height":1920,"url":"https:\/\/mueble4you.com\/wp-content\/uploads\/2026\/01\/mesa-auxiliar-geisingen-vical-35286-44789469.jpg","type":"image\/jpeg"}],"twitter_card":"summary_large_image","schema":{"@context":"https:\/\/schema.org","@graph":[{"@type":"WebPage","@id":"https:\/\/mueble4you.com\/fr\/productos\/mesa-auxiliar-geisingen\/","url":"https:\/\/mueble4you.com\/fr\/productos\/mesa-auxiliar-geisingen\/","name":"Table d'appoint Geisingen. | mueble4you","isPartOf":{"@id":"https:\/\/mueble4you.com\/#website"},"primaryImageOfPage":{"@id":"https:\/\/mueble4you.com\/fr\/productos\/mesa-auxiliar-geisingen\/#primaryimage"},"image":{"@id":"https:\/\/mueble4you.com\/fr\/productos\/mesa-auxiliar-geisingen\/#primaryimage"},"thumbnailUrl":"https:\/\/mueble4you.com\/wp-content\/uploads\/2026\/01\/mesa-auxiliar-geisingen-vical-35286-44789469.jpg","datePublished":"2026-01-22T16:25:29+00:00","dateModified":"2026-01-27T15:31:10+00:00","breadcrumb":{"@id":"https:\/\/mueble4you.com\/fr\/productos\/mesa-auxiliar-geisingen\/#breadcrumb"},"inLanguage":"fr-FR","potentialAction":[{"@type":"ReadAction","target":["https:\/\/mueble4you.com\/fr\/productos\/mesa-auxiliar-geisingen\/"]}]},{"@type":"ImageObject","inLanguage":"fr-FR","@id":"https:\/\/mueble4you.com\/fr\/productos\/mesa-auxiliar-geisingen\/#primaryimage","url":"https:\/\/mueble4you.com\/wp-content\/uploads\/2026\/01\/mesa-auxiliar-geisingen-vical-35286-44789469.jpg","contentUrl":"https:\/\/mueble4you.com\/wp-content\/uploads\/2026\/01\/mesa-auxiliar-geisingen-vical-35286-44789469.jpg","width":1920,"height":1920},{"@type":"BreadcrumbList","@id":"https:\/\/mueble4you.com\/fr\/productos\/mesa-auxiliar-geisingen\/#breadcrumb","itemListElement":[{"@type":"ListItem","position":1,"name":"Portada","item":"https:\/\/mueble4you.com\/fr\/"},{"@type":"ListItem","position":2,"name":"Productos","item":"https:\/\/mueble4you.com\/productos\/"},{"@type":"ListItem","position":3,"name":"Table d&#8217;appoint Geisingen."}]},{"@type":"WebSite","@id":"https:\/\/mueble4you.com\/#website","url":"https:\/\/mueble4you.com\/","name":"mueble4you","description":"Meubles \u00e0 Tenerife","potentialAction":[{"@type":"SearchAction","target":{"@type":"EntryPoint","urlTemplate":"https:\/\/mueble4you.com\/?s={search_term_string}"},"query-input":{"@type":"PropertyValueSpecification","valueRequired":true,"valueName":"search_term_string"}}],"inLanguage":"fr-FR"}]}},"_links":{"self":[{"href":"https:\/\/mueble4you.com\/fr\/wp-json\/wp\/v2\/product\/88465","targetHints":{"allow":["GET"]}}],"collection":[{"href":"https:\/\/mueble4you.com\/fr\/wp-json\/wp\/v2\/product"}],"about":[{"href":"https:\/\/mueble4you.com\/fr\/wp-json\/wp\/v2\/types\/product"}],"wp:featuredmedia":[{"embeddable":true,"href":"https:\/\/mueble4you.com\/fr\/wp-json\/wp\/v2\/media\/88466"}],"wp:attachment":[{"href":"https:\/\/mueble4you.com\/fr\/wp-json\/wp\/v2\/media?parent=88465"}],"wp:term":[{"taxonomy":"product_brand","embeddable":true,"href":"https:\/\/mueble4you.com\/fr\/wp-json\/wp\/v2\/product_brand?post=88465"},{"taxonomy":"product_cat","embeddable":true,"href":"https:\/\/mueble4you.com\/fr\/wp-json\/wp\/v2\/product_cat?post=88465"},{"taxonomy":"product_tag","embeddable":true,"href":"https:\/\/mueble4you.com\/fr\/wp-json\/wp\/v2\/product_tag?post=88465"}],"curies":[{"name":"wp","href":"https:\/\/api.w.org\/{rel}","templated":true}]}}