{"id":88446,"date":"2026-01-22T16:19:09","date_gmt":"2026-01-22T16:19:09","guid":{"rendered":"https:\/\/mueble4you.com\/?post_type=product&#038;p=88446"},"modified":"2026-01-27T15:40:24","modified_gmt":"2026-01-27T15:40:24","slug":"mesa-comedor-lezey-200x100","status":"publish","type":"product","link":"https:\/\/mueble4you.com\/fr\/productos\/mesa-comedor-lezey-200x100\/","title":{"rendered":"Table \u00e0 manger Lezey 200 x 100 cm."},"content":{"rendered":"<ul>\n<li>La table \u00e0 manger Lezey est un chef-d&rsquo;\u0153uvre en marbre et acier.<\/li>\n<li>Sa finition blanche rehauss\u00e9e de touches dor\u00e9es lui conf\u00e8re une \u00e9l\u00e9gance raffin\u00e9e.<\/li>\n<li><span style=\"color: #555555; font-size: 14.4px;\">Cette table ovale en marbre et or est id\u00e9ale pour ceux qui recherchent un meuble \u00e0 la fois convivial et propice aux \u00e9changes autour d&rsquo;un bon repas.<\/span><\/li>\n<li><span style=\"color: #555555; font-size: 14.4px;\">Largeur : 200 cm, Profondeur : 100 cm, Hauteur : 76 cm.<\/span><\/li>\n<\/ul>\n","protected":false},"excerpt":{"rendered":"<p>La table \u00e0 manger Lezey est un chef-d&rsquo;\u0153uvre en marbre et acier. Sa finition blanche rehauss\u00e9e de touches dor\u00e9es lui conf\u00e8re une \u00e9l\u00e9gance raffin\u00e9e. Cette table ovale en marbre et or est id\u00e9ale pour ceux qui recherchent un meuble \u00e0 la fois convivial et propice aux \u00e9changes autour d&rsquo;un bon repas. Largeur : 200 cm, [&#8230;]\n","protected":false},"featured_media":88451,"template":"","meta":[],"product_brand":[],"product_cat":[199,348],"product_tag":[],"class_list":{"0":"post-88446","1":"product","2":"type-product","3":"status-publish","4":"has-post-thumbnail","6":"product_cat-eaters","7":"product_cat-tables","9":"first","10":"instock","11":"shipping-taxable","12":"product-type-simple"},"yoast_head":"<!-- This site is optimized with the Yoast SEO plugin v27.2 - https:\/\/yoast.com\/product\/yoast-seo-wordpress\/ -->\n<title>Table \u00e0 manger Lezey 200 x 100 cm. | mueble4you<\/title>\n<meta name=\"robots\" content=\"index, follow, max-snippet:-1, max-image-preview:large, max-video-preview:-1\" \/>\n<link rel=\"canonical\" href=\"https:\/\/mueble4you.com\/fr\/productos\/mesa-comedor-lezey-200x100\/\" \/>\n<meta property=\"og:locale\" content=\"fr_FR\" \/>\n<meta property=\"og:type\" content=\"article\" \/>\n<meta property=\"og:title\" content=\"Table \u00e0 manger Lezey 200 x 100 cm. | mueble4you\" \/>\n<meta property=\"og:description\" content=\"La table \u00e0 manger Lezey est un chef-d&rsquo;\u0153uvre en marbre et acier. Sa finition blanche rehauss\u00e9e de touches dor\u00e9es lui conf\u00e8re une \u00e9l\u00e9gance raffin\u00e9e. Cette table ovale en marbre et or est id\u00e9ale pour ceux qui recherchent un meuble \u00e0 la fois convivial et propice aux \u00e9changes autour d&rsquo;un bon repas. Largeur : 200 cm, [...]\" \/>\n<meta property=\"og:url\" content=\"https:\/\/mueble4you.com\/fr\/productos\/mesa-comedor-lezey-200x100\/\" \/>\n<meta property=\"og:site_name\" content=\"mueble4you\" \/>\n<meta property=\"article:modified_time\" content=\"2026-01-27T15:40:24+00:00\" \/>\n<meta property=\"og:image\" content=\"https:\/\/mueble4you.com\/wp-content\/uploads\/2026\/01\/mesa-comedor-lezey-vical-26791-44795185.jpg\" \/>\n\t<meta property=\"og:image:width\" content=\"1920\" \/>\n\t<meta property=\"og:image:height\" content=\"1920\" \/>\n\t<meta property=\"og:image:type\" content=\"image\/jpeg\" \/>\n<meta name=\"twitter:card\" content=\"summary_large_image\" \/>\n<script type=\"application\/ld+json\" class=\"yoast-schema-graph\">{\"@context\":\"https:\/\/schema.org\",\"@graph\":[{\"@type\":\"WebPage\",\"@id\":\"https:\/\/mueble4you.com\/fr\/productos\/mesa-comedor-lezey-200x100\/\",\"url\":\"https:\/\/mueble4you.com\/fr\/productos\/mesa-comedor-lezey-200x100\/\",\"name\":\"Table \u00e0 manger Lezey 200 x 100 cm. | mueble4you\",\"isPartOf\":{\"@id\":\"https:\/\/mueble4you.com\/#website\"},\"primaryImageOfPage\":{\"@id\":\"https:\/\/mueble4you.com\/fr\/productos\/mesa-comedor-lezey-200x100\/#primaryimage\"},\"image\":{\"@id\":\"https:\/\/mueble4you.com\/fr\/productos\/mesa-comedor-lezey-200x100\/#primaryimage\"},\"thumbnailUrl\":\"https:\/\/mueble4you.com\/wp-content\/uploads\/2026\/01\/mesa-comedor-lezey-vical-26791-44795185.jpg\",\"datePublished\":\"2026-01-22T16:19:09+00:00\",\"dateModified\":\"2026-01-27T15:40:24+00:00\",\"breadcrumb\":{\"@id\":\"https:\/\/mueble4you.com\/fr\/productos\/mesa-comedor-lezey-200x100\/#breadcrumb\"},\"inLanguage\":\"fr-FR\",\"potentialAction\":[{\"@type\":\"ReadAction\",\"target\":[\"https:\/\/mueble4you.com\/fr\/productos\/mesa-comedor-lezey-200x100\/\"]}]},{\"@type\":\"ImageObject\",\"inLanguage\":\"fr-FR\",\"@id\":\"https:\/\/mueble4you.com\/fr\/productos\/mesa-comedor-lezey-200x100\/#primaryimage\",\"url\":\"https:\/\/mueble4you.com\/wp-content\/uploads\/2026\/01\/mesa-comedor-lezey-vical-26791-44795185.jpg\",\"contentUrl\":\"https:\/\/mueble4you.com\/wp-content\/uploads\/2026\/01\/mesa-comedor-lezey-vical-26791-44795185.jpg\",\"width\":1920,\"height\":1920},{\"@type\":\"BreadcrumbList\",\"@id\":\"https:\/\/mueble4you.com\/fr\/productos\/mesa-comedor-lezey-200x100\/#breadcrumb\",\"itemListElement\":[{\"@type\":\"ListItem\",\"position\":1,\"name\":\"Portada\",\"item\":\"https:\/\/mueble4you.com\/fr\/\"},{\"@type\":\"ListItem\",\"position\":2,\"name\":\"Productos\",\"item\":\"https:\/\/mueble4you.com\/productos\/\"},{\"@type\":\"ListItem\",\"position\":3,\"name\":\"Table \u00e0 manger Lezey 200 x 100 cm.\"}]},{\"@type\":\"WebSite\",\"@id\":\"https:\/\/mueble4you.com\/#website\",\"url\":\"https:\/\/mueble4you.com\/\",\"name\":\"mueble4you\",\"description\":\"Meubles \u00e0 Tenerife\",\"potentialAction\":[{\"@type\":\"SearchAction\",\"target\":{\"@type\":\"EntryPoint\",\"urlTemplate\":\"https:\/\/mueble4you.com\/?s={search_term_string}\"},\"query-input\":{\"@type\":\"PropertyValueSpecification\",\"valueRequired\":true,\"valueName\":\"search_term_string\"}}],\"inLanguage\":\"fr-FR\"}]}<\/script>\n<!-- \/ Yoast SEO plugin. -->","yoast_head_json":{"title":"Table \u00e0 manger Lezey 200 x 100 cm. | mueble4you","robots":{"index":"index","follow":"follow","max-snippet":"max-snippet:-1","max-image-preview":"max-image-preview:large","max-video-preview":"max-video-preview:-1"},"canonical":"https:\/\/mueble4you.com\/fr\/productos\/mesa-comedor-lezey-200x100\/","og_locale":"fr_FR","og_type":"article","og_title":"Table \u00e0 manger Lezey 200 x 100 cm. | mueble4you","og_description":"La table \u00e0 manger Lezey est un chef-d&rsquo;\u0153uvre en marbre et acier. Sa finition blanche rehauss\u00e9e de touches dor\u00e9es lui conf\u00e8re une \u00e9l\u00e9gance raffin\u00e9e. Cette table ovale en marbre et or est id\u00e9ale pour ceux qui recherchent un meuble \u00e0 la fois convivial et propice aux \u00e9changes autour d&rsquo;un bon repas. Largeur : 200 cm, [...]","og_url":"https:\/\/mueble4you.com\/fr\/productos\/mesa-comedor-lezey-200x100\/","og_site_name":"mueble4you","article_modified_time":"2026-01-27T15:40:24+00:00","og_image":[{"width":1920,"height":1920,"url":"https:\/\/mueble4you.com\/wp-content\/uploads\/2026\/01\/mesa-comedor-lezey-vical-26791-44795185.jpg","type":"image\/jpeg"}],"twitter_card":"summary_large_image","schema":{"@context":"https:\/\/schema.org","@graph":[{"@type":"WebPage","@id":"https:\/\/mueble4you.com\/fr\/productos\/mesa-comedor-lezey-200x100\/","url":"https:\/\/mueble4you.com\/fr\/productos\/mesa-comedor-lezey-200x100\/","name":"Table \u00e0 manger Lezey 200 x 100 cm. | mueble4you","isPartOf":{"@id":"https:\/\/mueble4you.com\/#website"},"primaryImageOfPage":{"@id":"https:\/\/mueble4you.com\/fr\/productos\/mesa-comedor-lezey-200x100\/#primaryimage"},"image":{"@id":"https:\/\/mueble4you.com\/fr\/productos\/mesa-comedor-lezey-200x100\/#primaryimage"},"thumbnailUrl":"https:\/\/mueble4you.com\/wp-content\/uploads\/2026\/01\/mesa-comedor-lezey-vical-26791-44795185.jpg","datePublished":"2026-01-22T16:19:09+00:00","dateModified":"2026-01-27T15:40:24+00:00","breadcrumb":{"@id":"https:\/\/mueble4you.com\/fr\/productos\/mesa-comedor-lezey-200x100\/#breadcrumb"},"inLanguage":"fr-FR","potentialAction":[{"@type":"ReadAction","target":["https:\/\/mueble4you.com\/fr\/productos\/mesa-comedor-lezey-200x100\/"]}]},{"@type":"ImageObject","inLanguage":"fr-FR","@id":"https:\/\/mueble4you.com\/fr\/productos\/mesa-comedor-lezey-200x100\/#primaryimage","url":"https:\/\/mueble4you.com\/wp-content\/uploads\/2026\/01\/mesa-comedor-lezey-vical-26791-44795185.jpg","contentUrl":"https:\/\/mueble4you.com\/wp-content\/uploads\/2026\/01\/mesa-comedor-lezey-vical-26791-44795185.jpg","width":1920,"height":1920},{"@type":"BreadcrumbList","@id":"https:\/\/mueble4you.com\/fr\/productos\/mesa-comedor-lezey-200x100\/#breadcrumb","itemListElement":[{"@type":"ListItem","position":1,"name":"Portada","item":"https:\/\/mueble4you.com\/fr\/"},{"@type":"ListItem","position":2,"name":"Productos","item":"https:\/\/mueble4you.com\/productos\/"},{"@type":"ListItem","position":3,"name":"Table \u00e0 manger Lezey 200 x 100 cm."}]},{"@type":"WebSite","@id":"https:\/\/mueble4you.com\/#website","url":"https:\/\/mueble4you.com\/","name":"mueble4you","description":"Meubles \u00e0 Tenerife","potentialAction":[{"@type":"SearchAction","target":{"@type":"EntryPoint","urlTemplate":"https:\/\/mueble4you.com\/?s={search_term_string}"},"query-input":{"@type":"PropertyValueSpecification","valueRequired":true,"valueName":"search_term_string"}}],"inLanguage":"fr-FR"}]}},"_links":{"self":[{"href":"https:\/\/mueble4you.com\/fr\/wp-json\/wp\/v2\/product\/88446","targetHints":{"allow":["GET"]}}],"collection":[{"href":"https:\/\/mueble4you.com\/fr\/wp-json\/wp\/v2\/product"}],"about":[{"href":"https:\/\/mueble4you.com\/fr\/wp-json\/wp\/v2\/types\/product"}],"wp:featuredmedia":[{"embeddable":true,"href":"https:\/\/mueble4you.com\/fr\/wp-json\/wp\/v2\/media\/88451"}],"wp:attachment":[{"href":"https:\/\/mueble4you.com\/fr\/wp-json\/wp\/v2\/media?parent=88446"}],"wp:term":[{"taxonomy":"product_brand","embeddable":true,"href":"https:\/\/mueble4you.com\/fr\/wp-json\/wp\/v2\/product_brand?post=88446"},{"taxonomy":"product_cat","embeddable":true,"href":"https:\/\/mueble4you.com\/fr\/wp-json\/wp\/v2\/product_cat?post=88446"},{"taxonomy":"product_tag","embeddable":true,"href":"https:\/\/mueble4you.com\/fr\/wp-json\/wp\/v2\/product_tag?post=88446"}],"curies":[{"name":"wp","href":"https:\/\/api.w.org\/{rel}","templated":true}]}}