{"id":88427,"date":"2026-01-22T13:27:02","date_gmt":"2026-01-22T13:27:02","guid":{"rendered":"https:\/\/mueble4you.com\/productos\/pack16-cubiertos-bronte-oro-satin-sur4\/"},"modified":"2026-01-27T15:56:55","modified_gmt":"2026-01-27T15:56:55","slug":"pack16-cubiertos-bronte-oro-satin-sur4","status":"publish","type":"product","link":"https:\/\/mueble4you.com\/fr\/productos\/pack16-cubiertos-bronte-oro-satin-sur4\/","title":{"rendered":"M\u00e9nag\u00e8re Bronte Or Satin\u00e9 16 pi\u00e8ces (SUR4)."},"content":{"rendered":"<ul>\n<li>M\u00e9nag\u00e8re 16 pi\u00e8ces.<\/li>\n<li><span style=\"color: #555555; font-size: 14.4px;\">Comprend 4 fourchettes, 4 couteaux, 4 cuill\u00e8res et 4 cuill\u00e8res \u00e0 dessert.<\/span><\/li>\n<li><span style=\"color: #555555; font-size: 14.4px;\">Fabriqu\u00e9e en acier inoxydable (couteau : acier 13\/0 ; fourchette, cuill\u00e8re, cuill\u00e8re \u00e0 dessert : acier 18\/8).<\/span><\/li>\n<li><span style=\"color: #555555; font-size: 14.4px;\">Finition or satin\u00e9. Coloration par d\u00e9p\u00f4t physique en phase vapeur (PVD).<\/span><\/li>\n<li><span style=\"color: #555555; font-size: 14.4px;\">Certifi\u00e9e pour le contact alimentaire. Lavable \u00e0 la main ou au lave-vaisselle. Nous recommandons de s\u00e9cher avec un chiffon doux non abrasif pour \u00e9viter les taches.<\/span><\/li>\n<li><span style=\"color: #555555; font-size: 14.4px;\">De l\u00e9g\u00e8res variations de forme et de couleur peuvent appara\u00eetre en raison de la fabrication artisanale du produit.<\/span><\/li>\n<\/ul>\n","protected":false},"excerpt":{"rendered":"<p>M\u00e9nag\u00e8re 16 pi\u00e8ces. Comprend 4 fourchettes, 4 couteaux, 4 cuill\u00e8res et 4 cuill\u00e8res \u00e0 dessert. Fabriqu\u00e9e en acier inoxydable (couteau : acier 13\/0 ; fourchette, cuill\u00e8re, cuill\u00e8re \u00e0 dessert : acier 18\/8). Finition or satin\u00e9. Coloration par d\u00e9p\u00f4t physique en phase vapeur (PVD). Certifi\u00e9e pour le contact alimentaire. Lavable \u00e0 la main ou au lave-vaisselle. [&#8230;]\n","protected":false},"featured_media":88428,"template":"","meta":[],"product_brand":[],"product_cat":[617,602],"product_tag":[],"class_list":{"0":"post-88427","1":"product","2":"type-product","3":"status-publish","4":"has-post-thumbnail","6":"product_cat-couverts","7":"product_cat-menage","9":"first","10":"instock","11":"shipping-taxable","12":"product-type-simple"},"yoast_head":"<!-- This site is optimized with the Yoast SEO plugin v27.2 - https:\/\/yoast.com\/product\/yoast-seo-wordpress\/ -->\n<title>M\u00e9nag\u00e8re Bronte Or Satin\u00e9 16 pi\u00e8ces (SUR4). | mueble4you<\/title>\n<meta name=\"robots\" content=\"index, follow, max-snippet:-1, max-image-preview:large, max-video-preview:-1\" \/>\n<link rel=\"canonical\" href=\"https:\/\/mueble4you.com\/fr\/productos\/pack16-cubiertos-bronte-oro-satin-sur4\/\" \/>\n<meta property=\"og:locale\" content=\"fr_FR\" \/>\n<meta property=\"og:type\" content=\"article\" \/>\n<meta property=\"og:title\" content=\"M\u00e9nag\u00e8re Bronte Or Satin\u00e9 16 pi\u00e8ces (SUR4). | mueble4you\" \/>\n<meta property=\"og:description\" content=\"M\u00e9nag\u00e8re 16 pi\u00e8ces. Comprend 4 fourchettes, 4 couteaux, 4 cuill\u00e8res et 4 cuill\u00e8res \u00e0 dessert. Fabriqu\u00e9e en acier inoxydable (couteau : acier 13\/0 ; fourchette, cuill\u00e8re, cuill\u00e8re \u00e0 dessert : acier 18\/8). Finition or satin\u00e9. Coloration par d\u00e9p\u00f4t physique en phase vapeur (PVD). Certifi\u00e9e pour le contact alimentaire. Lavable \u00e0 la main ou au lave-vaisselle. [...]\" \/>\n<meta property=\"og:url\" content=\"https:\/\/mueble4you.com\/fr\/productos\/pack16-cubiertos-bronte-oro-satin-sur4\/\" \/>\n<meta property=\"og:site_name\" content=\"mueble4you\" \/>\n<meta property=\"article:modified_time\" content=\"2026-01-27T15:56:55+00:00\" \/>\n<meta property=\"og:image\" content=\"https:\/\/mueble4you.com\/wp-content\/uploads\/2026\/01\/Sin-titulo-7.jpg\" \/>\n\t<meta property=\"og:image:width\" content=\"1414\" \/>\n\t<meta property=\"og:image:height\" content=\"872\" \/>\n\t<meta property=\"og:image:type\" content=\"image\/jpeg\" \/>\n<meta name=\"twitter:card\" content=\"summary_large_image\" \/>\n<script type=\"application\/ld+json\" class=\"yoast-schema-graph\">{\"@context\":\"https:\/\/schema.org\",\"@graph\":[{\"@type\":\"WebPage\",\"@id\":\"https:\/\/mueble4you.com\/fr\/productos\/pack16-cubiertos-bronte-oro-satin-sur4\/\",\"url\":\"https:\/\/mueble4you.com\/fr\/productos\/pack16-cubiertos-bronte-oro-satin-sur4\/\",\"name\":\"M\u00e9nag\u00e8re Bronte Or Satin\u00e9 16 pi\u00e8ces (SUR4). | mueble4you\",\"isPartOf\":{\"@id\":\"https:\/\/mueble4you.com\/#website\"},\"primaryImageOfPage\":{\"@id\":\"https:\/\/mueble4you.com\/fr\/productos\/pack16-cubiertos-bronte-oro-satin-sur4\/#primaryimage\"},\"image\":{\"@id\":\"https:\/\/mueble4you.com\/fr\/productos\/pack16-cubiertos-bronte-oro-satin-sur4\/#primaryimage\"},\"thumbnailUrl\":\"https:\/\/mueble4you.com\/wp-content\/uploads\/2026\/01\/Sin-titulo-7.jpg\",\"datePublished\":\"2026-01-22T13:27:02+00:00\",\"dateModified\":\"2026-01-27T15:56:55+00:00\",\"breadcrumb\":{\"@id\":\"https:\/\/mueble4you.com\/fr\/productos\/pack16-cubiertos-bronte-oro-satin-sur4\/#breadcrumb\"},\"inLanguage\":\"fr-FR\",\"potentialAction\":[{\"@type\":\"ReadAction\",\"target\":[\"https:\/\/mueble4you.com\/fr\/productos\/pack16-cubiertos-bronte-oro-satin-sur4\/\"]}]},{\"@type\":\"ImageObject\",\"inLanguage\":\"fr-FR\",\"@id\":\"https:\/\/mueble4you.com\/fr\/productos\/pack16-cubiertos-bronte-oro-satin-sur4\/#primaryimage\",\"url\":\"https:\/\/mueble4you.com\/wp-content\/uploads\/2026\/01\/Sin-titulo-7.jpg\",\"contentUrl\":\"https:\/\/mueble4you.com\/wp-content\/uploads\/2026\/01\/Sin-titulo-7.jpg\",\"width\":1414,\"height\":872},{\"@type\":\"BreadcrumbList\",\"@id\":\"https:\/\/mueble4you.com\/fr\/productos\/pack16-cubiertos-bronte-oro-satin-sur4\/#breadcrumb\",\"itemListElement\":[{\"@type\":\"ListItem\",\"position\":1,\"name\":\"Portada\",\"item\":\"https:\/\/mueble4you.com\/fr\/\"},{\"@type\":\"ListItem\",\"position\":2,\"name\":\"Productos\",\"item\":\"https:\/\/mueble4you.com\/productos\/\"},{\"@type\":\"ListItem\",\"position\":3,\"name\":\"M\u00e9nag\u00e8re Bronte Or Satin\u00e9 16 pi\u00e8ces (SUR4).\"}]},{\"@type\":\"WebSite\",\"@id\":\"https:\/\/mueble4you.com\/#website\",\"url\":\"https:\/\/mueble4you.com\/\",\"name\":\"mueble4you\",\"description\":\"Meubles \u00e0 Tenerife\",\"potentialAction\":[{\"@type\":\"SearchAction\",\"target\":{\"@type\":\"EntryPoint\",\"urlTemplate\":\"https:\/\/mueble4you.com\/?s={search_term_string}\"},\"query-input\":{\"@type\":\"PropertyValueSpecification\",\"valueRequired\":true,\"valueName\":\"search_term_string\"}}],\"inLanguage\":\"fr-FR\"}]}<\/script>\n<!-- \/ Yoast SEO plugin. -->","yoast_head_json":{"title":"M\u00e9nag\u00e8re Bronte Or Satin\u00e9 16 pi\u00e8ces (SUR4). | mueble4you","robots":{"index":"index","follow":"follow","max-snippet":"max-snippet:-1","max-image-preview":"max-image-preview:large","max-video-preview":"max-video-preview:-1"},"canonical":"https:\/\/mueble4you.com\/fr\/productos\/pack16-cubiertos-bronte-oro-satin-sur4\/","og_locale":"fr_FR","og_type":"article","og_title":"M\u00e9nag\u00e8re Bronte Or Satin\u00e9 16 pi\u00e8ces (SUR4). | mueble4you","og_description":"M\u00e9nag\u00e8re 16 pi\u00e8ces. Comprend 4 fourchettes, 4 couteaux, 4 cuill\u00e8res et 4 cuill\u00e8res \u00e0 dessert. Fabriqu\u00e9e en acier inoxydable (couteau : acier 13\/0 ; fourchette, cuill\u00e8re, cuill\u00e8re \u00e0 dessert : acier 18\/8). Finition or satin\u00e9. Coloration par d\u00e9p\u00f4t physique en phase vapeur (PVD). Certifi\u00e9e pour le contact alimentaire. Lavable \u00e0 la main ou au lave-vaisselle. [...]","og_url":"https:\/\/mueble4you.com\/fr\/productos\/pack16-cubiertos-bronte-oro-satin-sur4\/","og_site_name":"mueble4you","article_modified_time":"2026-01-27T15:56:55+00:00","og_image":[{"width":1414,"height":872,"url":"https:\/\/mueble4you.com\/wp-content\/uploads\/2026\/01\/Sin-titulo-7.jpg","type":"image\/jpeg"}],"twitter_card":"summary_large_image","schema":{"@context":"https:\/\/schema.org","@graph":[{"@type":"WebPage","@id":"https:\/\/mueble4you.com\/fr\/productos\/pack16-cubiertos-bronte-oro-satin-sur4\/","url":"https:\/\/mueble4you.com\/fr\/productos\/pack16-cubiertos-bronte-oro-satin-sur4\/","name":"M\u00e9nag\u00e8re Bronte Or Satin\u00e9 16 pi\u00e8ces (SUR4). | mueble4you","isPartOf":{"@id":"https:\/\/mueble4you.com\/#website"},"primaryImageOfPage":{"@id":"https:\/\/mueble4you.com\/fr\/productos\/pack16-cubiertos-bronte-oro-satin-sur4\/#primaryimage"},"image":{"@id":"https:\/\/mueble4you.com\/fr\/productos\/pack16-cubiertos-bronte-oro-satin-sur4\/#primaryimage"},"thumbnailUrl":"https:\/\/mueble4you.com\/wp-content\/uploads\/2026\/01\/Sin-titulo-7.jpg","datePublished":"2026-01-22T13:27:02+00:00","dateModified":"2026-01-27T15:56:55+00:00","breadcrumb":{"@id":"https:\/\/mueble4you.com\/fr\/productos\/pack16-cubiertos-bronte-oro-satin-sur4\/#breadcrumb"},"inLanguage":"fr-FR","potentialAction":[{"@type":"ReadAction","target":["https:\/\/mueble4you.com\/fr\/productos\/pack16-cubiertos-bronte-oro-satin-sur4\/"]}]},{"@type":"ImageObject","inLanguage":"fr-FR","@id":"https:\/\/mueble4you.com\/fr\/productos\/pack16-cubiertos-bronte-oro-satin-sur4\/#primaryimage","url":"https:\/\/mueble4you.com\/wp-content\/uploads\/2026\/01\/Sin-titulo-7.jpg","contentUrl":"https:\/\/mueble4you.com\/wp-content\/uploads\/2026\/01\/Sin-titulo-7.jpg","width":1414,"height":872},{"@type":"BreadcrumbList","@id":"https:\/\/mueble4you.com\/fr\/productos\/pack16-cubiertos-bronte-oro-satin-sur4\/#breadcrumb","itemListElement":[{"@type":"ListItem","position":1,"name":"Portada","item":"https:\/\/mueble4you.com\/fr\/"},{"@type":"ListItem","position":2,"name":"Productos","item":"https:\/\/mueble4you.com\/productos\/"},{"@type":"ListItem","position":3,"name":"M\u00e9nag\u00e8re Bronte Or Satin\u00e9 16 pi\u00e8ces (SUR4)."}]},{"@type":"WebSite","@id":"https:\/\/mueble4you.com\/#website","url":"https:\/\/mueble4you.com\/","name":"mueble4you","description":"Meubles \u00e0 Tenerife","potentialAction":[{"@type":"SearchAction","target":{"@type":"EntryPoint","urlTemplate":"https:\/\/mueble4you.com\/?s={search_term_string}"},"query-input":{"@type":"PropertyValueSpecification","valueRequired":true,"valueName":"search_term_string"}}],"inLanguage":"fr-FR"}]}},"_links":{"self":[{"href":"https:\/\/mueble4you.com\/fr\/wp-json\/wp\/v2\/product\/88427","targetHints":{"allow":["GET"]}}],"collection":[{"href":"https:\/\/mueble4you.com\/fr\/wp-json\/wp\/v2\/product"}],"about":[{"href":"https:\/\/mueble4you.com\/fr\/wp-json\/wp\/v2\/types\/product"}],"wp:featuredmedia":[{"embeddable":true,"href":"https:\/\/mueble4you.com\/fr\/wp-json\/wp\/v2\/media\/88428"}],"wp:attachment":[{"href":"https:\/\/mueble4you.com\/fr\/wp-json\/wp\/v2\/media?parent=88427"}],"wp:term":[{"taxonomy":"product_brand","embeddable":true,"href":"https:\/\/mueble4you.com\/fr\/wp-json\/wp\/v2\/product_brand?post=88427"},{"taxonomy":"product_cat","embeddable":true,"href":"https:\/\/mueble4you.com\/fr\/wp-json\/wp\/v2\/product_cat?post=88427"},{"taxonomy":"product_tag","embeddable":true,"href":"https:\/\/mueble4you.com\/fr\/wp-json\/wp\/v2\/product_tag?post=88427"}],"curies":[{"name":"wp","href":"https:\/\/api.w.org\/{rel}","templated":true}]}}