{"id":88382,"date":"2026-01-21T13:32:27","date_gmt":"2026-01-21T13:32:27","guid":{"rendered":"https:\/\/mueble4you.com\/productos\/lampara-mesa-led-artika-h36\/"},"modified":"2026-01-30T11:01:42","modified_gmt":"2026-01-30T11:01:42","slug":"lampara-mesa-led-artika-h36","status":"publish","type":"product","link":"https:\/\/mueble4you.com\/fr\/productos\/lampara-mesa-led-artika-h36\/","title":{"rendered":"Lampe de table LED ARTIKA H36."},"content":{"rendered":"<ul>\n<li>Disponible en marron, blanc et noir.<\/li>\n<li>M\u00e9tal et plastique rev\u00eatus de peinture \u00e9poxy.<\/li>\n<li>Lampe LED blanc chaud, batterie rechargeable avec base de chargement en plastique blanc et c\u00e2ble USB blanc de 0,8 m inclus.<\/li>\n<li>Interrupteur tactile marche\/arr\u00eat.<\/li>\n<li>Utilisation int\u00e9rieure et ext\u00e9rieure, indice de protection IP54.<\/li>\n<\/ul>\n","protected":false},"excerpt":{"rendered":"<p>Disponible en marron, blanc et noir. M\u00e9tal et plastique rev\u00eatus de peinture \u00e9poxy. Lampe LED blanc chaud, batterie rechargeable avec base de chargement en plastique blanc et c\u00e2ble USB blanc de 0,8 m inclus. Interrupteur tactile marche\/arr\u00eat. Utilisation int\u00e9rieure et ext\u00e9rieure, indice de protection IP54.<\/p>\n","protected":false},"featured_media":88383,"template":"","meta":[],"product_brand":[],"product_cat":[173,340],"product_tag":[],"class_list":{"0":"post-88382","1":"product","2":"type-product","3":"status-publish","4":"has-post-thumbnail","6":"product_cat-decoration-fr","7":"product_cat-lampes","9":"first","10":"instock","11":"shipping-taxable","12":"product-type-simple"},"yoast_head":"<!-- This site is optimized with the Yoast SEO plugin v27.3 - https:\/\/yoast.com\/product\/yoast-seo-wordpress\/ -->\n<title>Lampe de table LED ARTIKA H36. | mueble4you<\/title>\n<meta name=\"robots\" content=\"index, follow, max-snippet:-1, max-image-preview:large, max-video-preview:-1\" \/>\n<link rel=\"canonical\" href=\"https:\/\/mueble4you.com\/fr\/productos\/lampara-mesa-led-artika-h36\/\" \/>\n<meta property=\"og:locale\" content=\"fr_FR\" \/>\n<meta property=\"og:type\" content=\"article\" \/>\n<meta property=\"og:title\" content=\"Lampe de table LED ARTIKA H36. | mueble4you\" \/>\n<meta property=\"og:description\" content=\"Disponible en marron, blanc et noir. M\u00e9tal et plastique rev\u00eatus de peinture \u00e9poxy. Lampe LED blanc chaud, batterie rechargeable avec base de chargement en plastique blanc et c\u00e2ble USB blanc de 0,8 m inclus. Interrupteur tactile marche\/arr\u00eat. Utilisation int\u00e9rieure et ext\u00e9rieure, indice de protection IP54.\" \/>\n<meta property=\"og:url\" content=\"https:\/\/mueble4you.com\/fr\/productos\/lampara-mesa-led-artika-h36\/\" \/>\n<meta property=\"og:site_name\" content=\"mueble4you\" \/>\n<meta property=\"article:modified_time\" content=\"2026-01-30T11:01:42+00:00\" \/>\n<meta property=\"og:image\" content=\"https:\/\/mueble4you.com\/wp-content\/uploads\/2026\/01\/0827709-pf2_-lampada_tav__led_artika_marrone_h36_1738556064.jpg\" \/>\n\t<meta property=\"og:image:width\" content=\"510\" \/>\n\t<meta property=\"og:image:height\" content=\"800\" \/>\n\t<meta property=\"og:image:type\" content=\"image\/jpeg\" \/>\n<meta name=\"twitter:card\" content=\"summary_large_image\" \/>\n<script type=\"application\/ld+json\" class=\"yoast-schema-graph\">{\"@context\":\"https:\\\/\\\/schema.org\",\"@graph\":[{\"@type\":\"WebPage\",\"@id\":\"https:\\\/\\\/mueble4you.com\\\/fr\\\/productos\\\/lampara-mesa-led-artika-h36\\\/\",\"url\":\"https:\\\/\\\/mueble4you.com\\\/fr\\\/productos\\\/lampara-mesa-led-artika-h36\\\/\",\"name\":\"Lampe de table LED ARTIKA H36. | mueble4you\",\"isPartOf\":{\"@id\":\"https:\\\/\\\/mueble4you.com\\\/#website\"},\"primaryImageOfPage\":{\"@id\":\"https:\\\/\\\/mueble4you.com\\\/fr\\\/productos\\\/lampara-mesa-led-artika-h36\\\/#primaryimage\"},\"image\":{\"@id\":\"https:\\\/\\\/mueble4you.com\\\/fr\\\/productos\\\/lampara-mesa-led-artika-h36\\\/#primaryimage\"},\"thumbnailUrl\":\"https:\\\/\\\/mueble4you.com\\\/wp-content\\\/uploads\\\/2026\\\/01\\\/0827709-pf2_-lampada_tav__led_artika_marrone_h36_1738556064.jpg\",\"datePublished\":\"2026-01-21T13:32:27+00:00\",\"dateModified\":\"2026-01-30T11:01:42+00:00\",\"breadcrumb\":{\"@id\":\"https:\\\/\\\/mueble4you.com\\\/fr\\\/productos\\\/lampara-mesa-led-artika-h36\\\/#breadcrumb\"},\"inLanguage\":\"fr-FR\",\"potentialAction\":[{\"@type\":\"ReadAction\",\"target\":[\"https:\\\/\\\/mueble4you.com\\\/fr\\\/productos\\\/lampara-mesa-led-artika-h36\\\/\"]}]},{\"@type\":\"ImageObject\",\"inLanguage\":\"fr-FR\",\"@id\":\"https:\\\/\\\/mueble4you.com\\\/fr\\\/productos\\\/lampara-mesa-led-artika-h36\\\/#primaryimage\",\"url\":\"https:\\\/\\\/mueble4you.com\\\/wp-content\\\/uploads\\\/2026\\\/01\\\/0827709-pf2_-lampada_tav__led_artika_marrone_h36_1738556064.jpg\",\"contentUrl\":\"https:\\\/\\\/mueble4you.com\\\/wp-content\\\/uploads\\\/2026\\\/01\\\/0827709-pf2_-lampada_tav__led_artika_marrone_h36_1738556064.jpg\",\"width\":510,\"height\":800},{\"@type\":\"BreadcrumbList\",\"@id\":\"https:\\\/\\\/mueble4you.com\\\/fr\\\/productos\\\/lampara-mesa-led-artika-h36\\\/#breadcrumb\",\"itemListElement\":[{\"@type\":\"ListItem\",\"position\":1,\"name\":\"Portada\",\"item\":\"https:\\\/\\\/mueble4you.com\\\/fr\\\/\"},{\"@type\":\"ListItem\",\"position\":2,\"name\":\"Productos\",\"item\":\"https:\\\/\\\/mueble4you.com\\\/productos\\\/\"},{\"@type\":\"ListItem\",\"position\":3,\"name\":\"Lampe de table LED ARTIKA H36.\"}]},{\"@type\":\"WebSite\",\"@id\":\"https:\\\/\\\/mueble4you.com\\\/#website\",\"url\":\"https:\\\/\\\/mueble4you.com\\\/\",\"name\":\"mueble4you\",\"description\":\"Meubles \u00e0 Tenerife\",\"potentialAction\":[{\"@type\":\"SearchAction\",\"target\":{\"@type\":\"EntryPoint\",\"urlTemplate\":\"https:\\\/\\\/mueble4you.com\\\/?s={search_term_string}\"},\"query-input\":{\"@type\":\"PropertyValueSpecification\",\"valueRequired\":true,\"valueName\":\"search_term_string\"}}],\"inLanguage\":\"fr-FR\"}]}<\/script>\n<!-- \/ Yoast SEO plugin. -->","yoast_head_json":{"title":"Lampe de table LED ARTIKA H36. | mueble4you","robots":{"index":"index","follow":"follow","max-snippet":"max-snippet:-1","max-image-preview":"max-image-preview:large","max-video-preview":"max-video-preview:-1"},"canonical":"https:\/\/mueble4you.com\/fr\/productos\/lampara-mesa-led-artika-h36\/","og_locale":"fr_FR","og_type":"article","og_title":"Lampe de table LED ARTIKA H36. | mueble4you","og_description":"Disponible en marron, blanc et noir. M\u00e9tal et plastique rev\u00eatus de peinture \u00e9poxy. Lampe LED blanc chaud, batterie rechargeable avec base de chargement en plastique blanc et c\u00e2ble USB blanc de 0,8 m inclus. Interrupteur tactile marche\/arr\u00eat. Utilisation int\u00e9rieure et ext\u00e9rieure, indice de protection IP54.","og_url":"https:\/\/mueble4you.com\/fr\/productos\/lampara-mesa-led-artika-h36\/","og_site_name":"mueble4you","article_modified_time":"2026-01-30T11:01:42+00:00","og_image":[{"width":510,"height":800,"url":"https:\/\/mueble4you.com\/wp-content\/uploads\/2026\/01\/0827709-pf2_-lampada_tav__led_artika_marrone_h36_1738556064.jpg","type":"image\/jpeg"}],"twitter_card":"summary_large_image","schema":{"@context":"https:\/\/schema.org","@graph":[{"@type":"WebPage","@id":"https:\/\/mueble4you.com\/fr\/productos\/lampara-mesa-led-artika-h36\/","url":"https:\/\/mueble4you.com\/fr\/productos\/lampara-mesa-led-artika-h36\/","name":"Lampe de table LED ARTIKA H36. | mueble4you","isPartOf":{"@id":"https:\/\/mueble4you.com\/#website"},"primaryImageOfPage":{"@id":"https:\/\/mueble4you.com\/fr\/productos\/lampara-mesa-led-artika-h36\/#primaryimage"},"image":{"@id":"https:\/\/mueble4you.com\/fr\/productos\/lampara-mesa-led-artika-h36\/#primaryimage"},"thumbnailUrl":"https:\/\/mueble4you.com\/wp-content\/uploads\/2026\/01\/0827709-pf2_-lampada_tav__led_artika_marrone_h36_1738556064.jpg","datePublished":"2026-01-21T13:32:27+00:00","dateModified":"2026-01-30T11:01:42+00:00","breadcrumb":{"@id":"https:\/\/mueble4you.com\/fr\/productos\/lampara-mesa-led-artika-h36\/#breadcrumb"},"inLanguage":"fr-FR","potentialAction":[{"@type":"ReadAction","target":["https:\/\/mueble4you.com\/fr\/productos\/lampara-mesa-led-artika-h36\/"]}]},{"@type":"ImageObject","inLanguage":"fr-FR","@id":"https:\/\/mueble4you.com\/fr\/productos\/lampara-mesa-led-artika-h36\/#primaryimage","url":"https:\/\/mueble4you.com\/wp-content\/uploads\/2026\/01\/0827709-pf2_-lampada_tav__led_artika_marrone_h36_1738556064.jpg","contentUrl":"https:\/\/mueble4you.com\/wp-content\/uploads\/2026\/01\/0827709-pf2_-lampada_tav__led_artika_marrone_h36_1738556064.jpg","width":510,"height":800},{"@type":"BreadcrumbList","@id":"https:\/\/mueble4you.com\/fr\/productos\/lampara-mesa-led-artika-h36\/#breadcrumb","itemListElement":[{"@type":"ListItem","position":1,"name":"Portada","item":"https:\/\/mueble4you.com\/fr\/"},{"@type":"ListItem","position":2,"name":"Productos","item":"https:\/\/mueble4you.com\/productos\/"},{"@type":"ListItem","position":3,"name":"Lampe de table LED ARTIKA H36."}]},{"@type":"WebSite","@id":"https:\/\/mueble4you.com\/#website","url":"https:\/\/mueble4you.com\/","name":"mueble4you","description":"Meubles \u00e0 Tenerife","potentialAction":[{"@type":"SearchAction","target":{"@type":"EntryPoint","urlTemplate":"https:\/\/mueble4you.com\/?s={search_term_string}"},"query-input":{"@type":"PropertyValueSpecification","valueRequired":true,"valueName":"search_term_string"}}],"inLanguage":"fr-FR"}]}},"_links":{"self":[{"href":"https:\/\/mueble4you.com\/fr\/wp-json\/wp\/v2\/product\/88382","targetHints":{"allow":["GET"]}}],"collection":[{"href":"https:\/\/mueble4you.com\/fr\/wp-json\/wp\/v2\/product"}],"about":[{"href":"https:\/\/mueble4you.com\/fr\/wp-json\/wp\/v2\/types\/product"}],"wp:featuredmedia":[{"embeddable":true,"href":"https:\/\/mueble4you.com\/fr\/wp-json\/wp\/v2\/media\/88383"}],"wp:attachment":[{"href":"https:\/\/mueble4you.com\/fr\/wp-json\/wp\/v2\/media?parent=88382"}],"wp:term":[{"taxonomy":"product_brand","embeddable":true,"href":"https:\/\/mueble4you.com\/fr\/wp-json\/wp\/v2\/product_brand?post=88382"},{"taxonomy":"product_cat","embeddable":true,"href":"https:\/\/mueble4you.com\/fr\/wp-json\/wp\/v2\/product_cat?post=88382"},{"taxonomy":"product_tag","embeddable":true,"href":"https:\/\/mueble4you.com\/fr\/wp-json\/wp\/v2\/product_tag?post=88382"}],"curies":[{"name":"wp","href":"https:\/\/api.w.org\/{rel}","templated":true}]}}