{"id":87928,"date":"2026-01-16T13:22:02","date_gmt":"2026-01-16T13:22:02","guid":{"rendered":"https:\/\/mueble4you.com\/productos\/lampara-sonora-pantalla-terciopelo\/"},"modified":"2026-01-16T13:22:02","modified_gmt":"2026-01-16T13:22:02","slug":"lampara-sonora-pantalla-terciopelo","status":"publish","type":"product","link":"https:\/\/mueble4you.com\/fr\/productos\/lampara-sonora-pantalla-terciopelo\/","title":{"rendered":"Lampara sonora pantalla terciopelo"},"content":{"rendered":"<div class=\"col-md-7 col-xl-6 infos\"><center><\/p>\n<ul>\n<li style=\"text-align: left;\"><span style=\"font-size: 14.4px;\">L\u00e1mpara de mesa Sonora con pantalla de terciopelo azul y base de vidrio texturizado. <\/span><\/li>\n<li style=\"text-align: left;\"><span style=\"font-size: 14.4px;\">Sus generosas dimensiones (35x35x70 cm) la convierten en un elemento decorativo y funcional, ideal para una clientela que busca una atm\u00f3sfera elegante y contempor\u00e1nea.<\/span><\/li>\n<li style=\"text-align: left;\"><span style=\"font-size: 14.4px;\"> Producto robusto y est\u00e9tico, perfecto para enriquecer una gama de iluminaci\u00f3n de alta gama en cat\u00e1logos profesionales.<\/span><\/li>\n<\/ul>\n<p><\/center><\/div>\n","protected":false},"excerpt":{"rendered":"<p>L\u00e1mpara de mesa Sonora con pantalla de terciopelo azul y base de vidrio texturizado. Sus generosas dimensiones (35x35x70 cm) la convierten en un elemento decorativo y funcional, ideal para una clientela que busca una atm\u00f3sfera elegante y contempor\u00e1nea. Producto robusto y est\u00e9tico, perfecto para enriquecer una gama de iluminaci\u00f3n de alta gama en cat\u00e1logos profesionales.<\/p>\n","protected":false},"featured_media":87929,"template":"","meta":[],"product_brand":[],"product_cat":[173,340],"product_tag":[],"class_list":{"0":"post-87928","1":"product","2":"type-product","3":"status-publish","4":"has-post-thumbnail","6":"product_cat-decoration-fr","7":"product_cat-lampes","9":"first","10":"instock","11":"shipping-taxable","12":"product-type-simple"},"yoast_head":"<!-- This site is optimized with the Yoast SEO plugin v27.3 - https:\/\/yoast.com\/product\/yoast-seo-wordpress\/ -->\n<title>Lampara sonora pantalla terciopelo | mueble4you<\/title>\n<meta name=\"robots\" content=\"index, follow, max-snippet:-1, max-image-preview:large, max-video-preview:-1\" \/>\n<link rel=\"canonical\" href=\"https:\/\/mueble4you.com\/fr\/productos\/lampara-sonora-pantalla-terciopelo\/\" \/>\n<meta property=\"og:locale\" content=\"fr_FR\" \/>\n<meta property=\"og:type\" content=\"article\" \/>\n<meta property=\"og:title\" content=\"Lampara sonora pantalla terciopelo | mueble4you\" \/>\n<meta property=\"og:description\" content=\"L\u00e1mpara de mesa Sonora con pantalla de terciopelo azul y base de vidrio texturizado. Sus generosas dimensiones (35x35x70 cm) la convierten en un elemento decorativo y funcional, ideal para una clientela que busca una atm\u00f3sfera elegante y contempor\u00e1nea. Producto robusto y est\u00e9tico, perfecto para enriquecer una gama de iluminaci\u00f3n de alta gama en cat\u00e1logos profesionales.\" \/>\n<meta property=\"og:url\" content=\"https:\/\/mueble4you.com\/fr\/productos\/lampara-sonora-pantalla-terciopelo\/\" \/>\n<meta property=\"og:site_name\" content=\"mueble4you\" \/>\n<meta name=\"twitter:card\" content=\"summary_large_image\" \/>\n<script type=\"application\/ld+json\" class=\"yoast-schema-graph\">{\"@context\":\"https:\\\/\\\/schema.org\",\"@graph\":[{\"@type\":\"WebPage\",\"@id\":\"https:\\\/\\\/mueble4you.com\\\/fr\\\/productos\\\/lampara-sonora-pantalla-terciopelo\\\/\",\"url\":\"https:\\\/\\\/mueble4you.com\\\/fr\\\/productos\\\/lampara-sonora-pantalla-terciopelo\\\/\",\"name\":\"Lampara sonora pantalla terciopelo | mueble4you\",\"isPartOf\":{\"@id\":\"https:\\\/\\\/mueble4you.com\\\/#website\"},\"primaryImageOfPage\":{\"@id\":\"https:\\\/\\\/mueble4you.com\\\/fr\\\/productos\\\/lampara-sonora-pantalla-terciopelo\\\/#primaryimage\"},\"image\":{\"@id\":\"https:\\\/\\\/mueble4you.com\\\/fr\\\/productos\\\/lampara-sonora-pantalla-terciopelo\\\/#primaryimage\"},\"thumbnailUrl\":\"https:\\\/\\\/mueble4you.com\\\/wp-content\\\/uploads\\\/2026\\\/01\\\/170280.jpg\",\"datePublished\":\"2026-01-16T13:22:02+00:00\",\"breadcrumb\":{\"@id\":\"https:\\\/\\\/mueble4you.com\\\/fr\\\/productos\\\/lampara-sonora-pantalla-terciopelo\\\/#breadcrumb\"},\"inLanguage\":\"fr-FR\",\"potentialAction\":[{\"@type\":\"ReadAction\",\"target\":[\"https:\\\/\\\/mueble4you.com\\\/fr\\\/productos\\\/lampara-sonora-pantalla-terciopelo\\\/\"]}]},{\"@type\":\"ImageObject\",\"inLanguage\":\"fr-FR\",\"@id\":\"https:\\\/\\\/mueble4you.com\\\/fr\\\/productos\\\/lampara-sonora-pantalla-terciopelo\\\/#primaryimage\",\"url\":\"https:\\\/\\\/mueble4you.com\\\/wp-content\\\/uploads\\\/2026\\\/01\\\/170280.jpg\",\"contentUrl\":\"https:\\\/\\\/mueble4you.com\\\/wp-content\\\/uploads\\\/2026\\\/01\\\/170280.jpg\",\"width\":2000,\"height\":2000},{\"@type\":\"BreadcrumbList\",\"@id\":\"https:\\\/\\\/mueble4you.com\\\/fr\\\/productos\\\/lampara-sonora-pantalla-terciopelo\\\/#breadcrumb\",\"itemListElement\":[{\"@type\":\"ListItem\",\"position\":1,\"name\":\"Portada\",\"item\":\"https:\\\/\\\/mueble4you.com\\\/fr\\\/\"},{\"@type\":\"ListItem\",\"position\":2,\"name\":\"Productos\",\"item\":\"https:\\\/\\\/mueble4you.com\\\/productos\\\/\"},{\"@type\":\"ListItem\",\"position\":3,\"name\":\"Lampara sonora pantalla terciopelo\"}]},{\"@type\":\"WebSite\",\"@id\":\"https:\\\/\\\/mueble4you.com\\\/#website\",\"url\":\"https:\\\/\\\/mueble4you.com\\\/\",\"name\":\"mueble4you\",\"description\":\"Meubles \u00e0 Tenerife\",\"potentialAction\":[{\"@type\":\"SearchAction\",\"target\":{\"@type\":\"EntryPoint\",\"urlTemplate\":\"https:\\\/\\\/mueble4you.com\\\/?s={search_term_string}\"},\"query-input\":{\"@type\":\"PropertyValueSpecification\",\"valueRequired\":true,\"valueName\":\"search_term_string\"}}],\"inLanguage\":\"fr-FR\"}]}<\/script>\n<!-- \/ Yoast SEO plugin. -->","yoast_head_json":{"title":"Lampara sonora pantalla terciopelo | mueble4you","robots":{"index":"index","follow":"follow","max-snippet":"max-snippet:-1","max-image-preview":"max-image-preview:large","max-video-preview":"max-video-preview:-1"},"canonical":"https:\/\/mueble4you.com\/fr\/productos\/lampara-sonora-pantalla-terciopelo\/","og_locale":"fr_FR","og_type":"article","og_title":"Lampara sonora pantalla terciopelo | mueble4you","og_description":"L\u00e1mpara de mesa Sonora con pantalla de terciopelo azul y base de vidrio texturizado. Sus generosas dimensiones (35x35x70 cm) la convierten en un elemento decorativo y funcional, ideal para una clientela que busca una atm\u00f3sfera elegante y contempor\u00e1nea. Producto robusto y est\u00e9tico, perfecto para enriquecer una gama de iluminaci\u00f3n de alta gama en cat\u00e1logos profesionales.","og_url":"https:\/\/mueble4you.com\/fr\/productos\/lampara-sonora-pantalla-terciopelo\/","og_site_name":"mueble4you","twitter_card":"summary_large_image","schema":{"@context":"https:\/\/schema.org","@graph":[{"@type":"WebPage","@id":"https:\/\/mueble4you.com\/fr\/productos\/lampara-sonora-pantalla-terciopelo\/","url":"https:\/\/mueble4you.com\/fr\/productos\/lampara-sonora-pantalla-terciopelo\/","name":"Lampara sonora pantalla terciopelo | mueble4you","isPartOf":{"@id":"https:\/\/mueble4you.com\/#website"},"primaryImageOfPage":{"@id":"https:\/\/mueble4you.com\/fr\/productos\/lampara-sonora-pantalla-terciopelo\/#primaryimage"},"image":{"@id":"https:\/\/mueble4you.com\/fr\/productos\/lampara-sonora-pantalla-terciopelo\/#primaryimage"},"thumbnailUrl":"https:\/\/mueble4you.com\/wp-content\/uploads\/2026\/01\/170280.jpg","datePublished":"2026-01-16T13:22:02+00:00","breadcrumb":{"@id":"https:\/\/mueble4you.com\/fr\/productos\/lampara-sonora-pantalla-terciopelo\/#breadcrumb"},"inLanguage":"fr-FR","potentialAction":[{"@type":"ReadAction","target":["https:\/\/mueble4you.com\/fr\/productos\/lampara-sonora-pantalla-terciopelo\/"]}]},{"@type":"ImageObject","inLanguage":"fr-FR","@id":"https:\/\/mueble4you.com\/fr\/productos\/lampara-sonora-pantalla-terciopelo\/#primaryimage","url":"https:\/\/mueble4you.com\/wp-content\/uploads\/2026\/01\/170280.jpg","contentUrl":"https:\/\/mueble4you.com\/wp-content\/uploads\/2026\/01\/170280.jpg","width":2000,"height":2000},{"@type":"BreadcrumbList","@id":"https:\/\/mueble4you.com\/fr\/productos\/lampara-sonora-pantalla-terciopelo\/#breadcrumb","itemListElement":[{"@type":"ListItem","position":1,"name":"Portada","item":"https:\/\/mueble4you.com\/fr\/"},{"@type":"ListItem","position":2,"name":"Productos","item":"https:\/\/mueble4you.com\/productos\/"},{"@type":"ListItem","position":3,"name":"Lampara sonora pantalla terciopelo"}]},{"@type":"WebSite","@id":"https:\/\/mueble4you.com\/#website","url":"https:\/\/mueble4you.com\/","name":"mueble4you","description":"Meubles \u00e0 Tenerife","potentialAction":[{"@type":"SearchAction","target":{"@type":"EntryPoint","urlTemplate":"https:\/\/mueble4you.com\/?s={search_term_string}"},"query-input":{"@type":"PropertyValueSpecification","valueRequired":true,"valueName":"search_term_string"}}],"inLanguage":"fr-FR"}]}},"_links":{"self":[{"href":"https:\/\/mueble4you.com\/fr\/wp-json\/wp\/v2\/product\/87928","targetHints":{"allow":["GET"]}}],"collection":[{"href":"https:\/\/mueble4you.com\/fr\/wp-json\/wp\/v2\/product"}],"about":[{"href":"https:\/\/mueble4you.com\/fr\/wp-json\/wp\/v2\/types\/product"}],"wp:featuredmedia":[{"embeddable":true,"href":"https:\/\/mueble4you.com\/fr\/wp-json\/wp\/v2\/media\/87929"}],"wp:attachment":[{"href":"https:\/\/mueble4you.com\/fr\/wp-json\/wp\/v2\/media?parent=87928"}],"wp:term":[{"taxonomy":"product_brand","embeddable":true,"href":"https:\/\/mueble4you.com\/fr\/wp-json\/wp\/v2\/product_brand?post=87928"},{"taxonomy":"product_cat","embeddable":true,"href":"https:\/\/mueble4you.com\/fr\/wp-json\/wp\/v2\/product_cat?post=87928"},{"taxonomy":"product_tag","embeddable":true,"href":"https:\/\/mueble4you.com\/fr\/wp-json\/wp\/v2\/product_tag?post=87928"}],"curies":[{"name":"wp","href":"https:\/\/api.w.org\/{rel}","templated":true}]}}