{"id":87776,"date":"2026-01-16T10:53:21","date_gmt":"2026-01-16T10:53:21","guid":{"rendered":"https:\/\/mueble4you.com\/productos\/sillon-magnum-taupe-blanco\/"},"modified":"2026-01-16T11:34:29","modified_gmt":"2026-01-16T11:34:29","slug":"sillon-magnum-taupe-blanco","status":"publish","type":"product","link":"https:\/\/mueble4you.com\/fr\/productos\/sillon-magnum-taupe-blanco\/","title":{"rendered":"Sillon magnum taupe blanco"},"content":{"rendered":"<ul>\n<li>La silla \u00ab\u00a0Magnum\u00a0\u00bb presenta un dise\u00f1o contempor\u00e1neo, tapizada en un tejido de poli\u00e9ster taupe de alta calidad, con espuma densa para un confort \u00f3ptimo.<\/li>\n<li>Su base giratoria blanca de metal asegura estabilidad y modernidad. Con dimensiones generosas (78x90x100 cm), es adecuada para diversos espacios.<\/li>\n<li>Un producto robusto y elegante, ideal para enriquecer una gama de asientos modernos, combinando confort con un estilo distintivo.<\/li>\n<\/ul>\n","protected":false},"excerpt":{"rendered":"<p>La silla \u00ab\u00a0Magnum\u00a0\u00bb presenta un dise\u00f1o contempor\u00e1neo, tapizada en un tejido de poli\u00e9ster taupe de alta calidad, con espuma densa para un confort \u00f3ptimo. Su base giratoria blanca de metal asegura estabilidad y modernidad. Con dimensiones generosas (78x90x100 cm), es adecuada para diversos espacios. Un producto robusto y elegante, ideal para enriquecer una gama de [&#8230;]\n","protected":false},"featured_media":87777,"template":"","meta":[],"product_brand":[],"product_cat":[364,204],"product_tag":[],"class_list":{"0":"post-87776","1":"product","2":"type-product","3":"status-publish","4":"has-post-thumbnail","6":"product_cat-fauteuil","7":"product_cat-salon","9":"first","10":"instock","11":"shipping-taxable","12":"product-type-simple"},"yoast_head":"<!-- This site is optimized with the Yoast SEO plugin v27.3 - https:\/\/yoast.com\/product\/yoast-seo-wordpress\/ -->\n<title>Sillon magnum taupe blanco | mueble4you<\/title>\n<meta name=\"robots\" content=\"index, follow, max-snippet:-1, max-image-preview:large, max-video-preview:-1\" \/>\n<link rel=\"canonical\" href=\"https:\/\/mueble4you.com\/fr\/productos\/sillon-magnum-taupe-blanco\/\" \/>\n<meta property=\"og:locale\" content=\"fr_FR\" \/>\n<meta property=\"og:type\" content=\"article\" \/>\n<meta property=\"og:title\" content=\"Sillon magnum taupe blanco | mueble4you\" \/>\n<meta property=\"og:description\" content=\"La silla \u00ab\u00a0Magnum\u00a0\u00bb presenta un dise\u00f1o contempor\u00e1neo, tapizada en un tejido de poli\u00e9ster taupe de alta calidad, con espuma densa para un confort \u00f3ptimo. Su base giratoria blanca de metal asegura estabilidad y modernidad. Con dimensiones generosas (78x90x100 cm), es adecuada para diversos espacios. Un producto robusto y elegante, ideal para enriquecer una gama de [...]\" \/>\n<meta property=\"og:url\" content=\"https:\/\/mueble4you.com\/fr\/productos\/sillon-magnum-taupe-blanco\/\" \/>\n<meta property=\"og:site_name\" content=\"mueble4you\" \/>\n<meta property=\"article:modified_time\" content=\"2026-01-16T11:34:29+00:00\" \/>\n<meta property=\"og:image\" content=\"https:\/\/mueble4you.com\/wp-content\/uploads\/2026\/01\/169824.jpg\" \/>\n\t<meta property=\"og:image:width\" content=\"1999\" \/>\n\t<meta property=\"og:image:height\" content=\"1999\" \/>\n\t<meta property=\"og:image:type\" content=\"image\/jpeg\" \/>\n<meta name=\"twitter:card\" content=\"summary_large_image\" \/>\n<script type=\"application\/ld+json\" class=\"yoast-schema-graph\">{\"@context\":\"https:\\\/\\\/schema.org\",\"@graph\":[{\"@type\":\"WebPage\",\"@id\":\"https:\\\/\\\/mueble4you.com\\\/fr\\\/productos\\\/sillon-magnum-taupe-blanco\\\/\",\"url\":\"https:\\\/\\\/mueble4you.com\\\/fr\\\/productos\\\/sillon-magnum-taupe-blanco\\\/\",\"name\":\"Sillon magnum taupe blanco | mueble4you\",\"isPartOf\":{\"@id\":\"https:\\\/\\\/mueble4you.com\\\/#website\"},\"primaryImageOfPage\":{\"@id\":\"https:\\\/\\\/mueble4you.com\\\/fr\\\/productos\\\/sillon-magnum-taupe-blanco\\\/#primaryimage\"},\"image\":{\"@id\":\"https:\\\/\\\/mueble4you.com\\\/fr\\\/productos\\\/sillon-magnum-taupe-blanco\\\/#primaryimage\"},\"thumbnailUrl\":\"https:\\\/\\\/mueble4you.com\\\/wp-content\\\/uploads\\\/2026\\\/01\\\/169824.jpg\",\"datePublished\":\"2026-01-16T10:53:21+00:00\",\"dateModified\":\"2026-01-16T11:34:29+00:00\",\"breadcrumb\":{\"@id\":\"https:\\\/\\\/mueble4you.com\\\/fr\\\/productos\\\/sillon-magnum-taupe-blanco\\\/#breadcrumb\"},\"inLanguage\":\"fr-FR\",\"potentialAction\":[{\"@type\":\"ReadAction\",\"target\":[\"https:\\\/\\\/mueble4you.com\\\/fr\\\/productos\\\/sillon-magnum-taupe-blanco\\\/\"]}]},{\"@type\":\"ImageObject\",\"inLanguage\":\"fr-FR\",\"@id\":\"https:\\\/\\\/mueble4you.com\\\/fr\\\/productos\\\/sillon-magnum-taupe-blanco\\\/#primaryimage\",\"url\":\"https:\\\/\\\/mueble4you.com\\\/wp-content\\\/uploads\\\/2026\\\/01\\\/169824.jpg\",\"contentUrl\":\"https:\\\/\\\/mueble4you.com\\\/wp-content\\\/uploads\\\/2026\\\/01\\\/169824.jpg\",\"width\":1999,\"height\":1999},{\"@type\":\"BreadcrumbList\",\"@id\":\"https:\\\/\\\/mueble4you.com\\\/fr\\\/productos\\\/sillon-magnum-taupe-blanco\\\/#breadcrumb\",\"itemListElement\":[{\"@type\":\"ListItem\",\"position\":1,\"name\":\"Portada\",\"item\":\"https:\\\/\\\/mueble4you.com\\\/fr\\\/\"},{\"@type\":\"ListItem\",\"position\":2,\"name\":\"Productos\",\"item\":\"https:\\\/\\\/mueble4you.com\\\/productos\\\/\"},{\"@type\":\"ListItem\",\"position\":3,\"name\":\"Sillon magnum taupe blanco\"}]},{\"@type\":\"WebSite\",\"@id\":\"https:\\\/\\\/mueble4you.com\\\/#website\",\"url\":\"https:\\\/\\\/mueble4you.com\\\/\",\"name\":\"mueble4you\",\"description\":\"Meubles \u00e0 Tenerife\",\"potentialAction\":[{\"@type\":\"SearchAction\",\"target\":{\"@type\":\"EntryPoint\",\"urlTemplate\":\"https:\\\/\\\/mueble4you.com\\\/?s={search_term_string}\"},\"query-input\":{\"@type\":\"PropertyValueSpecification\",\"valueRequired\":true,\"valueName\":\"search_term_string\"}}],\"inLanguage\":\"fr-FR\"}]}<\/script>\n<!-- \/ Yoast SEO plugin. -->","yoast_head_json":{"title":"Sillon magnum taupe blanco | mueble4you","robots":{"index":"index","follow":"follow","max-snippet":"max-snippet:-1","max-image-preview":"max-image-preview:large","max-video-preview":"max-video-preview:-1"},"canonical":"https:\/\/mueble4you.com\/fr\/productos\/sillon-magnum-taupe-blanco\/","og_locale":"fr_FR","og_type":"article","og_title":"Sillon magnum taupe blanco | mueble4you","og_description":"La silla \u00ab\u00a0Magnum\u00a0\u00bb presenta un dise\u00f1o contempor\u00e1neo, tapizada en un tejido de poli\u00e9ster taupe de alta calidad, con espuma densa para un confort \u00f3ptimo. Su base giratoria blanca de metal asegura estabilidad y modernidad. Con dimensiones generosas (78x90x100 cm), es adecuada para diversos espacios. Un producto robusto y elegante, ideal para enriquecer una gama de [...]","og_url":"https:\/\/mueble4you.com\/fr\/productos\/sillon-magnum-taupe-blanco\/","og_site_name":"mueble4you","article_modified_time":"2026-01-16T11:34:29+00:00","og_image":[{"width":1999,"height":1999,"url":"https:\/\/mueble4you.com\/wp-content\/uploads\/2026\/01\/169824.jpg","type":"image\/jpeg"}],"twitter_card":"summary_large_image","schema":{"@context":"https:\/\/schema.org","@graph":[{"@type":"WebPage","@id":"https:\/\/mueble4you.com\/fr\/productos\/sillon-magnum-taupe-blanco\/","url":"https:\/\/mueble4you.com\/fr\/productos\/sillon-magnum-taupe-blanco\/","name":"Sillon magnum taupe blanco | mueble4you","isPartOf":{"@id":"https:\/\/mueble4you.com\/#website"},"primaryImageOfPage":{"@id":"https:\/\/mueble4you.com\/fr\/productos\/sillon-magnum-taupe-blanco\/#primaryimage"},"image":{"@id":"https:\/\/mueble4you.com\/fr\/productos\/sillon-magnum-taupe-blanco\/#primaryimage"},"thumbnailUrl":"https:\/\/mueble4you.com\/wp-content\/uploads\/2026\/01\/169824.jpg","datePublished":"2026-01-16T10:53:21+00:00","dateModified":"2026-01-16T11:34:29+00:00","breadcrumb":{"@id":"https:\/\/mueble4you.com\/fr\/productos\/sillon-magnum-taupe-blanco\/#breadcrumb"},"inLanguage":"fr-FR","potentialAction":[{"@type":"ReadAction","target":["https:\/\/mueble4you.com\/fr\/productos\/sillon-magnum-taupe-blanco\/"]}]},{"@type":"ImageObject","inLanguage":"fr-FR","@id":"https:\/\/mueble4you.com\/fr\/productos\/sillon-magnum-taupe-blanco\/#primaryimage","url":"https:\/\/mueble4you.com\/wp-content\/uploads\/2026\/01\/169824.jpg","contentUrl":"https:\/\/mueble4you.com\/wp-content\/uploads\/2026\/01\/169824.jpg","width":1999,"height":1999},{"@type":"BreadcrumbList","@id":"https:\/\/mueble4you.com\/fr\/productos\/sillon-magnum-taupe-blanco\/#breadcrumb","itemListElement":[{"@type":"ListItem","position":1,"name":"Portada","item":"https:\/\/mueble4you.com\/fr\/"},{"@type":"ListItem","position":2,"name":"Productos","item":"https:\/\/mueble4you.com\/productos\/"},{"@type":"ListItem","position":3,"name":"Sillon magnum taupe blanco"}]},{"@type":"WebSite","@id":"https:\/\/mueble4you.com\/#website","url":"https:\/\/mueble4you.com\/","name":"mueble4you","description":"Meubles \u00e0 Tenerife","potentialAction":[{"@type":"SearchAction","target":{"@type":"EntryPoint","urlTemplate":"https:\/\/mueble4you.com\/?s={search_term_string}"},"query-input":{"@type":"PropertyValueSpecification","valueRequired":true,"valueName":"search_term_string"}}],"inLanguage":"fr-FR"}]}},"_links":{"self":[{"href":"https:\/\/mueble4you.com\/fr\/wp-json\/wp\/v2\/product\/87776","targetHints":{"allow":["GET"]}}],"collection":[{"href":"https:\/\/mueble4you.com\/fr\/wp-json\/wp\/v2\/product"}],"about":[{"href":"https:\/\/mueble4you.com\/fr\/wp-json\/wp\/v2\/types\/product"}],"wp:featuredmedia":[{"embeddable":true,"href":"https:\/\/mueble4you.com\/fr\/wp-json\/wp\/v2\/media\/87777"}],"wp:attachment":[{"href":"https:\/\/mueble4you.com\/fr\/wp-json\/wp\/v2\/media?parent=87776"}],"wp:term":[{"taxonomy":"product_brand","embeddable":true,"href":"https:\/\/mueble4you.com\/fr\/wp-json\/wp\/v2\/product_brand?post=87776"},{"taxonomy":"product_cat","embeddable":true,"href":"https:\/\/mueble4you.com\/fr\/wp-json\/wp\/v2\/product_cat?post=87776"},{"taxonomy":"product_tag","embeddable":true,"href":"https:\/\/mueble4you.com\/fr\/wp-json\/wp\/v2\/product_tag?post=87776"}],"curies":[{"name":"wp","href":"https:\/\/api.w.org\/{rel}","templated":true}]}}