{"id":87656,"date":"2026-01-15T10:38:32","date_gmt":"2026-01-15T10:38:32","guid":{"rendered":"https:\/\/mueble4you.com\/productos\/espejo-murren\/"},"modified":"2026-01-15T10:38:32","modified_gmt":"2026-01-15T10:38:32","slug":"espejo-murren","status":"publish","type":"product","link":"https:\/\/mueble4you.com\/fr\/productos\/espejo-murren\/","title":{"rendered":"ESPEJO MURREN"},"content":{"rendered":"<ul>\n<li id=\"product_reference\" class=\"description p_empty\">El Espejo Murren de VICAL destaca por su est\u00e9tica art d\u00e9co reinterpretada desde la simplicidad contempor\u00e1nea.<\/li>\n<li class=\"description p_empty\">Su marco de hierro negro y detalles en madera DM generan un contraste elegante y sobrio, ideal para proyectos que requieren piezas potentes sin perder armon\u00eda visual.<\/li>\n<li><b style=\"color: #555555;\">Ancho:<\/b><span style=\"color: #555555;\">\u00a0143cm ,\u00a0<\/span><b style=\"color: #555555;\">Fondo:<\/b><span style=\"color: #555555;\">\u00a02cm ,\u00a0<\/span><b style=\"color: #555555;\">Alto:<\/b><span style=\"color: #555555;\"> 143cm.<\/span><\/li>\n<\/ul>\n","protected":false},"excerpt":{"rendered":"<p>El Espejo Murren de VICAL destaca por su est\u00e9tica art d\u00e9co reinterpretada desde la simplicidad contempor\u00e1nea. Su marco de hierro negro y detalles en madera DM generan un contraste elegante y sobrio, ideal para proyectos que requieren piezas potentes sin perder armon\u00eda visual. Ancho:\u00a0143cm ,\u00a0Fondo:\u00a02cm ,\u00a0Alto: 143cm.<\/p>\n","protected":false},"featured_media":87657,"template":"","meta":[],"product_brand":[],"product_cat":[173,336],"product_tag":[],"class_list":{"0":"post-87656","1":"product","2":"type-product","3":"status-publish","4":"has-post-thumbnail","6":"product_cat-decoration-fr","7":"product_cat-miroirs","9":"first","10":"instock","11":"shipping-taxable","12":"product-type-simple"},"yoast_head":"<!-- This site is optimized with the Yoast SEO plugin v27.2 - https:\/\/yoast.com\/product\/yoast-seo-wordpress\/ -->\n<title>ESPEJO MURREN | mueble4you<\/title>\n<meta name=\"robots\" content=\"index, follow, max-snippet:-1, max-image-preview:large, max-video-preview:-1\" \/>\n<link rel=\"canonical\" href=\"https:\/\/mueble4you.com\/fr\/productos\/espejo-murren\/\" \/>\n<meta property=\"og:locale\" content=\"fr_FR\" \/>\n<meta property=\"og:type\" content=\"article\" \/>\n<meta property=\"og:title\" content=\"ESPEJO MURREN | mueble4you\" \/>\n<meta property=\"og:description\" content=\"El Espejo Murren de VICAL destaca por su est\u00e9tica art d\u00e9co reinterpretada desde la simplicidad contempor\u00e1nea. Su marco de hierro negro y detalles en madera DM generan un contraste elegante y sobrio, ideal para proyectos que requieren piezas potentes sin perder armon\u00eda visual. Ancho:\u00a0143cm ,\u00a0Fondo:\u00a02cm ,\u00a0Alto: 143cm.\" \/>\n<meta property=\"og:url\" content=\"https:\/\/mueble4you.com\/fr\/productos\/espejo-murren\/\" \/>\n<meta property=\"og:site_name\" content=\"mueble4you\" \/>\n<meta name=\"twitter:card\" content=\"summary_large_image\" \/>\n<script type=\"application\/ld+json\" class=\"yoast-schema-graph\">{\"@context\":\"https:\/\/schema.org\",\"@graph\":[{\"@type\":\"WebPage\",\"@id\":\"https:\/\/mueble4you.com\/fr\/productos\/espejo-murren\/\",\"url\":\"https:\/\/mueble4you.com\/fr\/productos\/espejo-murren\/\",\"name\":\"ESPEJO MURREN | mueble4you\",\"isPartOf\":{\"@id\":\"https:\/\/mueble4you.com\/#website\"},\"primaryImageOfPage\":{\"@id\":\"https:\/\/mueble4you.com\/fr\/productos\/espejo-murren\/#primaryimage\"},\"image\":{\"@id\":\"https:\/\/mueble4you.com\/fr\/productos\/espejo-murren\/#primaryimage\"},\"thumbnailUrl\":\"https:\/\/mueble4you.com\/wp-content\/uploads\/2026\/01\/espejo-murren-vical-37526-44611723.jpg\",\"datePublished\":\"2026-01-15T10:38:32+00:00\",\"breadcrumb\":{\"@id\":\"https:\/\/mueble4you.com\/fr\/productos\/espejo-murren\/#breadcrumb\"},\"inLanguage\":\"fr-FR\",\"potentialAction\":[{\"@type\":\"ReadAction\",\"target\":[\"https:\/\/mueble4you.com\/fr\/productos\/espejo-murren\/\"]}]},{\"@type\":\"ImageObject\",\"inLanguage\":\"fr-FR\",\"@id\":\"https:\/\/mueble4you.com\/fr\/productos\/espejo-murren\/#primaryimage\",\"url\":\"https:\/\/mueble4you.com\/wp-content\/uploads\/2026\/01\/espejo-murren-vical-37526-44611723.jpg\",\"contentUrl\":\"https:\/\/mueble4you.com\/wp-content\/uploads\/2026\/01\/espejo-murren-vical-37526-44611723.jpg\",\"width\":1920,\"height\":1920},{\"@type\":\"BreadcrumbList\",\"@id\":\"https:\/\/mueble4you.com\/fr\/productos\/espejo-murren\/#breadcrumb\",\"itemListElement\":[{\"@type\":\"ListItem\",\"position\":1,\"name\":\"Portada\",\"item\":\"https:\/\/mueble4you.com\/fr\/\"},{\"@type\":\"ListItem\",\"position\":2,\"name\":\"Productos\",\"item\":\"https:\/\/mueble4you.com\/productos\/\"},{\"@type\":\"ListItem\",\"position\":3,\"name\":\"ESPEJO MURREN\"}]},{\"@type\":\"WebSite\",\"@id\":\"https:\/\/mueble4you.com\/#website\",\"url\":\"https:\/\/mueble4you.com\/\",\"name\":\"mueble4you\",\"description\":\"Meubles \u00e0 Tenerife\",\"potentialAction\":[{\"@type\":\"SearchAction\",\"target\":{\"@type\":\"EntryPoint\",\"urlTemplate\":\"https:\/\/mueble4you.com\/?s={search_term_string}\"},\"query-input\":{\"@type\":\"PropertyValueSpecification\",\"valueRequired\":true,\"valueName\":\"search_term_string\"}}],\"inLanguage\":\"fr-FR\"}]}<\/script>\n<!-- \/ Yoast SEO plugin. -->","yoast_head_json":{"title":"ESPEJO MURREN | mueble4you","robots":{"index":"index","follow":"follow","max-snippet":"max-snippet:-1","max-image-preview":"max-image-preview:large","max-video-preview":"max-video-preview:-1"},"canonical":"https:\/\/mueble4you.com\/fr\/productos\/espejo-murren\/","og_locale":"fr_FR","og_type":"article","og_title":"ESPEJO MURREN | mueble4you","og_description":"El Espejo Murren de VICAL destaca por su est\u00e9tica art d\u00e9co reinterpretada desde la simplicidad contempor\u00e1nea. Su marco de hierro negro y detalles en madera DM generan un contraste elegante y sobrio, ideal para proyectos que requieren piezas potentes sin perder armon\u00eda visual. Ancho:\u00a0143cm ,\u00a0Fondo:\u00a02cm ,\u00a0Alto: 143cm.","og_url":"https:\/\/mueble4you.com\/fr\/productos\/espejo-murren\/","og_site_name":"mueble4you","twitter_card":"summary_large_image","schema":{"@context":"https:\/\/schema.org","@graph":[{"@type":"WebPage","@id":"https:\/\/mueble4you.com\/fr\/productos\/espejo-murren\/","url":"https:\/\/mueble4you.com\/fr\/productos\/espejo-murren\/","name":"ESPEJO MURREN | mueble4you","isPartOf":{"@id":"https:\/\/mueble4you.com\/#website"},"primaryImageOfPage":{"@id":"https:\/\/mueble4you.com\/fr\/productos\/espejo-murren\/#primaryimage"},"image":{"@id":"https:\/\/mueble4you.com\/fr\/productos\/espejo-murren\/#primaryimage"},"thumbnailUrl":"https:\/\/mueble4you.com\/wp-content\/uploads\/2026\/01\/espejo-murren-vical-37526-44611723.jpg","datePublished":"2026-01-15T10:38:32+00:00","breadcrumb":{"@id":"https:\/\/mueble4you.com\/fr\/productos\/espejo-murren\/#breadcrumb"},"inLanguage":"fr-FR","potentialAction":[{"@type":"ReadAction","target":["https:\/\/mueble4you.com\/fr\/productos\/espejo-murren\/"]}]},{"@type":"ImageObject","inLanguage":"fr-FR","@id":"https:\/\/mueble4you.com\/fr\/productos\/espejo-murren\/#primaryimage","url":"https:\/\/mueble4you.com\/wp-content\/uploads\/2026\/01\/espejo-murren-vical-37526-44611723.jpg","contentUrl":"https:\/\/mueble4you.com\/wp-content\/uploads\/2026\/01\/espejo-murren-vical-37526-44611723.jpg","width":1920,"height":1920},{"@type":"BreadcrumbList","@id":"https:\/\/mueble4you.com\/fr\/productos\/espejo-murren\/#breadcrumb","itemListElement":[{"@type":"ListItem","position":1,"name":"Portada","item":"https:\/\/mueble4you.com\/fr\/"},{"@type":"ListItem","position":2,"name":"Productos","item":"https:\/\/mueble4you.com\/productos\/"},{"@type":"ListItem","position":3,"name":"ESPEJO MURREN"}]},{"@type":"WebSite","@id":"https:\/\/mueble4you.com\/#website","url":"https:\/\/mueble4you.com\/","name":"mueble4you","description":"Meubles \u00e0 Tenerife","potentialAction":[{"@type":"SearchAction","target":{"@type":"EntryPoint","urlTemplate":"https:\/\/mueble4you.com\/?s={search_term_string}"},"query-input":{"@type":"PropertyValueSpecification","valueRequired":true,"valueName":"search_term_string"}}],"inLanguage":"fr-FR"}]}},"_links":{"self":[{"href":"https:\/\/mueble4you.com\/fr\/wp-json\/wp\/v2\/product\/87656","targetHints":{"allow":["GET"]}}],"collection":[{"href":"https:\/\/mueble4you.com\/fr\/wp-json\/wp\/v2\/product"}],"about":[{"href":"https:\/\/mueble4you.com\/fr\/wp-json\/wp\/v2\/types\/product"}],"wp:featuredmedia":[{"embeddable":true,"href":"https:\/\/mueble4you.com\/fr\/wp-json\/wp\/v2\/media\/87657"}],"wp:attachment":[{"href":"https:\/\/mueble4you.com\/fr\/wp-json\/wp\/v2\/media?parent=87656"}],"wp:term":[{"taxonomy":"product_brand","embeddable":true,"href":"https:\/\/mueble4you.com\/fr\/wp-json\/wp\/v2\/product_brand?post=87656"},{"taxonomy":"product_cat","embeddable":true,"href":"https:\/\/mueble4you.com\/fr\/wp-json\/wp\/v2\/product_cat?post=87656"},{"taxonomy":"product_tag","embeddable":true,"href":"https:\/\/mueble4you.com\/fr\/wp-json\/wp\/v2\/product_tag?post=87656"}],"curies":[{"name":"wp","href":"https:\/\/api.w.org\/{rel}","templated":true}]}}