{"id":87531,"date":"2026-01-14T12:21:42","date_gmt":"2026-01-14T12:21:42","guid":{"rendered":"https:\/\/mueble4you.com\/productos\/baul-p-coj-c-ruedas-ocean-seda-m\/"},"modified":"2026-01-14T12:21:42","modified_gmt":"2026-01-14T12:21:42","slug":"baul-p-coj-c-ruedas-ocean-seda-m","status":"publish","type":"product","link":"https:\/\/mueble4you.com\/fr\/productos\/baul-p-coj-c-ruedas-ocean-seda-m\/","title":{"rendered":"BA\u00daL P-COJ C-RUEDAS OCEAN SEDA M"},"content":{"rendered":"<ul>\n<li>ESTRUCTURA DE ALUMINIO BARNIZADO CON POLVO (POLI\u00c9STER).<\/li>\n<li>PANELES DE ACERO GALVANIZADO.<\/li>\n<li>RUEDAS DE PL\u00c1STICO CON SISTEMA DE BLOQUEO.<\/li>\n<li>TIRADOR DE ALUMINIO CON APLICACI\u00d3N DE FILM DE PVC (HOJA LAMINADA DE ALTA TECNOLOG\u00cdA) IMPRESA EN 3D CON EFECTO MADERA VETEADA.<\/li>\n<li>APERTURA FACILITADA CON DOS PISTONES DE GAS.<\/li>\n<li>TORNILLOS Y BISAGRAS DE ACERO INOXIDABLE.<\/li>\n<\/ul>\n","protected":false},"excerpt":{"rendered":"<p>ESTRUCTURA DE ALUMINIO BARNIZADO CON POLVO (POLI\u00c9STER). PANELES DE ACERO GALVANIZADO. RUEDAS DE PL\u00c1STICO CON SISTEMA DE BLOQUEO. TIRADOR DE ALUMINIO CON APLICACI\u00d3N DE FILM DE PVC (HOJA LAMINADA DE ALTA TECNOLOG\u00cdA) IMPRESA EN 3D CON EFECTO MADERA VETEADA. APERTURA FACILITADA CON DOS PISTONES DE GAS. TORNILLOS Y BISAGRAS DE ACERO INOXIDABLE.<\/p>\n","protected":false},"featured_media":87532,"template":"","meta":[],"product_brand":[],"product_cat":[421,304],"product_tag":[],"class_list":{"0":"post-87531","1":"product","2":"type-product","3":"status-publish","4":"has-post-thumbnail","6":"product_cat-accessoires","7":"product_cat-jardin-et-exterieur","9":"first","10":"instock","11":"shipping-taxable","12":"product-type-simple"},"yoast_head":"<!-- This site is optimized with the Yoast SEO plugin v27.2 - https:\/\/yoast.com\/product\/yoast-seo-wordpress\/ -->\n<title>BA\u00daL P-COJ C-RUEDAS OCEAN SEDA M | mueble4you<\/title>\n<meta name=\"robots\" content=\"index, follow, max-snippet:-1, max-image-preview:large, max-video-preview:-1\" \/>\n<link rel=\"canonical\" href=\"https:\/\/mueble4you.com\/fr\/productos\/baul-p-coj-c-ruedas-ocean-seda-m\/\" \/>\n<meta property=\"og:locale\" content=\"fr_FR\" \/>\n<meta property=\"og:type\" content=\"article\" \/>\n<meta property=\"og:title\" content=\"BA\u00daL P-COJ C-RUEDAS OCEAN SEDA M | mueble4you\" \/>\n<meta property=\"og:description\" content=\"ESTRUCTURA DE ALUMINIO BARNIZADO CON POLVO (POLI\u00c9STER). PANELES DE ACERO GALVANIZADO. RUEDAS DE PL\u00c1STICO CON SISTEMA DE BLOQUEO. TIRADOR DE ALUMINIO CON APLICACI\u00d3N DE FILM DE PVC (HOJA LAMINADA DE ALTA TECNOLOG\u00cdA) IMPRESA EN 3D CON EFECTO MADERA VETEADA. APERTURA FACILITADA CON DOS PISTONES DE GAS. TORNILLOS Y BISAGRAS DE ACERO INOXIDABLE.\" \/>\n<meta property=\"og:url\" content=\"https:\/\/mueble4you.com\/fr\/productos\/baul-p-coj-c-ruedas-ocean-seda-m\/\" \/>\n<meta property=\"og:site_name\" content=\"mueble4you\" \/>\n<meta name=\"twitter:card\" content=\"summary_large_image\" \/>\n<script type=\"application\/ld+json\" class=\"yoast-schema-graph\">{\"@context\":\"https:\/\/schema.org\",\"@graph\":[{\"@type\":\"WebPage\",\"@id\":\"https:\/\/mueble4you.com\/fr\/productos\/baul-p-coj-c-ruedas-ocean-seda-m\/\",\"url\":\"https:\/\/mueble4you.com\/fr\/productos\/baul-p-coj-c-ruedas-ocean-seda-m\/\",\"name\":\"BA\u00daL P-COJ C-RUEDAS OCEAN SEDA M | mueble4you\",\"isPartOf\":{\"@id\":\"https:\/\/mueble4you.com\/#website\"},\"primaryImageOfPage\":{\"@id\":\"https:\/\/mueble4you.com\/fr\/productos\/baul-p-coj-c-ruedas-ocean-seda-m\/#primaryimage\"},\"image\":{\"@id\":\"https:\/\/mueble4you.com\/fr\/productos\/baul-p-coj-c-ruedas-ocean-seda-m\/#primaryimage\"},\"thumbnailUrl\":\"https:\/\/mueble4you.com\/wp-content\/uploads\/2026\/01\/0663578_-baule_p_cusc__c_ruote_ocean_seta_1738556482.jpg\",\"datePublished\":\"2026-01-14T12:21:42+00:00\",\"breadcrumb\":{\"@id\":\"https:\/\/mueble4you.com\/fr\/productos\/baul-p-coj-c-ruedas-ocean-seda-m\/#breadcrumb\"},\"inLanguage\":\"fr-FR\",\"potentialAction\":[{\"@type\":\"ReadAction\",\"target\":[\"https:\/\/mueble4you.com\/fr\/productos\/baul-p-coj-c-ruedas-ocean-seda-m\/\"]}]},{\"@type\":\"ImageObject\",\"inLanguage\":\"fr-FR\",\"@id\":\"https:\/\/mueble4you.com\/fr\/productos\/baul-p-coj-c-ruedas-ocean-seda-m\/#primaryimage\",\"url\":\"https:\/\/mueble4you.com\/wp-content\/uploads\/2026\/01\/0663578_-baule_p_cusc__c_ruote_ocean_seta_1738556482.jpg\",\"contentUrl\":\"https:\/\/mueble4you.com\/wp-content\/uploads\/2026\/01\/0663578_-baule_p_cusc__c_ruote_ocean_seta_1738556482.jpg\",\"width\":1325,\"height\":800},{\"@type\":\"BreadcrumbList\",\"@id\":\"https:\/\/mueble4you.com\/fr\/productos\/baul-p-coj-c-ruedas-ocean-seda-m\/#breadcrumb\",\"itemListElement\":[{\"@type\":\"ListItem\",\"position\":1,\"name\":\"Portada\",\"item\":\"https:\/\/mueble4you.com\/fr\/\"},{\"@type\":\"ListItem\",\"position\":2,\"name\":\"Productos\",\"item\":\"https:\/\/mueble4you.com\/productos\/\"},{\"@type\":\"ListItem\",\"position\":3,\"name\":\"BA\u00daL P-COJ C-RUEDAS OCEAN SEDA M\"}]},{\"@type\":\"WebSite\",\"@id\":\"https:\/\/mueble4you.com\/#website\",\"url\":\"https:\/\/mueble4you.com\/\",\"name\":\"mueble4you\",\"description\":\"Meubles \u00e0 Tenerife\",\"potentialAction\":[{\"@type\":\"SearchAction\",\"target\":{\"@type\":\"EntryPoint\",\"urlTemplate\":\"https:\/\/mueble4you.com\/?s={search_term_string}\"},\"query-input\":{\"@type\":\"PropertyValueSpecification\",\"valueRequired\":true,\"valueName\":\"search_term_string\"}}],\"inLanguage\":\"fr-FR\"}]}<\/script>\n<!-- \/ Yoast SEO plugin. -->","yoast_head_json":{"title":"BA\u00daL P-COJ C-RUEDAS OCEAN SEDA M | mueble4you","robots":{"index":"index","follow":"follow","max-snippet":"max-snippet:-1","max-image-preview":"max-image-preview:large","max-video-preview":"max-video-preview:-1"},"canonical":"https:\/\/mueble4you.com\/fr\/productos\/baul-p-coj-c-ruedas-ocean-seda-m\/","og_locale":"fr_FR","og_type":"article","og_title":"BA\u00daL P-COJ C-RUEDAS OCEAN SEDA M | mueble4you","og_description":"ESTRUCTURA DE ALUMINIO BARNIZADO CON POLVO (POLI\u00c9STER). PANELES DE ACERO GALVANIZADO. RUEDAS DE PL\u00c1STICO CON SISTEMA DE BLOQUEO. TIRADOR DE ALUMINIO CON APLICACI\u00d3N DE FILM DE PVC (HOJA LAMINADA DE ALTA TECNOLOG\u00cdA) IMPRESA EN 3D CON EFECTO MADERA VETEADA. APERTURA FACILITADA CON DOS PISTONES DE GAS. TORNILLOS Y BISAGRAS DE ACERO INOXIDABLE.","og_url":"https:\/\/mueble4you.com\/fr\/productos\/baul-p-coj-c-ruedas-ocean-seda-m\/","og_site_name":"mueble4you","twitter_card":"summary_large_image","schema":{"@context":"https:\/\/schema.org","@graph":[{"@type":"WebPage","@id":"https:\/\/mueble4you.com\/fr\/productos\/baul-p-coj-c-ruedas-ocean-seda-m\/","url":"https:\/\/mueble4you.com\/fr\/productos\/baul-p-coj-c-ruedas-ocean-seda-m\/","name":"BA\u00daL P-COJ C-RUEDAS OCEAN SEDA M | mueble4you","isPartOf":{"@id":"https:\/\/mueble4you.com\/#website"},"primaryImageOfPage":{"@id":"https:\/\/mueble4you.com\/fr\/productos\/baul-p-coj-c-ruedas-ocean-seda-m\/#primaryimage"},"image":{"@id":"https:\/\/mueble4you.com\/fr\/productos\/baul-p-coj-c-ruedas-ocean-seda-m\/#primaryimage"},"thumbnailUrl":"https:\/\/mueble4you.com\/wp-content\/uploads\/2026\/01\/0663578_-baule_p_cusc__c_ruote_ocean_seta_1738556482.jpg","datePublished":"2026-01-14T12:21:42+00:00","breadcrumb":{"@id":"https:\/\/mueble4you.com\/fr\/productos\/baul-p-coj-c-ruedas-ocean-seda-m\/#breadcrumb"},"inLanguage":"fr-FR","potentialAction":[{"@type":"ReadAction","target":["https:\/\/mueble4you.com\/fr\/productos\/baul-p-coj-c-ruedas-ocean-seda-m\/"]}]},{"@type":"ImageObject","inLanguage":"fr-FR","@id":"https:\/\/mueble4you.com\/fr\/productos\/baul-p-coj-c-ruedas-ocean-seda-m\/#primaryimage","url":"https:\/\/mueble4you.com\/wp-content\/uploads\/2026\/01\/0663578_-baule_p_cusc__c_ruote_ocean_seta_1738556482.jpg","contentUrl":"https:\/\/mueble4you.com\/wp-content\/uploads\/2026\/01\/0663578_-baule_p_cusc__c_ruote_ocean_seta_1738556482.jpg","width":1325,"height":800},{"@type":"BreadcrumbList","@id":"https:\/\/mueble4you.com\/fr\/productos\/baul-p-coj-c-ruedas-ocean-seda-m\/#breadcrumb","itemListElement":[{"@type":"ListItem","position":1,"name":"Portada","item":"https:\/\/mueble4you.com\/fr\/"},{"@type":"ListItem","position":2,"name":"Productos","item":"https:\/\/mueble4you.com\/productos\/"},{"@type":"ListItem","position":3,"name":"BA\u00daL P-COJ C-RUEDAS OCEAN SEDA M"}]},{"@type":"WebSite","@id":"https:\/\/mueble4you.com\/#website","url":"https:\/\/mueble4you.com\/","name":"mueble4you","description":"Meubles \u00e0 Tenerife","potentialAction":[{"@type":"SearchAction","target":{"@type":"EntryPoint","urlTemplate":"https:\/\/mueble4you.com\/?s={search_term_string}"},"query-input":{"@type":"PropertyValueSpecification","valueRequired":true,"valueName":"search_term_string"}}],"inLanguage":"fr-FR"}]}},"_links":{"self":[{"href":"https:\/\/mueble4you.com\/fr\/wp-json\/wp\/v2\/product\/87531","targetHints":{"allow":["GET"]}}],"collection":[{"href":"https:\/\/mueble4you.com\/fr\/wp-json\/wp\/v2\/product"}],"about":[{"href":"https:\/\/mueble4you.com\/fr\/wp-json\/wp\/v2\/types\/product"}],"wp:featuredmedia":[{"embeddable":true,"href":"https:\/\/mueble4you.com\/fr\/wp-json\/wp\/v2\/media\/87532"}],"wp:attachment":[{"href":"https:\/\/mueble4you.com\/fr\/wp-json\/wp\/v2\/media?parent=87531"}],"wp:term":[{"taxonomy":"product_brand","embeddable":true,"href":"https:\/\/mueble4you.com\/fr\/wp-json\/wp\/v2\/product_brand?post=87531"},{"taxonomy":"product_cat","embeddable":true,"href":"https:\/\/mueble4you.com\/fr\/wp-json\/wp\/v2\/product_cat?post=87531"},{"taxonomy":"product_tag","embeddable":true,"href":"https:\/\/mueble4you.com\/fr\/wp-json\/wp\/v2\/product_tag?post=87531"}],"curies":[{"name":"wp","href":"https:\/\/api.w.org\/{rel}","templated":true}]}}