{"id":87361,"date":"2026-01-13T12:44:48","date_gmt":"2026-01-13T12:44:48","guid":{"rendered":"https:\/\/mueble4you.com\/productos\/jarron-gatsby-brique-h66\/"},"modified":"2026-01-13T12:44:48","modified_gmt":"2026-01-13T12:44:48","slug":"jarron-gatsby-brique-h66","status":"publish","type":"product","link":"https:\/\/mueble4you.com\/fr\/productos\/jarron-gatsby-brique-h66\/","title":{"rendered":"Jarron gatsby brique h66"},"content":{"rendered":"<ul>\n<li>Jarr\u00f3n decorativo de metal lacado en color ladrillo, con un dise\u00f1o contempor\u00e1neo y minimalista.<\/li>\n<li>Su forma original, con un cuerpo esf\u00e9rico y una base c\u00f3nica, ofrece una silueta \u00fanica, ideal para enriquecer una colecci\u00f3n de jarrones modernos.<\/li>\n<li>Dimensiones generosas (H66 cm) adecuadas para una clientela que busca piezas audaces y a la moda. Ligero y robusto, se integra f\u00e1cilmente en diversos estilos decorativos.<\/li>\n<\/ul>\n","protected":false},"excerpt":{"rendered":"<p>Jarr\u00f3n decorativo de metal lacado en color ladrillo, con un dise\u00f1o contempor\u00e1neo y minimalista. Su forma original, con un cuerpo esf\u00e9rico y una base c\u00f3nica, ofrece una silueta \u00fanica, ideal para enriquecer una colecci\u00f3n de jarrones modernos. Dimensiones generosas (H66 cm) adecuadas para una clientela que busca piezas audaces y a la moda. Ligero y [&#8230;]\n","protected":false},"featured_media":87362,"template":"","meta":[],"product_brand":[],"product_cat":[173,344],"product_tag":[],"class_list":{"0":"post-87361","1":"product","2":"type-product","3":"status-publish","4":"has-post-thumbnail","6":"product_cat-decoration-fr","7":"product_cat-vases-fr","9":"first","10":"instock","11":"shipping-taxable","12":"product-type-simple"},"yoast_head":"<!-- This site is optimized with the Yoast SEO plugin v27.2 - https:\/\/yoast.com\/product\/yoast-seo-wordpress\/ -->\n<title>Jarron gatsby brique h66 | mueble4you<\/title>\n<meta name=\"robots\" content=\"index, follow, max-snippet:-1, max-image-preview:large, max-video-preview:-1\" \/>\n<link rel=\"canonical\" href=\"https:\/\/mueble4you.com\/fr\/productos\/jarron-gatsby-brique-h66\/\" \/>\n<meta property=\"og:locale\" content=\"fr_FR\" \/>\n<meta property=\"og:type\" content=\"article\" \/>\n<meta property=\"og:title\" content=\"Jarron gatsby brique h66 | mueble4you\" \/>\n<meta property=\"og:description\" content=\"Jarr\u00f3n decorativo de metal lacado en color ladrillo, con un dise\u00f1o contempor\u00e1neo y minimalista. Su forma original, con un cuerpo esf\u00e9rico y una base c\u00f3nica, ofrece una silueta \u00fanica, ideal para enriquecer una colecci\u00f3n de jarrones modernos. Dimensiones generosas (H66 cm) adecuadas para una clientela que busca piezas audaces y a la moda. Ligero y [...]\" \/>\n<meta property=\"og:url\" content=\"https:\/\/mueble4you.com\/fr\/productos\/jarron-gatsby-brique-h66\/\" \/>\n<meta property=\"og:site_name\" content=\"mueble4you\" \/>\n<meta name=\"twitter:card\" content=\"summary_large_image\" \/>\n<script type=\"application\/ld+json\" class=\"yoast-schema-graph\">{\"@context\":\"https:\/\/schema.org\",\"@graph\":[{\"@type\":\"WebPage\",\"@id\":\"https:\/\/mueble4you.com\/fr\/productos\/jarron-gatsby-brique-h66\/\",\"url\":\"https:\/\/mueble4you.com\/fr\/productos\/jarron-gatsby-brique-h66\/\",\"name\":\"Jarron gatsby brique h66 | mueble4you\",\"isPartOf\":{\"@id\":\"https:\/\/mueble4you.com\/#website\"},\"primaryImageOfPage\":{\"@id\":\"https:\/\/mueble4you.com\/fr\/productos\/jarron-gatsby-brique-h66\/#primaryimage\"},\"image\":{\"@id\":\"https:\/\/mueble4you.com\/fr\/productos\/jarron-gatsby-brique-h66\/#primaryimage\"},\"thumbnailUrl\":\"https:\/\/mueble4you.com\/wp-content\/uploads\/2026\/01\/169705.jpg\",\"datePublished\":\"2026-01-13T12:44:48+00:00\",\"breadcrumb\":{\"@id\":\"https:\/\/mueble4you.com\/fr\/productos\/jarron-gatsby-brique-h66\/#breadcrumb\"},\"inLanguage\":\"fr-FR\",\"potentialAction\":[{\"@type\":\"ReadAction\",\"target\":[\"https:\/\/mueble4you.com\/fr\/productos\/jarron-gatsby-brique-h66\/\"]}]},{\"@type\":\"ImageObject\",\"inLanguage\":\"fr-FR\",\"@id\":\"https:\/\/mueble4you.com\/fr\/productos\/jarron-gatsby-brique-h66\/#primaryimage\",\"url\":\"https:\/\/mueble4you.com\/wp-content\/uploads\/2026\/01\/169705.jpg\",\"contentUrl\":\"https:\/\/mueble4you.com\/wp-content\/uploads\/2026\/01\/169705.jpg\",\"width\":1999,\"height\":1999},{\"@type\":\"BreadcrumbList\",\"@id\":\"https:\/\/mueble4you.com\/fr\/productos\/jarron-gatsby-brique-h66\/#breadcrumb\",\"itemListElement\":[{\"@type\":\"ListItem\",\"position\":1,\"name\":\"Portada\",\"item\":\"https:\/\/mueble4you.com\/fr\/\"},{\"@type\":\"ListItem\",\"position\":2,\"name\":\"Productos\",\"item\":\"https:\/\/mueble4you.com\/productos\/\"},{\"@type\":\"ListItem\",\"position\":3,\"name\":\"Jarron gatsby brique h66\"}]},{\"@type\":\"WebSite\",\"@id\":\"https:\/\/mueble4you.com\/#website\",\"url\":\"https:\/\/mueble4you.com\/\",\"name\":\"mueble4you\",\"description\":\"Meubles \u00e0 Tenerife\",\"potentialAction\":[{\"@type\":\"SearchAction\",\"target\":{\"@type\":\"EntryPoint\",\"urlTemplate\":\"https:\/\/mueble4you.com\/?s={search_term_string}\"},\"query-input\":{\"@type\":\"PropertyValueSpecification\",\"valueRequired\":true,\"valueName\":\"search_term_string\"}}],\"inLanguage\":\"fr-FR\"}]}<\/script>\n<!-- \/ Yoast SEO plugin. -->","yoast_head_json":{"title":"Jarron gatsby brique h66 | mueble4you","robots":{"index":"index","follow":"follow","max-snippet":"max-snippet:-1","max-image-preview":"max-image-preview:large","max-video-preview":"max-video-preview:-1"},"canonical":"https:\/\/mueble4you.com\/fr\/productos\/jarron-gatsby-brique-h66\/","og_locale":"fr_FR","og_type":"article","og_title":"Jarron gatsby brique h66 | mueble4you","og_description":"Jarr\u00f3n decorativo de metal lacado en color ladrillo, con un dise\u00f1o contempor\u00e1neo y minimalista. Su forma original, con un cuerpo esf\u00e9rico y una base c\u00f3nica, ofrece una silueta \u00fanica, ideal para enriquecer una colecci\u00f3n de jarrones modernos. Dimensiones generosas (H66 cm) adecuadas para una clientela que busca piezas audaces y a la moda. Ligero y [...]","og_url":"https:\/\/mueble4you.com\/fr\/productos\/jarron-gatsby-brique-h66\/","og_site_name":"mueble4you","twitter_card":"summary_large_image","schema":{"@context":"https:\/\/schema.org","@graph":[{"@type":"WebPage","@id":"https:\/\/mueble4you.com\/fr\/productos\/jarron-gatsby-brique-h66\/","url":"https:\/\/mueble4you.com\/fr\/productos\/jarron-gatsby-brique-h66\/","name":"Jarron gatsby brique h66 | mueble4you","isPartOf":{"@id":"https:\/\/mueble4you.com\/#website"},"primaryImageOfPage":{"@id":"https:\/\/mueble4you.com\/fr\/productos\/jarron-gatsby-brique-h66\/#primaryimage"},"image":{"@id":"https:\/\/mueble4you.com\/fr\/productos\/jarron-gatsby-brique-h66\/#primaryimage"},"thumbnailUrl":"https:\/\/mueble4you.com\/wp-content\/uploads\/2026\/01\/169705.jpg","datePublished":"2026-01-13T12:44:48+00:00","breadcrumb":{"@id":"https:\/\/mueble4you.com\/fr\/productos\/jarron-gatsby-brique-h66\/#breadcrumb"},"inLanguage":"fr-FR","potentialAction":[{"@type":"ReadAction","target":["https:\/\/mueble4you.com\/fr\/productos\/jarron-gatsby-brique-h66\/"]}]},{"@type":"ImageObject","inLanguage":"fr-FR","@id":"https:\/\/mueble4you.com\/fr\/productos\/jarron-gatsby-brique-h66\/#primaryimage","url":"https:\/\/mueble4you.com\/wp-content\/uploads\/2026\/01\/169705.jpg","contentUrl":"https:\/\/mueble4you.com\/wp-content\/uploads\/2026\/01\/169705.jpg","width":1999,"height":1999},{"@type":"BreadcrumbList","@id":"https:\/\/mueble4you.com\/fr\/productos\/jarron-gatsby-brique-h66\/#breadcrumb","itemListElement":[{"@type":"ListItem","position":1,"name":"Portada","item":"https:\/\/mueble4you.com\/fr\/"},{"@type":"ListItem","position":2,"name":"Productos","item":"https:\/\/mueble4you.com\/productos\/"},{"@type":"ListItem","position":3,"name":"Jarron gatsby brique h66"}]},{"@type":"WebSite","@id":"https:\/\/mueble4you.com\/#website","url":"https:\/\/mueble4you.com\/","name":"mueble4you","description":"Meubles \u00e0 Tenerife","potentialAction":[{"@type":"SearchAction","target":{"@type":"EntryPoint","urlTemplate":"https:\/\/mueble4you.com\/?s={search_term_string}"},"query-input":{"@type":"PropertyValueSpecification","valueRequired":true,"valueName":"search_term_string"}}],"inLanguage":"fr-FR"}]}},"_links":{"self":[{"href":"https:\/\/mueble4you.com\/fr\/wp-json\/wp\/v2\/product\/87361","targetHints":{"allow":["GET"]}}],"collection":[{"href":"https:\/\/mueble4you.com\/fr\/wp-json\/wp\/v2\/product"}],"about":[{"href":"https:\/\/mueble4you.com\/fr\/wp-json\/wp\/v2\/types\/product"}],"wp:featuredmedia":[{"embeddable":true,"href":"https:\/\/mueble4you.com\/fr\/wp-json\/wp\/v2\/media\/87362"}],"wp:attachment":[{"href":"https:\/\/mueble4you.com\/fr\/wp-json\/wp\/v2\/media?parent=87361"}],"wp:term":[{"taxonomy":"product_brand","embeddable":true,"href":"https:\/\/mueble4you.com\/fr\/wp-json\/wp\/v2\/product_brand?post=87361"},{"taxonomy":"product_cat","embeddable":true,"href":"https:\/\/mueble4you.com\/fr\/wp-json\/wp\/v2\/product_cat?post=87361"},{"taxonomy":"product_tag","embeddable":true,"href":"https:\/\/mueble4you.com\/fr\/wp-json\/wp\/v2\/product_tag?post=87361"}],"curies":[{"name":"wp","href":"https:\/\/api.w.org\/{rel}","templated":true}]}}