{"id":87086,"date":"2026-01-09T13:44:10","date_gmt":"2026-01-09T13:44:10","guid":{"rendered":"https:\/\/mueble4you.com\/productos\/espejo-dorado-oxford-h110\/"},"modified":"2026-01-09T13:44:10","modified_gmt":"2026-01-09T13:44:10","slug":"espejo-dorado-oxford-h110","status":"publish","type":"product","link":"https:\/\/mueble4you.com\/fr\/productos\/espejo-dorado-oxford-h110\/","title":{"rendered":"Espejo dorado oxford h110"},"content":{"rendered":"<ul>\n<li>Espejo decorativo con marco dorado de dise\u00f1o org\u00e1nico y contempor\u00e1neo. Sus generosas dimensiones (H 111 cm) lo convierten en una pieza central que enriquece una gama de espejos de alta gama.<\/li>\n<li>Ligero y f\u00e1cil de instalar, atrae a una clientela que busca un toque de elegancia y originalidad en espacios de vida modernos o boutiques.<\/li>\n<\/ul>\n","protected":false},"excerpt":{"rendered":"<p>Espejo decorativo con marco dorado de dise\u00f1o org\u00e1nico y contempor\u00e1neo. Sus generosas dimensiones (H 111 cm) lo convierten en una pieza central que enriquece una gama de espejos de alta gama. Ligero y f\u00e1cil de instalar, atrae a una clientela que busca un toque de elegancia y originalidad en espacios de vida modernos o boutiques.<\/p>\n","protected":false},"featured_media":87087,"template":"","meta":[],"product_brand":[],"product_cat":[173,336],"product_tag":[],"class_list":{"0":"post-87086","1":"product","2":"type-product","3":"status-publish","4":"has-post-thumbnail","6":"product_cat-decoration-fr","7":"product_cat-miroirs","9":"first","10":"instock","11":"shipping-taxable","12":"product-type-simple"},"yoast_head":"<!-- This site is optimized with the Yoast SEO plugin v27.2 - https:\/\/yoast.com\/product\/yoast-seo-wordpress\/ -->\n<title>Espejo dorado oxford h110 | mueble4you<\/title>\n<meta name=\"robots\" content=\"index, follow, max-snippet:-1, max-image-preview:large, max-video-preview:-1\" \/>\n<link rel=\"canonical\" href=\"https:\/\/mueble4you.com\/fr\/productos\/espejo-dorado-oxford-h110\/\" \/>\n<meta property=\"og:locale\" content=\"fr_FR\" \/>\n<meta property=\"og:type\" content=\"article\" \/>\n<meta property=\"og:title\" content=\"Espejo dorado oxford h110 | mueble4you\" \/>\n<meta property=\"og:description\" content=\"Espejo decorativo con marco dorado de dise\u00f1o org\u00e1nico y contempor\u00e1neo. Sus generosas dimensiones (H 111 cm) lo convierten en una pieza central que enriquece una gama de espejos de alta gama. Ligero y f\u00e1cil de instalar, atrae a una clientela que busca un toque de elegancia y originalidad en espacios de vida modernos o boutiques.\" \/>\n<meta property=\"og:url\" content=\"https:\/\/mueble4you.com\/fr\/productos\/espejo-dorado-oxford-h110\/\" \/>\n<meta property=\"og:site_name\" content=\"mueble4you\" \/>\n<meta name=\"twitter:card\" content=\"summary_large_image\" \/>\n<script type=\"application\/ld+json\" class=\"yoast-schema-graph\">{\"@context\":\"https:\/\/schema.org\",\"@graph\":[{\"@type\":\"WebPage\",\"@id\":\"https:\/\/mueble4you.com\/fr\/productos\/espejo-dorado-oxford-h110\/\",\"url\":\"https:\/\/mueble4you.com\/fr\/productos\/espejo-dorado-oxford-h110\/\",\"name\":\"Espejo dorado oxford h110 | mueble4you\",\"isPartOf\":{\"@id\":\"https:\/\/mueble4you.com\/#website\"},\"primaryImageOfPage\":{\"@id\":\"https:\/\/mueble4you.com\/fr\/productos\/espejo-dorado-oxford-h110\/#primaryimage\"},\"image\":{\"@id\":\"https:\/\/mueble4you.com\/fr\/productos\/espejo-dorado-oxford-h110\/#primaryimage\"},\"thumbnailUrl\":\"https:\/\/mueble4you.com\/wp-content\/uploads\/2026\/01\/167340.jpg\",\"datePublished\":\"2026-01-09T13:44:10+00:00\",\"breadcrumb\":{\"@id\":\"https:\/\/mueble4you.com\/fr\/productos\/espejo-dorado-oxford-h110\/#breadcrumb\"},\"inLanguage\":\"fr-FR\",\"potentialAction\":[{\"@type\":\"ReadAction\",\"target\":[\"https:\/\/mueble4you.com\/fr\/productos\/espejo-dorado-oxford-h110\/\"]}]},{\"@type\":\"ImageObject\",\"inLanguage\":\"fr-FR\",\"@id\":\"https:\/\/mueble4you.com\/fr\/productos\/espejo-dorado-oxford-h110\/#primaryimage\",\"url\":\"https:\/\/mueble4you.com\/wp-content\/uploads\/2026\/01\/167340.jpg\",\"contentUrl\":\"https:\/\/mueble4you.com\/wp-content\/uploads\/2026\/01\/167340.jpg\",\"width\":2000,\"height\":2000},{\"@type\":\"BreadcrumbList\",\"@id\":\"https:\/\/mueble4you.com\/fr\/productos\/espejo-dorado-oxford-h110\/#breadcrumb\",\"itemListElement\":[{\"@type\":\"ListItem\",\"position\":1,\"name\":\"Portada\",\"item\":\"https:\/\/mueble4you.com\/fr\/\"},{\"@type\":\"ListItem\",\"position\":2,\"name\":\"Productos\",\"item\":\"https:\/\/mueble4you.com\/productos\/\"},{\"@type\":\"ListItem\",\"position\":3,\"name\":\"Espejo dorado oxford h110\"}]},{\"@type\":\"WebSite\",\"@id\":\"https:\/\/mueble4you.com\/#website\",\"url\":\"https:\/\/mueble4you.com\/\",\"name\":\"mueble4you\",\"description\":\"Meubles \u00e0 Tenerife\",\"potentialAction\":[{\"@type\":\"SearchAction\",\"target\":{\"@type\":\"EntryPoint\",\"urlTemplate\":\"https:\/\/mueble4you.com\/?s={search_term_string}\"},\"query-input\":{\"@type\":\"PropertyValueSpecification\",\"valueRequired\":true,\"valueName\":\"search_term_string\"}}],\"inLanguage\":\"fr-FR\"}]}<\/script>\n<!-- \/ Yoast SEO plugin. -->","yoast_head_json":{"title":"Espejo dorado oxford h110 | mueble4you","robots":{"index":"index","follow":"follow","max-snippet":"max-snippet:-1","max-image-preview":"max-image-preview:large","max-video-preview":"max-video-preview:-1"},"canonical":"https:\/\/mueble4you.com\/fr\/productos\/espejo-dorado-oxford-h110\/","og_locale":"fr_FR","og_type":"article","og_title":"Espejo dorado oxford h110 | mueble4you","og_description":"Espejo decorativo con marco dorado de dise\u00f1o org\u00e1nico y contempor\u00e1neo. Sus generosas dimensiones (H 111 cm) lo convierten en una pieza central que enriquece una gama de espejos de alta gama. Ligero y f\u00e1cil de instalar, atrae a una clientela que busca un toque de elegancia y originalidad en espacios de vida modernos o boutiques.","og_url":"https:\/\/mueble4you.com\/fr\/productos\/espejo-dorado-oxford-h110\/","og_site_name":"mueble4you","twitter_card":"summary_large_image","schema":{"@context":"https:\/\/schema.org","@graph":[{"@type":"WebPage","@id":"https:\/\/mueble4you.com\/fr\/productos\/espejo-dorado-oxford-h110\/","url":"https:\/\/mueble4you.com\/fr\/productos\/espejo-dorado-oxford-h110\/","name":"Espejo dorado oxford h110 | mueble4you","isPartOf":{"@id":"https:\/\/mueble4you.com\/#website"},"primaryImageOfPage":{"@id":"https:\/\/mueble4you.com\/fr\/productos\/espejo-dorado-oxford-h110\/#primaryimage"},"image":{"@id":"https:\/\/mueble4you.com\/fr\/productos\/espejo-dorado-oxford-h110\/#primaryimage"},"thumbnailUrl":"https:\/\/mueble4you.com\/wp-content\/uploads\/2026\/01\/167340.jpg","datePublished":"2026-01-09T13:44:10+00:00","breadcrumb":{"@id":"https:\/\/mueble4you.com\/fr\/productos\/espejo-dorado-oxford-h110\/#breadcrumb"},"inLanguage":"fr-FR","potentialAction":[{"@type":"ReadAction","target":["https:\/\/mueble4you.com\/fr\/productos\/espejo-dorado-oxford-h110\/"]}]},{"@type":"ImageObject","inLanguage":"fr-FR","@id":"https:\/\/mueble4you.com\/fr\/productos\/espejo-dorado-oxford-h110\/#primaryimage","url":"https:\/\/mueble4you.com\/wp-content\/uploads\/2026\/01\/167340.jpg","contentUrl":"https:\/\/mueble4you.com\/wp-content\/uploads\/2026\/01\/167340.jpg","width":2000,"height":2000},{"@type":"BreadcrumbList","@id":"https:\/\/mueble4you.com\/fr\/productos\/espejo-dorado-oxford-h110\/#breadcrumb","itemListElement":[{"@type":"ListItem","position":1,"name":"Portada","item":"https:\/\/mueble4you.com\/fr\/"},{"@type":"ListItem","position":2,"name":"Productos","item":"https:\/\/mueble4you.com\/productos\/"},{"@type":"ListItem","position":3,"name":"Espejo dorado oxford h110"}]},{"@type":"WebSite","@id":"https:\/\/mueble4you.com\/#website","url":"https:\/\/mueble4you.com\/","name":"mueble4you","description":"Meubles \u00e0 Tenerife","potentialAction":[{"@type":"SearchAction","target":{"@type":"EntryPoint","urlTemplate":"https:\/\/mueble4you.com\/?s={search_term_string}"},"query-input":{"@type":"PropertyValueSpecification","valueRequired":true,"valueName":"search_term_string"}}],"inLanguage":"fr-FR"}]}},"_links":{"self":[{"href":"https:\/\/mueble4you.com\/fr\/wp-json\/wp\/v2\/product\/87086","targetHints":{"allow":["GET"]}}],"collection":[{"href":"https:\/\/mueble4you.com\/fr\/wp-json\/wp\/v2\/product"}],"about":[{"href":"https:\/\/mueble4you.com\/fr\/wp-json\/wp\/v2\/types\/product"}],"wp:featuredmedia":[{"embeddable":true,"href":"https:\/\/mueble4you.com\/fr\/wp-json\/wp\/v2\/media\/87087"}],"wp:attachment":[{"href":"https:\/\/mueble4you.com\/fr\/wp-json\/wp\/v2\/media?parent=87086"}],"wp:term":[{"taxonomy":"product_brand","embeddable":true,"href":"https:\/\/mueble4you.com\/fr\/wp-json\/wp\/v2\/product_brand?post=87086"},{"taxonomy":"product_cat","embeddable":true,"href":"https:\/\/mueble4you.com\/fr\/wp-json\/wp\/v2\/product_cat?post=87086"},{"taxonomy":"product_tag","embeddable":true,"href":"https:\/\/mueble4you.com\/fr\/wp-json\/wp\/v2\/product_tag?post=87086"}],"curies":[{"name":"wp","href":"https:\/\/api.w.org\/{rel}","templated":true}]}}