{"id":87043,"date":"2026-01-09T13:10:09","date_gmt":"2026-01-09T13:10:09","guid":{"rendered":"https:\/\/mueble4you.com\/productos\/sillon-ngo-coque\/"},"modified":"2026-01-09T13:10:09","modified_gmt":"2026-01-09T13:10:09","slug":"sillon-ngo-coque","status":"publish","type":"product","link":"https:\/\/mueble4you.com\/fr\/productos\/sillon-ngo-coque\/","title":{"rendered":"Sillon ngo coque"},"content":{"rendered":"<ul>\n<li>Silla de concha negra con asiento de polipropileno texturizado y patas de haya natural.<\/li>\n<li>Dimensiones compactas (51x54x80 cm) adecuadas para diversos espacios profesionales o residenciales.<\/li>\n<li>Estructura ligera (6,9 kg) que facilita el manejo y el movimiento.<\/li>\n<li>Dise\u00f1o contempor\u00e1neo, robusto y f\u00e1cil de mantener, ideal para enriquecer una gama de asientos vers\u00e1tiles y modernos.<\/li>\n<\/ul>\n","protected":false},"excerpt":{"rendered":"<p>Silla de concha negra con asiento de polipropileno texturizado y patas de haya natural. Dimensiones compactas (51x54x80 cm) adecuadas para diversos espacios profesionales o residenciales. Estructura ligera (6,9 kg) que facilita el manejo y el movimiento. Dise\u00f1o contempor\u00e1neo, robusto y f\u00e1cil de mantener, ideal para enriquecer una gama de asientos vers\u00e1tiles y modernos.<\/p>\n","protected":false},"featured_media":87044,"template":"","meta":[],"product_brand":[],"product_cat":[352,199],"product_tag":[],"class_list":{"0":"post-87043","1":"product","2":"type-product","3":"status-publish","4":"has-post-thumbnail","6":"product_cat-chaises-de-salle-aa-manger","7":"product_cat-eaters","9":"first","10":"instock","11":"shipping-taxable","12":"product-type-simple"},"yoast_head":"<!-- This site is optimized with the Yoast SEO plugin v27.2 - https:\/\/yoast.com\/product\/yoast-seo-wordpress\/ -->\n<title>Sillon ngo coque | mueble4you<\/title>\n<meta name=\"robots\" content=\"index, follow, max-snippet:-1, max-image-preview:large, max-video-preview:-1\" \/>\n<link rel=\"canonical\" href=\"https:\/\/mueble4you.com\/fr\/productos\/sillon-ngo-coque\/\" \/>\n<meta property=\"og:locale\" content=\"fr_FR\" \/>\n<meta property=\"og:type\" content=\"article\" \/>\n<meta property=\"og:title\" content=\"Sillon ngo coque | mueble4you\" \/>\n<meta property=\"og:description\" content=\"Silla de concha negra con asiento de polipropileno texturizado y patas de haya natural. Dimensiones compactas (51x54x80 cm) adecuadas para diversos espacios profesionales o residenciales. Estructura ligera (6,9 kg) que facilita el manejo y el movimiento. Dise\u00f1o contempor\u00e1neo, robusto y f\u00e1cil de mantener, ideal para enriquecer una gama de asientos vers\u00e1tiles y modernos.\" \/>\n<meta property=\"og:url\" content=\"https:\/\/mueble4you.com\/fr\/productos\/sillon-ngo-coque\/\" \/>\n<meta property=\"og:site_name\" content=\"mueble4you\" \/>\n<meta name=\"twitter:card\" content=\"summary_large_image\" \/>\n<script type=\"application\/ld+json\" class=\"yoast-schema-graph\">{\"@context\":\"https:\/\/schema.org\",\"@graph\":[{\"@type\":\"WebPage\",\"@id\":\"https:\/\/mueble4you.com\/fr\/productos\/sillon-ngo-coque\/\",\"url\":\"https:\/\/mueble4you.com\/fr\/productos\/sillon-ngo-coque\/\",\"name\":\"Sillon ngo coque | mueble4you\",\"isPartOf\":{\"@id\":\"https:\/\/mueble4you.com\/#website\"},\"primaryImageOfPage\":{\"@id\":\"https:\/\/mueble4you.com\/fr\/productos\/sillon-ngo-coque\/#primaryimage\"},\"image\":{\"@id\":\"https:\/\/mueble4you.com\/fr\/productos\/sillon-ngo-coque\/#primaryimage\"},\"thumbnailUrl\":\"https:\/\/mueble4you.com\/wp-content\/uploads\/2026\/01\/141499.jpg\",\"datePublished\":\"2026-01-09T13:10:09+00:00\",\"breadcrumb\":{\"@id\":\"https:\/\/mueble4you.com\/fr\/productos\/sillon-ngo-coque\/#breadcrumb\"},\"inLanguage\":\"fr-FR\",\"potentialAction\":[{\"@type\":\"ReadAction\",\"target\":[\"https:\/\/mueble4you.com\/fr\/productos\/sillon-ngo-coque\/\"]}]},{\"@type\":\"ImageObject\",\"inLanguage\":\"fr-FR\",\"@id\":\"https:\/\/mueble4you.com\/fr\/productos\/sillon-ngo-coque\/#primaryimage\",\"url\":\"https:\/\/mueble4you.com\/wp-content\/uploads\/2026\/01\/141499.jpg\",\"contentUrl\":\"https:\/\/mueble4you.com\/wp-content\/uploads\/2026\/01\/141499.jpg\",\"width\":1446,\"height\":1022},{\"@type\":\"BreadcrumbList\",\"@id\":\"https:\/\/mueble4you.com\/fr\/productos\/sillon-ngo-coque\/#breadcrumb\",\"itemListElement\":[{\"@type\":\"ListItem\",\"position\":1,\"name\":\"Portada\",\"item\":\"https:\/\/mueble4you.com\/fr\/\"},{\"@type\":\"ListItem\",\"position\":2,\"name\":\"Productos\",\"item\":\"https:\/\/mueble4you.com\/productos\/\"},{\"@type\":\"ListItem\",\"position\":3,\"name\":\"Sillon ngo coque\"}]},{\"@type\":\"WebSite\",\"@id\":\"https:\/\/mueble4you.com\/#website\",\"url\":\"https:\/\/mueble4you.com\/\",\"name\":\"mueble4you\",\"description\":\"Meubles \u00e0 Tenerife\",\"potentialAction\":[{\"@type\":\"SearchAction\",\"target\":{\"@type\":\"EntryPoint\",\"urlTemplate\":\"https:\/\/mueble4you.com\/?s={search_term_string}\"},\"query-input\":{\"@type\":\"PropertyValueSpecification\",\"valueRequired\":true,\"valueName\":\"search_term_string\"}}],\"inLanguage\":\"fr-FR\"}]}<\/script>\n<!-- \/ Yoast SEO plugin. -->","yoast_head_json":{"title":"Sillon ngo coque | mueble4you","robots":{"index":"index","follow":"follow","max-snippet":"max-snippet:-1","max-image-preview":"max-image-preview:large","max-video-preview":"max-video-preview:-1"},"canonical":"https:\/\/mueble4you.com\/fr\/productos\/sillon-ngo-coque\/","og_locale":"fr_FR","og_type":"article","og_title":"Sillon ngo coque | mueble4you","og_description":"Silla de concha negra con asiento de polipropileno texturizado y patas de haya natural. Dimensiones compactas (51x54x80 cm) adecuadas para diversos espacios profesionales o residenciales. Estructura ligera (6,9 kg) que facilita el manejo y el movimiento. Dise\u00f1o contempor\u00e1neo, robusto y f\u00e1cil de mantener, ideal para enriquecer una gama de asientos vers\u00e1tiles y modernos.","og_url":"https:\/\/mueble4you.com\/fr\/productos\/sillon-ngo-coque\/","og_site_name":"mueble4you","twitter_card":"summary_large_image","schema":{"@context":"https:\/\/schema.org","@graph":[{"@type":"WebPage","@id":"https:\/\/mueble4you.com\/fr\/productos\/sillon-ngo-coque\/","url":"https:\/\/mueble4you.com\/fr\/productos\/sillon-ngo-coque\/","name":"Sillon ngo coque | mueble4you","isPartOf":{"@id":"https:\/\/mueble4you.com\/#website"},"primaryImageOfPage":{"@id":"https:\/\/mueble4you.com\/fr\/productos\/sillon-ngo-coque\/#primaryimage"},"image":{"@id":"https:\/\/mueble4you.com\/fr\/productos\/sillon-ngo-coque\/#primaryimage"},"thumbnailUrl":"https:\/\/mueble4you.com\/wp-content\/uploads\/2026\/01\/141499.jpg","datePublished":"2026-01-09T13:10:09+00:00","breadcrumb":{"@id":"https:\/\/mueble4you.com\/fr\/productos\/sillon-ngo-coque\/#breadcrumb"},"inLanguage":"fr-FR","potentialAction":[{"@type":"ReadAction","target":["https:\/\/mueble4you.com\/fr\/productos\/sillon-ngo-coque\/"]}]},{"@type":"ImageObject","inLanguage":"fr-FR","@id":"https:\/\/mueble4you.com\/fr\/productos\/sillon-ngo-coque\/#primaryimage","url":"https:\/\/mueble4you.com\/wp-content\/uploads\/2026\/01\/141499.jpg","contentUrl":"https:\/\/mueble4you.com\/wp-content\/uploads\/2026\/01\/141499.jpg","width":1446,"height":1022},{"@type":"BreadcrumbList","@id":"https:\/\/mueble4you.com\/fr\/productos\/sillon-ngo-coque\/#breadcrumb","itemListElement":[{"@type":"ListItem","position":1,"name":"Portada","item":"https:\/\/mueble4you.com\/fr\/"},{"@type":"ListItem","position":2,"name":"Productos","item":"https:\/\/mueble4you.com\/productos\/"},{"@type":"ListItem","position":3,"name":"Sillon ngo coque"}]},{"@type":"WebSite","@id":"https:\/\/mueble4you.com\/#website","url":"https:\/\/mueble4you.com\/","name":"mueble4you","description":"Meubles \u00e0 Tenerife","potentialAction":[{"@type":"SearchAction","target":{"@type":"EntryPoint","urlTemplate":"https:\/\/mueble4you.com\/?s={search_term_string}"},"query-input":{"@type":"PropertyValueSpecification","valueRequired":true,"valueName":"search_term_string"}}],"inLanguage":"fr-FR"}]}},"_links":{"self":[{"href":"https:\/\/mueble4you.com\/fr\/wp-json\/wp\/v2\/product\/87043","targetHints":{"allow":["GET"]}}],"collection":[{"href":"https:\/\/mueble4you.com\/fr\/wp-json\/wp\/v2\/product"}],"about":[{"href":"https:\/\/mueble4you.com\/fr\/wp-json\/wp\/v2\/types\/product"}],"wp:featuredmedia":[{"embeddable":true,"href":"https:\/\/mueble4you.com\/fr\/wp-json\/wp\/v2\/media\/87044"}],"wp:attachment":[{"href":"https:\/\/mueble4you.com\/fr\/wp-json\/wp\/v2\/media?parent=87043"}],"wp:term":[{"taxonomy":"product_brand","embeddable":true,"href":"https:\/\/mueble4you.com\/fr\/wp-json\/wp\/v2\/product_brand?post=87043"},{"taxonomy":"product_cat","embeddable":true,"href":"https:\/\/mueble4you.com\/fr\/wp-json\/wp\/v2\/product_cat?post=87043"},{"taxonomy":"product_tag","embeddable":true,"href":"https:\/\/mueble4you.com\/fr\/wp-json\/wp\/v2\/product_tag?post=87043"}],"curies":[{"name":"wp","href":"https:\/\/api.w.org\/{rel}","templated":true}]}}