{"id":87032,"date":"2026-01-09T12:48:03","date_gmt":"2026-01-09T12:48:03","guid":{"rendered":"https:\/\/mueble4you.com\/productos\/lampara-de-pie-ikeru-burdeos-h100\/"},"modified":"2026-01-09T12:48:03","modified_gmt":"2026-01-09T12:48:03","slug":"lampara-de-pie-ikeru-burdeos-h100","status":"publish","type":"product","link":"https:\/\/mueble4you.com\/fr\/productos\/lampara-de-pie-ikeru-burdeos-h100\/","title":{"rendered":"L\u00c1MPARA DE PIE IKERU BURDEOS H100"},"content":{"rendered":"<ul>\n<li>METAL. PANTALLA DE ALGOD\u00d3N. BOMBILLA: E27 15W LED. LONGITUD TOTAL DEL CABLE 2 MT. DISTANCIA ENTRE L\u00c1MPARA E INTERRUPTOR: 1 MT.<\/li>\n<\/ul>\n","protected":false},"excerpt":{"rendered":"<p>METAL. PANTALLA DE ALGOD\u00d3N. BOMBILLA: E27 15W LED. LONGITUD TOTAL DEL CABLE 2 MT. DISTANCIA ENTRE L\u00c1MPARA E INTERRUPTOR: 1 MT.<\/p>\n","protected":false},"featured_media":87033,"template":"","meta":[],"product_brand":[],"product_cat":[173,340],"product_tag":[],"class_list":{"0":"post-87032","1":"product","2":"type-product","3":"status-publish","4":"has-post-thumbnail","6":"product_cat-decoration-fr","7":"product_cat-lampes","9":"first","10":"instock","11":"shipping-taxable","12":"product-type-simple"},"yoast_head":"<!-- This site is optimized with the Yoast SEO plugin v27.2 - https:\/\/yoast.com\/product\/yoast-seo-wordpress\/ -->\n<title>L\u00c1MPARA DE PIE IKERU BURDEOS H100 | mueble4you<\/title>\n<meta name=\"robots\" content=\"index, follow, max-snippet:-1, max-image-preview:large, max-video-preview:-1\" \/>\n<link rel=\"canonical\" href=\"https:\/\/mueble4you.com\/fr\/productos\/lampara-de-pie-ikeru-burdeos-h100\/\" \/>\n<meta property=\"og:locale\" content=\"fr_FR\" \/>\n<meta property=\"og:type\" content=\"article\" \/>\n<meta property=\"og:title\" content=\"L\u00c1MPARA DE PIE IKERU BURDEOS H100 | mueble4you\" \/>\n<meta property=\"og:description\" content=\"METAL. PANTALLA DE ALGOD\u00d3N. BOMBILLA: E27 15W LED. LONGITUD TOTAL DEL CABLE 2 MT. DISTANCIA ENTRE L\u00c1MPARA E INTERRUPTOR: 1 MT.\" \/>\n<meta property=\"og:url\" content=\"https:\/\/mueble4you.com\/fr\/productos\/lampara-de-pie-ikeru-burdeos-h100\/\" \/>\n<meta property=\"og:site_name\" content=\"mueble4you\" \/>\n<meta name=\"twitter:card\" content=\"summary_large_image\" \/>\n<script type=\"application\/ld+json\" class=\"yoast-schema-graph\">{\"@context\":\"https:\/\/schema.org\",\"@graph\":[{\"@type\":\"WebPage\",\"@id\":\"https:\/\/mueble4you.com\/fr\/productos\/lampara-de-pie-ikeru-burdeos-h100\/\",\"url\":\"https:\/\/mueble4you.com\/fr\/productos\/lampara-de-pie-ikeru-burdeos-h100\/\",\"name\":\"L\u00c1MPARA DE PIE IKERU BURDEOS H100 | mueble4you\",\"isPartOf\":{\"@id\":\"https:\/\/mueble4you.com\/#website\"},\"primaryImageOfPage\":{\"@id\":\"https:\/\/mueble4you.com\/fr\/productos\/lampara-de-pie-ikeru-burdeos-h100\/#primaryimage\"},\"image\":{\"@id\":\"https:\/\/mueble4you.com\/fr\/productos\/lampara-de-pie-ikeru-burdeos-h100\/#primaryimage\"},\"thumbnailUrl\":\"https:\/\/mueble4you.com\/wp-content\/uploads\/2026\/01\/Sin-titulo15.jpg\",\"datePublished\":\"2026-01-09T12:48:03+00:00\",\"breadcrumb\":{\"@id\":\"https:\/\/mueble4you.com\/fr\/productos\/lampara-de-pie-ikeru-burdeos-h100\/#breadcrumb\"},\"inLanguage\":\"fr-FR\",\"potentialAction\":[{\"@type\":\"ReadAction\",\"target\":[\"https:\/\/mueble4you.com\/fr\/productos\/lampara-de-pie-ikeru-burdeos-h100\/\"]}]},{\"@type\":\"ImageObject\",\"inLanguage\":\"fr-FR\",\"@id\":\"https:\/\/mueble4you.com\/fr\/productos\/lampara-de-pie-ikeru-burdeos-h100\/#primaryimage\",\"url\":\"https:\/\/mueble4you.com\/wp-content\/uploads\/2026\/01\/Sin-titulo15.jpg\",\"contentUrl\":\"https:\/\/mueble4you.com\/wp-content\/uploads\/2026\/01\/Sin-titulo15.jpg\",\"width\":644,\"height\":905},{\"@type\":\"BreadcrumbList\",\"@id\":\"https:\/\/mueble4you.com\/fr\/productos\/lampara-de-pie-ikeru-burdeos-h100\/#breadcrumb\",\"itemListElement\":[{\"@type\":\"ListItem\",\"position\":1,\"name\":\"Portada\",\"item\":\"https:\/\/mueble4you.com\/fr\/\"},{\"@type\":\"ListItem\",\"position\":2,\"name\":\"Productos\",\"item\":\"https:\/\/mueble4you.com\/productos\/\"},{\"@type\":\"ListItem\",\"position\":3,\"name\":\"L\u00c1MPARA DE PIE IKERU BURDEOS H100\"}]},{\"@type\":\"WebSite\",\"@id\":\"https:\/\/mueble4you.com\/#website\",\"url\":\"https:\/\/mueble4you.com\/\",\"name\":\"mueble4you\",\"description\":\"Meubles \u00e0 Tenerife\",\"potentialAction\":[{\"@type\":\"SearchAction\",\"target\":{\"@type\":\"EntryPoint\",\"urlTemplate\":\"https:\/\/mueble4you.com\/?s={search_term_string}\"},\"query-input\":{\"@type\":\"PropertyValueSpecification\",\"valueRequired\":true,\"valueName\":\"search_term_string\"}}],\"inLanguage\":\"fr-FR\"}]}<\/script>\n<!-- \/ Yoast SEO plugin. -->","yoast_head_json":{"title":"L\u00c1MPARA DE PIE IKERU BURDEOS H100 | mueble4you","robots":{"index":"index","follow":"follow","max-snippet":"max-snippet:-1","max-image-preview":"max-image-preview:large","max-video-preview":"max-video-preview:-1"},"canonical":"https:\/\/mueble4you.com\/fr\/productos\/lampara-de-pie-ikeru-burdeos-h100\/","og_locale":"fr_FR","og_type":"article","og_title":"L\u00c1MPARA DE PIE IKERU BURDEOS H100 | mueble4you","og_description":"METAL. PANTALLA DE ALGOD\u00d3N. BOMBILLA: E27 15W LED. LONGITUD TOTAL DEL CABLE 2 MT. DISTANCIA ENTRE L\u00c1MPARA E INTERRUPTOR: 1 MT.","og_url":"https:\/\/mueble4you.com\/fr\/productos\/lampara-de-pie-ikeru-burdeos-h100\/","og_site_name":"mueble4you","twitter_card":"summary_large_image","schema":{"@context":"https:\/\/schema.org","@graph":[{"@type":"WebPage","@id":"https:\/\/mueble4you.com\/fr\/productos\/lampara-de-pie-ikeru-burdeos-h100\/","url":"https:\/\/mueble4you.com\/fr\/productos\/lampara-de-pie-ikeru-burdeos-h100\/","name":"L\u00c1MPARA DE PIE IKERU BURDEOS H100 | mueble4you","isPartOf":{"@id":"https:\/\/mueble4you.com\/#website"},"primaryImageOfPage":{"@id":"https:\/\/mueble4you.com\/fr\/productos\/lampara-de-pie-ikeru-burdeos-h100\/#primaryimage"},"image":{"@id":"https:\/\/mueble4you.com\/fr\/productos\/lampara-de-pie-ikeru-burdeos-h100\/#primaryimage"},"thumbnailUrl":"https:\/\/mueble4you.com\/wp-content\/uploads\/2026\/01\/Sin-titulo15.jpg","datePublished":"2026-01-09T12:48:03+00:00","breadcrumb":{"@id":"https:\/\/mueble4you.com\/fr\/productos\/lampara-de-pie-ikeru-burdeos-h100\/#breadcrumb"},"inLanguage":"fr-FR","potentialAction":[{"@type":"ReadAction","target":["https:\/\/mueble4you.com\/fr\/productos\/lampara-de-pie-ikeru-burdeos-h100\/"]}]},{"@type":"ImageObject","inLanguage":"fr-FR","@id":"https:\/\/mueble4you.com\/fr\/productos\/lampara-de-pie-ikeru-burdeos-h100\/#primaryimage","url":"https:\/\/mueble4you.com\/wp-content\/uploads\/2026\/01\/Sin-titulo15.jpg","contentUrl":"https:\/\/mueble4you.com\/wp-content\/uploads\/2026\/01\/Sin-titulo15.jpg","width":644,"height":905},{"@type":"BreadcrumbList","@id":"https:\/\/mueble4you.com\/fr\/productos\/lampara-de-pie-ikeru-burdeos-h100\/#breadcrumb","itemListElement":[{"@type":"ListItem","position":1,"name":"Portada","item":"https:\/\/mueble4you.com\/fr\/"},{"@type":"ListItem","position":2,"name":"Productos","item":"https:\/\/mueble4you.com\/productos\/"},{"@type":"ListItem","position":3,"name":"L\u00c1MPARA DE PIE IKERU BURDEOS H100"}]},{"@type":"WebSite","@id":"https:\/\/mueble4you.com\/#website","url":"https:\/\/mueble4you.com\/","name":"mueble4you","description":"Meubles \u00e0 Tenerife","potentialAction":[{"@type":"SearchAction","target":{"@type":"EntryPoint","urlTemplate":"https:\/\/mueble4you.com\/?s={search_term_string}"},"query-input":{"@type":"PropertyValueSpecification","valueRequired":true,"valueName":"search_term_string"}}],"inLanguage":"fr-FR"}]}},"_links":{"self":[{"href":"https:\/\/mueble4you.com\/fr\/wp-json\/wp\/v2\/product\/87032","targetHints":{"allow":["GET"]}}],"collection":[{"href":"https:\/\/mueble4you.com\/fr\/wp-json\/wp\/v2\/product"}],"about":[{"href":"https:\/\/mueble4you.com\/fr\/wp-json\/wp\/v2\/types\/product"}],"wp:featuredmedia":[{"embeddable":true,"href":"https:\/\/mueble4you.com\/fr\/wp-json\/wp\/v2\/media\/87033"}],"wp:attachment":[{"href":"https:\/\/mueble4you.com\/fr\/wp-json\/wp\/v2\/media?parent=87032"}],"wp:term":[{"taxonomy":"product_brand","embeddable":true,"href":"https:\/\/mueble4you.com\/fr\/wp-json\/wp\/v2\/product_brand?post=87032"},{"taxonomy":"product_cat","embeddable":true,"href":"https:\/\/mueble4you.com\/fr\/wp-json\/wp\/v2\/product_cat?post=87032"},{"taxonomy":"product_tag","embeddable":true,"href":"https:\/\/mueble4you.com\/fr\/wp-json\/wp\/v2\/product_tag?post=87032"}],"curies":[{"name":"wp","href":"https:\/\/api.w.org\/{rel}","templated":true}]}}