{"id":85892,"date":"2025-11-06T11:30:59","date_gmt":"2025-11-06T11:30:59","guid":{"rendered":"https:\/\/mueble4you.com\/productos\/avalon-sofa-elec-reclinable-t-dalmata-101\/"},"modified":"2025-11-07T10:30:13","modified_gmt":"2025-11-07T10:30:13","slug":"avalon-sofa-elec-reclinable-t-dalmata-101","status":"publish","type":"product","link":"https:\/\/mueble4you.com\/fr\/productos\/avalon-sofa-elec-reclinable-t-dalmata-101\/","title":{"rendered":"Canap\u00e9 relax \u00e9lectrique AVALON, style dalmatien 101."},"content":{"rendered":"<ul>\n<li>Dimensions\u00a0: 210\u00a0cm x 95\u00a0cm.<\/li>\n<li><span style=\"color: #555555;\">Canap\u00e9 relax \u00e9lectrique.<\/span><\/li>\n<li><span style=\"color: #555555;\">Disponible en diff\u00e9rentes tailles, couleurs et tissus sur demande.<\/span><\/li>\n<\/ul>\n","protected":false},"excerpt":{"rendered":"<p>Dimensions\u00a0: 210\u00a0cm x 95\u00a0cm. Canap\u00e9 relax \u00e9lectrique. Disponible en diff\u00e9rentes tailles, couleurs et tissus sur demande.<\/p>\n","protected":false},"featured_media":85897,"template":"","meta":[],"product_brand":[],"product_cat":[552,205,204],"product_tag":[],"class_list":{"0":"post-85892","1":"product","2":"type-product","3":"status-publish","4":"has-post-thumbnail","6":"product_cat-canape-detente","7":"product_cat-canapes","8":"product_cat-salon","10":"first","11":"instock","12":"shipping-taxable","13":"product-type-simple"},"yoast_head":"<!-- This site is optimized with the Yoast SEO plugin v27.2 - https:\/\/yoast.com\/product\/yoast-seo-wordpress\/ -->\n<title>Canap\u00e9 relax \u00e9lectrique AVALON, style dalmatien 101. | mueble4you<\/title>\n<meta name=\"robots\" content=\"index, follow, max-snippet:-1, max-image-preview:large, max-video-preview:-1\" \/>\n<link rel=\"canonical\" href=\"https:\/\/mueble4you.com\/fr\/productos\/avalon-sofa-elec-reclinable-t-dalmata-101\/\" \/>\n<meta property=\"og:locale\" content=\"fr_FR\" \/>\n<meta property=\"og:type\" content=\"article\" \/>\n<meta property=\"og:title\" content=\"Canap\u00e9 relax \u00e9lectrique AVALON, style dalmatien 101. | mueble4you\" \/>\n<meta property=\"og:description\" content=\"Dimensions\u00a0: 210\u00a0cm x 95\u00a0cm. Canap\u00e9 relax \u00e9lectrique. Disponible en diff\u00e9rentes tailles, couleurs et tissus sur demande.\" \/>\n<meta property=\"og:url\" content=\"https:\/\/mueble4you.com\/fr\/productos\/avalon-sofa-elec-reclinable-t-dalmata-101\/\" \/>\n<meta property=\"og:site_name\" content=\"mueble4you\" \/>\n<meta property=\"article:modified_time\" content=\"2025-11-07T10:30:13+00:00\" \/>\n<meta property=\"og:image\" content=\"https:\/\/mueble4you.com\/wp-content\/uploads\/2025\/11\/IMG20251106110640-scaled.jpg\" \/>\n\t<meta property=\"og:image:width\" content=\"1920\" \/>\n\t<meta property=\"og:image:height\" content=\"2560\" \/>\n\t<meta property=\"og:image:type\" content=\"image\/jpeg\" \/>\n<meta name=\"twitter:card\" content=\"summary_large_image\" \/>\n<script type=\"application\/ld+json\" class=\"yoast-schema-graph\">{\"@context\":\"https:\/\/schema.org\",\"@graph\":[{\"@type\":\"WebPage\",\"@id\":\"https:\/\/mueble4you.com\/fr\/productos\/avalon-sofa-elec-reclinable-t-dalmata-101\/\",\"url\":\"https:\/\/mueble4you.com\/fr\/productos\/avalon-sofa-elec-reclinable-t-dalmata-101\/\",\"name\":\"Canap\u00e9 relax \u00e9lectrique AVALON, style dalmatien 101. | mueble4you\",\"isPartOf\":{\"@id\":\"https:\/\/mueble4you.com\/#website\"},\"primaryImageOfPage\":{\"@id\":\"https:\/\/mueble4you.com\/fr\/productos\/avalon-sofa-elec-reclinable-t-dalmata-101\/#primaryimage\"},\"image\":{\"@id\":\"https:\/\/mueble4you.com\/fr\/productos\/avalon-sofa-elec-reclinable-t-dalmata-101\/#primaryimage\"},\"thumbnailUrl\":\"https:\/\/mueble4you.com\/wp-content\/uploads\/2025\/11\/IMG20251106110640-scaled.jpg\",\"datePublished\":\"2025-11-06T11:30:59+00:00\",\"dateModified\":\"2025-11-07T10:30:13+00:00\",\"breadcrumb\":{\"@id\":\"https:\/\/mueble4you.com\/fr\/productos\/avalon-sofa-elec-reclinable-t-dalmata-101\/#breadcrumb\"},\"inLanguage\":\"fr-FR\",\"potentialAction\":[{\"@type\":\"ReadAction\",\"target\":[\"https:\/\/mueble4you.com\/fr\/productos\/avalon-sofa-elec-reclinable-t-dalmata-101\/\"]}]},{\"@type\":\"ImageObject\",\"inLanguage\":\"fr-FR\",\"@id\":\"https:\/\/mueble4you.com\/fr\/productos\/avalon-sofa-elec-reclinable-t-dalmata-101\/#primaryimage\",\"url\":\"https:\/\/mueble4you.com\/wp-content\/uploads\/2025\/11\/IMG20251106110640-scaled.jpg\",\"contentUrl\":\"https:\/\/mueble4you.com\/wp-content\/uploads\/2025\/11\/IMG20251106110640-scaled.jpg\",\"width\":1920,\"height\":2560},{\"@type\":\"BreadcrumbList\",\"@id\":\"https:\/\/mueble4you.com\/fr\/productos\/avalon-sofa-elec-reclinable-t-dalmata-101\/#breadcrumb\",\"itemListElement\":[{\"@type\":\"ListItem\",\"position\":1,\"name\":\"Portada\",\"item\":\"https:\/\/mueble4you.com\/fr\/\"},{\"@type\":\"ListItem\",\"position\":2,\"name\":\"Productos\",\"item\":\"https:\/\/mueble4you.com\/productos\/\"},{\"@type\":\"ListItem\",\"position\":3,\"name\":\"Canap\u00e9 relax \u00e9lectrique AVALON, style dalmatien 101.\"}]},{\"@type\":\"WebSite\",\"@id\":\"https:\/\/mueble4you.com\/#website\",\"url\":\"https:\/\/mueble4you.com\/\",\"name\":\"mueble4you\",\"description\":\"Meubles \u00e0 Tenerife\",\"potentialAction\":[{\"@type\":\"SearchAction\",\"target\":{\"@type\":\"EntryPoint\",\"urlTemplate\":\"https:\/\/mueble4you.com\/?s={search_term_string}\"},\"query-input\":{\"@type\":\"PropertyValueSpecification\",\"valueRequired\":true,\"valueName\":\"search_term_string\"}}],\"inLanguage\":\"fr-FR\"}]}<\/script>\n<!-- \/ Yoast SEO plugin. -->","yoast_head_json":{"title":"Canap\u00e9 relax \u00e9lectrique AVALON, style dalmatien 101. | mueble4you","robots":{"index":"index","follow":"follow","max-snippet":"max-snippet:-1","max-image-preview":"max-image-preview:large","max-video-preview":"max-video-preview:-1"},"canonical":"https:\/\/mueble4you.com\/fr\/productos\/avalon-sofa-elec-reclinable-t-dalmata-101\/","og_locale":"fr_FR","og_type":"article","og_title":"Canap\u00e9 relax \u00e9lectrique AVALON, style dalmatien 101. | mueble4you","og_description":"Dimensions\u00a0: 210\u00a0cm x 95\u00a0cm. Canap\u00e9 relax \u00e9lectrique. Disponible en diff\u00e9rentes tailles, couleurs et tissus sur demande.","og_url":"https:\/\/mueble4you.com\/fr\/productos\/avalon-sofa-elec-reclinable-t-dalmata-101\/","og_site_name":"mueble4you","article_modified_time":"2025-11-07T10:30:13+00:00","og_image":[{"width":1920,"height":2560,"url":"https:\/\/mueble4you.com\/wp-content\/uploads\/2025\/11\/IMG20251106110640-scaled.jpg","type":"image\/jpeg"}],"twitter_card":"summary_large_image","schema":{"@context":"https:\/\/schema.org","@graph":[{"@type":"WebPage","@id":"https:\/\/mueble4you.com\/fr\/productos\/avalon-sofa-elec-reclinable-t-dalmata-101\/","url":"https:\/\/mueble4you.com\/fr\/productos\/avalon-sofa-elec-reclinable-t-dalmata-101\/","name":"Canap\u00e9 relax \u00e9lectrique AVALON, style dalmatien 101. | mueble4you","isPartOf":{"@id":"https:\/\/mueble4you.com\/#website"},"primaryImageOfPage":{"@id":"https:\/\/mueble4you.com\/fr\/productos\/avalon-sofa-elec-reclinable-t-dalmata-101\/#primaryimage"},"image":{"@id":"https:\/\/mueble4you.com\/fr\/productos\/avalon-sofa-elec-reclinable-t-dalmata-101\/#primaryimage"},"thumbnailUrl":"https:\/\/mueble4you.com\/wp-content\/uploads\/2025\/11\/IMG20251106110640-scaled.jpg","datePublished":"2025-11-06T11:30:59+00:00","dateModified":"2025-11-07T10:30:13+00:00","breadcrumb":{"@id":"https:\/\/mueble4you.com\/fr\/productos\/avalon-sofa-elec-reclinable-t-dalmata-101\/#breadcrumb"},"inLanguage":"fr-FR","potentialAction":[{"@type":"ReadAction","target":["https:\/\/mueble4you.com\/fr\/productos\/avalon-sofa-elec-reclinable-t-dalmata-101\/"]}]},{"@type":"ImageObject","inLanguage":"fr-FR","@id":"https:\/\/mueble4you.com\/fr\/productos\/avalon-sofa-elec-reclinable-t-dalmata-101\/#primaryimage","url":"https:\/\/mueble4you.com\/wp-content\/uploads\/2025\/11\/IMG20251106110640-scaled.jpg","contentUrl":"https:\/\/mueble4you.com\/wp-content\/uploads\/2025\/11\/IMG20251106110640-scaled.jpg","width":1920,"height":2560},{"@type":"BreadcrumbList","@id":"https:\/\/mueble4you.com\/fr\/productos\/avalon-sofa-elec-reclinable-t-dalmata-101\/#breadcrumb","itemListElement":[{"@type":"ListItem","position":1,"name":"Portada","item":"https:\/\/mueble4you.com\/fr\/"},{"@type":"ListItem","position":2,"name":"Productos","item":"https:\/\/mueble4you.com\/productos\/"},{"@type":"ListItem","position":3,"name":"Canap\u00e9 relax \u00e9lectrique AVALON, style dalmatien 101."}]},{"@type":"WebSite","@id":"https:\/\/mueble4you.com\/#website","url":"https:\/\/mueble4you.com\/","name":"mueble4you","description":"Meubles \u00e0 Tenerife","potentialAction":[{"@type":"SearchAction","target":{"@type":"EntryPoint","urlTemplate":"https:\/\/mueble4you.com\/?s={search_term_string}"},"query-input":{"@type":"PropertyValueSpecification","valueRequired":true,"valueName":"search_term_string"}}],"inLanguage":"fr-FR"}]}},"_links":{"self":[{"href":"https:\/\/mueble4you.com\/fr\/wp-json\/wp\/v2\/product\/85892","targetHints":{"allow":["GET"]}}],"collection":[{"href":"https:\/\/mueble4you.com\/fr\/wp-json\/wp\/v2\/product"}],"about":[{"href":"https:\/\/mueble4you.com\/fr\/wp-json\/wp\/v2\/types\/product"}],"wp:featuredmedia":[{"embeddable":true,"href":"https:\/\/mueble4you.com\/fr\/wp-json\/wp\/v2\/media\/85897"}],"wp:attachment":[{"href":"https:\/\/mueble4you.com\/fr\/wp-json\/wp\/v2\/media?parent=85892"}],"wp:term":[{"taxonomy":"product_brand","embeddable":true,"href":"https:\/\/mueble4you.com\/fr\/wp-json\/wp\/v2\/product_brand?post=85892"},{"taxonomy":"product_cat","embeddable":true,"href":"https:\/\/mueble4you.com\/fr\/wp-json\/wp\/v2\/product_cat?post=85892"},{"taxonomy":"product_tag","embeddable":true,"href":"https:\/\/mueble4you.com\/fr\/wp-json\/wp\/v2\/product_tag?post=85892"}],"curies":[{"name":"wp","href":"https:\/\/api.w.org\/{rel}","templated":true}]}}